{"id":264,"date":"2015-07-20T13:06:26","date_gmt":"2015-07-20T12:06:26","guid":{"rendered":"http:\/\/agora.xtec.cat\/zermestral\/?page_id=264"},"modified":"2023-10-27T09:46:34","modified_gmt":"2023-10-27T07:46:34","slug":"escola-divina_pastora","status":"publish","type":"page","link":"https:\/\/agora.xtec.cat\/zermestral\/escola-divina_pastora\/","title":{"rendered":"Escola Divina Pastora"},"content":{"rendered":"<p>L\u2019escola Divina Pastora \u00e9s el centre m\u00e9s petit dels tres que formen la ZER Mestral<\/p>\n<p>L\u2019escola est\u00e0 ubicada a l\u2019anomenat sector de baix del municipi de Vinallop.<\/p>\n<p>Est\u00e0 constitu\u00efda per planta baixa i primer pis. Disposa de dues aules, un despatx de direcci\u00f3 i una petita aula multi usos que s\u2019utilitza per fer desdoblaments i com a menjador.<\/p>\n<p>L\u2019escola est\u00e0 envoltada per una tanca i t\u00e9 un petit pati al seu interior que actualment es fa servir d\u2019hort.<\/p>\n<p>Prop de l\u2019escola hi ha un zona d\u2019esbarjo que pertany a l\u2019Ajuntament, que l\u2019alumnat utilitza com a zona d\u2019esbarjo, de vegades, per fer Educaci\u00f3 f\u00edsica.<\/p>\n<p>Remarcar que aquest estiu el centre ha sofert una renovaci\u00f3 de les seves instal\u00b7lacions amb el canvi de les antigues finestres per unes noves d\u2019alumini, tamb\u00e9 s\u2019han instal\u00b7lat cortines noves i s\u2019ha pintat de nou tot el centre.<\/p>\n<p><a href=\"https:\/\/www.instagram.com\/escola_divina_pastora_vinallop\/\"><img loading=\"lazy\" decoding=\"async\" class=\"alignleft wp-image-1950 \" src=\"https:\/\/agora.xtec.cat\/zermestral\/wp-content\/uploads\/usu238\/2023\/05\/Instagram-Icon-1-150x150.png\" alt=\"\" width=\"41\" height=\"41\" srcset=\"https:\/\/agora.xtec.cat\/zermestral\/wp-content\/uploads\/usu238\/2023\/05\/Instagram-Icon-1-150x150.png 150w, https:\/\/agora.xtec.cat\/zermestral\/wp-content\/uploads\/usu238\/2023\/05\/Instagram-Icon-1-300x300.png 300w, https:\/\/agora.xtec.cat\/zermestral\/wp-content\/uploads\/usu238\/2023\/05\/Instagram-Icon-1-1024x1024.png 1024w, https:\/\/agora.xtec.cat\/zermestral\/wp-content\/uploads\/usu238\/2023\/05\/Instagram-Icon-1-768x767.png 768w, https:\/\/agora.xtec.cat\/zermestral\/wp-content\/uploads\/usu238\/2023\/05\/Instagram-Icon-1.png 1200w\" sizes=\"auto, (max-width: 41px) 100vw, 41px\" \/><\/a><\/p>\n","protected":false},"excerpt":{"rendered":"<p>L\u2019escola Divina Pastora \u00e9s el centre m\u00e9s petit dels tres que formen la ZER Mestral L\u2019escola est\u00e0 ubicada a l\u2019anomenat sector de baix del municipi de Vinallop. Est\u00e0 constitu\u00efda per planta baixa i primer pis. Disposa de dues aules, un despatx de direcci\u00f3 i una petita aula multi usos que s\u2019utilitza per fer desdoblaments i [&hellip;]<\/p>\n","protected":false},"author":1,"featured_media":0,"parent":0,"menu_order":0,"comment_status":"closed","ping_status":"closed","template":"page-templates\/side-menu.php","meta":{"_bbp_topic_count":0,"_bbp_reply_count":0,"_bbp_total_topic_count":0,"_bbp_total_reply_count":0,"_bbp_voice_count":0,"_bbp_anonymous_reply_count":0,"_bbp_topic_count_hidden":0,"_bbp_reply_count_hidden":0,"_bbp_forum_subforum_count":0,"site-sidebar-layout":"default","site-content-layout":"","ast-site-content-layout":"","site-content-style":"default","site-sidebar-style":"default","ast-global-header-display":"","ast-banner-title-visibility":"","ast-main-header-display":"","ast-hfb-above-header-display":"","ast-hfb-below-header-display":"","ast-hfb-mobile-header-display":"","site-post-title":"","ast-breadcrumbs-content":"","ast-featured-img":"","footer-sml-layout":"","theme-transparent-header-meta":"","adv-header-id-meta":"","stick-header-meta":"","header-above-stick-meta":"","header-main-stick-meta":"","header-below-stick-meta":"","astra-migrate-meta-layouts":"default","ast-page-background-enabled":"default","ast-page-background-meta":{"desktop":{"background-color":"var(--ast-global-color-4)","background-image":"","background-repeat":"repeat","background-position":"center center","background-size":"auto","background-attachment":"scroll","background-type":"","background-media":"","overlay-type":"","overlay-color":"","overlay-opacity":"","overlay-gradient":""},"tablet":{"background-color":"","background-image":"","background-repeat":"repeat","background-position":"center center","background-size":"auto","background-attachment":"scroll","background-type":"","background-media":"","overlay-type":"","overlay-color":"","overlay-opacity":"","overlay-gradient":""},"mobile":{"background-color":"","background-image":"","background-repeat":"repeat","background-position":"center center","background-size":"auto","background-attachment":"scroll","background-type":"","background-media":"","overlay-type":"","overlay-color":"","overlay-opacity":"","overlay-gradient":""}},"ast-content-background-meta":{"desktop":{"background-color":"var(--ast-global-color-5)","background-image":"","background-repeat":"repeat","background-position":"center center","background-size":"auto","background-attachment":"scroll","background-type":"","background-media":"","overlay-type":"","overlay-color":"","overlay-opacity":"","overlay-gradient":""},"tablet":{"background-color":"var(--ast-global-color-5)","background-image":"","background-repeat":"repeat","background-position":"center center","background-size":"auto","background-attachment":"scroll","background-type":"","background-media":"","overlay-type":"","overlay-color":"","overlay-opacity":"","overlay-gradient":""},"mobile":{"background-color":"var(--ast-global-color-5)","background-image":"","background-repeat":"repeat","background-position":"center center","background-size":"auto","background-attachment":"scroll","background-type":"","background-media":"","overlay-type":"","overlay-color":"","overlay-opacity":"","overlay-gradient":""}},"footnotes":""},"class_list":["post-264","page","type-page","status-publish","hentry"],"post_mailing_queue_ids":[],"_links":{"self":[{"href":"https:\/\/agora.xtec.cat\/zermestral\/wp-json\/wp\/v2\/pages\/264","targetHints":{"allow":["GET"]}}],"collection":[{"href":"https:\/\/agora.xtec.cat\/zermestral\/wp-json\/wp\/v2\/pages"}],"about":[{"href":"https:\/\/agora.xtec.cat\/zermestral\/wp-json\/wp\/v2\/types\/page"}],"author":[{"embeddable":true,"href":"https:\/\/agora.xtec.cat\/zermestral\/wp-json\/wp\/v2\/users\/1"}],"replies":[{"embeddable":true,"href":"https:\/\/agora.xtec.cat\/zermestral\/wp-json\/wp\/v2\/comments?post=264"}],"version-history":[{"count":6,"href":"https:\/\/agora.xtec.cat\/zermestral\/wp-json\/wp\/v2\/pages\/264\/revisions"}],"predecessor-version":[{"id":1976,"href":"https:\/\/agora.xtec.cat\/zermestral\/wp-json\/wp\/v2\/pages\/264\/revisions\/1976"}],"wp:attachment":[{"href":"https:\/\/agora.xtec.cat\/zermestral\/wp-json\/wp\/v2\/media?parent=264"}],"curies":[{"name":"wp","href":"https:\/\/api.w.org\/{rel}","templated":true}]}}