{"id":848,"date":"2016-02-27T22:11:41","date_gmt":"2016-02-27T21:11:41","guid":{"rendered":"http:\/\/agora.xtec.cat\/zerlesvinyes\/?page_id=848"},"modified":"2017-04-06T13:11:21","modified_gmt":"2017-04-06T11:11:21","slug":"radio-a-lescola","status":"publish","type":"page","link":"https:\/\/agora.xtec.cat\/zerlesvinyes\/radio-a-lescola\/","title":{"rendered":"R\u00e0dio a l&#8217;Escola"},"content":{"rendered":"<p>Cada any, les escoles de la ZER Les Vinyes es posen en marxa per crear un nou programa de r\u00e0dio que ser\u00e0 em\u00e8s per Radio Falset.<\/p>\n<p>Moltes escoles de la comarca participen en aquest\u00a0projecte\u00a0any rera any aportant la seva creativitat i el seu esfor\u00e7 per fer-lo possible.<\/p>\n<p>Aquesta caixeta \u00e9s la que ens permet el\u00b7laborar i gravar els programes\u00a0cada any.<\/p>\n<p><img decoding=\"async\" src=\"http:\/\/xtec.gencat.cat\/web\/sites\/xtec\/.content\/alfresco\/d\/d\/workspace\/SpacesStore\/0012\/3ef10bd3-eeae-4534-bb92-765b0f201629\/radio01.jpg_154210325.jpg\" alt=\"\" \/><\/p>\n<p>L&#8217;hem d&#8217;obrir i fer-li una bon manteniment abans de posar-nos mans a la feina.<\/p>\n<p><img loading=\"lazy\" decoding=\"async\" class=\"\" src=\"http:\/\/xtec.gencat.cat\/web\/sites\/xtec\/.content\/alfresco\/d\/d\/workspace\/SpacesStore\/0060\/87526dd1-c168-4478-9484-87b3668a3609\/radio05.jpg\" alt=\"\" width=\"266\" height=\"200\" \/><img loading=\"lazy\" decoding=\"async\" class=\"\" src=\"http:\/\/xtec.gencat.cat\/web\/sites\/xtec\/.content\/alfresco\/d\/d\/workspace\/SpacesStore\/0048\/54dcbef5-2afb-4c70-b920-74846215dd45\/radio07.jpg\" alt=\"\" width=\"266\" height=\"200\" \/><\/p>\n<p>Muntar els micr\u00f2fons connectar tots els cables correctament\u00a0i fer les proves de so.<\/p>\n<p><img loading=\"lazy\" decoding=\"async\" class=\"\" src=\"http:\/\/xtec.gencat.cat\/web\/sites\/xtec\/.content\/alfresco\/d\/d\/workspace\/SpacesStore\/0032\/045d1e5a-8a88-4d37-9863-b9f44ee967cc\/radio36.jpg\" alt=\"\" width=\"266\" height=\"200\" \/><img loading=\"lazy\" decoding=\"async\" class=\"\" src=\"http:\/\/xtec.gencat.cat\/web\/sites\/xtec\/.content\/alfresco\/d\/d\/workspace\/SpacesStore\/0039\/27617bcd-25eb-4473-9699-ccfa343bdc38\/radio71.jpg\" alt=\"\" width=\"267\" height=\"200\" \/><\/p>\n<p>I per fi, crear la m\u00e0gia de la r\u00e0dio !<\/p>\n<p><a href=\"http:\/\/agora.xtec.cat\/zerlesvinyes\/wp-content\/uploads\/usu734\/2016\/03\/12212276953_f2f3530bb7_o.jpg\"><img loading=\"lazy\" decoding=\"async\" class=\" size-medium wp-image-1083 alignleft\" src=\"http:\/\/agora.xtec.cat\/zerlesvinyes\/wp-content\/uploads\/usu734\/2016\/03\/12212276953_f2f3530bb7_o-300x273.jpg\" alt=\"12212276953_f2f3530bb7_o\" width=\"300\" height=\"273\" \/><\/a><\/p>\n","protected":false},"excerpt":{"rendered":"<p>Cada any, les escoles de la ZER Les Vinyes es posen en marxa per crear un nou programa de r\u00e0dio [&hellip;]<\/p>\n","protected":false},"author":4,"featured_media":0,"parent":0,"menu_order":0,"comment_status":"closed","ping_status":"closed","template":"page-templates\/side-menu.php","meta":{"_bbp_topic_count":0,"_bbp_reply_count":0,"_bbp_total_topic_count":0,"_bbp_total_reply_count":0,"_bbp_voice_count":0,"_bbp_anonymous_reply_count":0,"_bbp_topic_count_hidden":0,"_bbp_reply_count_hidden":0,"_bbp_forum_subforum_count":0,"site-sidebar-layout":"default","site-content-layout":"","ast-site-content-layout":"","site-content-style":"default","site-sidebar-style":"default","ast-global-header-display":"","ast-banner-title-visibility":"","ast-main-header-display":"","ast-hfb-above-header-display":"","ast-hfb-below-header-display":"","ast-hfb-mobile-header-display":"","site-post-title":"","ast-breadcrumbs-content":"","ast-featured-img":"","footer-sml-layout":"","theme-transparent-header-meta":"","adv-header-id-meta":"","stick-header-meta":"","header-above-stick-meta":"","header-main-stick-meta":"","header-below-stick-meta":"","astra-migrate-meta-layouts":"default","ast-page-background-enabled":"default","ast-page-background-meta":{"desktop":{"background-color":"var(--ast-global-color-4)","background-image":"","background-repeat":"repeat","background-position":"center center","background-size":"auto","background-attachment":"scroll","background-type":"","background-media":"","overlay-type":"","overlay-color":"","overlay-opacity":"","overlay-gradient":""},"tablet":{"background-color":"","background-image":"","background-repeat":"repeat","background-position":"center center","background-size":"auto","background-attachment":"scroll","background-type":"","background-media":"","overlay-type":"","overlay-color":"","overlay-opacity":"","overlay-gradient":""},"mobile":{"background-color":"","background-image":"","background-repeat":"repeat","background-position":"center center","background-size":"auto","background-attachment":"scroll","background-type":"","background-media":"","overlay-type":"","overlay-color":"","overlay-opacity":"","overlay-gradient":""}},"ast-content-background-meta":{"desktop":{"background-color":"var(--ast-global-color-5)","background-image":"","background-repeat":"repeat","background-position":"center center","background-size":"auto","background-attachment":"scroll","background-type":"","background-media":"","overlay-type":"","overlay-color":"","overlay-opacity":"","overlay-gradient":""},"tablet":{"background-color":"var(--ast-global-color-5)","background-image":"","background-repeat":"repeat","background-position":"center center","background-size":"auto","background-attachment":"scroll","background-type":"","background-media":"","overlay-type":"","overlay-color":"","overlay-opacity":"","overlay-gradient":""},"mobile":{"background-color":"var(--ast-global-color-5)","background-image":"","background-repeat":"repeat","background-position":"center center","background-size":"auto","background-attachment":"scroll","background-type":"","background-media":"","overlay-type":"","overlay-color":"","overlay-opacity":"","overlay-gradient":""}},"footnotes":""},"class_list":["post-848","page","type-page","status-publish","hentry"],"post_mailing_queue_ids":[],"_links":{"self":[{"href":"https:\/\/agora.xtec.cat\/zerlesvinyes\/wp-json\/wp\/v2\/pages\/848","targetHints":{"allow":["GET"]}}],"collection":[{"href":"https:\/\/agora.xtec.cat\/zerlesvinyes\/wp-json\/wp\/v2\/pages"}],"about":[{"href":"https:\/\/agora.xtec.cat\/zerlesvinyes\/wp-json\/wp\/v2\/types\/page"}],"author":[{"embeddable":true,"href":"https:\/\/agora.xtec.cat\/zerlesvinyes\/wp-json\/wp\/v2\/users\/4"}],"replies":[{"embeddable":true,"href":"https:\/\/agora.xtec.cat\/zerlesvinyes\/wp-json\/wp\/v2\/comments?post=848"}],"version-history":[{"count":4,"href":"https:\/\/agora.xtec.cat\/zerlesvinyes\/wp-json\/wp\/v2\/pages\/848\/revisions"}],"predecessor-version":[{"id":2385,"href":"https:\/\/agora.xtec.cat\/zerlesvinyes\/wp-json\/wp\/v2\/pages\/848\/revisions\/2385"}],"wp:attachment":[{"href":"https:\/\/agora.xtec.cat\/zerlesvinyes\/wp-json\/wp\/v2\/media?parent=848"}],"curies":[{"name":"wp","href":"https:\/\/api.w.org\/{rel}","templated":true}]}}