{"id":846,"date":"2016-02-27T22:07:41","date_gmt":"2016-02-27T21:07:41","guid":{"rendered":"http:\/\/agora.xtec.cat\/zerlesvinyes\/?page_id=846"},"modified":"2017-06-25T21:14:24","modified_gmt":"2017-06-25T19:14:24","slug":"teatre-a-lescola","status":"publish","type":"page","link":"https:\/\/agora.xtec.cat\/zerlesvinyes\/teatre-a-lescola\/","title":{"rendered":"Teatre a l&#8217;Escola"},"content":{"rendered":"<h4 id=\"sites-page-title-header\" align=\"left\"><span id=\"sites-page-title\" dir=\"ltr\" tabindex=\"-1\">Roda de Teatre Infantil i Juvenil del Priorat<\/span><\/h4>\n<p>El Servei Educatiu del Priorat organitza la Roda de Teatre Infantil i Juvenil del Priorat, patrocinada per la Diputaci\u00f3 de Tarragona.<\/p>\n<p>La Roda de Teatre t\u00e9 com a objectius:<\/p>\n<ul>\n<li>Potenciar el teatre a l&#8217;escola, com recurs per millorar la expressi\u00f3 oral i\u00a0l&#8217;expressi\u00f3\u00a0corporal.<\/li>\n<li>Afavorir\u00a0el treball\u00a0interdisciplinari.<\/li>\n<li>La sensibilitzaci\u00f3 pel teatre com a espectacle.<\/li>\n<li>Fomentar en els alumnes valors com el respecte vers l&#8217;altre, l&#8217;esfor\u00e7, la cooperaci\u00f3,&#8230;<\/li>\n<li>La creaci\u00f3 d&#8217;h\u00e0bits de conducta davant de l&#8217;espectacle teatral.<\/li>\n<li>L&#8217;adquisici\u00f3 d&#8217;h\u00e0bits d&#8217;atenci\u00f3, respecte envers les actuacions, ja siguin les de la pr\u00f2pia escola o les dels altres centres.<\/li>\n<li>Afavorir l&#8217;intercanvi d&#8217;experi\u00e8ncies entre els centres docents.<\/li>\n<\/ul>\n<p>Aquesta activitat es realitza, generalment, durant el mes de maig i \u00e9s fruit del treball d&#8217;alumnes i mestres durant el\u00a0curs.<\/p>\n<p>La Roda de teatre ofereix a les escoles la possibilitat d&#8217;intercanviar les seves activitats. El fet que sigui itinerant permet als alumnes con\u00e8ixer els diferents pobles de la comarca.<\/p>\n<table>\n<tbody>\n<tr>\n<td><img loading=\"lazy\" decoding=\"async\" class=\"aligncenter size-medium wp-image-2573\" src=\"http:\/\/agora.xtec.cat\/zerlesvinyes\/wp-content\/uploads\/usu734\/2016\/02\/1989-206x300.jpg\" alt=\"1989\" width=\"206\" height=\"300\" srcset=\"https:\/\/agora.xtec.cat\/zerlesvinyes\/wp-content\/uploads\/usu734\/2016\/02\/1989-206x300.jpg 206w, https:\/\/agora.xtec.cat\/zerlesvinyes\/wp-content\/uploads\/usu734\/2016\/02\/1989-768x1119.jpg 768w, https:\/\/agora.xtec.cat\/zerlesvinyes\/wp-content\/uploads\/usu734\/2016\/02\/1989-703x1024.jpg 703w, https:\/\/agora.xtec.cat\/zerlesvinyes\/wp-content\/uploads\/usu734\/2016\/02\/1989.jpg 1738w\" sizes=\"auto, (max-width: 206px) 100vw, 206px\" \/><\/td>\n<td><img loading=\"lazy\" decoding=\"async\" class=\"aligncenter size-medium wp-image-2584\" src=\"http:\/\/agora.xtec.cat\/zerlesvinyes\/wp-content\/uploads\/usu734\/2016\/02\/1990-205x300.jpg\" alt=\"1990\" width=\"205\" height=\"300\" srcset=\"https:\/\/agora.xtec.cat\/zerlesvinyes\/wp-content\/uploads\/usu734\/2016\/02\/1990-205x300.jpg 205w, https:\/\/agora.xtec.cat\/zerlesvinyes\/wp-content\/uploads\/usu734\/2016\/02\/1990-768x1124.jpg 768w, https:\/\/agora.xtec.cat\/zerlesvinyes\/wp-content\/uploads\/usu734\/2016\/02\/1990-700x1024.jpg 700w, https:\/\/agora.xtec.cat\/zerlesvinyes\/wp-content\/uploads\/usu734\/2016\/02\/1990.jpg 1726w\" sizes=\"auto, (max-width: 205px) 100vw, 205px\" \/><\/td>\n<td><img loading=\"lazy\" decoding=\"async\" class=\"aligncenter size-medium wp-image-2558\" src=\"http:\/\/agora.xtec.cat\/zerlesvinyes\/wp-content\/uploads\/usu734\/2016\/02\/1991-204x300.jpg\" alt=\"1991\" width=\"204\" height=\"300\" srcset=\"https:\/\/agora.xtec.cat\/zerlesvinyes\/wp-content\/uploads\/usu734\/2016\/02\/1991-204x300.jpg 204w, https:\/\/agora.xtec.cat\/zerlesvinyes\/wp-content\/uploads\/usu734\/2016\/02\/1991-768x1128.jpg 768w, https:\/\/agora.xtec.cat\/zerlesvinyes\/wp-content\/uploads\/usu734\/2016\/02\/1991-697x1024.jpg 697w, https:\/\/agora.xtec.cat\/zerlesvinyes\/wp-content\/uploads\/usu734\/2016\/02\/1991.jpg 1650w\" sizes=\"auto, (max-width: 204px) 100vw, 204px\" \/><\/td>\n<\/tr>\n<tr>\n<td>\u00a0<img loading=\"lazy\" decoding=\"async\" class=\"aligncenter size-medium wp-image-2574\" src=\"http:\/\/agora.xtec.cat\/zerlesvinyes\/wp-content\/uploads\/usu734\/2016\/02\/1992-212x300.jpg\" alt=\"1992\" width=\"212\" height=\"300\" srcset=\"https:\/\/agora.xtec.cat\/zerlesvinyes\/wp-content\/uploads\/usu734\/2016\/02\/1992-212x300.jpg 212w, https:\/\/agora.xtec.cat\/zerlesvinyes\/wp-content\/uploads\/usu734\/2016\/02\/1992-768x1087.jpg 768w, https:\/\/agora.xtec.cat\/zerlesvinyes\/wp-content\/uploads\/usu734\/2016\/02\/1992-724x1024.jpg 724w, https:\/\/agora.xtec.cat\/zerlesvinyes\/wp-content\/uploads\/usu734\/2016\/02\/1992.jpg 1711w\" sizes=\"auto, (max-width: 212px) 100vw, 212px\" \/><\/td>\n<td>\u00a0<img loading=\"lazy\" decoding=\"async\" class=\"aligncenter size-medium wp-image-2571\" src=\"http:\/\/agora.xtec.cat\/zerlesvinyes\/wp-content\/uploads\/usu734\/2016\/02\/1993-208x300.jpg\" alt=\"1993\" width=\"208\" height=\"300\" srcset=\"https:\/\/agora.xtec.cat\/zerlesvinyes\/wp-content\/uploads\/usu734\/2016\/02\/1993-208x300.jpg 208w, https:\/\/agora.xtec.cat\/zerlesvinyes\/wp-content\/uploads\/usu734\/2016\/02\/1993-768x1107.jpg 768w, https:\/\/agora.xtec.cat\/zerlesvinyes\/wp-content\/uploads\/usu734\/2016\/02\/1993-711x1024.jpg 711w, https:\/\/agora.xtec.cat\/zerlesvinyes\/wp-content\/uploads\/usu734\/2016\/02\/1993.jpg 1687w\" sizes=\"auto, (max-width: 208px) 100vw, 208px\" \/><\/td>\n<td>\u00a0<img loading=\"lazy\" decoding=\"async\" class=\"aligncenter size-medium wp-image-2583\" src=\"http:\/\/agora.xtec.cat\/zerlesvinyes\/wp-content\/uploads\/usu734\/2016\/02\/1994-210x300.jpg\" alt=\"1994\" width=\"210\" height=\"300\" srcset=\"https:\/\/agora.xtec.cat\/zerlesvinyes\/wp-content\/uploads\/usu734\/2016\/02\/1994-210x300.jpg 210w, https:\/\/agora.xtec.cat\/zerlesvinyes\/wp-content\/uploads\/usu734\/2016\/02\/1994-768x1098.jpg 768w, https:\/\/agora.xtec.cat\/zerlesvinyes\/wp-content\/uploads\/usu734\/2016\/02\/1994-716x1024.jpg 716w, https:\/\/agora.xtec.cat\/zerlesvinyes\/wp-content\/uploads\/usu734\/2016\/02\/1994.jpg 1731w\" sizes=\"auto, (max-width: 210px) 100vw, 210px\" \/><\/td>\n<\/tr>\n<tr>\n<td>\u00a0<img loading=\"lazy\" decoding=\"async\" class=\"aligncenter size-medium wp-image-2561\" src=\"http:\/\/agora.xtec.cat\/zerlesvinyes\/wp-content\/uploads\/usu734\/2016\/02\/1995-204x300.jpg\" alt=\"1995\" width=\"204\" height=\"300\" srcset=\"https:\/\/agora.xtec.cat\/zerlesvinyes\/wp-content\/uploads\/usu734\/2016\/02\/1995-204x300.jpg 204w, https:\/\/agora.xtec.cat\/zerlesvinyes\/wp-content\/uploads\/usu734\/2016\/02\/1995-768x1132.jpg 768w, https:\/\/agora.xtec.cat\/zerlesvinyes\/wp-content\/uploads\/usu734\/2016\/02\/1995-695x1024.jpg 695w, https:\/\/agora.xtec.cat\/zerlesvinyes\/wp-content\/uploads\/usu734\/2016\/02\/1995.jpg 1604w\" sizes=\"auto, (max-width: 204px) 100vw, 204px\" \/><\/td>\n<td>\u00a0<img loading=\"lazy\" decoding=\"async\" class=\"aligncenter size-medium wp-image-2577\" src=\"http:\/\/agora.xtec.cat\/zerlesvinyes\/wp-content\/uploads\/usu734\/2016\/02\/1996-205x300.jpg\" alt=\"1996\" width=\"205\" height=\"300\" srcset=\"https:\/\/agora.xtec.cat\/zerlesvinyes\/wp-content\/uploads\/usu734\/2016\/02\/1996-205x300.jpg 205w, https:\/\/agora.xtec.cat\/zerlesvinyes\/wp-content\/uploads\/usu734\/2016\/02\/1996-768x1123.jpg 768w, https:\/\/agora.xtec.cat\/zerlesvinyes\/wp-content\/uploads\/usu734\/2016\/02\/1996-701x1024.jpg 701w, https:\/\/agora.xtec.cat\/zerlesvinyes\/wp-content\/uploads\/usu734\/2016\/02\/1996.jpg 1702w\" sizes=\"auto, (max-width: 205px) 100vw, 205px\" \/><\/td>\n<td>\u00a0<img loading=\"lazy\" decoding=\"async\" class=\"aligncenter size-medium wp-image-2572\" src=\"http:\/\/agora.xtec.cat\/zerlesvinyes\/wp-content\/uploads\/usu734\/2016\/02\/1997-206x300.jpg\" alt=\"1997\" width=\"206\" height=\"300\" srcset=\"https:\/\/agora.xtec.cat\/zerlesvinyes\/wp-content\/uploads\/usu734\/2016\/02\/1997-206x300.jpg 206w, https:\/\/agora.xtec.cat\/zerlesvinyes\/wp-content\/uploads\/usu734\/2016\/02\/1997-768x1121.jpg 768w, https:\/\/agora.xtec.cat\/zerlesvinyes\/wp-content\/uploads\/usu734\/2016\/02\/1997-702x1024.jpg 702w, https:\/\/agora.xtec.cat\/zerlesvinyes\/wp-content\/uploads\/usu734\/2016\/02\/1997.jpg 1702w\" sizes=\"auto, (max-width: 206px) 100vw, 206px\" \/><\/td>\n<\/tr>\n<tr>\n<td>\u00a0<img loading=\"lazy\" decoding=\"async\" class=\"aligncenter size-medium wp-image-2580\" src=\"http:\/\/agora.xtec.cat\/zerlesvinyes\/wp-content\/uploads\/usu734\/2016\/02\/1998-209x300.jpg\" alt=\"1998\" width=\"209\" height=\"300\" srcset=\"https:\/\/agora.xtec.cat\/zerlesvinyes\/wp-content\/uploads\/usu734\/2016\/02\/1998-209x300.jpg 209w, https:\/\/agora.xtec.cat\/zerlesvinyes\/wp-content\/uploads\/usu734\/2016\/02\/1998-768x1105.jpg 768w, https:\/\/agora.xtec.cat\/zerlesvinyes\/wp-content\/uploads\/usu734\/2016\/02\/1998-712x1024.jpg 712w, https:\/\/agora.xtec.cat\/zerlesvinyes\/wp-content\/uploads\/usu734\/2016\/02\/1998.jpg 1660w\" sizes=\"auto, (max-width: 209px) 100vw, 209px\" \/><\/td>\n<td>\u00a0<img loading=\"lazy\" decoding=\"async\" class=\"aligncenter size-medium wp-image-2559\" src=\"http:\/\/agora.xtec.cat\/zerlesvinyes\/wp-content\/uploads\/usu734\/2016\/02\/1999-204x300.jpg\" alt=\"1999\" width=\"204\" height=\"300\" srcset=\"https:\/\/agora.xtec.cat\/zerlesvinyes\/wp-content\/uploads\/usu734\/2016\/02\/1999-204x300.jpg 204w, https:\/\/agora.xtec.cat\/zerlesvinyes\/wp-content\/uploads\/usu734\/2016\/02\/1999-768x1128.jpg 768w, https:\/\/agora.xtec.cat\/zerlesvinyes\/wp-content\/uploads\/usu734\/2016\/02\/1999-697x1024.jpg 697w, https:\/\/agora.xtec.cat\/zerlesvinyes\/wp-content\/uploads\/usu734\/2016\/02\/1999.jpg 1564w\" sizes=\"auto, (max-width: 204px) 100vw, 204px\" \/><\/td>\n<td>\u00a0<img loading=\"lazy\" decoding=\"async\" class=\"aligncenter size-medium wp-image-2582\" src=\"http:\/\/agora.xtec.cat\/zerlesvinyes\/wp-content\/uploads\/usu734\/2016\/02\/2000-204x300.jpg\" alt=\"2000\" width=\"204\" height=\"300\" srcset=\"https:\/\/agora.xtec.cat\/zerlesvinyes\/wp-content\/uploads\/usu734\/2016\/02\/2000-204x300.jpg 204w, https:\/\/agora.xtec.cat\/zerlesvinyes\/wp-content\/uploads\/usu734\/2016\/02\/2000-768x1132.jpg 768w, https:\/\/agora.xtec.cat\/zerlesvinyes\/wp-content\/uploads\/usu734\/2016\/02\/2000-695x1024.jpg 695w, https:\/\/agora.xtec.cat\/zerlesvinyes\/wp-content\/uploads\/usu734\/2016\/02\/2000.jpg 1561w\" sizes=\"auto, (max-width: 204px) 100vw, 204px\" \/><\/td>\n<\/tr>\n<tr>\n<td>\u00a0<img loading=\"lazy\" decoding=\"async\" class=\"aligncenter size-medium wp-image-2560\" src=\"http:\/\/agora.xtec.cat\/zerlesvinyes\/wp-content\/uploads\/usu734\/2016\/02\/2001-201x300.jpg\" alt=\"2001\" width=\"201\" height=\"300\" srcset=\"https:\/\/agora.xtec.cat\/zerlesvinyes\/wp-content\/uploads\/usu734\/2016\/02\/2001-201x300.jpg 201w, https:\/\/agora.xtec.cat\/zerlesvinyes\/wp-content\/uploads\/usu734\/2016\/02\/2001-768x1145.jpg 768w, https:\/\/agora.xtec.cat\/zerlesvinyes\/wp-content\/uploads\/usu734\/2016\/02\/2001-687x1024.jpg 687w, https:\/\/agora.xtec.cat\/zerlesvinyes\/wp-content\/uploads\/usu734\/2016\/02\/2001.jpg 1507w\" sizes=\"auto, (max-width: 201px) 100vw, 201px\" \/><\/td>\n<td>\u00a0<img loading=\"lazy\" decoding=\"async\" class=\"aligncenter size-medium wp-image-2576\" src=\"http:\/\/agora.xtec.cat\/zerlesvinyes\/wp-content\/uploads\/usu734\/2016\/02\/2002-209x300.jpg\" alt=\"2002\" width=\"209\" height=\"300\" srcset=\"https:\/\/agora.xtec.cat\/zerlesvinyes\/wp-content\/uploads\/usu734\/2016\/02\/2002-209x300.jpg 209w, https:\/\/agora.xtec.cat\/zerlesvinyes\/wp-content\/uploads\/usu734\/2016\/02\/2002-768x1102.jpg 768w, https:\/\/agora.xtec.cat\/zerlesvinyes\/wp-content\/uploads\/usu734\/2016\/02\/2002-713x1024.jpg 713w, https:\/\/agora.xtec.cat\/zerlesvinyes\/wp-content\/uploads\/usu734\/2016\/02\/2002.jpg 1624w\" sizes=\"auto, (max-width: 209px) 100vw, 209px\" \/><\/td>\n<td>\u00a0<img loading=\"lazy\" decoding=\"async\" class=\"aligncenter size-medium wp-image-2579\" src=\"http:\/\/agora.xtec.cat\/zerlesvinyes\/wp-content\/uploads\/usu734\/2016\/02\/2003-205x300.jpg\" alt=\"2003\" width=\"205\" height=\"300\" srcset=\"https:\/\/agora.xtec.cat\/zerlesvinyes\/wp-content\/uploads\/usu734\/2016\/02\/2003-205x300.jpg 205w, https:\/\/agora.xtec.cat\/zerlesvinyes\/wp-content\/uploads\/usu734\/2016\/02\/2003-768x1123.jpg 768w, https:\/\/agora.xtec.cat\/zerlesvinyes\/wp-content\/uploads\/usu734\/2016\/02\/2003-700x1024.jpg 700w, https:\/\/agora.xtec.cat\/zerlesvinyes\/wp-content\/uploads\/usu734\/2016\/02\/2003.jpg 1522w\" sizes=\"auto, (max-width: 205px) 100vw, 205px\" \/><\/td>\n<\/tr>\n<tr>\n<td>\u00a0<img loading=\"lazy\" decoding=\"async\" class=\"aligncenter size-medium wp-image-2562\" src=\"http:\/\/agora.xtec.cat\/zerlesvinyes\/wp-content\/uploads\/usu734\/2016\/02\/2004-208x300.jpg\" alt=\"2004\" width=\"208\" height=\"300\" srcset=\"https:\/\/agora.xtec.cat\/zerlesvinyes\/wp-content\/uploads\/usu734\/2016\/02\/2004-208x300.jpg 208w, https:\/\/agora.xtec.cat\/zerlesvinyes\/wp-content\/uploads\/usu734\/2016\/02\/2004-768x1105.jpg 768w, https:\/\/agora.xtec.cat\/zerlesvinyes\/wp-content\/uploads\/usu734\/2016\/02\/2004-712x1024.jpg 712w, https:\/\/agora.xtec.cat\/zerlesvinyes\/wp-content\/uploads\/usu734\/2016\/02\/2004.jpg 1501w\" sizes=\"auto, (max-width: 208px) 100vw, 208px\" \/><\/td>\n<td>\u00a0<img loading=\"lazy\" decoding=\"async\" class=\"aligncenter size-medium wp-image-2586\" src=\"http:\/\/agora.xtec.cat\/zerlesvinyes\/wp-content\/uploads\/usu734\/2016\/02\/2005-2-203x300.jpg\" alt=\"2005\" width=\"203\" height=\"300\" srcset=\"https:\/\/agora.xtec.cat\/zerlesvinyes\/wp-content\/uploads\/usu734\/2016\/02\/2005-2-203x300.jpg 203w, https:\/\/agora.xtec.cat\/zerlesvinyes\/wp-content\/uploads\/usu734\/2016\/02\/2005-2-768x1135.jpg 768w, https:\/\/agora.xtec.cat\/zerlesvinyes\/wp-content\/uploads\/usu734\/2016\/02\/2005-2-693x1024.jpg 693w, https:\/\/agora.xtec.cat\/zerlesvinyes\/wp-content\/uploads\/usu734\/2016\/02\/2005-2.jpg 1486w\" sizes=\"auto, (max-width: 203px) 100vw, 203px\" \/><\/td>\n<td>\u00a0<img loading=\"lazy\" decoding=\"async\" class=\"aligncenter size-medium wp-image-2563\" src=\"http:\/\/agora.xtec.cat\/zerlesvinyes\/wp-content\/uploads\/usu734\/2016\/02\/2006-1-207x300.jpg\" alt=\"2006\" width=\"207\" height=\"300\" srcset=\"https:\/\/agora.xtec.cat\/zerlesvinyes\/wp-content\/uploads\/usu734\/2016\/02\/2006-1-207x300.jpg 207w, https:\/\/agora.xtec.cat\/zerlesvinyes\/wp-content\/uploads\/usu734\/2016\/02\/2006-1-768x1112.jpg 768w, https:\/\/agora.xtec.cat\/zerlesvinyes\/wp-content\/uploads\/usu734\/2016\/02\/2006-1-707x1024.jpg 707w, https:\/\/agora.xtec.cat\/zerlesvinyes\/wp-content\/uploads\/usu734\/2016\/02\/2006-1.jpg 1558w\" sizes=\"auto, (max-width: 207px) 100vw, 207px\" \/><\/td>\n<\/tr>\n<tr>\n<td>\u00a0<img loading=\"lazy\" decoding=\"async\" class=\"aligncenter size-medium wp-image-2578\" src=\"http:\/\/agora.xtec.cat\/zerlesvinyes\/wp-content\/uploads\/usu734\/2016\/02\/2007-205x300.jpg\" alt=\"2007\" width=\"205\" height=\"300\" srcset=\"https:\/\/agora.xtec.cat\/zerlesvinyes\/wp-content\/uploads\/usu734\/2016\/02\/2007-205x300.jpg 205w, https:\/\/agora.xtec.cat\/zerlesvinyes\/wp-content\/uploads\/usu734\/2016\/02\/2007-768x1122.jpg 768w, https:\/\/agora.xtec.cat\/zerlesvinyes\/wp-content\/uploads\/usu734\/2016\/02\/2007-701x1024.jpg 701w, https:\/\/agora.xtec.cat\/zerlesvinyes\/wp-content\/uploads\/usu734\/2016\/02\/2007.jpg 1573w\" sizes=\"auto, (max-width: 205px) 100vw, 205px\" \/><\/td>\n<td>\u00a0<a href=\"http:\/\/agora.xtec.cat\/zerlesvinyes\/teatre-a-lescola\/teatre-0708\/\" target=\"_blank\"><img loading=\"lazy\" decoding=\"async\" class=\"aligncenter wp-image-2568 size-medium\" src=\"http:\/\/agora.xtec.cat\/zerlesvinyes\/wp-content\/uploads\/usu734\/2016\/02\/2008-198x300.jpg\" alt=\"2008\" width=\"198\" height=\"300\" srcset=\"https:\/\/agora.xtec.cat\/zerlesvinyes\/wp-content\/uploads\/usu734\/2016\/02\/2008-198x300.jpg 198w, https:\/\/agora.xtec.cat\/zerlesvinyes\/wp-content\/uploads\/usu734\/2016\/02\/2008-768x1165.jpg 768w, https:\/\/agora.xtec.cat\/zerlesvinyes\/wp-content\/uploads\/usu734\/2016\/02\/2008-675x1024.jpg 675w, https:\/\/agora.xtec.cat\/zerlesvinyes\/wp-content\/uploads\/usu734\/2016\/02\/2008.jpg 1627w\" sizes=\"auto, (max-width: 198px) 100vw, 198px\" \/><\/a><\/td>\n<td>\u00a0<a href=\"http:\/\/agora.xtec.cat\/zerlesvinyes\/teatre-a-lescola\/teatre-0809\/\" target=\"_blank\"><img loading=\"lazy\" decoding=\"async\" class=\"aligncenter wp-image-2566 size-medium\" src=\"http:\/\/agora.xtec.cat\/zerlesvinyes\/wp-content\/uploads\/usu734\/2016\/02\/2009-199x300.jpg\" alt=\"2009\" width=\"199\" height=\"300\" srcset=\"https:\/\/agora.xtec.cat\/zerlesvinyes\/wp-content\/uploads\/usu734\/2016\/02\/2009-199x300.jpg 199w, https:\/\/agora.xtec.cat\/zerlesvinyes\/wp-content\/uploads\/usu734\/2016\/02\/2009-768x1158.jpg 768w, https:\/\/agora.xtec.cat\/zerlesvinyes\/wp-content\/uploads\/usu734\/2016\/02\/2009-679x1024.jpg 679w, https:\/\/agora.xtec.cat\/zerlesvinyes\/wp-content\/uploads\/usu734\/2016\/02\/2009.jpg 1612w\" sizes=\"auto, (max-width: 199px) 100vw, 199px\" \/><\/a><\/td>\n<\/tr>\n<tr>\n<td>\u00a0<a href=\"http:\/\/agora.xtec.cat\/zerlesvinyes\/teatre-a-lescola\/teatre-0910\/\" target=\"_blank\"><img loading=\"lazy\" decoding=\"async\" class=\"aligncenter wp-image-2570 size-medium\" src=\"http:\/\/agora.xtec.cat\/zerlesvinyes\/wp-content\/uploads\/usu734\/2016\/02\/2010-203x300.jpg\" alt=\"2010\" width=\"203\" height=\"300\" srcset=\"https:\/\/agora.xtec.cat\/zerlesvinyes\/wp-content\/uploads\/usu734\/2016\/02\/2010-203x300.jpg 203w, https:\/\/agora.xtec.cat\/zerlesvinyes\/wp-content\/uploads\/usu734\/2016\/02\/2010-768x1133.jpg 768w, https:\/\/agora.xtec.cat\/zerlesvinyes\/wp-content\/uploads\/usu734\/2016\/02\/2010-694x1024.jpg 694w, https:\/\/agora.xtec.cat\/zerlesvinyes\/wp-content\/uploads\/usu734\/2016\/02\/2010.jpg 1606w\" sizes=\"auto, (max-width: 203px) 100vw, 203px\" \/><\/a><\/td>\n<td>\u00a0<a href=\"http:\/\/agora.xtec.cat\/zerlesvinyes\/teatre-a-lescola\/teatre-9911\/\" target=\"_blank\"><img loading=\"lazy\" decoding=\"async\" class=\"aligncenter wp-image-2585 size-medium\" src=\"http:\/\/agora.xtec.cat\/zerlesvinyes\/wp-content\/uploads\/usu734\/2016\/02\/2011-205x300.jpg\" alt=\"2011\" width=\"205\" height=\"300\" srcset=\"https:\/\/agora.xtec.cat\/zerlesvinyes\/wp-content\/uploads\/usu734\/2016\/02\/2011-205x300.jpg 205w, https:\/\/agora.xtec.cat\/zerlesvinyes\/wp-content\/uploads\/usu734\/2016\/02\/2011-768x1125.jpg 768w, https:\/\/agora.xtec.cat\/zerlesvinyes\/wp-content\/uploads\/usu734\/2016\/02\/2011-699x1024.jpg 699w, https:\/\/agora.xtec.cat\/zerlesvinyes\/wp-content\/uploads\/usu734\/2016\/02\/2011.jpg 1617w\" sizes=\"auto, (max-width: 205px) 100vw, 205px\" \/><\/a><\/td>\n<td>\u00a0<a href=\"http:\/\/agora.xtec.cat\/zerlesvinyes\/teatre-a-lescola\/radio-1112-2\/\" target=\"_blank\"><img loading=\"lazy\" decoding=\"async\" class=\"aligncenter wp-image-2575 size-medium\" src=\"http:\/\/agora.xtec.cat\/zerlesvinyes\/wp-content\/uploads\/usu734\/2016\/02\/2012-206x300.jpg\" alt=\"2012\" width=\"206\" height=\"300\" srcset=\"https:\/\/agora.xtec.cat\/zerlesvinyes\/wp-content\/uploads\/usu734\/2016\/02\/2012-206x300.jpg 206w, https:\/\/agora.xtec.cat\/zerlesvinyes\/wp-content\/uploads\/usu734\/2016\/02\/2012-768x1121.jpg 768w, https:\/\/agora.xtec.cat\/zerlesvinyes\/wp-content\/uploads\/usu734\/2016\/02\/2012-702x1024.jpg 702w, https:\/\/agora.xtec.cat\/zerlesvinyes\/wp-content\/uploads\/usu734\/2016\/02\/2012.jpg 1552w\" sizes=\"auto, (max-width: 206px) 100vw, 206px\" \/><\/a><\/td>\n<\/tr>\n<tr>\n<td>\u00a0<a href=\"http:\/\/agora.xtec.cat\/zerlesvinyes\/teatre-a-lescola\/tetre-1213\/\" target=\"_blank\"><img loading=\"lazy\" decoding=\"async\" class=\"aligncenter wp-image-2569 size-medium\" src=\"http:\/\/agora.xtec.cat\/zerlesvinyes\/wp-content\/uploads\/usu734\/2016\/02\/2013-198x300.jpg\" alt=\"2013\" width=\"198\" height=\"300\" srcset=\"https:\/\/agora.xtec.cat\/zerlesvinyes\/wp-content\/uploads\/usu734\/2016\/02\/2013-198x300.jpg 198w, https:\/\/agora.xtec.cat\/zerlesvinyes\/wp-content\/uploads\/usu734\/2016\/02\/2013-768x1165.jpg 768w, https:\/\/agora.xtec.cat\/zerlesvinyes\/wp-content\/uploads\/usu734\/2016\/02\/2013-675x1024.jpg 675w, https:\/\/agora.xtec.cat\/zerlesvinyes\/wp-content\/uploads\/usu734\/2016\/02\/2013.jpg 1564w\" sizes=\"auto, (max-width: 198px) 100vw, 198px\" \/><\/a><\/td>\n<td>\u00a0<a href=\"http:\/\/agora.xtec.cat\/zerlesvinyes\/teatre-a-lescola\/radio-1314-2\/\" target=\"_blank\"><img loading=\"lazy\" decoding=\"async\" class=\"aligncenter wp-image-2567 size-medium\" src=\"http:\/\/agora.xtec.cat\/zerlesvinyes\/wp-content\/uploads\/usu734\/2016\/02\/2014-213x300.jpg\" alt=\"2014\" width=\"213\" height=\"300\" srcset=\"https:\/\/agora.xtec.cat\/zerlesvinyes\/wp-content\/uploads\/usu734\/2016\/02\/2014-213x300.jpg 213w, https:\/\/agora.xtec.cat\/zerlesvinyes\/wp-content\/uploads\/usu734\/2016\/02\/2014-768x1080.jpg 768w, https:\/\/agora.xtec.cat\/zerlesvinyes\/wp-content\/uploads\/usu734\/2016\/02\/2014-728x1024.jpg 728w, https:\/\/agora.xtec.cat\/zerlesvinyes\/wp-content\/uploads\/usu734\/2016\/02\/2014.jpg 1224w\" sizes=\"auto, (max-width: 213px) 100vw, 213px\" \/><\/a><\/td>\n<td>\u00a0<a href=\"http:\/\/agora.xtec.cat\/zerlesvinyes\/teatre-a-lescola\/radio-1415-2\/\" target=\"_blank\"><img loading=\"lazy\" decoding=\"async\" class=\"aligncenter wp-image-2564 size-medium\" src=\"http:\/\/agora.xtec.cat\/zerlesvinyes\/wp-content\/uploads\/usu734\/2016\/02\/2015-207x300.jpg\" alt=\"2015\" width=\"207\" height=\"300\" srcset=\"https:\/\/agora.xtec.cat\/zerlesvinyes\/wp-content\/uploads\/usu734\/2016\/02\/2015-207x300.jpg 207w, https:\/\/agora.xtec.cat\/zerlesvinyes\/wp-content\/uploads\/usu734\/2016\/02\/2015-768x1113.jpg 768w, https:\/\/agora.xtec.cat\/zerlesvinyes\/wp-content\/uploads\/usu734\/2016\/02\/2015-706x1024.jpg 706w, https:\/\/agora.xtec.cat\/zerlesvinyes\/wp-content\/uploads\/usu734\/2016\/02\/2015.jpg 1592w\" sizes=\"auto, (max-width: 207px) 100vw, 207px\" \/><\/a><\/td>\n<\/tr>\n<tr>\n<td><a href=\"http:\/\/agora.xtec.cat\/zerlesvinyes\/teatre-a-lescola\/teatre-1516\/\" target=\"_blank\"><img loading=\"lazy\" decoding=\"async\" class=\"aligncenter wp-image-2565 size-medium\" src=\"http:\/\/agora.xtec.cat\/zerlesvinyes\/wp-content\/uploads\/usu734\/2016\/02\/2016-197x300.jpg\" alt=\"2016\" width=\"197\" height=\"300\" srcset=\"https:\/\/agora.xtec.cat\/zerlesvinyes\/wp-content\/uploads\/usu734\/2016\/02\/2016-197x300.jpg 197w, https:\/\/agora.xtec.cat\/zerlesvinyes\/wp-content\/uploads\/usu734\/2016\/02\/2016-768x1172.jpg 768w, https:\/\/agora.xtec.cat\/zerlesvinyes\/wp-content\/uploads\/usu734\/2016\/02\/2016-671x1024.jpg 671w, https:\/\/agora.xtec.cat\/zerlesvinyes\/wp-content\/uploads\/usu734\/2016\/02\/2016.jpg 1711w\" sizes=\"auto, (max-width: 197px) 100vw, 197px\" \/><\/a><\/td>\n<td style=\"text-align: center;\">\u00a0<a href=\"http:\/\/agora.xtec.cat\/zerlesvinyes\/teatre-a-lescola\/teatre-1617\/\"><strong><span style=\"font-size: 24pt;\">2016-2017<\/span><\/strong><\/a><\/td>\n<td><\/td>\n<\/tr>\n<\/tbody>\n<\/table>\n<p>&nbsp;<\/p>\n<p>&nbsp;<\/p>\n","protected":false},"excerpt":{"rendered":"<p>Roda de Teatre Infantil i Juvenil del Priorat El Servei Educatiu del Priorat organitza la Roda de Teatre Infantil i [&hellip;]<\/p>\n","protected":false},"author":4,"featured_media":0,"parent":0,"menu_order":0,"comment_status":"closed","ping_status":"closed","template":"page-templates\/side-menu.php","meta":{"_bbp_topic_count":0,"_bbp_reply_count":0,"_bbp_total_topic_count":0,"_bbp_total_reply_count":0,"_bbp_voice_count":0,"_bbp_anonymous_reply_count":0,"_bbp_topic_count_hidden":0,"_bbp_reply_count_hidden":0,"_bbp_forum_subforum_count":0,"site-sidebar-layout":"default","site-content-layout":"","ast-site-content-layout":"","site-content-style":"default","site-sidebar-style":"default","ast-global-header-display":"","ast-banner-title-visibility":"","ast-main-header-display":"","ast-hfb-above-header-display":"","ast-hfb-below-header-display":"","ast-hfb-mobile-header-display":"","site-post-title":"","ast-breadcrumbs-content":"","ast-featured-img":"","footer-sml-layout":"","theme-transparent-header-meta":"","adv-header-id-meta":"","stick-header-meta":"","header-above-stick-meta":"","header-main-stick-meta":"","header-below-stick-meta":"","astra-migrate-meta-layouts":"default","ast-page-background-enabled":"default","ast-page-background-meta":{"desktop":{"background-color":"var(--ast-global-color-4)","background-image":"","background-repeat":"repeat","background-position":"center center","background-size":"auto","background-attachment":"scroll","background-type":"","background-media":"","overlay-type":"","overlay-color":"","overlay-opacity":"","overlay-gradient":""},"tablet":{"background-color":"","background-image":"","background-repeat":"repeat","background-position":"center center","background-size":"auto","background-attachment":"scroll","background-type":"","background-media":"","overlay-type":"","overlay-color":"","overlay-opacity":"","overlay-gradient":""},"mobile":{"background-color":"","background-image":"","background-repeat":"repeat","background-position":"center center","background-size":"auto","background-attachment":"scroll","background-type":"","background-media":"","overlay-type":"","overlay-color":"","overlay-opacity":"","overlay-gradient":""}},"ast-content-background-meta":{"desktop":{"background-color":"var(--ast-global-color-5)","background-image":"","background-repeat":"repeat","background-position":"center center","background-size":"auto","background-attachment":"scroll","background-type":"","background-media":"","overlay-type":"","overlay-color":"","overlay-opacity":"","overlay-gradient":""},"tablet":{"background-color":"var(--ast-global-color-5)","background-image":"","background-repeat":"repeat","background-position":"center center","background-size":"auto","background-attachment":"scroll","background-type":"","background-media":"","overlay-type":"","overlay-color":"","overlay-opacity":"","overlay-gradient":""},"mobile":{"background-color":"var(--ast-global-color-5)","background-image":"","background-repeat":"repeat","background-position":"center center","background-size":"auto","background-attachment":"scroll","background-type":"","background-media":"","overlay-type":"","overlay-color":"","overlay-opacity":"","overlay-gradient":""}},"footnotes":""},"class_list":["post-846","page","type-page","status-publish","hentry"],"post_mailing_queue_ids":[],"_links":{"self":[{"href":"https:\/\/agora.xtec.cat\/zerlesvinyes\/wp-json\/wp\/v2\/pages\/846","targetHints":{"allow":["GET"]}}],"collection":[{"href":"https:\/\/agora.xtec.cat\/zerlesvinyes\/wp-json\/wp\/v2\/pages"}],"about":[{"href":"https:\/\/agora.xtec.cat\/zerlesvinyes\/wp-json\/wp\/v2\/types\/page"}],"author":[{"embeddable":true,"href":"https:\/\/agora.xtec.cat\/zerlesvinyes\/wp-json\/wp\/v2\/users\/4"}],"replies":[{"embeddable":true,"href":"https:\/\/agora.xtec.cat\/zerlesvinyes\/wp-json\/wp\/v2\/comments?post=846"}],"version-history":[{"count":3,"href":"https:\/\/agora.xtec.cat\/zerlesvinyes\/wp-json\/wp\/v2\/pages\/846\/revisions"}],"predecessor-version":[{"id":2605,"href":"https:\/\/agora.xtec.cat\/zerlesvinyes\/wp-json\/wp\/v2\/pages\/846\/revisions\/2605"}],"wp:attachment":[{"href":"https:\/\/agora.xtec.cat\/zerlesvinyes\/wp-json\/wp\/v2\/media?parent=846"}],"curies":[{"name":"wp","href":"https:\/\/api.w.org\/{rel}","templated":true}]}}