{"id":840,"date":"2016-02-27T21:31:59","date_gmt":"2016-02-27T20:31:59","guid":{"rendered":"http:\/\/agora.xtec.cat\/zerlesvinyes\/?page_id=840"},"modified":"2016-03-13T16:47:37","modified_gmt":"2016-03-13T15:47:37","slug":"escola-verda","status":"publish","type":"page","link":"https:\/\/agora.xtec.cat\/zerlesvinyes\/escola-verda\/","title":{"rendered":"Escola Verda"},"content":{"rendered":"<h5>PROGRAMA ESCOLES VERDES<\/h5>\n<p align=\"justify\">Una de les actuacions priorit\u00e0ries recollides a l&#8217;Agenda 21 \u00e9s la reorientaci\u00f3 de l&#8217;educaci\u00f3 vers el desenvolupament sostenible; proposa, en aquest sentit, que s&#8217;ajudi les escoles a dissenyar plans de treball relacionats amb el medi ambient ben integrats en els seus plans d&#8217;estudi. \u00c9s en aquest marc on situem el Programa Escoles Verdes de la Generalitat de Catalunya.<\/p>\n<p align=\"justify\">D&#8217;aquest programa, destaquem un doble objectiu:<\/p>\n<div align=\"justify\">\n<ul>\n<li>Ajudar els centres en la seva ambientalitzaci\u00f3, \u00e9s a dir, a incorporar la dimensi\u00f3 ambiental tant en la seva gesti\u00f3 com en el seu curr\u00edculum.<\/li>\n<li>Identificar, dins del conjunt del pa\u00eds, els centres compromesos en la pr\u00f2pia millora ambiental i, per tant, en la del seu entorn.<\/li>\n<\/ul>\n<\/div>\n<p align=\"justify\">Per iniciar aquest proc\u00e9s d&#8217;ambientalitzaci\u00f3, el primer pas que fa el centre \u00e9s redactar el seu Pla de cohesi\u00f3 ambiental (o Agenda 21 de centre), on es defineixen els trets i els objectius ambientals del centre. Aquests objectius es duran a terme, al llarg dels diferents cursos escolars, mitjan\u00e7ant els programes d&#8217;Acci\u00f3, els quals recullen les actuacions concretes de millora ambiental que el centre es compromet a realitzar durant un per\u00edode de dos cursos escolars.Per\u00f2, considerant que els centres no han de ser una realitat a\u00efllada i diferent del seu entorn, aquest programa vol, tamb\u00e9, promoure la participaci\u00f3 del centre en projectes locals de millora ambiental. Per tant, aquests centres poden esdevenir un dels motors del programa de sostenibilitat a escala local, de l&#8217;Agenda 21 del seu municipi. Per aconseguir-ho, es promou que s&#8217;incloguin actuacions de millora ambiental local en els seus programes d&#8217;Acci\u00f3.<\/p>\n<p align=\"justify\">Quan els centres hagin elaborat i aprovat el seu Pla de cohesi\u00f3 ambiental i portat a terme el seu primer Programa d&#8217;Acci\u00f3 podran sol\u00b7licitar l&#8217;atorgament del Distintiu d&#8217;Escola Verda. La valoraci\u00f3 favorable de la feina realitzada pel centre condueix a l&#8217;atorgament del Distintiu d&#8217;Escola Verda.<\/p>\n<p>Aquest Distintiu consisteix en un certificat de la Generalitat de Catalunya i una placa per col\u00b7locar en el centre.<\/p>\n<p>Un cop atorgat, aquest Distintiu t\u00e9 una validesa de tres anys i per renovar-lo cal presentar el Programa d&#8217;Acci\u00f3 ja realitzat amb les actuacions valorades i el nou Programa d&#8217;Acci\u00f3 a desenvolupar al llarg dels tres cursos escolars seg\u00fcents.<\/p>\n<p>Si es valora positivament l&#8217;aplicaci\u00f3 d&#8217;aquest nou Programa d&#8217;Acci\u00f3, el centre renova el seu Distintiu i la seq\u00fc\u00e8ncia es repeteix.<\/p>\n<p align=\"justify\">Les escoles de la ZER Les Vinyes formen part del Programa Escola Verda i hem aconseguit el Distintitiu. El 3 de desembre de 2009 ens van lliurar aquest Distintiu a Barcelona. El lliurament es va fer a les quatre escoles, amb la pres\u00e8ncia de diferents components de la comunitat educativa de cadascuna. Direccions, mestres, pares, alumnes i representants d&#8217;ajuntaments, que formen part de les comissions mediambientals de cada escola, es van despla\u00e7ar a la Ciutat Comtal per rebre aquest Distintiu.<\/p>\n<p align=\"justify\"><a href=\"http:\/\/agora.xtec.cat\/zerlesvinyes\/wp-content\/uploads\/usu734\/2016\/03\/escoles-verdes.jpeg\"><img loading=\"lazy\" decoding=\"async\" class=\" size-large wp-image-1060 alignleft\" src=\"http:\/\/agora.xtec.cat\/zerlesvinyes\/wp-content\/uploads\/usu734\/2016\/03\/escoles-verdes-1024x575.jpeg\" alt=\"escoles verdes\" width=\"1024\" height=\"575\" srcset=\"https:\/\/agora.xtec.cat\/zerlesvinyes\/wp-content\/uploads\/usu734\/2016\/03\/escoles-verdes-1024x575.jpeg 1024w, https:\/\/agora.xtec.cat\/zerlesvinyes\/wp-content\/uploads\/usu734\/2016\/03\/escoles-verdes-300x168.jpeg 300w\" sizes=\"auto, (max-width: 1024px) 100vw, 1024px\" \/><\/a><\/p>\n","protected":false},"excerpt":{"rendered":"<p>PROGRAMA ESCOLES VERDES Una de les actuacions priorit\u00e0ries recollides a l&#8217;Agenda 21 \u00e9s la reorientaci\u00f3 de l&#8217;educaci\u00f3 vers el desenvolupament [&hellip;]<\/p>\n","protected":false},"author":4,"featured_media":0,"parent":0,"menu_order":0,"comment_status":"closed","ping_status":"closed","template":"","meta":{"_bbp_topic_count":0,"_bbp_reply_count":0,"_bbp_total_topic_count":0,"_bbp_total_reply_count":0,"_bbp_voice_count":0,"_bbp_anonymous_reply_count":0,"_bbp_topic_count_hidden":0,"_bbp_reply_count_hidden":0,"_bbp_forum_subforum_count":0,"site-sidebar-layout":"default","site-content-layout":"","ast-site-content-layout":"","site-content-style":"default","site-sidebar-style":"default","ast-global-header-display":"","ast-banner-title-visibility":"","ast-main-header-display":"","ast-hfb-above-header-display":"","ast-hfb-below-header-display":"","ast-hfb-mobile-header-display":"","site-post-title":"","ast-breadcrumbs-content":"","ast-featured-img":"","footer-sml-layout":"","theme-transparent-header-meta":"","adv-header-id-meta":"","stick-header-meta":"","header-above-stick-meta":"","header-main-stick-meta":"","header-below-stick-meta":"","astra-migrate-meta-layouts":"default","ast-page-background-enabled":"default","ast-page-background-meta":{"desktop":{"background-color":"var(--ast-global-color-4)","background-image":"","background-repeat":"repeat","background-position":"center center","background-size":"auto","background-attachment":"scroll","background-type":"","background-media":"","overlay-type":"","overlay-color":"","overlay-opacity":"","overlay-gradient":""},"tablet":{"background-color":"","background-image":"","background-repeat":"repeat","background-position":"center center","background-size":"auto","background-attachment":"scroll","background-type":"","background-media":"","overlay-type":"","overlay-color":"","overlay-opacity":"","overlay-gradient":""},"mobile":{"background-color":"","background-image":"","background-repeat":"repeat","background-position":"center center","background-size":"auto","background-attachment":"scroll","background-type":"","background-media":"","overlay-type":"","overlay-color":"","overlay-opacity":"","overlay-gradient":""}},"ast-content-background-meta":{"desktop":{"background-color":"var(--ast-global-color-5)","background-image":"","background-repeat":"repeat","background-position":"center center","background-size":"auto","background-attachment":"scroll","background-type":"","background-media":"","overlay-type":"","overlay-color":"","overlay-opacity":"","overlay-gradient":""},"tablet":{"background-color":"var(--ast-global-color-5)","background-image":"","background-repeat":"repeat","background-position":"center center","background-size":"auto","background-attachment":"scroll","background-type":"","background-media":"","overlay-type":"","overlay-color":"","overlay-opacity":"","overlay-gradient":""},"mobile":{"background-color":"var(--ast-global-color-5)","background-image":"","background-repeat":"repeat","background-position":"center center","background-size":"auto","background-attachment":"scroll","background-type":"","background-media":"","overlay-type":"","overlay-color":"","overlay-opacity":"","overlay-gradient":""}},"footnotes":""},"class_list":["post-840","page","type-page","status-publish","hentry"],"post_mailing_queue_ids":[],"_links":{"self":[{"href":"https:\/\/agora.xtec.cat\/zerlesvinyes\/wp-json\/wp\/v2\/pages\/840","targetHints":{"allow":["GET"]}}],"collection":[{"href":"https:\/\/agora.xtec.cat\/zerlesvinyes\/wp-json\/wp\/v2\/pages"}],"about":[{"href":"https:\/\/agora.xtec.cat\/zerlesvinyes\/wp-json\/wp\/v2\/types\/page"}],"author":[{"embeddable":true,"href":"https:\/\/agora.xtec.cat\/zerlesvinyes\/wp-json\/wp\/v2\/users\/4"}],"replies":[{"embeddable":true,"href":"https:\/\/agora.xtec.cat\/zerlesvinyes\/wp-json\/wp\/v2\/comments?post=840"}],"version-history":[{"count":4,"href":"https:\/\/agora.xtec.cat\/zerlesvinyes\/wp-json\/wp\/v2\/pages\/840\/revisions"}],"predecessor-version":[{"id":1105,"href":"https:\/\/agora.xtec.cat\/zerlesvinyes\/wp-json\/wp\/v2\/pages\/840\/revisions\/1105"}],"wp:attachment":[{"href":"https:\/\/agora.xtec.cat\/zerlesvinyes\/wp-json\/wp\/v2\/media?parent=840"}],"curies":[{"name":"wp","href":"https:\/\/api.w.org\/{rel}","templated":true}]}}