{"id":498,"date":"2015-07-24T17:07:28","date_gmt":"2015-07-24T15:07:28","guid":{"rendered":"http:\/\/agora.xtec.cat\/zerlesvinyes\/?page_id=498"},"modified":"2025-11-19T16:47:53","modified_gmt":"2025-11-19T15:47:53","slug":"ampa","status":"publish","type":"page","link":"https:\/\/agora.xtec.cat\/zerlesvinyes\/sant-feliu\/ampa\/","title":{"rendered":"AFA"},"content":{"rendered":"<p><strong>Pots veure les \u00faltimes not\u00edcies de l&#8217;AFA de l&#8217;escola Sant Feliu <a href=\"https:\/\/www.facebook.com\/ampasantfeliu\/\">aqu\u00ed<\/a>.<\/strong><\/p>\n<p>L\u2019AFA \u00e9s l\u2019entitat que agrupa a les mares i els pares d\u2019alumnes de l\u2019Escola per a la defensa dels seus interessos en tot all\u00f2 que fa refer\u00e8ncia a l\u2019educaci\u00f3 dels nens i nenes i col\u00b7labora en el funcionament del centre.<br \/>\n\u00c9s una entitat constitu\u00efda com associaci\u00f3 sense \u00e0nim de lucre. Est\u00e0 regulada per uns estatuts i s\u2019organitza a trav\u00e9s de: La Junta Directiva i l\u2019Assemblea General.<br \/>\nL&#8217;objectiu fonamental de l&#8217;AFA \u00e9s contribuir a la millora de la qualitat de l&#8217;ensenyament que reben els nostres fills i filles.<\/p>\n<p>Algunes de les tasques que es fan s\u00f3n:<\/p>\n<ul>\n<li>Promoure la participaci\u00f3 de pares i mares dels alumnes: Carnaval, Venda de Flors, Sopar a la Fresca, Excursi\u00f3 de Final de Curs, Venda de Llibres i Roses per Sant Jordi, Venda de Flors de Nadal&#8230;<\/li>\n<li>Promoure la representaci\u00f3 i la participaci\u00f3 dels pares i mares dels alumnes en el Consell Escolar.<\/li>\n<li>Col\u00b7labora en les activitats educatives.<\/li>\n<li>Col\u00b7labora en el Projecte per a la Reutilitzaci\u00f3 i Socialitzaci\u00f3 de llibres.<\/li>\n<li>Ajuda al finan\u00e7ament d\u2019aquelles activitats o equipaments que el centre necessita.<\/li>\n<\/ul>\n<h6>Qui \u00e9s de l\u2019AFA?<\/h6>\n<p>L\u2019Associaci\u00f3 est\u00e0 formada per les fam\u00edlies que s\u2019han inscrit com a s\u00f2cies. L\u2019actual Junta est\u00e0 formada per:<\/p>\n<ul>\n<li>Presid\u00e8ncia: M\u00f2nica Rubio Gin\u00e9<\/li>\n<li>Vicepresid\u00e8ncia: Marta Curriu Mart\u00ed<\/li>\n<li>Secretaria: Cristina Castellnou Espelta<\/li>\n<li>Tresoreria: N\u00faria Juanpere Mitjana<\/li>\n<li>Vocal 1: Joan Manel Ar\u00e9valo Sabat\u00e9<\/li>\n<li>Vocal 2: Carme Rodr\u00edguez Fern\u00e1ndez<\/li>\n<\/ul>\n<p><strong>Representant de Pares i Mares al Consell Escolar:<\/strong> N\u00faria Juanpere Mitjana<\/p>\n<p>La quota, que es paga per fam\u00edlia, \u00e9s de 18\u20ac.<\/p>\n<h6>Contactar<\/h6>\n<ul>\n<li><a href=\"https:\/\/www.facebook.com\/ampasantfeliu\/\">https:\/\/www.facebook.com\/ampasantfeliu\/<\/a><\/li>\n<\/ul>\n","protected":false},"excerpt":{"rendered":"<p>Pots veure les \u00faltimes not\u00edcies de l&#8217;AFA de l&#8217;escola Sant Feliu aqu\u00ed. L\u2019AFA \u00e9s l\u2019entitat que agrupa a les mares [&hellip;]<\/p>\n","protected":false},"author":4,"featured_media":0,"parent":270,"menu_order":70,"comment_status":"closed","ping_status":"closed","template":"","meta":{"_bbp_topic_count":0,"_bbp_reply_count":0,"_bbp_total_topic_count":0,"_bbp_total_reply_count":0,"_bbp_voice_count":0,"_bbp_anonymous_reply_count":0,"_bbp_topic_count_hidden":0,"_bbp_reply_count_hidden":0,"_bbp_forum_subforum_count":0,"site-sidebar-layout":"default","site-content-layout":"","ast-site-content-layout":"default","site-content-style":"default","site-sidebar-style":"default","ast-global-header-display":"","ast-banner-title-visibility":"","ast-main-header-display":"","ast-hfb-above-header-display":"","ast-hfb-below-header-display":"","ast-hfb-mobile-header-display":"","site-post-title":"","ast-breadcrumbs-content":"","ast-featured-img":"","footer-sml-layout":"","theme-transparent-header-meta":"","adv-header-id-meta":"","stick-header-meta":"","header-above-stick-meta":"","header-main-stick-meta":"","header-below-stick-meta":"","astra-migrate-meta-layouts":"set","ast-page-background-enabled":"default","ast-page-background-meta":{"desktop":{"background-color":"var(--ast-global-color-4)","background-image":"","background-repeat":"repeat","background-position":"center center","background-size":"auto","background-attachment":"scroll","background-type":"","background-media":"","overlay-type":"","overlay-color":"","overlay-opacity":"","overlay-gradient":""},"tablet":{"background-color":"","background-image":"","background-repeat":"repeat","background-position":"center center","background-size":"auto","background-attachment":"scroll","background-type":"","background-media":"","overlay-type":"","overlay-color":"","overlay-opacity":"","overlay-gradient":""},"mobile":{"background-color":"","background-image":"","background-repeat":"repeat","background-position":"center center","background-size":"auto","background-attachment":"scroll","background-type":"","background-media":"","overlay-type":"","overlay-color":"","overlay-opacity":"","overlay-gradient":""}},"ast-content-background-meta":{"desktop":{"background-color":"var(--ast-global-color-5)","background-image":"","background-repeat":"repeat","background-position":"center center","background-size":"auto","background-attachment":"scroll","background-type":"","background-media":"","overlay-type":"","overlay-color":"","overlay-opacity":"","overlay-gradient":""},"tablet":{"background-color":"var(--ast-global-color-5)","background-image":"","background-repeat":"repeat","background-position":"center center","background-size":"auto","background-attachment":"scroll","background-type":"","background-media":"","overlay-type":"","overlay-color":"","overlay-opacity":"","overlay-gradient":""},"mobile":{"background-color":"var(--ast-global-color-5)","background-image":"","background-repeat":"repeat","background-position":"center center","background-size":"auto","background-attachment":"scroll","background-type":"","background-media":"","overlay-type":"","overlay-color":"","overlay-opacity":"","overlay-gradient":""}},"footnotes":""},"class_list":["post-498","page","type-page","status-publish","hentry"],"post_mailing_queue_ids":[],"_links":{"self":[{"href":"https:\/\/agora.xtec.cat\/zerlesvinyes\/wp-json\/wp\/v2\/pages\/498","targetHints":{"allow":["GET"]}}],"collection":[{"href":"https:\/\/agora.xtec.cat\/zerlesvinyes\/wp-json\/wp\/v2\/pages"}],"about":[{"href":"https:\/\/agora.xtec.cat\/zerlesvinyes\/wp-json\/wp\/v2\/types\/page"}],"author":[{"embeddable":true,"href":"https:\/\/agora.xtec.cat\/zerlesvinyes\/wp-json\/wp\/v2\/users\/4"}],"replies":[{"embeddable":true,"href":"https:\/\/agora.xtec.cat\/zerlesvinyes\/wp-json\/wp\/v2\/comments?post=498"}],"version-history":[{"count":5,"href":"https:\/\/agora.xtec.cat\/zerlesvinyes\/wp-json\/wp\/v2\/pages\/498\/revisions"}],"predecessor-version":[{"id":8159,"href":"https:\/\/agora.xtec.cat\/zerlesvinyes\/wp-json\/wp\/v2\/pages\/498\/revisions\/8159"}],"up":[{"embeddable":true,"href":"https:\/\/agora.xtec.cat\/zerlesvinyes\/wp-json\/wp\/v2\/pages\/270"}],"wp:attachment":[{"href":"https:\/\/agora.xtec.cat\/zerlesvinyes\/wp-json\/wp\/v2\/media?parent=498"}],"curies":[{"name":"wp","href":"https:\/\/api.w.org\/{rel}","templated":true}]}}