{"id":494,"date":"2018-10-29T17:06:00","date_gmt":"2018-10-29T16:06:00","guid":{"rendered":"http:\/\/agora.xtec.cat\/zerlesvinyes\/?page_id=494"},"modified":"2025-11-19T16:45:19","modified_gmt":"2025-11-19T15:45:19","slug":"ampa","status":"publish","type":"page","link":"https:\/\/agora.xtec.cat\/zerlesvinyes\/sant-isidre\/ampa\/","title":{"rendered":"AFA"},"content":{"rendered":"<p>L\u2019AFA \u00e9s l\u2019entitat que agrupa a les mares i els pares d\u2019alumnes de l\u2019Escola per a la defensa dels seus interessos en tot all\u00f2 que fa refer\u00e8ncia a l\u2019educaci\u00f3 dels nens i nenes i col\u00b7labora en el funcionament del centre.<br \/>\n\u00c9s una entitat constitu\u00efda com associaci\u00f3 sense \u00e0nim de lucre. Est\u00e0 regulada per uns estatuts i s\u2019organitza a trav\u00e9s de: La Junta Directiva i l\u2019Assemblea General.<br \/>\nL&#8217;objectiu fonamental de l&#8217;AFA \u00e9s contribuir a la millora de la qualitat de l&#8217;ensenyament que reben els nostres fills i filles.<\/p>\n<p>Algunes de les tasques que es fan s\u00f3n:<\/p>\n<ul>\n<li>Promoure la participaci\u00f3 de pares i mares dels alumnes: Castanyada, Xocolatada per Nadal, Jocs Florals, Festa Setmana Cultural, Colla Gegantera\u2026<\/li>\n<li>Promoure la representaci\u00f3 i la participaci\u00f3 dels pares i mares dels alumnes en el Consell Escolar.<\/li>\n<li>Col\u00b7labora en les activitats educatives, organitza i gestiona les activitats extraescolars i el menjador de l\u2019Escola.<\/li>\n<li>Venda de roba i llibres de text.<\/li>\n<li>Col\u00b7labora en el Projecte per a la Reutilitzaci\u00f3 i Socialitzaci\u00f3 de llibres.<\/li>\n<li>Ajuda al finan\u00e7ament d\u2019aquelles activitats o equipaments que el centre necessita: Festa de l\u2019Escola, Biblioteca d\u2019Angl\u00e8s, samarretes per als Jocs Esportius i Fem dansa, l\u2019autocar per participar a la Cant\u00e0nia, un mirall per fer ball, projecte de rob\u00f2tica, etc.<br \/>\n<hr \/>\n<\/li>\n<\/ul>\n<h6>Qui \u00e9s de l\u2019AFA?<\/h6>\n<p>L\u2019Associaci\u00f3 est\u00e0 formada per les fam\u00edlies que s\u2019han inscrit com a s\u00f2cies. L\u2019actual Junta est\u00e0 formada per:<\/p>\n<ul>\n<li><strong>Presid\u00e8ncia:<\/strong>\u00a0David Vernet Ferr\u00e9<\/li>\n<li><strong>Vicepresid\u00e8ncia:<\/strong>\u00a0Laura Coll Vall\u00e8s<\/li>\n<li><strong>Secretari: <\/strong>Michael Steinmetz<\/li>\n<li><strong>Tresoreria:<\/strong>\u00a0Roser Bonfill Vernet<\/li>\n<li><strong>Vocal 1:<\/strong>\u00a0Ferran Rocamora Monta\u00f1\u00e9s<\/li>\n<li><strong>Vocal 2:<\/strong> Marcos Fern\u00e1ndez Navarro<br \/>\n<hr \/>\n<\/li>\n<li><strong>Representant de l&#8217;AFA a les reunions de l&#8217;escola:<\/strong> Roser Bonfill Vernet<\/li>\n<li><strong>Representant de Pares i Mares al Consell Escolar: <\/strong>s&#8217;eligir\u00e0 el dia, 30 de Novembre del 2018.<\/li>\n<\/ul>\n<hr \/>\n<h6>Contactar<\/h6>\n<ul>\n<li>Correu electr\u00f2nic: ampacapcanes<span class=\"atwho-query\">@gmail.com<\/span><\/li>\n<\/ul>\n","protected":false},"excerpt":{"rendered":"<p>L\u2019AFA \u00e9s l\u2019entitat que agrupa a les mares i els pares d\u2019alumnes de l\u2019Escola per a la defensa dels seus [&hellip;]<\/p>\n","protected":false},"author":1,"featured_media":0,"parent":268,"menu_order":70,"comment_status":"closed","ping_status":"closed","template":"","meta":{"_bbp_topic_count":0,"_bbp_reply_count":0,"_bbp_total_topic_count":0,"_bbp_total_reply_count":0,"_bbp_voice_count":0,"_bbp_anonymous_reply_count":0,"_bbp_topic_count_hidden":0,"_bbp_reply_count_hidden":0,"_bbp_forum_subforum_count":0,"site-sidebar-layout":"default","site-content-layout":"","ast-site-content-layout":"default","site-content-style":"default","site-sidebar-style":"default","ast-global-header-display":"","ast-banner-title-visibility":"","ast-main-header-display":"","ast-hfb-above-header-display":"","ast-hfb-below-header-display":"","ast-hfb-mobile-header-display":"","site-post-title":"","ast-breadcrumbs-content":"","ast-featured-img":"","footer-sml-layout":"","theme-transparent-header-meta":"","adv-header-id-meta":"","stick-header-meta":"","header-above-stick-meta":"","header-main-stick-meta":"","header-below-stick-meta":"","astra-migrate-meta-layouts":"set","ast-page-background-enabled":"default","ast-page-background-meta":{"desktop":{"background-color":"var(--ast-global-color-4)","background-image":"","background-repeat":"repeat","background-position":"center center","background-size":"auto","background-attachment":"scroll","background-type":"","background-media":"","overlay-type":"","overlay-color":"","overlay-opacity":"","overlay-gradient":""},"tablet":{"background-color":"","background-image":"","background-repeat":"repeat","background-position":"center center","background-size":"auto","background-attachment":"scroll","background-type":"","background-media":"","overlay-type":"","overlay-color":"","overlay-opacity":"","overlay-gradient":""},"mobile":{"background-color":"","background-image":"","background-repeat":"repeat","background-position":"center center","background-size":"auto","background-attachment":"scroll","background-type":"","background-media":"","overlay-type":"","overlay-color":"","overlay-opacity":"","overlay-gradient":""}},"ast-content-background-meta":{"desktop":{"background-color":"var(--ast-global-color-5)","background-image":"","background-repeat":"repeat","background-position":"center center","background-size":"auto","background-attachment":"scroll","background-type":"","background-media":"","overlay-type":"","overlay-color":"","overlay-opacity":"","overlay-gradient":""},"tablet":{"background-color":"var(--ast-global-color-5)","background-image":"","background-repeat":"repeat","background-position":"center center","background-size":"auto","background-attachment":"scroll","background-type":"","background-media":"","overlay-type":"","overlay-color":"","overlay-opacity":"","overlay-gradient":""},"mobile":{"background-color":"var(--ast-global-color-5)","background-image":"","background-repeat":"repeat","background-position":"center center","background-size":"auto","background-attachment":"scroll","background-type":"","background-media":"","overlay-type":"","overlay-color":"","overlay-opacity":"","overlay-gradient":""}},"footnotes":""},"class_list":["post-494","page","type-page","status-publish","hentry"],"post_mailing_queue_ids":[],"_links":{"self":[{"href":"https:\/\/agora.xtec.cat\/zerlesvinyes\/wp-json\/wp\/v2\/pages\/494","targetHints":{"allow":["GET"]}}],"collection":[{"href":"https:\/\/agora.xtec.cat\/zerlesvinyes\/wp-json\/wp\/v2\/pages"}],"about":[{"href":"https:\/\/agora.xtec.cat\/zerlesvinyes\/wp-json\/wp\/v2\/types\/page"}],"author":[{"embeddable":true,"href":"https:\/\/agora.xtec.cat\/zerlesvinyes\/wp-json\/wp\/v2\/users\/1"}],"replies":[{"embeddable":true,"href":"https:\/\/agora.xtec.cat\/zerlesvinyes\/wp-json\/wp\/v2\/comments?post=494"}],"version-history":[{"count":4,"href":"https:\/\/agora.xtec.cat\/zerlesvinyes\/wp-json\/wp\/v2\/pages\/494\/revisions"}],"predecessor-version":[{"id":8157,"href":"https:\/\/agora.xtec.cat\/zerlesvinyes\/wp-json\/wp\/v2\/pages\/494\/revisions\/8157"}],"up":[{"embeddable":true,"href":"https:\/\/agora.xtec.cat\/zerlesvinyes\/wp-json\/wp\/v2\/pages\/268"}],"wp:attachment":[{"href":"https:\/\/agora.xtec.cat\/zerlesvinyes\/wp-json\/wp\/v2\/media?parent=494"}],"curies":[{"name":"wp","href":"https:\/\/api.w.org\/{rel}","templated":true}]}}