{"id":272,"date":"2015-07-20T13:10:37","date_gmt":"2015-07-20T12:10:37","guid":{"rendered":"http:\/\/agora.xtec.cat\/zerlesvinyes\/?page_id=272"},"modified":"2025-11-06T13:29:16","modified_gmt":"2025-11-06T12:29:16","slug":"qui-som","status":"publish","type":"page","link":"https:\/\/agora.xtec.cat\/zerlesvinyes\/josep-riba\/qui-som\/","title":{"rendered":"Qui som"},"content":{"rendered":"<p><span style=\"font-size: 14pt;\"><strong>Escola Josep Riba. Mestres 2025-2026<\/strong><\/span><\/p>\n<table style=\"width: 73.8901%; height: 272px;\">\n<tbody>\n<tr style=\"height: 33px;\">\n<td style=\"width: 29.9185%; height: 33px;\"><span style=\"font-size: 18.6667px;\">N\u00faria Dom\u00e8nech Mart\u00ednez\u00a0<\/span><\/td>\n<td style=\"width: 49.5925%; height: 33px;\"><span style=\"font-size: 14pt;\">TUTORA INF . <\/span><span style=\"font-size: 14pt;\">Directora Escola.\u00a0<\/span><\/td>\n<td style=\"width: 19.3248%; height: 272px; text-align: center;\" rowspan=\"9\"><span style=\"font-size: 14pt;\">8 ALUMNES<\/span><br \/>\n<span style=\"font-size: 14pt;\"><br \/>\n<\/span><\/td>\n<\/tr>\n<tr>\n<td style=\"width: 29.9185%;\"><span style=\"font-size: 18.6667px;\">Marina L\u00f3pez Faus<\/span><\/td>\n<td style=\"width: 49.5925%;\"><span style=\"font-size: 14pt;\">COTUTORA D&#8217;INFANTIL<\/span><\/td>\n<\/tr>\n<tr style=\"height: 40px;\">\n<td style=\"width: 29.9185%; height: 40px;\"><span style=\"font-size: 18.6667px;\">T\u00e0nia Romo Jornet<\/span><\/td>\n<td style=\"width: 49.5925%; height: 40px;\"><span style=\"font-size: 14pt;\">TUTORA PRIM\u00c0RIA<\/span><\/td>\n<\/tr>\n<tr style=\"height: 33px;\">\n<td style=\"width: 29.9185%; height: 33px;\"><span style=\"font-size: 14pt;\">Jordi Barcel\u00f3 Aguil\u00f3<\/span><\/td>\n<td style=\"width: 49.5925%; height: 33px;\"><span style=\"font-size: 14pt;\">M\u00daSICA.\u00a0<\/span><\/td>\n<\/tr>\n<tr style=\"height: 33px;\">\n<td style=\"width: 29.9185%; height: 33px;\"><span style=\"font-size: 14pt;\"><span style=\"font-weight: 400;\">Rub\u00e9n Vilches Burgos <\/span><\/span><\/td>\n<td style=\"width: 49.5925%; height: 33px;\"><span style=\"font-size: 14pt;\">EDUCACI\u00d3 F\u00cdSICA. Coordinador Riscos Laborals.<\/span><\/td>\n<\/tr>\n<tr style=\"height: 33px;\">\n<td style=\"width: 29.9185%; height: 33px;\"><span style=\"font-weight: 400; font-size: 14pt;\">S\u00edlvia Tejedor Gros<\/span><\/td>\n<td style=\"width: 49.5925%; height: 33px;\"><span style=\"font-size: 14pt;\">ANGL\u00c8S.<\/span><\/td>\n<\/tr>\n<tr style=\"height: 33px;\">\n<td style=\"width: 29.9185%; height: 33px;\"><span style=\"font-size: 14pt;\">Laia Bertomeu Franch<\/span><\/td>\n<td style=\"width: 49.5925%; height: 33px;\"><span style=\"font-size: 14pt;\">RELIGI\u00d3.<\/span><\/td>\n<\/tr>\n<tr style=\"height: 33px;\">\n<td style=\"width: 29.9185%; height: 32px;\"><span style=\"font-weight: 400; font-size: 14pt;\">Ana Cardona Font<\/span><\/td>\n<td style=\"width: 49.5925%; height: 32px;\"><span style=\"font-size: 14pt;\">EDUCACI\u00d3 ESPECIAL.<\/span><\/td>\n<\/tr>\n<tr style=\"height: 35px;\">\n<td style=\"width: 29.9185%; height: 35px;\"><span style=\"font-weight: 400; font-size: 14pt;\">Esther Font Tom\u00e0s<\/span><\/td>\n<td style=\"width: 49.5925%; height: 35px;\"><span style=\"font-size: 14pt;\">TEEI<\/span><\/td>\n<\/tr>\n<\/tbody>\n<\/table>\n","protected":false},"excerpt":{"rendered":"<p>Escola Josep Riba. Mestres 2025-2026 N\u00faria Dom\u00e8nech Mart\u00ednez\u00a0 TUTORA INF . Directora Escola.\u00a0 8 ALUMNES Marina L\u00f3pez Faus COTUTORA D&#8217;INFANTIL [&hellip;]<\/p>\n","protected":false},"author":1,"featured_media":0,"parent":266,"menu_order":10,"comment_status":"closed","ping_status":"closed","template":"","meta":{"_bbp_topic_count":0,"_bbp_reply_count":0,"_bbp_total_topic_count":0,"_bbp_total_reply_count":0,"_bbp_voice_count":0,"_bbp_anonymous_reply_count":0,"_bbp_topic_count_hidden":0,"_bbp_reply_count_hidden":0,"_bbp_forum_subforum_count":0,"site-sidebar-layout":"default","site-content-layout":"","ast-site-content-layout":"default","site-content-style":"default","site-sidebar-style":"default","ast-global-header-display":"","ast-banner-title-visibility":"","ast-main-header-display":"","ast-hfb-above-header-display":"","ast-hfb-below-header-display":"","ast-hfb-mobile-header-display":"","site-post-title":"","ast-breadcrumbs-content":"","ast-featured-img":"","footer-sml-layout":"","theme-transparent-header-meta":"","adv-header-id-meta":"","stick-header-meta":"","header-above-stick-meta":"","header-main-stick-meta":"","header-below-stick-meta":"","astra-migrate-meta-layouts":"set","ast-page-background-enabled":"default","ast-page-background-meta":{"desktop":{"background-color":"var(--ast-global-color-4)","background-image":"","background-repeat":"repeat","background-position":"center center","background-size":"auto","background-attachment":"scroll","background-type":"","background-media":"","overlay-type":"","overlay-color":"","overlay-opacity":"","overlay-gradient":""},"tablet":{"background-color":"","background-image":"","background-repeat":"repeat","background-position":"center center","background-size":"auto","background-attachment":"scroll","background-type":"","background-media":"","overlay-type":"","overlay-color":"","overlay-opacity":"","overlay-gradient":""},"mobile":{"background-color":"","background-image":"","background-repeat":"repeat","background-position":"center center","background-size":"auto","background-attachment":"scroll","background-type":"","background-media":"","overlay-type":"","overlay-color":"","overlay-opacity":"","overlay-gradient":""}},"ast-content-background-meta":{"desktop":{"background-color":"var(--ast-global-color-5)","background-image":"","background-repeat":"repeat","background-position":"center center","background-size":"auto","background-attachment":"scroll","background-type":"","background-media":"","overlay-type":"","overlay-color":"","overlay-opacity":"","overlay-gradient":""},"tablet":{"background-color":"var(--ast-global-color-5)","background-image":"","background-repeat":"repeat","background-position":"center center","background-size":"auto","background-attachment":"scroll","background-type":"","background-media":"","overlay-type":"","overlay-color":"","overlay-opacity":"","overlay-gradient":""},"mobile":{"background-color":"var(--ast-global-color-5)","background-image":"","background-repeat":"repeat","background-position":"center center","background-size":"auto","background-attachment":"scroll","background-type":"","background-media":"","overlay-type":"","overlay-color":"","overlay-opacity":"","overlay-gradient":""}},"footnotes":""},"class_list":["post-272","page","type-page","status-publish","hentry"],"post_mailing_queue_ids":[],"_links":{"self":[{"href":"https:\/\/agora.xtec.cat\/zerlesvinyes\/wp-json\/wp\/v2\/pages\/272","targetHints":{"allow":["GET"]}}],"collection":[{"href":"https:\/\/agora.xtec.cat\/zerlesvinyes\/wp-json\/wp\/v2\/pages"}],"about":[{"href":"https:\/\/agora.xtec.cat\/zerlesvinyes\/wp-json\/wp\/v2\/types\/page"}],"author":[{"embeddable":true,"href":"https:\/\/agora.xtec.cat\/zerlesvinyes\/wp-json\/wp\/v2\/users\/1"}],"replies":[{"embeddable":true,"href":"https:\/\/agora.xtec.cat\/zerlesvinyes\/wp-json\/wp\/v2\/comments?post=272"}],"version-history":[{"count":5,"href":"https:\/\/agora.xtec.cat\/zerlesvinyes\/wp-json\/wp\/v2\/pages\/272\/revisions"}],"predecessor-version":[{"id":8139,"href":"https:\/\/agora.xtec.cat\/zerlesvinyes\/wp-json\/wp\/v2\/pages\/272\/revisions\/8139"}],"up":[{"embeddable":true,"href":"https:\/\/agora.xtec.cat\/zerlesvinyes\/wp-json\/wp\/v2\/pages\/266"}],"wp:attachment":[{"href":"https:\/\/agora.xtec.cat\/zerlesvinyes\/wp-json\/wp\/v2\/media?parent=272"}],"curies":[{"name":"wp","href":"https:\/\/api.w.org\/{rel}","templated":true}]}}