{"id":270,"date":"2015-07-20T13:09:47","date_gmt":"2015-07-20T12:09:47","guid":{"rendered":"http:\/\/agora.xtec.cat\/zerlesvinyes\/?page_id=270"},"modified":"2018-12-19T15:48:13","modified_gmt":"2018-12-19T14:48:13","slug":"sant-feliu","status":"publish","type":"page","link":"https:\/\/agora.xtec.cat\/zerlesvinyes\/sant-feliu\/","title":{"rendered":"Escola Sant Feliu"},"content":{"rendered":"<p>&nbsp;<\/p>\n<p><a href=\"http:\/\/agora.xtec.cat\/zerlesvinyes\/wp-content\/uploads\/usu734\/2016\/03\/20160223_100441.jpg\"><img loading=\"lazy\" decoding=\"async\" class=\"aligncenter wp-image-898\" src=\"http:\/\/agora.xtec.cat\/zerlesvinyes\/wp-content\/uploads\/usu734\/2016\/03\/20160223_100441-1024x139.jpg\" alt=\"20160223_100441\" width=\"1377\" height=\"187\" srcset=\"https:\/\/agora.xtec.cat\/zerlesvinyes\/wp-content\/uploads\/usu734\/2016\/03\/20160223_100441-1024x139.jpg 1024w, https:\/\/agora.xtec.cat\/zerlesvinyes\/wp-content\/uploads\/usu734\/2016\/03\/20160223_100441-300x41.jpg 300w\" sizes=\"auto, (max-width: 1377px) 100vw, 1377px\" \/><\/a><\/p>\n<p>&nbsp;<\/p>\n<p style=\"text-align: center;\">L&#8217;escola Sant Feliu\u00a0\u00e9s una escola rural situada al municipi de Els Guiamets.<\/p>\n<p style=\"text-align: center;\">Forma part, \u00a0juntament amb les escoles\u00a0de Cap\u00e7anes,\u00a0La Serra\u00a0d&#8217;Almos i Mar\u00e7\u00e0, de la ZER Les Vinyes, que va n\u00e9ixer el mes de setembre de 2005 a partir del desglossament de la ZER Baix Priorat.<\/p>\n<p>\u200b<\/p>\n<table style=\"border-color: #fffafa;\">\n<tbody>\n<tr>\n<td style=\"text-align: center;\" colspan=\"3\"><strong><span style=\"color: #ff6600;\">L&#8217;escola\u00a0est\u00e0 formada per dues aules grans i una de m\u00e9s petita de caire polivalent.<\/span><\/strong><strong><span style=\"color: #ff6600;\">Disposa d&#8217;un ample i llarg passad\u00eds on es realitzen activitats diverses.<\/span><\/strong><strong><span style=\"color: #ff6600;\">\u00a0Un despatx i <\/span><\/strong><strong><span style=\"color: #ff6600;\">dos quartets de material. <\/span><\/strong><strong><span style=\"color: #ff6600;\">A l&#8217;exterior hi trobem una pista amb porteries i cistelles, una zona de sorra amb arbres i l&#8217;hort.<\/span><\/strong><\/td>\n<\/tr>\n<tr>\n<td style=\"text-align: center;\" colspan=\"3\"><a href=\"http:\/\/agora.xtec.cat\/zerlesvinyes\/wp-content\/uploads\/usu734\/2016\/01\/web-escola.jpg\"><img loading=\"lazy\" decoding=\"async\" class=\"aligncenter wp-image-668\" src=\"http:\/\/agora.xtec.cat\/zerlesvinyes\/wp-content\/uploads\/usu734\/2015\/12\/cleguia.jpg\" alt=\"cleguia\" width=\"1084\" height=\"400\" \/><br \/>\n<\/a><\/td>\n<\/tr>\n<tr>\n<td style=\"width: 500px; height: 50px; text-align: center;\"><span style=\"color: #ff6600;\"><b>L&#8217;aula dels grans disposa de pissarra digital, rac\u00f3 d&#8217;ordinadors, rac\u00f3 de jocs de taula i biblioteca pr\u00f2pia.\u00a0<\/b><\/span><\/td>\n<td style=\"width: 20px; height: 50px; text-align: center;\"><strong><span style=\"color: #ff6600;\">\u00a0<\/span><\/strong><\/td>\n<td style=\"width: 500px; height: 50px; text-align: center;\"><strong><span style=\"color: #ff6600;\">L&#8217;aula polivalent disposa de sistemes audiovisuals, equipaments musicals i el laboratori.<\/span><\/strong><\/td>\n<\/tr>\n<tr>\n<td style=\"width: 500px; height: 380px; text-align: center;\">\u00a0<a href=\"https:\/\/agora.xtec.cat\/zerlesvinyes\/wp-content\/uploads\/usu734\/2018\/12\/20180913_122343-B.jpg\"><img loading=\"lazy\" decoding=\"async\" class=\"alignnone size-large wp-image-4013\" src=\"https:\/\/agora.xtec.cat\/zerlesvinyes\/wp-content\/uploads\/usu734\/2018\/12\/20180913_122343-B-1024x576.jpg\" alt=\"\" width=\"1024\" height=\"576\" srcset=\"https:\/\/agora.xtec.cat\/zerlesvinyes\/wp-content\/uploads\/usu734\/2018\/12\/20180913_122343-B-1024x576.jpg 1024w, https:\/\/agora.xtec.cat\/zerlesvinyes\/wp-content\/uploads\/usu734\/2018\/12\/20180913_122343-B-300x169.jpg 300w, https:\/\/agora.xtec.cat\/zerlesvinyes\/wp-content\/uploads\/usu734\/2018\/12\/20180913_122343-B-768x432.jpg 768w\" sizes=\"auto, (max-width: 1024px) 100vw, 1024px\" \/><\/a><\/td>\n<td style=\"width: 20px; height: 50px; text-align: center;\"><\/td>\n<td style=\"width: 500px; height: 380px; text-align: center;\"><\/td>\n<\/tr>\n<tr>\n<td style=\"width: 500px; height: 50px; text-align: center;\"><strong><span style=\"color: #ff6600;\">L&#8217;aula dels petits disposa de diverses zones que permeten realitzar diferents tipus d&#8217;agrupaments. Tamb\u00e9 disposa de la seva pr\u00f2pia biblioteca infantil.<\/span><\/strong><\/td>\n<td style=\"width: 20px; height: 50px; text-align: center;\"><strong><span style=\"color: #ff6600;\">\u00a0<\/span><\/strong><\/td>\n<td style=\"width: 500px; height: 50px; text-align: center;\"><strong><span style=\"color: #ff6600;\">\u00a0L&#8217;hort, espai reservat en un lateral del pati, on els grans de l&#8217;escola s\u00f3n els encarregats de plantar i tenir-ne cura.\u00a0<\/span><\/strong><\/td>\n<\/tr>\n<tr>\n<td style=\"width: 500px; height: 380px; text-align: center;\"><\/td>\n<td style=\"width: 20px; height: 50px; text-align: center;\"><\/td>\n<td style=\"width: 500px; height: 380px; text-align: center;\"><a href=\"http:\/\/agora.xtec.cat\/zerlesvinyes\/wp-content\/uploads\/usu734\/2016\/01\/web-hort1.jpg\"><img loading=\"lazy\" decoding=\"async\" class=\"aligncenter size-full wp-image-754\" src=\"http:\/\/agora.xtec.cat\/zerlesvinyes\/wp-content\/uploads\/usu734\/2016\/01\/web-hort1.jpg\" alt=\"web - hort\" width=\"450\" height=\"300\" srcset=\"https:\/\/agora.xtec.cat\/zerlesvinyes\/wp-content\/uploads\/usu734\/2016\/01\/web-hort1.jpg 450w, https:\/\/agora.xtec.cat\/zerlesvinyes\/wp-content\/uploads\/usu734\/2016\/01\/web-hort1-300x200.jpg 300w\" sizes=\"auto, (max-width: 450px) 100vw, 450px\" \/><\/a><\/td>\n<\/tr>\n<tr>\n<td style=\"width: 500px; height: 50px; text-align: center;\"><span style=\"color: #ff6600;\"><strong>El passad\u00eds d\u00f3na acc\u00e9s a totes les aules al temps que s&#8217;utilitza per les exposicions i com espai per la psicomotricitat.<\/strong><\/span><\/td>\n<td style=\"width: 20px; height: 50px; text-align: center;\"><span style=\"color: #ff6600;\"><strong>\u00a0<\/strong><\/span><\/td>\n<td style=\"width: 500px; height: 50px; text-align: center;\"><span style=\"color: #ff6600;\"><strong>El pati permet realitzar tot tipus d&#8217;activitats esportives i l\u00fadiques.<\/strong><\/span><\/td>\n<\/tr>\n<tr>\n<td style=\"width: 500px; height: 380px; text-align: center;\">\u00a0<a href=\"http:\/\/agora.xtec.cat\/zerlesvinyes\/wp-content\/uploads\/usu734\/2016\/01\/web-passadis.jpg\"><img loading=\"lazy\" decoding=\"async\" class=\"aligncenter size-full wp-image-755\" src=\"http:\/\/agora.xtec.cat\/zerlesvinyes\/wp-content\/uploads\/usu734\/2016\/01\/web-passadis.jpg\" alt=\"web - passadis\" width=\"450\" height=\"300\" srcset=\"https:\/\/agora.xtec.cat\/zerlesvinyes\/wp-content\/uploads\/usu734\/2016\/01\/web-passadis.jpg 450w, https:\/\/agora.xtec.cat\/zerlesvinyes\/wp-content\/uploads\/usu734\/2016\/01\/web-passadis-300x200.jpg 300w\" sizes=\"auto, (max-width: 450px) 100vw, 450px\" \/><\/a><\/td>\n<td style=\"width: 20px; height: 50px; text-align: center;\"><\/td>\n<td style=\"width: 500px; height: 380px; text-align: center;\"><\/td>\n<\/tr>\n<\/tbody>\n<\/table>\n<p>&nbsp;<\/p>\n","protected":false},"excerpt":{"rendered":"<p>&nbsp; &nbsp; L&#8217;escola Sant Feliu\u00a0\u00e9s una escola rural situada al municipi de Els Guiamets. Forma part, \u00a0juntament amb les escoles\u00a0de [&hellip;]<\/p>\n","protected":false},"author":1,"featured_media":0,"parent":0,"menu_order":0,"comment_status":"closed","ping_status":"closed","template":"page-templates\/side-menu.php","meta":{"_bbp_topic_count":0,"_bbp_reply_count":0,"_bbp_total_topic_count":0,"_bbp_total_reply_count":0,"_bbp_voice_count":0,"_bbp_anonymous_reply_count":0,"_bbp_topic_count_hidden":0,"_bbp_reply_count_hidden":0,"_bbp_forum_subforum_count":0,"site-sidebar-layout":"default","site-content-layout":"","ast-site-content-layout":"","site-content-style":"default","site-sidebar-style":"default","ast-global-header-display":"","ast-banner-title-visibility":"","ast-main-header-display":"","ast-hfb-above-header-display":"","ast-hfb-below-header-display":"","ast-hfb-mobile-header-display":"","site-post-title":"","ast-breadcrumbs-content":"","ast-featured-img":"","footer-sml-layout":"","theme-transparent-header-meta":"","adv-header-id-meta":"","stick-header-meta":"","header-above-stick-meta":"","header-main-stick-meta":"","header-below-stick-meta":"","astra-migrate-meta-layouts":"default","ast-page-background-enabled":"default","ast-page-background-meta":{"desktop":{"background-color":"var(--ast-global-color-4)","background-image":"","background-repeat":"repeat","background-position":"center center","background-size":"auto","background-attachment":"scroll","background-type":"","background-media":"","overlay-type":"","overlay-color":"","overlay-opacity":"","overlay-gradient":""},"tablet":{"background-color":"","background-image":"","background-repeat":"repeat","background-position":"center center","background-size":"auto","background-attachment":"scroll","background-type":"","background-media":"","overlay-type":"","overlay-color":"","overlay-opacity":"","overlay-gradient":""},"mobile":{"background-color":"","background-image":"","background-repeat":"repeat","background-position":"center center","background-size":"auto","background-attachment":"scroll","background-type":"","background-media":"","overlay-type":"","overlay-color":"","overlay-opacity":"","overlay-gradient":""}},"ast-content-background-meta":{"desktop":{"background-color":"var(--ast-global-color-5)","background-image":"","background-repeat":"repeat","background-position":"center center","background-size":"auto","background-attachment":"scroll","background-type":"","background-media":"","overlay-type":"","overlay-color":"","overlay-opacity":"","overlay-gradient":""},"tablet":{"background-color":"var(--ast-global-color-5)","background-image":"","background-repeat":"repeat","background-position":"center center","background-size":"auto","background-attachment":"scroll","background-type":"","background-media":"","overlay-type":"","overlay-color":"","overlay-opacity":"","overlay-gradient":""},"mobile":{"background-color":"var(--ast-global-color-5)","background-image":"","background-repeat":"repeat","background-position":"center center","background-size":"auto","background-attachment":"scroll","background-type":"","background-media":"","overlay-type":"","overlay-color":"","overlay-opacity":"","overlay-gradient":""}},"footnotes":""},"class_list":["post-270","page","type-page","status-publish","hentry"],"post_mailing_queue_ids":[],"_links":{"self":[{"href":"https:\/\/agora.xtec.cat\/zerlesvinyes\/wp-json\/wp\/v2\/pages\/270","targetHints":{"allow":["GET"]}}],"collection":[{"href":"https:\/\/agora.xtec.cat\/zerlesvinyes\/wp-json\/wp\/v2\/pages"}],"about":[{"href":"https:\/\/agora.xtec.cat\/zerlesvinyes\/wp-json\/wp\/v2\/types\/page"}],"author":[{"embeddable":true,"href":"https:\/\/agora.xtec.cat\/zerlesvinyes\/wp-json\/wp\/v2\/users\/1"}],"replies":[{"embeddable":true,"href":"https:\/\/agora.xtec.cat\/zerlesvinyes\/wp-json\/wp\/v2\/comments?post=270"}],"version-history":[{"count":4,"href":"https:\/\/agora.xtec.cat\/zerlesvinyes\/wp-json\/wp\/v2\/pages\/270\/revisions"}],"predecessor-version":[{"id":4014,"href":"https:\/\/agora.xtec.cat\/zerlesvinyes\/wp-json\/wp\/v2\/pages\/270\/revisions\/4014"}],"wp:attachment":[{"href":"https:\/\/agora.xtec.cat\/zerlesvinyes\/wp-json\/wp\/v2\/media?parent=270"}],"curies":[{"name":"wp","href":"https:\/\/api.w.org\/{rel}","templated":true}]}}