{"id":268,"date":"2015-07-20T13:09:24","date_gmt":"2015-07-20T12:09:24","guid":{"rendered":"http:\/\/agora.xtec.cat\/zerlesvinyes\/?page_id=268"},"modified":"2018-12-19T15:35:51","modified_gmt":"2018-12-19T14:35:51","slug":"sant-isidre","status":"publish","type":"page","link":"https:\/\/agora.xtec.cat\/zerlesvinyes\/sant-isidre\/","title":{"rendered":"Escola Sant Isidre"},"content":{"rendered":"<p style=\"text-align: center;\"><a href=\"http:\/\/agora.xtec.cat\/zerlesvinyes\/wp-content\/uploads\/usu734\/2016\/01\/escola.jpg\"><img loading=\"lazy\" decoding=\"async\" class=\"aligncenter size-full wp-image-720\" src=\"http:\/\/agora.xtec.cat\/zerlesvinyes\/wp-content\/uploads\/usu734\/2016\/01\/escola.jpg\" alt=\"escola\" width=\"940\" height=\"219\" srcset=\"https:\/\/agora.xtec.cat\/zerlesvinyes\/wp-content\/uploads\/usu734\/2016\/01\/escola.jpg 940w, https:\/\/agora.xtec.cat\/zerlesvinyes\/wp-content\/uploads\/usu734\/2016\/01\/escola-300x70.jpg 300w\" sizes=\"auto, (max-width: 940px) 100vw, 940px\" \/><\/a><\/p>\n<p style=\"text-align: center;\"><span style=\"color: #000000;\">L&#8217;escola Sant Isidre \u00e9s una escola rural situada al municipi de Cap\u00e7anes.<\/span><\/p>\n<p style=\"text-align: center;\">Forma part, \u00a0juntament amb les escoles\u00a0de Guiamets,\u00a0La Serra\u00a0d&#8217;Almos i Mar\u00e7\u00e0, de la ZER Les Vinyes, que va n\u00e0ixer el\u00a0de setembre de 2005 a partir del desglossament de la ZER Baix Priorat.<\/p>\n<p style=\"text-align: center;\">Va obrir les seves portes\u00a0l&#8217;any 1953 i, des de llavors, ha acompanyat i ha ajudat a formar i educar a for\u00e7a\u00a0generacions\u00a0del municipi.<\/p>\n<table style=\"border-color: #fffafa;\">\n<tbody>\n<tr>\n<td style=\"text-align: center;\" colspan=\"3\"><strong><span style=\"color: #ff6600;\">L&#8217;escola \u00e9s un edifici amb dues zones diferenciades, cadascuna amb una entrada independent.<\/span><\/strong><\/td>\n<\/tr>\n<tr>\n<td style=\"text-align: center;\" colspan=\"3\"><img loading=\"lazy\" decoding=\"async\" class=\" wp-image-709 size-full aligncenter\" src=\"http:\/\/agora.xtec.cat\/zerlesvinyes\/wp-content\/uploads\/usu734\/2016\/01\/cap\u00e7anes-escola-e1453322880987.jpg\" alt=\"cap\u00e7anes - escola\" width=\"794\" height=\"329\" srcset=\"https:\/\/agora.xtec.cat\/zerlesvinyes\/wp-content\/uploads\/usu734\/2016\/01\/cap\u00e7anes-escola-e1453322880987.jpg 794w, https:\/\/agora.xtec.cat\/zerlesvinyes\/wp-content\/uploads\/usu734\/2016\/01\/cap\u00e7anes-escola-e1453322880987-300x124.jpg 300w\" sizes=\"auto, (max-width: 794px) 100vw, 794px\" \/><\/td>\n<\/tr>\n<tr>\n<td style=\"width: 500px; height: 50px; text-align: center;\"><strong><span style=\"color: #ff6600;\">Al voltant de l&#8217;edifici principal hi ha un pati de terra i una petita pista d&#8217;esport.<\/span><\/strong><\/td>\n<td style=\"width: 20px; height: 50px; text-align: center;\"><strong><span style=\"color: #ff6600;\">\u00a0<\/span><\/strong><\/td>\n<td style=\"width: 500px; height: 50px; text-align: center;\"><strong><span style=\"color: #ff6600;\">A la part sud hi ha el dip\u00f2sit de gasoil i la caldera de la calefacci\u00f3. Tamb\u00e9 un espai de terra on fem hort.<\/span><\/strong><\/td>\n<\/tr>\n<tr>\n<td style=\"width: 500px; height: 380px; text-align: center;\"><a href=\"http:\/\/agora.xtec.cat\/zerlesvinyes\/wp-content\/uploads\/usu734\/2016\/01\/web-pati.jpg\"><img loading=\"lazy\" decoding=\"async\" class=\"aligncenter size-full wp-image-740\" src=\"http:\/\/agora.xtec.cat\/zerlesvinyes\/wp-content\/uploads\/usu734\/2016\/01\/web-pati.jpg\" alt=\"web - pati\" width=\"450\" height=\"300\" srcset=\"https:\/\/agora.xtec.cat\/zerlesvinyes\/wp-content\/uploads\/usu734\/2016\/01\/web-pati.jpg 450w, https:\/\/agora.xtec.cat\/zerlesvinyes\/wp-content\/uploads\/usu734\/2016\/01\/web-pati-300x200.jpg 300w\" sizes=\"auto, (max-width: 450px) 100vw, 450px\" \/><\/a><\/td>\n<td style=\"width: 20px; height: 50px; text-align: center;\"><\/td>\n<td style=\"width: 500px; height: 380px; text-align: center;\"><a href=\"http:\/\/agora.xtec.cat\/zerlesvinyes\/wp-content\/uploads\/usu734\/2016\/01\/web-hort.jpg\"><img loading=\"lazy\" decoding=\"async\" class=\"aligncenter size-full wp-image-736\" src=\"http:\/\/agora.xtec.cat\/zerlesvinyes\/wp-content\/uploads\/usu734\/2016\/01\/web-hort.jpg\" alt=\"web - hort\" width=\"450\" height=\"300\" srcset=\"https:\/\/agora.xtec.cat\/zerlesvinyes\/wp-content\/uploads\/usu734\/2016\/01\/web-hort.jpg 450w, https:\/\/agora.xtec.cat\/zerlesvinyes\/wp-content\/uploads\/usu734\/2016\/01\/web-hort-300x200.jpg 300w\" sizes=\"auto, (max-width: 450px) 100vw, 450px\" \/><\/a><\/td>\n<\/tr>\n<tr>\n<td style=\"width: 500px; height: 50px; text-align: center;\"><strong><span style=\"color: #ff6600;\">L&#8217;aula d&#8217;infantil disposa de la seva biblioteca infantil, a m\u00e9s d&#8217;una pissarra digital i projector.<\/span><\/strong><\/td>\n<td style=\"width: 20px; height: 50px; text-align: center;\"><strong><span style=\"color: #ff6600;\">\u00a0<\/span><\/strong><\/td>\n<td style=\"width: 500px; height: 50px; text-align: center;\"><strong><span style=\"color: #ff6600;\">\u00a0L&#8217;aula del &#8220;mig&#8221; o del &#8220;porxo&#8221; \u00e9s la que utilitzem els de CI. T\u00e9 una gran vidriera que d\u00f3na al pati.<\/span><\/strong><\/td>\n<\/tr>\n<tr>\n<td style=\"width: 500px; height: 380px; text-align: center;\"><a href=\"https:\/\/agora.xtec.cat\/zerlesvinyes\/wp-content\/uploads\/usu734\/2018\/12\/20181031_101844.jpg\"><img loading=\"lazy\" decoding=\"async\" class=\"alignnone wp-image-4010\" src=\"https:\/\/agora.xtec.cat\/zerlesvinyes\/wp-content\/uploads\/usu734\/2018\/12\/20181031_101844-1024x577.jpg\" alt=\"\" width=\"515\" height=\"291\" srcset=\"https:\/\/agora.xtec.cat\/zerlesvinyes\/wp-content\/uploads\/usu734\/2018\/12\/20181031_101844-1024x577.jpg 1024w, https:\/\/agora.xtec.cat\/zerlesvinyes\/wp-content\/uploads\/usu734\/2018\/12\/20181031_101844-300x169.jpg 300w, https:\/\/agora.xtec.cat\/zerlesvinyes\/wp-content\/uploads\/usu734\/2018\/12\/20181031_101844-768x433.jpg 768w\" sizes=\"auto, (max-width: 515px) 100vw, 515px\" \/><\/a><\/td>\n<td style=\"width: 20px; height: 50px; text-align: center;\"><\/td>\n<td style=\"width: 500px; height: 380px; text-align: center;\"><img loading=\"lazy\" decoding=\"async\" class=\"aligncenter size-full wp-image-738\" src=\"http:\/\/agora.xtec.cat\/zerlesvinyes\/wp-content\/uploads\/usu734\/2016\/01\/web-inicial.jpg\" alt=\"web - inicial\" width=\"450\" height=\"300\" srcset=\"https:\/\/agora.xtec.cat\/zerlesvinyes\/wp-content\/uploads\/usu734\/2016\/01\/web-inicial.jpg 450w, https:\/\/agora.xtec.cat\/zerlesvinyes\/wp-content\/uploads\/usu734\/2016\/01\/web-inicial-300x200.jpg 300w\" sizes=\"auto, (max-width: 450px) 100vw, 450px\" \/><\/td>\n<\/tr>\n<tr>\n<td style=\"width: 500px; height: 50px; text-align: center;\"><span style=\"color: #ff6600;\"><strong>L&#8217;aula m\u00e9s gran \u00e9s la de CM i CS. Disposa de pissarra digital i projector.<\/strong><\/span><\/td>\n<td style=\"width: 20px; height: 50px; text-align: center;\"><span style=\"color: #ff6600;\"><strong>\u00a0<\/strong><\/span><\/td>\n<td style=\"width: 500px; height: 50px; text-align: center;\"><span style=\"color: #ff6600;\"><strong>A la segona zona s&#8217;ofereix servei de menjador. T\u00e9 una petita &#8220;cuina&#8221;, lavabos i un quartet on es guarda el material d&#8217;educaci\u00f3 f\u00edsica.<\/strong><\/span><\/td>\n<\/tr>\n<tr>\n<td style=\"width: 500px; height: 380px; text-align: center;\"><a href=\"https:\/\/agora.xtec.cat\/zerlesvinyes\/wp-content\/uploads\/usu734\/2018\/12\/20181031_102031.jpg\"><img loading=\"lazy\" decoding=\"async\" class=\"alignnone size-large wp-image-4011\" src=\"https:\/\/agora.xtec.cat\/zerlesvinyes\/wp-content\/uploads\/usu734\/2018\/12\/20181031_102031-1024x577.jpg\" alt=\"\" width=\"1024\" height=\"577\" srcset=\"https:\/\/agora.xtec.cat\/zerlesvinyes\/wp-content\/uploads\/usu734\/2018\/12\/20181031_102031-1024x577.jpg 1024w, https:\/\/agora.xtec.cat\/zerlesvinyes\/wp-content\/uploads\/usu734\/2018\/12\/20181031_102031-300x169.jpg 300w, https:\/\/agora.xtec.cat\/zerlesvinyes\/wp-content\/uploads\/usu734\/2018\/12\/20181031_102031-768x433.jpg 768w\" sizes=\"auto, (max-width: 1024px) 100vw, 1024px\" \/><\/a><\/td>\n<td style=\"width: 20px; height: 50px; text-align: center;\"><\/td>\n<td style=\"width: 500px; height: 380px; text-align: center;\"><img loading=\"lazy\" decoding=\"async\" class=\"aligncenter size-full wp-image-739\" src=\"http:\/\/agora.xtec.cat\/zerlesvinyes\/wp-content\/uploads\/usu734\/2016\/01\/web-menjador.jpg\" alt=\"web - menjador\" width=\"450\" height=\"300\" srcset=\"https:\/\/agora.xtec.cat\/zerlesvinyes\/wp-content\/uploads\/usu734\/2016\/01\/web-menjador.jpg 450w, https:\/\/agora.xtec.cat\/zerlesvinyes\/wp-content\/uploads\/usu734\/2016\/01\/web-menjador-300x200.jpg 300w\" sizes=\"auto, (max-width: 450px) 100vw, 450px\" \/><\/td>\n<\/tr>\n<\/tbody>\n<\/table>\n<p>&nbsp;<\/p>\n<p>&nbsp;<\/p>\n","protected":false},"excerpt":{"rendered":"<p>L&#8217;escola Sant Isidre \u00e9s una escola rural situada al municipi de Cap\u00e7anes. Forma part, \u00a0juntament amb les escoles\u00a0de Guiamets,\u00a0La Serra\u00a0d&#8217;Almos [&hellip;]<\/p>\n","protected":false},"author":1,"featured_media":0,"parent":0,"menu_order":0,"comment_status":"closed","ping_status":"closed","template":"page-templates\/side-menu.php","meta":{"_bbp_topic_count":0,"_bbp_reply_count":0,"_bbp_total_topic_count":0,"_bbp_total_reply_count":0,"_bbp_voice_count":0,"_bbp_anonymous_reply_count":0,"_bbp_topic_count_hidden":0,"_bbp_reply_count_hidden":0,"_bbp_forum_subforum_count":0,"site-sidebar-layout":"default","site-content-layout":"","ast-site-content-layout":"","site-content-style":"default","site-sidebar-style":"default","ast-global-header-display":"","ast-banner-title-visibility":"","ast-main-header-display":"","ast-hfb-above-header-display":"","ast-hfb-below-header-display":"","ast-hfb-mobile-header-display":"","site-post-title":"","ast-breadcrumbs-content":"","ast-featured-img":"","footer-sml-layout":"","theme-transparent-header-meta":"","adv-header-id-meta":"","stick-header-meta":"","header-above-stick-meta":"","header-main-stick-meta":"","header-below-stick-meta":"","astra-migrate-meta-layouts":"default","ast-page-background-enabled":"default","ast-page-background-meta":{"desktop":{"background-color":"var(--ast-global-color-4)","background-image":"","background-repeat":"repeat","background-position":"center center","background-size":"auto","background-attachment":"scroll","background-type":"","background-media":"","overlay-type":"","overlay-color":"","overlay-opacity":"","overlay-gradient":""},"tablet":{"background-color":"","background-image":"","background-repeat":"repeat","background-position":"center center","background-size":"auto","background-attachment":"scroll","background-type":"","background-media":"","overlay-type":"","overlay-color":"","overlay-opacity":"","overlay-gradient":""},"mobile":{"background-color":"","background-image":"","background-repeat":"repeat","background-position":"center center","background-size":"auto","background-attachment":"scroll","background-type":"","background-media":"","overlay-type":"","overlay-color":"","overlay-opacity":"","overlay-gradient":""}},"ast-content-background-meta":{"desktop":{"background-color":"var(--ast-global-color-5)","background-image":"","background-repeat":"repeat","background-position":"center center","background-size":"auto","background-attachment":"scroll","background-type":"","background-media":"","overlay-type":"","overlay-color":"","overlay-opacity":"","overlay-gradient":""},"tablet":{"background-color":"var(--ast-global-color-5)","background-image":"","background-repeat":"repeat","background-position":"center center","background-size":"auto","background-attachment":"scroll","background-type":"","background-media":"","overlay-type":"","overlay-color":"","overlay-opacity":"","overlay-gradient":""},"mobile":{"background-color":"var(--ast-global-color-5)","background-image":"","background-repeat":"repeat","background-position":"center center","background-size":"auto","background-attachment":"scroll","background-type":"","background-media":"","overlay-type":"","overlay-color":"","overlay-opacity":"","overlay-gradient":""}},"footnotes":""},"class_list":["post-268","page","type-page","status-publish","hentry"],"post_mailing_queue_ids":[],"_links":{"self":[{"href":"https:\/\/agora.xtec.cat\/zerlesvinyes\/wp-json\/wp\/v2\/pages\/268","targetHints":{"allow":["GET"]}}],"collection":[{"href":"https:\/\/agora.xtec.cat\/zerlesvinyes\/wp-json\/wp\/v2\/pages"}],"about":[{"href":"https:\/\/agora.xtec.cat\/zerlesvinyes\/wp-json\/wp\/v2\/types\/page"}],"author":[{"embeddable":true,"href":"https:\/\/agora.xtec.cat\/zerlesvinyes\/wp-json\/wp\/v2\/users\/1"}],"replies":[{"embeddable":true,"href":"https:\/\/agora.xtec.cat\/zerlesvinyes\/wp-json\/wp\/v2\/comments?post=268"}],"version-history":[{"count":3,"href":"https:\/\/agora.xtec.cat\/zerlesvinyes\/wp-json\/wp\/v2\/pages\/268\/revisions"}],"predecessor-version":[{"id":7831,"href":"https:\/\/agora.xtec.cat\/zerlesvinyes\/wp-json\/wp\/v2\/pages\/268\/revisions\/7831"}],"wp:attachment":[{"href":"https:\/\/agora.xtec.cat\/zerlesvinyes\/wp-json\/wp\/v2\/media?parent=268"}],"curies":[{"name":"wp","href":"https:\/\/api.w.org\/{rel}","templated":true}]}}