{"id":264,"date":"2015-07-20T13:06:26","date_gmt":"2015-07-20T12:06:26","guid":{"rendered":"http:\/\/agora.xtec.cat\/zerlesvinyes\/?page_id=264"},"modified":"2025-03-19T15:50:20","modified_gmt":"2025-03-19T14:50:20","slug":"anicet-villar","status":"publish","type":"page","link":"https:\/\/agora.xtec.cat\/zerlesvinyes\/anicet-villar\/","title":{"rendered":"Escola Anicet Villar"},"content":{"rendered":"<p style=\"text-align: center;\"><a href=\"http:\/\/agora.xtec.cat\/zerlesvinyes\/wp-content\/uploads\/usu734\/2015\/07\/Dsc_0864.jpg\"><img loading=\"lazy\" decoding=\"async\" class=\"aligncenter wp-image-785 \" src=\"http:\/\/agora.xtec.cat\/zerlesvinyes\/wp-content\/uploads\/usu734\/2015\/07\/Dsc_0864-e1454435406804-1024x354.jpg\" alt=\"Dsc_0864\" width=\"960\" height=\"332\" \/><\/a><\/p>\n<p style=\"text-align: center;\">L&#8217;escola Anicet Villar\u00a0\u00e9s una escola rural situada al municipi de Mar\u00e7\u00e0.<\/p>\n<p style=\"text-align: center;\">\u00c9s la seu i forma part, \u00a0juntament amb les escoles de Cap\u00e7anes, Guiamets i La Serra d&#8217;Almos, de la ZER Les Vinyes,<\/p>\n<p style=\"text-align: center;\">que va n\u00e0ixer el\u00a0de setembre de 2005 a partir del desglossament de la ZER Baix Priorat.<\/p>\n<p style=\"text-align: center;\">Va obrir les seves portes\u00a0l&#8217;any 1953 i, des de llavors, ha acompanyat i ha ajudat a formar i educar a for\u00e7a\u00a0generacions\u00a0del municipi.<\/p>\n<table style=\"border-color: #f7fafa; background-color: #fafafa;\">\n<tbody>\n<tr style=\"height: 61px;\">\n<td style=\"text-align: center; height: 61px;\" colspan=\"3\"><strong><span style=\"color: #ff6600;\">L&#8217;escola \u00e9s un edifici allargat amb un passad\u00eds central que d\u00f3na acc\u00e9s a totes les aules.\u00a0<\/span><\/strong><span style=\"color: #ff6600;\"><strong>Disposa de 4 aules, una de de les quals polivalent. Aula de m\u00fasica, sala de mestres i biblioteca.\u00a0<\/strong><\/span><span style=\"color: #ff6600;\"><strong>El pati est\u00e0 dividit en una pista d&#8217;esports i una zona dedicada als alumnes d&#8217;infantil. Tamb\u00e9 hi ha un hort.<\/strong><\/span><\/td>\n<\/tr>\n<tr style=\"height: 50px;\">\n<td style=\"width: 500px; height: 50px; text-align: center;\"><strong><span style=\"color: #ff6600;\">L&#8217;entrada del centre\u00a0<\/span><\/strong><\/td>\n<td style=\"width: 20px; height: 50px; text-align: center;\"><strong><span style=\"color: #ff6600;\">\u00a0<\/span><\/strong><\/td>\n<td style=\"width: 500px; height: 50px; text-align: center;\"><span style=\"color: #ff6600;\"><b>Un llarg passad\u00eds d\u00f3na pas a les aules<\/b><\/span><\/td>\n<\/tr>\n<tr style=\"height: 337px;\">\n<td style=\"width: 500px; height: 337px; text-align: center;\">\u00a0<img loading=\"lazy\" decoding=\"async\" class=\"aligncenter wp-image-779\" src=\"http:\/\/agora.xtec.cat\/zerlesvinyes\/wp-content\/uploads\/usu734\/2016\/02\/colemarca-e1454412351643.jpg\" alt=\"colemarca\" width=\"382\" height=\"176\" srcset=\"https:\/\/agora.xtec.cat\/zerlesvinyes\/wp-content\/uploads\/usu734\/2016\/02\/colemarca-e1454412351643.jpg 718w, https:\/\/agora.xtec.cat\/zerlesvinyes\/wp-content\/uploads\/usu734\/2016\/02\/colemarca-e1454412351643-300x138.jpg 300w\" sizes=\"auto, (max-width: 382px) 100vw, 382px\" \/><\/td>\n<td style=\"width: 20px; height: 337px; text-align: center;\"><\/td>\n<td style=\"width: 500px; height: 337px; text-align: center;\"><img loading=\"lazy\" decoding=\"async\" class=\"aligncenter wp-image-781\" src=\"http:\/\/agora.xtec.cat\/zerlesvinyes\/wp-content\/uploads\/usu734\/2016\/02\/foto001.jpg\" alt=\"foto001\" width=\"340\" height=\"255\" srcset=\"https:\/\/agora.xtec.cat\/zerlesvinyes\/wp-content\/uploads\/usu734\/2016\/02\/foto001.jpg 436w, https:\/\/agora.xtec.cat\/zerlesvinyes\/wp-content\/uploads\/usu734\/2016\/02\/foto001-300x225.jpg 300w, https:\/\/agora.xtec.cat\/zerlesvinyes\/wp-content\/uploads\/usu734\/2016\/02\/foto001-200x150.jpg 200w\" sizes=\"auto, (max-width: 340px) 100vw, 340px\" \/><\/td>\n<\/tr>\n<tr style=\"height: 50px;\">\n<td style=\"width: 500px; height: 50px; text-align: center;\"><span style=\"color: #ff6600;\"><strong>L&#8217;aula d&#8217;Infantil\u00a0<\/strong><\/span><\/td>\n<td style=\"width: 20px; height: 50px; text-align: center;\"><span style=\"color: #ff6600;\"><strong>\u00a0<\/strong><\/span><\/td>\n<td style=\"width: 500px; height: 50px; text-align: center;\"><span style=\"color: #ff6600;\"><strong>L&#8217;aula de Cicle Inicial i 3r<\/strong><\/span><\/td>\n<\/tr>\n<tr style=\"height: 281px;\">\n<td style=\"width: 500px; height: 281px; text-align: center;\">\u00a0<img loading=\"lazy\" decoding=\"async\" class=\" wp-image-2296 aligncenter\" src=\"http:\/\/agora.xtec.cat\/zerlesvinyes\/wp-content\/uploads\/usu734\/2015\/07\/20161116_091458-300x169.jpg\" alt=\"20161116_091458\" width=\"390\" height=\"220\" srcset=\"https:\/\/agora.xtec.cat\/zerlesvinyes\/wp-content\/uploads\/usu734\/2015\/07\/20161116_091458-300x169.jpg 300w, https:\/\/agora.xtec.cat\/zerlesvinyes\/wp-content\/uploads\/usu734\/2015\/07\/20161116_091458-768x432.jpg 768w, https:\/\/agora.xtec.cat\/zerlesvinyes\/wp-content\/uploads\/usu734\/2015\/07\/20161116_091458-1024x576.jpg 1024w\" sizes=\"auto, (max-width: 390px) 100vw, 390px\" \/><\/td>\n<td style=\"width: 20px; height: 281px; text-align: center;\"><\/td>\n<td style=\"width: 500px; height: 281px; text-align: center;\"><img loading=\"lazy\" decoding=\"async\" class=\"aligncenter wp-image-2298\" src=\"http:\/\/agora.xtec.cat\/zerlesvinyes\/wp-content\/uploads\/usu734\/2015\/07\/20161116_092018-300x169.jpg\" alt=\"20161116_092018\" width=\"393\" height=\"222\" srcset=\"https:\/\/agora.xtec.cat\/zerlesvinyes\/wp-content\/uploads\/usu734\/2015\/07\/20161116_092018-300x169.jpg 300w, https:\/\/agora.xtec.cat\/zerlesvinyes\/wp-content\/uploads\/usu734\/2015\/07\/20161116_092018-768x432.jpg 768w, https:\/\/agora.xtec.cat\/zerlesvinyes\/wp-content\/uploads\/usu734\/2015\/07\/20161116_092018-1024x576.jpg 1024w\" sizes=\"auto, (max-width: 393px) 100vw, 393px\" \/><\/td>\n<\/tr>\n<tr style=\"height: 50px;\">\n<td style=\"width: 500px; height: 50px; text-align: center;\"><span style=\"color: #ff6600;\"><strong>L&#8217;aula de 4t i CS\u00a0<\/strong><\/span><\/td>\n<td style=\"width: 20px; height: 50px; text-align: center;\"><span style=\"color: #ff6600;\"><strong>\u00a0<\/strong><\/span><\/td>\n<td style=\"width: 500px; height: 50px; text-align: center;\"><span style=\"color: #ff6600;\"><strong>L&#8217;aula de M\u00fasica<\/strong><\/span><\/td>\n<\/tr>\n<tr style=\"height: 380px;\">\n<td style=\"width: 500px; height: 380px; text-align: center;\"><img loading=\"lazy\" decoding=\"async\" class=\"aligncenter wp-image-2299\" src=\"http:\/\/agora.xtec.cat\/zerlesvinyes\/wp-content\/uploads\/usu734\/2015\/07\/20161116_092351-300x169.jpg\" alt=\"20161116_092351\" width=\"425\" height=\"239\" srcset=\"https:\/\/agora.xtec.cat\/zerlesvinyes\/wp-content\/uploads\/usu734\/2015\/07\/20161116_092351-300x169.jpg 300w, https:\/\/agora.xtec.cat\/zerlesvinyes\/wp-content\/uploads\/usu734\/2015\/07\/20161116_092351-768x432.jpg 768w, https:\/\/agora.xtec.cat\/zerlesvinyes\/wp-content\/uploads\/usu734\/2015\/07\/20161116_092351-1024x576.jpg 1024w\" sizes=\"auto, (max-width: 425px) 100vw, 425px\" \/><\/td>\n<td style=\"width: 20px; height: 380px; text-align: center;\"><\/td>\n<td style=\"width: 500px; height: 380px; text-align: center;\"><a href=\"http:\/\/agora.xtec.cat\/zerlesvinyes\/wp-content\/uploads\/usu734\/2015\/07\/20170126_155945.jpg\"><img loading=\"lazy\" decoding=\"async\" class=\"size-large wp-image-2268 aligncenter\" src=\"http:\/\/agora.xtec.cat\/zerlesvinyes\/wp-content\/uploads\/usu734\/2015\/07\/20170126_155945-1024x576.jpg\" alt=\"20170126_155945\" width=\"1024\" height=\"576\" srcset=\"https:\/\/agora.xtec.cat\/zerlesvinyes\/wp-content\/uploads\/usu734\/2015\/07\/20170126_155945-1024x576.jpg 1024w, https:\/\/agora.xtec.cat\/zerlesvinyes\/wp-content\/uploads\/usu734\/2015\/07\/20170126_155945-300x169.jpg 300w, https:\/\/agora.xtec.cat\/zerlesvinyes\/wp-content\/uploads\/usu734\/2015\/07\/20170126_155945-768x432.jpg 768w\" sizes=\"auto, (max-width: 1024px) 100vw, 1024px\" \/><\/a><\/p>\n<p>&nbsp;<\/td>\n<\/tr>\n<tr style=\"height: 50px;\">\n<td style=\"width: 500px; height: 50px; text-align: center;\"><strong><span style=\"color: #ff6600;\">L&#8217;aula\u00a0Polivalent s&#8217;utilitza en les sessions d&#8217;Educaci\u00f3 F\u00edsica quan les condicions meteorol\u00f2giques s\u00f3n adverses.<br \/>\n<\/span><\/strong><\/td>\n<td style=\"width: 20px; height: 50px; text-align: center;\"><strong><span style=\"color: #ff6600;\">\u00a0<\/span><\/strong><\/td>\n<td style=\"width: 500px; height: 50px; text-align: center;\"><strong><span style=\"color: #ff6600;\">La Biblioteca<\/span><\/strong><\/td>\n<\/tr>\n<tr style=\"height: 380px;\">\n<td style=\"width: 500px; height: 380px; text-align: center;\">\u00a0<img loading=\"lazy\" decoding=\"async\" class=\"aligncenter wp-image-2300\" src=\"http:\/\/agora.xtec.cat\/zerlesvinyes\/wp-content\/uploads\/usu734\/2015\/07\/20161124_124451-300x169.jpg\" alt=\"20161124_124451\" width=\"398\" height=\"224\" srcset=\"https:\/\/agora.xtec.cat\/zerlesvinyes\/wp-content\/uploads\/usu734\/2015\/07\/20161124_124451-300x169.jpg 300w, https:\/\/agora.xtec.cat\/zerlesvinyes\/wp-content\/uploads\/usu734\/2015\/07\/20161124_124451-768x432.jpg 768w, https:\/\/agora.xtec.cat\/zerlesvinyes\/wp-content\/uploads\/usu734\/2015\/07\/20161124_124451-1024x576.jpg 1024w\" sizes=\"auto, (max-width: 398px) 100vw, 398px\" \/><\/td>\n<td style=\"width: 20px; height: 380px; text-align: center;\"><\/td>\n<td style=\"width: 500px; height: 380px; text-align: center;\"><a href=\"http:\/\/agora.xtec.cat\/zerlesvinyes\/wp-content\/uploads\/usu734\/2018\/09\/IMG_5009_opt.jpg\"><img loading=\"lazy\" decoding=\"async\" class=\"alignnone size-full wp-image-3517\" src=\"http:\/\/agora.xtec.cat\/zerlesvinyes\/wp-content\/uploads\/usu734\/2018\/09\/IMG_5009_opt.jpg\" alt=\"\" width=\"400\" height=\"300\" srcset=\"https:\/\/agora.xtec.cat\/zerlesvinyes\/wp-content\/uploads\/usu734\/2018\/09\/IMG_5009_opt.jpg 400w, https:\/\/agora.xtec.cat\/zerlesvinyes\/wp-content\/uploads\/usu734\/2018\/09\/IMG_5009_opt-300x225.jpg 300w, https:\/\/agora.xtec.cat\/zerlesvinyes\/wp-content\/uploads\/usu734\/2018\/09\/IMG_5009_opt-200x150.jpg 200w\" sizes=\"auto, (max-width: 400px) 100vw, 400px\" \/><\/a><\/td>\n<\/tr>\n<tr style=\"height: 50px;\">\n<td style=\"width: 500px; height: 50px; text-align: center;\"><strong><span style=\"color: #ff6600;\">\u00a0L&#8217;hort<\/span><\/strong><\/td>\n<td style=\"width: 20px; height: 50px; text-align: center;\"><strong><span style=\"color: #ff6600;\">\u00a0<\/span><\/strong><\/td>\n<td style=\"width: 500px; height: 50px; text-align: center;\"><strong><span style=\"color: #ff6600;\">El pati\u00a0<\/span><\/strong><\/td>\n<\/tr>\n<tr style=\"height: 380px;\">\n<td style=\"width: 500px; height: 380px; text-align: center;\"><a href=\"http:\/\/agora.xtec.cat\/zerlesvinyes\/wp-content\/uploads\/usu734\/2018\/09\/IMG_20180516_124458_opt.jpg\"><img loading=\"lazy\" decoding=\"async\" class=\"alignnone size-full wp-image-3516\" src=\"http:\/\/agora.xtec.cat\/zerlesvinyes\/wp-content\/uploads\/usu734\/2018\/09\/IMG_20180516_124458_opt.jpg\" alt=\"\" width=\"400\" height=\"300\" srcset=\"https:\/\/agora.xtec.cat\/zerlesvinyes\/wp-content\/uploads\/usu734\/2018\/09\/IMG_20180516_124458_opt.jpg 400w, https:\/\/agora.xtec.cat\/zerlesvinyes\/wp-content\/uploads\/usu734\/2018\/09\/IMG_20180516_124458_opt-300x225.jpg 300w, https:\/\/agora.xtec.cat\/zerlesvinyes\/wp-content\/uploads\/usu734\/2018\/09\/IMG_20180516_124458_opt-200x150.jpg 200w\" sizes=\"auto, (max-width: 400px) 100vw, 400px\" \/><\/a><\/td>\n<td style=\"width: 20px; height: 380px; text-align: center;\"><\/td>\n<td style=\"width: 500px; height: 380px; text-align: center;\"><img loading=\"lazy\" decoding=\"async\" class=\"aligncenter wp-image-780\" src=\"http:\/\/agora.xtec.cat\/zerlesvinyes\/wp-content\/uploads\/usu734\/2016\/02\/columpi.jpg\" alt=\"columpi\" width=\"441\" height=\"331\" srcset=\"https:\/\/agora.xtec.cat\/zerlesvinyes\/wp-content\/uploads\/usu734\/2016\/02\/columpi.jpg 720w, https:\/\/agora.xtec.cat\/zerlesvinyes\/wp-content\/uploads\/usu734\/2016\/02\/columpi-300x225.jpg 300w, https:\/\/agora.xtec.cat\/zerlesvinyes\/wp-content\/uploads\/usu734\/2016\/02\/columpi-200x150.jpg 200w\" sizes=\"auto, (max-width: 441px) 100vw, 441px\" \/><\/td>\n<\/tr>\n<tr style=\"height: 50px;\">\n<td style=\"width: 500px; height: 50px; text-align: center;\"><span style=\"color: #ff6600;\"><b>Sala de psicomotricitat<\/b><\/span><\/td>\n<td style=\"width: 20px; height: 50px; text-align: center;\"><span style=\"color: #ff6600;\">\u00a0<\/span><\/td>\n<td style=\"width: 500px; height: 50px; text-align: center;\"><span style=\"color: #ff6600;\"><strong>El servei de menjador\u00a0<\/strong><\/span><\/td>\n<\/tr>\n<tr style=\"height: 380px;\">\n<td style=\"width: 500px; height: 380px; text-align: center;\">\u00a0<a href=\"http:\/\/agora.xtec.cat\/zerlesvinyes\/wp-content\/uploads\/usu734\/2017\/12\/20171011_095132.jpg\"><img loading=\"lazy\" decoding=\"async\" class=\"alignnone size-large wp-image-2925\" src=\"http:\/\/agora.xtec.cat\/zerlesvinyes\/wp-content\/uploads\/usu734\/2017\/12\/20171011_095132-1024x576.jpg\" alt=\"\" width=\"1024\" height=\"576\" srcset=\"https:\/\/agora.xtec.cat\/zerlesvinyes\/wp-content\/uploads\/usu734\/2017\/12\/20171011_095132-1024x576.jpg 1024w, https:\/\/agora.xtec.cat\/zerlesvinyes\/wp-content\/uploads\/usu734\/2017\/12\/20171011_095132-300x169.jpg 300w, https:\/\/agora.xtec.cat\/zerlesvinyes\/wp-content\/uploads\/usu734\/2017\/12\/20171011_095132-768x432.jpg 768w\" sizes=\"auto, (max-width: 1024px) 100vw, 1024px\" \/><\/a><\/td>\n<td style=\"width: 20px; height: 380px; text-align: center;\"><\/td>\n<td style=\"width: 500px; height: 380px; text-align: center;\"><img loading=\"lazy\" decoding=\"async\" class=\"aligncenter wp-image-2301\" src=\"http:\/\/agora.xtec.cat\/zerlesvinyes\/wp-content\/uploads\/usu734\/2015\/07\/20161215_133321-300x169.jpg\" alt=\"20161215_133321\" width=\"351\" height=\"198\" srcset=\"https:\/\/agora.xtec.cat\/zerlesvinyes\/wp-content\/uploads\/usu734\/2015\/07\/20161215_133321-300x169.jpg 300w, https:\/\/agora.xtec.cat\/zerlesvinyes\/wp-content\/uploads\/usu734\/2015\/07\/20161215_133321-768x432.jpg 768w, https:\/\/agora.xtec.cat\/zerlesvinyes\/wp-content\/uploads\/usu734\/2015\/07\/20161215_133321-1024x576.jpg 1024w\" sizes=\"auto, (max-width: 351px) 100vw, 351px\" \/><\/td>\n<\/tr>\n<\/tbody>\n<\/table>\n<p>&nbsp;<\/p>\n<p>&nbsp;<\/p>\n","protected":false},"excerpt":{"rendered":"<p>L&#8217;escola Anicet Villar\u00a0\u00e9s una escola rural situada al municipi de Mar\u00e7\u00e0. \u00c9s la seu i forma part, \u00a0juntament amb les [&hellip;]<\/p>\n","protected":false},"author":1,"featured_media":0,"parent":0,"menu_order":0,"comment_status":"closed","ping_status":"closed","template":"","meta":{"_bbp_topic_count":0,"_bbp_reply_count":0,"_bbp_total_topic_count":0,"_bbp_total_reply_count":0,"_bbp_voice_count":0,"_bbp_anonymous_reply_count":0,"_bbp_topic_count_hidden":0,"_bbp_reply_count_hidden":0,"_bbp_forum_subforum_count":0,"site-sidebar-layout":"default","site-content-layout":"","ast-site-content-layout":"default","site-content-style":"default","site-sidebar-style":"default","ast-global-header-display":"","ast-banner-title-visibility":"","ast-main-header-display":"","ast-hfb-above-header-display":"","ast-hfb-below-header-display":"","ast-hfb-mobile-header-display":"","site-post-title":"","ast-breadcrumbs-content":"","ast-featured-img":"","footer-sml-layout":"","theme-transparent-header-meta":"default","adv-header-id-meta":"","stick-header-meta":"","header-above-stick-meta":"","header-main-stick-meta":"","header-below-stick-meta":"","astra-migrate-meta-layouts":"set","ast-page-background-enabled":"default","ast-page-background-meta":{"desktop":{"background-color":"var(--ast-global-color-4)","background-image":"","background-repeat":"repeat","background-position":"center center","background-size":"auto","background-attachment":"scroll","background-type":"","background-media":"","overlay-type":"","overlay-color":"","overlay-opacity":"","overlay-gradient":""},"tablet":{"background-color":"","background-image":"","background-repeat":"repeat","background-position":"center center","background-size":"auto","background-attachment":"scroll","background-type":"","background-media":"","overlay-type":"","overlay-color":"","overlay-opacity":"","overlay-gradient":""},"mobile":{"background-color":"","background-image":"","background-repeat":"repeat","background-position":"center center","background-size":"auto","background-attachment":"scroll","background-type":"","background-media":"","overlay-type":"","overlay-color":"","overlay-opacity":"","overlay-gradient":""}},"ast-content-background-meta":{"desktop":{"background-color":"var(--ast-global-color-5)","background-image":"","background-repeat":"repeat","background-position":"center center","background-size":"auto","background-attachment":"scroll","background-type":"","background-media":"","overlay-type":"","overlay-color":"","overlay-opacity":"","overlay-gradient":""},"tablet":{"background-color":"var(--ast-global-color-5)","background-image":"","background-repeat":"repeat","background-position":"center center","background-size":"auto","background-attachment":"scroll","background-type":"","background-media":"","overlay-type":"","overlay-color":"","overlay-opacity":"","overlay-gradient":""},"mobile":{"background-color":"var(--ast-global-color-5)","background-image":"","background-repeat":"repeat","background-position":"center center","background-size":"auto","background-attachment":"scroll","background-type":"","background-media":"","overlay-type":"","overlay-color":"","overlay-opacity":"","overlay-gradient":""}},"footnotes":""},"class_list":["post-264","page","type-page","status-publish","hentry"],"post_mailing_queue_ids":[],"_links":{"self":[{"href":"https:\/\/agora.xtec.cat\/zerlesvinyes\/wp-json\/wp\/v2\/pages\/264","targetHints":{"allow":["GET"]}}],"collection":[{"href":"https:\/\/agora.xtec.cat\/zerlesvinyes\/wp-json\/wp\/v2\/pages"}],"about":[{"href":"https:\/\/agora.xtec.cat\/zerlesvinyes\/wp-json\/wp\/v2\/types\/page"}],"author":[{"embeddable":true,"href":"https:\/\/agora.xtec.cat\/zerlesvinyes\/wp-json\/wp\/v2\/users\/1"}],"replies":[{"embeddable":true,"href":"https:\/\/agora.xtec.cat\/zerlesvinyes\/wp-json\/wp\/v2\/comments?post=264"}],"version-history":[{"count":6,"href":"https:\/\/agora.xtec.cat\/zerlesvinyes\/wp-json\/wp\/v2\/pages\/264\/revisions"}],"predecessor-version":[{"id":8095,"href":"https:\/\/agora.xtec.cat\/zerlesvinyes\/wp-json\/wp\/v2\/pages\/264\/revisions\/8095"}],"wp:attachment":[{"href":"https:\/\/agora.xtec.cat\/zerlesvinyes\/wp-json\/wp\/v2\/media?parent=264"}],"curies":[{"name":"wp","href":"https:\/\/api.w.org\/{rel}","templated":true}]}}