{"id":258,"date":"2015-07-20T12:40:06","date_gmt":"2015-07-20T10:40:06","guid":{"rendered":"http:\/\/agora.xtec.cat\/zerlesvinyes\/?page_id=258"},"modified":"2020-06-08T01:55:33","modified_gmt":"2020-06-07T23:55:33","slug":"qui-som","status":"publish","type":"page","link":"https:\/\/agora.xtec.cat\/zerlesvinyes\/zer\/qui-som\/","title":{"rendered":"Qui som"},"content":{"rendered":"<p align=\"justify\">La ZER Les Vinyes neix, l&#8217;1 de setembre de 2005, a partir del desglossament de la ZER Baix Priorat.<br \/>\nDegut al creixement del nombre d\u2019alumnes i en conseq\u00fc\u00e8ncia de la plantilla de mestres, es feia dif\u00edcil l\u2019organitzaci\u00f3 i coordinaci\u00f3 de la ZER. \u00c9s per aquest motiu que es va decidir el desglossament en dues zones escolars rurals: la ZER Baix Priorat (Bellmunt del Priorat, El Masroig i Porrera) i la\u00a0<strong>ZER Les<\/strong>\u00a0<strong>Vinyes<\/strong>\u00a0(Cap\u00e7anes, Els Guiamets, Mar\u00e7\u00e0 i la Serra d\u2019Almos).<\/p>\n<p align=\"justify\">La partici\u00f3 va ser d\u2019ofici, tenint com a punt de refer\u00e8ncia la carretera N-420.<br \/>\nUna de les necessitats dels quatre pobles integrants de la ZER \u00e9s unificar criteris, sempre i quan, respectin la identitat pr\u00f2pia de cada escola, donat que cadascuna d\u2019elles t\u00e9 realitats diferents. Concretament dels pobles de la ZER, tres tenen una realitat semblant, pocs alumnes, sobre la vintena, i pocs nouvinguts. I l\u2019altra escola t\u00e9 m\u00e9s alumnes, sobre la cinquantena, i m\u00e9s nouvinguts, per tant aquesta \u00faltima presenta una realitat i unes necessitats diferents a les altres tres escoles.<\/p>\n<p align=\"justify\">Tamb\u00e9 hi ha d\u2019altres finalitats, tant a nivell pedag\u00f2gic, alumnes-mestres, com de formaci\u00f3 dels mestres (coordinacions, grups de treball, seminaris&#8230;).<br \/>\nTot aquest seguit d\u2019activitats s\u2019han de recollir en un document de base. Igualment necessitem un document que indiqui quan, i de quina manera hem d\u2019establir les diferents relacions entre tots els membres de la Comunitat Educativa, (pares, mestres i ajuntaments) i que reflecteixi els nostres trets d\u2019identitat com a ZER.<\/p>\n<p align=\"justify\">Aquest document \u00e9s el Projecte Educatiu, que estar\u00e0 obert a la seva avaluaci\u00f3 temporal, per\u00f2 que ens permetr\u00e0 tenir un punt de partida i d\u2019identitat.<br \/>\nAquest Projecte Educatiu recull l\u2019ideari de la ZER Les Vinyes i en iniciar cada curs escolar, l\u2019equip directiu, pr\u00e8via consulta del claustre de mestres, proposar\u00e0 al Consell Escolar de la ZER, dins la programaci\u00f3 del Pla Anual el seguit d\u2019activitats que es duran a terme per desenvolupar-lo.<\/p>\n","protected":false},"excerpt":{"rendered":"<p>La ZER Les Vinyes neix, l&#8217;1 de setembre de 2005, a partir del desglossament de la ZER Baix Priorat. Degut [&hellip;]<\/p>\n","protected":false},"author":1,"featured_media":0,"parent":19,"menu_order":1,"comment_status":"closed","ping_status":"closed","template":"page-templates\/side-menu.php","meta":{"_bbp_topic_count":0,"_bbp_reply_count":0,"_bbp_total_topic_count":0,"_bbp_total_reply_count":0,"_bbp_voice_count":0,"_bbp_anonymous_reply_count":0,"_bbp_topic_count_hidden":0,"_bbp_reply_count_hidden":0,"_bbp_forum_subforum_count":0,"site-sidebar-layout":"default","site-content-layout":"","ast-site-content-layout":"","site-content-style":"default","site-sidebar-style":"default","ast-global-header-display":"","ast-banner-title-visibility":"","ast-main-header-display":"","ast-hfb-above-header-display":"","ast-hfb-below-header-display":"","ast-hfb-mobile-header-display":"","site-post-title":"","ast-breadcrumbs-content":"","ast-featured-img":"","footer-sml-layout":"","theme-transparent-header-meta":"","adv-header-id-meta":"","stick-header-meta":"","header-above-stick-meta":"","header-main-stick-meta":"","header-below-stick-meta":"","astra-migrate-meta-layouts":"default","ast-page-background-enabled":"default","ast-page-background-meta":{"desktop":{"background-color":"var(--ast-global-color-4)","background-image":"","background-repeat":"repeat","background-position":"center center","background-size":"auto","background-attachment":"scroll","background-type":"","background-media":"","overlay-type":"","overlay-color":"","overlay-opacity":"","overlay-gradient":""},"tablet":{"background-color":"","background-image":"","background-repeat":"repeat","background-position":"center center","background-size":"auto","background-attachment":"scroll","background-type":"","background-media":"","overlay-type":"","overlay-color":"","overlay-opacity":"","overlay-gradient":""},"mobile":{"background-color":"","background-image":"","background-repeat":"repeat","background-position":"center center","background-size":"auto","background-attachment":"scroll","background-type":"","background-media":"","overlay-type":"","overlay-color":"","overlay-opacity":"","overlay-gradient":""}},"ast-content-background-meta":{"desktop":{"background-color":"var(--ast-global-color-5)","background-image":"","background-repeat":"repeat","background-position":"center center","background-size":"auto","background-attachment":"scroll","background-type":"","background-media":"","overlay-type":"","overlay-color":"","overlay-opacity":"","overlay-gradient":""},"tablet":{"background-color":"var(--ast-global-color-5)","background-image":"","background-repeat":"repeat","background-position":"center center","background-size":"auto","background-attachment":"scroll","background-type":"","background-media":"","overlay-type":"","overlay-color":"","overlay-opacity":"","overlay-gradient":""},"mobile":{"background-color":"var(--ast-global-color-5)","background-image":"","background-repeat":"repeat","background-position":"center center","background-size":"auto","background-attachment":"scroll","background-type":"","background-media":"","overlay-type":"","overlay-color":"","overlay-opacity":"","overlay-gradient":""}},"footnotes":""},"class_list":["post-258","page","type-page","status-publish","hentry"],"post_mailing_queue_ids":[],"_links":{"self":[{"href":"https:\/\/agora.xtec.cat\/zerlesvinyes\/wp-json\/wp\/v2\/pages\/258","targetHints":{"allow":["GET"]}}],"collection":[{"href":"https:\/\/agora.xtec.cat\/zerlesvinyes\/wp-json\/wp\/v2\/pages"}],"about":[{"href":"https:\/\/agora.xtec.cat\/zerlesvinyes\/wp-json\/wp\/v2\/types\/page"}],"author":[{"embeddable":true,"href":"https:\/\/agora.xtec.cat\/zerlesvinyes\/wp-json\/wp\/v2\/users\/1"}],"replies":[{"embeddable":true,"href":"https:\/\/agora.xtec.cat\/zerlesvinyes\/wp-json\/wp\/v2\/comments?post=258"}],"version-history":[{"count":4,"href":"https:\/\/agora.xtec.cat\/zerlesvinyes\/wp-json\/wp\/v2\/pages\/258\/revisions"}],"predecessor-version":[{"id":602,"href":"https:\/\/agora.xtec.cat\/zerlesvinyes\/wp-json\/wp\/v2\/pages\/258\/revisions\/602"}],"up":[{"embeddable":true,"href":"https:\/\/agora.xtec.cat\/zerlesvinyes\/wp-json\/wp\/v2\/pages\/19"}],"wp:attachment":[{"href":"https:\/\/agora.xtec.cat\/zerlesvinyes\/wp-json\/wp\/v2\/media?parent=258"}],"curies":[{"name":"wp","href":"https:\/\/api.w.org\/{rel}","templated":true}]}}