{"id":1606,"date":"2016-09-08T19:17:32","date_gmt":"2016-09-08T18:17:32","guid":{"rendered":"http:\/\/agora.xtec.cat\/zerlesvinyes\/?page_id=1606"},"modified":"2016-09-21T20:40:58","modified_gmt":"2016-09-21T19:40:58","slug":"trobades","status":"publish","type":"page","link":"https:\/\/agora.xtec.cat\/zerlesvinyes\/trobades\/","title":{"rendered":"Trobades"},"content":{"rendered":"<p>Les trobades de les escoles de la ZER es realitzen cada any i s\u00f3n un punt important del nostre programa educatiu.<\/p>\n<p>En aquestes trobades, a m\u00e9s a m\u00e9s de pasar-nos-ho d&#8217;all\u00f2 m\u00e9s b\u00e9, aprenem coses noves i aprofitem per con\u00e8ixer els nens i nenes de les altres escoles tot creant esperit de comunitat, una de les bases del funcionament de la ZER.<\/p>\n<p>En aquesta p\u00e0gina podeu trobar la informaci\u00f3 sobre totes les trobades que es realitzen.<\/p>\n<p>Gaudiu-ho!<\/p>\n<p>Aqu\u00ed us deixem l&#8217;article de l&#8217;\u00faltima trobada.<\/p>\n<h4>XI Trobada ZER Les Vinyes &#8211; Cap\u00e7anes &#8211; 2015-2016<\/h4>\n<p style=\"text-align: justify;\">Una any m\u00e9s, les quatre escoles de la ZER; Anicet Villar, Sant Feliu, Sant Isidre i Josep Riba, s&#8217;han reunit a Cap\u00e7anes per celebrar una nova edici\u00f3 de la trobada de la ZER.<br \/>\nTot i ser al desembre, hem gaudit d&#8217;un temps for\u00e7a agradable que ens ha perm\u00e8s gaudir d&#8217;una magnifica jornada de teatre, jocs, espectacle i, sobretot, companyonia.<\/p>\n<h5 style=\"text-align: justify;\">Benvinguda<\/h5>\n<p style=\"text-align: justify;\">Nom\u00e9s arribar, ens hem reunit tots en La pedrera on el Batlle del municipi i la Presidenta de l&#8217;AMPA ens han donat la benvinguda i han donat inici a la trobada.<\/p>\n<p><a href=\"http:\/\/agora.xtec.cat\/zerlesvinyes\/wp-content\/uploads\/usu734\/2016\/03\/2_1204x800.jpg\"><img loading=\"lazy\" decoding=\"async\" class=\" wp-image-1004 alignleft\" src=\"http:\/\/agora.xtec.cat\/zerlesvinyes\/wp-content\/uploads\/usu734\/2016\/03\/2_1204x800-1024x680.jpg\" alt=\"2_1204x800\" width=\"300\" height=\"199\" srcset=\"https:\/\/agora.xtec.cat\/zerlesvinyes\/wp-content\/uploads\/usu734\/2016\/03\/2_1204x800-1024x680.jpg 1024w, https:\/\/agora.xtec.cat\/zerlesvinyes\/wp-content\/uploads\/usu734\/2016\/03\/2_1204x800-300x199.jpg 300w, https:\/\/agora.xtec.cat\/zerlesvinyes\/wp-content\/uploads\/usu734\/2016\/03\/2_1204x800.jpg 1204w\" sizes=\"auto, (max-width: 300px) 100vw, 300px\" \/><\/a><\/p>\n<p><a href=\"http:\/\/agora.xtec.cat\/zerlesvinyes\/wp-content\/uploads\/usu734\/2016\/03\/19_1204x800.jpg\"><img loading=\"lazy\" decoding=\"async\" class=\" wp-image-1007 alignleft\" src=\"http:\/\/agora.xtec.cat\/zerlesvinyes\/wp-content\/uploads\/usu734\/2016\/03\/19_1204x800-1024x680.jpg\" alt=\"19_1204x800\" width=\"301\" height=\"200\" srcset=\"https:\/\/agora.xtec.cat\/zerlesvinyes\/wp-content\/uploads\/usu734\/2016\/03\/19_1204x800-1024x680.jpg 1024w, https:\/\/agora.xtec.cat\/zerlesvinyes\/wp-content\/uploads\/usu734\/2016\/03\/19_1204x800-300x199.jpg 300w, https:\/\/agora.xtec.cat\/zerlesvinyes\/wp-content\/uploads\/usu734\/2016\/03\/19_1204x800.jpg 1204w\" sizes=\"auto, (max-width: 301px) 100vw, 301px\" \/><\/a><\/p>\n<p>&nbsp;<\/p>\n<p>&nbsp;<\/p>\n<p>&nbsp;<\/p>\n<p>&nbsp;<\/p>\n<p>(podeu veure i descarregar totes les fotos en aquest <a href=\"https:\/\/goo.gl\/photos\/XuVSVN6uA8gh9p9fA\">\u00e0lbum<\/a>)<\/p>\n<hr \/>\n<h5>Presentaci\u00f3<\/h5>\n<p>Tot seguit hem submergit en els contes populars de la ma de na xxxxxxxxxxxxxx. Hem mirat una presentaci\u00f3, hem escoltat m\u00fasiques for\u00e7a conegudes i hem participat en tot moment del que se&#8217;ns presentava.<\/p>\n<p><img loading=\"lazy\" decoding=\"async\" class=\" wp-image-1006 alignleft\" src=\"http:\/\/agora.xtec.cat\/zerlesvinyes\/wp-content\/uploads\/usu734\/2016\/03\/4_1204x800-1024x680.jpg\" alt=\"4_1204x800\" width=\"300\" height=\"199\" srcset=\"https:\/\/agora.xtec.cat\/zerlesvinyes\/wp-content\/uploads\/usu734\/2016\/03\/4_1204x800-1024x680.jpg 1024w, https:\/\/agora.xtec.cat\/zerlesvinyes\/wp-content\/uploads\/usu734\/2016\/03\/4_1204x800-300x199.jpg 300w, https:\/\/agora.xtec.cat\/zerlesvinyes\/wp-content\/uploads\/usu734\/2016\/03\/4_1204x800.jpg 1204w\" sizes=\"auto, (max-width: 300px) 100vw, 300px\" \/><\/p>\n<p><img loading=\"lazy\" decoding=\"async\" class=\" wp-image-1005 alignleft\" src=\"http:\/\/agora.xtec.cat\/zerlesvinyes\/wp-content\/uploads\/usu734\/2016\/03\/3_1204x800-1024x680.jpg\" alt=\"3_1204x800\" width=\"300\" height=\"199\" srcset=\"https:\/\/agora.xtec.cat\/zerlesvinyes\/wp-content\/uploads\/usu734\/2016\/03\/3_1204x800-1024x680.jpg 1024w, https:\/\/agora.xtec.cat\/zerlesvinyes\/wp-content\/uploads\/usu734\/2016\/03\/3_1204x800-300x199.jpg 300w, https:\/\/agora.xtec.cat\/zerlesvinyes\/wp-content\/uploads\/usu734\/2016\/03\/3_1204x800.jpg 1204w\" sizes=\"auto, (max-width: 300px) 100vw, 300px\" \/><\/p>\n<p>&nbsp;<\/p>\n<p>&nbsp;<\/p>\n<p>&nbsp;<\/p>\n<p>&nbsp;<\/p>\n<p>(podeu veure i descarregar totes les fotos en aquest <a href=\"https:\/\/goo.gl\/photos\/XuVSVN6uA8gh9p9fA\">\u00e0lbum<\/a>)<\/p>\n<hr \/>\n<h5>Esmorzar<\/h5>\n<p>L&#8217;hora d&#8217;esmorzar l&#8217;hem compartida tots plegats en el pati de l&#8217;escola, on am\u00e9s a m\u00e9s d&#8217;agafar forces hem pogut jugar amb els nens i nenes de les altres escoles.<\/p>\n<p><img loading=\"lazy\" decoding=\"async\" class=\" wp-image-990 alignleft\" src=\"http:\/\/agora.xtec.cat\/zerlesvinyes\/wp-content\/uploads\/usu734\/2016\/03\/2015-12-04-Trobada-ZER-esmorzar-1_1204x800-1024x680.jpg\" alt=\"2015-12-04 - Trobada ZER - esmorzar (1)_1204x800\" width=\"301\" height=\"200\" srcset=\"https:\/\/agora.xtec.cat\/zerlesvinyes\/wp-content\/uploads\/usu734\/2016\/03\/2015-12-04-Trobada-ZER-esmorzar-1_1204x800-1024x680.jpg 1024w, https:\/\/agora.xtec.cat\/zerlesvinyes\/wp-content\/uploads\/usu734\/2016\/03\/2015-12-04-Trobada-ZER-esmorzar-1_1204x800-300x199.jpg 300w, https:\/\/agora.xtec.cat\/zerlesvinyes\/wp-content\/uploads\/usu734\/2016\/03\/2015-12-04-Trobada-ZER-esmorzar-1_1204x800.jpg 1204w\" sizes=\"auto, (max-width: 301px) 100vw, 301px\" \/><\/p>\n<p><img loading=\"lazy\" decoding=\"async\" class=\" wp-image-991 alignleft\" src=\"http:\/\/agora.xtec.cat\/zerlesvinyes\/wp-content\/uploads\/usu734\/2016\/03\/2015-12-04-Trobada-ZER-esmorzar-2_1204x800-1024x680.jpg\" alt=\"2015-12-04 - Trobada ZER - esmorzar (2)_1204x800\" width=\"298\" height=\"198\" srcset=\"https:\/\/agora.xtec.cat\/zerlesvinyes\/wp-content\/uploads\/usu734\/2016\/03\/2015-12-04-Trobada-ZER-esmorzar-2_1204x800-1024x680.jpg 1024w, https:\/\/agora.xtec.cat\/zerlesvinyes\/wp-content\/uploads\/usu734\/2016\/03\/2015-12-04-Trobada-ZER-esmorzar-2_1204x800-300x199.jpg 300w, https:\/\/agora.xtec.cat\/zerlesvinyes\/wp-content\/uploads\/usu734\/2016\/03\/2015-12-04-Trobada-ZER-esmorzar-2_1204x800.jpg 1204w\" sizes=\"auto, (max-width: 298px) 100vw, 298px\" \/><\/p>\n<p>&nbsp;<\/p>\n<p>&nbsp;<\/p>\n<p>&nbsp;<\/p>\n<p>&nbsp;<\/p>\n<p>(podeu veure i descarregar totes les fotos en aquest <a href=\"https:\/\/goo.gl\/photos\/4z6X5xwFgyopjH5j8\">\u00e0lbum<\/a>)<\/p>\n<hr \/>\n<h5>Teatre<\/h5>\n<p>En el teatre hem vist quatre obres:<\/p>\n<p style=\"text-align: left;\">L&#8217;escola de Mar\u00e7\u00e0 ens ha presentat un espectacle d&#8217;ombres xineses. Els nens i nenes de Cap\u00e7anes, una versi\u00f3 de l&#8217;Aneguet Lleig.<\/p>\n<p><a href=\"http:\/\/agora.xtec.cat\/zerlesvinyes\/wp-content\/uploads\/usu734\/2016\/03\/2015-12-04-Trobada-ZER-teatre-mar\u00e7a-5_788x800-e1457815488508.jpg\"><img loading=\"lazy\" decoding=\"async\" class=\" wp-image-1003 alignleft\" src=\"http:\/\/agora.xtec.cat\/zerlesvinyes\/wp-content\/uploads\/usu734\/2016\/03\/2015-12-04-Trobada-ZER-teatre-mar\u00e7a-5_788x800-e1457815488508.jpg\" alt=\"2015-12-04 - Trobada ZER - teatre - mar\u00e7a (5)_788x800\" width=\"280\" height=\"180\" \/><\/a><\/p>\n<p><a href=\"http:\/\/agora.xtec.cat\/zerlesvinyes\/wp-content\/uploads\/usu734\/2016\/03\/2015-12-04-Trobada-ZER-teatre-cap\u00e7anes-15_1204x800.jpg\"><img loading=\"lazy\" decoding=\"async\" class=\" wp-image-1022 alignleft\" src=\"http:\/\/agora.xtec.cat\/zerlesvinyes\/wp-content\/uploads\/usu734\/2016\/03\/2015-12-04-Trobada-ZER-teatre-cap\u00e7anes-15_1204x800.jpg\" alt=\"2015-12-04 - Trobada ZER - teatre - cap\u00e7anes (15)_1204x800\" width=\"335\" height=\"179\" srcset=\"https:\/\/agora.xtec.cat\/zerlesvinyes\/wp-content\/uploads\/usu734\/2016\/03\/2015-12-04-Trobada-ZER-teatre-cap\u00e7anes-15_1204x800.jpg 894w, https:\/\/agora.xtec.cat\/zerlesvinyes\/wp-content\/uploads\/usu734\/2016\/03\/2015-12-04-Trobada-ZER-teatre-cap\u00e7anes-15_1204x800-300x161.jpg 300w\" sizes=\"auto, (max-width: 335px) 100vw, 335px\" \/><\/a><\/p>\n<p>&nbsp;<\/p>\n<p>&nbsp;<\/p>\n<p>&nbsp;<\/p>\n<p>&nbsp;<\/p>\n<p>Des de La Serra d&#8217;Almos ens han arribat unes titelles d&#8217;all\u00f2 m\u00e9s bufones per ensenyar-nos una versi\u00f3 curiosa de la Caputxeta. Amb l&#8217;escola de Guiamets hem gaudit del conte de la Rateta, on hem escoltat fins a sis idiomes diferents.<\/p>\n<p><img loading=\"lazy\" decoding=\"async\" class=\" wp-image-1002 alignleft\" src=\"http:\/\/agora.xtec.cat\/zerlesvinyes\/wp-content\/uploads\/usu734\/2016\/03\/2015-12-04-Trobada-ZER-teatre-la-serra-1_1181x800-1024x694.jpg\" alt=\"2015-12-04 - Trobada ZER - teatre - la serra (1)_1181x800\" width=\"297\" height=\"201\" srcset=\"https:\/\/agora.xtec.cat\/zerlesvinyes\/wp-content\/uploads\/usu734\/2016\/03\/2015-12-04-Trobada-ZER-teatre-la-serra-1_1181x800-1024x694.jpg 1024w, https:\/\/agora.xtec.cat\/zerlesvinyes\/wp-content\/uploads\/usu734\/2016\/03\/2015-12-04-Trobada-ZER-teatre-la-serra-1_1181x800-300x203.jpg 300w, https:\/\/agora.xtec.cat\/zerlesvinyes\/wp-content\/uploads\/usu734\/2016\/03\/2015-12-04-Trobada-ZER-teatre-la-serra-1_1181x800.jpg 1181w\" sizes=\"auto, (max-width: 297px) 100vw, 297px\" \/><img loading=\"lazy\" decoding=\"async\" class=\" wp-image-1001 alignleft\" src=\"http:\/\/agora.xtec.cat\/zerlesvinyes\/wp-content\/uploads\/usu734\/2016\/03\/2015-12-04-Trobada-ZER-teatre-guiamets-4_898x800.jpg\" alt=\"2015-12-04 - Trobada ZER - teatre - guiamets (4)_898x800\" width=\"225\" height=\"200\" srcset=\"https:\/\/agora.xtec.cat\/zerlesvinyes\/wp-content\/uploads\/usu734\/2016\/03\/2015-12-04-Trobada-ZER-teatre-guiamets-4_898x800.jpg 898w, https:\/\/agora.xtec.cat\/zerlesvinyes\/wp-content\/uploads\/usu734\/2016\/03\/2015-12-04-Trobada-ZER-teatre-guiamets-4_898x800-300x267.jpg 300w\" sizes=\"auto, (max-width: 225px) 100vw, 225px\" \/><\/p>\n<p>&nbsp;<\/p>\n<p>&nbsp;<\/p>\n<p>&nbsp;<\/p>\n<p>&nbsp;<\/p>\n<p>(podeu veure i descarregar totes les fotos en aquest \u00e0lbums: <a href=\"https:\/\/goo.gl\/photos\/xGhxzuv9Jc6GjMwC7\">Mar\u00e7\u00e0<\/a>, <a href=\"https:\/\/goo.gl\/photos\/7JcibBvtS3fdmEuy5\">Guiamrts<\/a>, <a href=\"https:\/\/goo.gl\/photos\/6HF67Sfrrjd9GSJr5\">La Serra<\/a> i <a href=\"https:\/\/goo.gl\/photos\/GqJVnpnBfAe4TK7UA\">Cap\u00e7anes<\/a>)<\/p>\n<hr \/>\n<h5>El gran joc dels contes<\/h5>\n<p>Just despr\u00e8s del teatre, ens ha tocat endinsar-nos en el mon dels contes a trav\u00e9s d&#8217;un joc amb mil i una proves que ens han fet rec\u00f3rrer tot el municipi enfrontant-nos als reptes que cada hist\u00f2ria ens proposava<\/p>\n<p><img loading=\"lazy\" decoding=\"async\" class=\" wp-image-992 alignleft\" src=\"http:\/\/agora.xtec.cat\/zerlesvinyes\/wp-content\/uploads\/usu734\/2016\/03\/2015-12-04-Trobada-ZER-joc-contes-5_1067x800-1024x768.jpg\" alt=\"2015-12-04 - Trobada ZER - joc contes (5)_1067x800\" width=\"267\" height=\"200\" srcset=\"https:\/\/agora.xtec.cat\/zerlesvinyes\/wp-content\/uploads\/usu734\/2016\/03\/2015-12-04-Trobada-ZER-joc-contes-5_1067x800-1024x768.jpg 1024w, https:\/\/agora.xtec.cat\/zerlesvinyes\/wp-content\/uploads\/usu734\/2016\/03\/2015-12-04-Trobada-ZER-joc-contes-5_1067x800-300x225.jpg 300w, https:\/\/agora.xtec.cat\/zerlesvinyes\/wp-content\/uploads\/usu734\/2016\/03\/2015-12-04-Trobada-ZER-joc-contes-5_1067x800-200x150.jpg 200w, https:\/\/agora.xtec.cat\/zerlesvinyes\/wp-content\/uploads\/usu734\/2016\/03\/2015-12-04-Trobada-ZER-joc-contes-5_1067x800.jpg 1067w\" sizes=\"auto, (max-width: 267px) 100vw, 267px\" \/><\/p>\n<p><img loading=\"lazy\" decoding=\"async\" class=\" wp-image-997 alignleft\" src=\"http:\/\/agora.xtec.cat\/zerlesvinyes\/wp-content\/uploads\/usu734\/2016\/03\/2015-12-04-Trobada-ZER-joc-contes-85_1067x800-1024x768.jpg\" alt=\"2015-12-04 - Trobada ZER - joc contes (85)_1067x800\" width=\"267\" height=\"200\" srcset=\"https:\/\/agora.xtec.cat\/zerlesvinyes\/wp-content\/uploads\/usu734\/2016\/03\/2015-12-04-Trobada-ZER-joc-contes-85_1067x800-1024x768.jpg 1024w, https:\/\/agora.xtec.cat\/zerlesvinyes\/wp-content\/uploads\/usu734\/2016\/03\/2015-12-04-Trobada-ZER-joc-contes-85_1067x800-300x225.jpg 300w, https:\/\/agora.xtec.cat\/zerlesvinyes\/wp-content\/uploads\/usu734\/2016\/03\/2015-12-04-Trobada-ZER-joc-contes-85_1067x800-200x150.jpg 200w, https:\/\/agora.xtec.cat\/zerlesvinyes\/wp-content\/uploads\/usu734\/2016\/03\/2015-12-04-Trobada-ZER-joc-contes-85_1067x800.jpg 1067w\" sizes=\"auto, (max-width: 267px) 100vw, 267px\" \/><\/p>\n<p><img loading=\"lazy\" decoding=\"async\" class=\" wp-image-995 alignleft\" src=\"http:\/\/agora.xtec.cat\/zerlesvinyes\/wp-content\/uploads\/usu734\/2016\/03\/2015-12-04-Trobada-ZER-joc-contes-52_762x800.jpg\" alt=\"2015-12-04 - Trobada ZER - joc contes (52)_762x800\" width=\"191\" height=\"201\" srcset=\"https:\/\/agora.xtec.cat\/zerlesvinyes\/wp-content\/uploads\/usu734\/2016\/03\/2015-12-04-Trobada-ZER-joc-contes-52_762x800.jpg 762w, https:\/\/agora.xtec.cat\/zerlesvinyes\/wp-content\/uploads\/usu734\/2016\/03\/2015-12-04-Trobada-ZER-joc-contes-52_762x800-286x300.jpg 286w\" sizes=\"auto, (max-width: 191px) 100vw, 191px\" \/><\/p>\n<p>&nbsp;<\/p>\n<p>&nbsp;<\/p>\n<p>&nbsp;<\/p>\n<p>&nbsp;<\/p>\n<p><img loading=\"lazy\" decoding=\"async\" class=\" wp-image-993 alignleft\" src=\"http:\/\/agora.xtec.cat\/zerlesvinyes\/wp-content\/uploads\/usu734\/2016\/03\/2015-12-04-Trobada-ZER-joc-contes-24_1067x800-1024x768.jpg\" alt=\"2015-12-04 - Trobada ZER - joc contes (24)_1067x800\" width=\"267\" height=\"200\" srcset=\"https:\/\/agora.xtec.cat\/zerlesvinyes\/wp-content\/uploads\/usu734\/2016\/03\/2015-12-04-Trobada-ZER-joc-contes-24_1067x800-1024x768.jpg 1024w, https:\/\/agora.xtec.cat\/zerlesvinyes\/wp-content\/uploads\/usu734\/2016\/03\/2015-12-04-Trobada-ZER-joc-contes-24_1067x800-300x225.jpg 300w, https:\/\/agora.xtec.cat\/zerlesvinyes\/wp-content\/uploads\/usu734\/2016\/03\/2015-12-04-Trobada-ZER-joc-contes-24_1067x800-200x150.jpg 200w, https:\/\/agora.xtec.cat\/zerlesvinyes\/wp-content\/uploads\/usu734\/2016\/03\/2015-12-04-Trobada-ZER-joc-contes-24_1067x800.jpg 1067w\" sizes=\"auto, (max-width: 267px) 100vw, 267px\" \/><\/p>\n<p><img loading=\"lazy\" decoding=\"async\" class=\" wp-image-996 alignleft\" src=\"http:\/\/agora.xtec.cat\/zerlesvinyes\/wp-content\/uploads\/usu734\/2016\/03\/2015-12-04-Trobada-ZER-joc-contes-67_531x800.jpg\" alt=\"2015-12-04 - Trobada ZER - joc contes (67)_531x800\" width=\"133\" height=\"200\" srcset=\"https:\/\/agora.xtec.cat\/zerlesvinyes\/wp-content\/uploads\/usu734\/2016\/03\/2015-12-04-Trobada-ZER-joc-contes-67_531x800.jpg 531w, https:\/\/agora.xtec.cat\/zerlesvinyes\/wp-content\/uploads\/usu734\/2016\/03\/2015-12-04-Trobada-ZER-joc-contes-67_531x800-199x300.jpg 199w\" sizes=\"auto, (max-width: 133px) 100vw, 133px\" \/><\/p>\n<p><img loading=\"lazy\" decoding=\"async\" class=\" wp-image-998 alignleft\" src=\"http:\/\/agora.xtec.cat\/zerlesvinyes\/wp-content\/uploads\/usu734\/2016\/03\/2015-12-04-Trobada-ZER-joc-contes-108_1280x719-1024x575.jpg\" alt=\"2015-12-04 - Trobada ZER - joc contes (108)_1280x719\" width=\"357\" height=\"200\" srcset=\"https:\/\/agora.xtec.cat\/zerlesvinyes\/wp-content\/uploads\/usu734\/2016\/03\/2015-12-04-Trobada-ZER-joc-contes-108_1280x719-1024x575.jpg 1024w, https:\/\/agora.xtec.cat\/zerlesvinyes\/wp-content\/uploads\/usu734\/2016\/03\/2015-12-04-Trobada-ZER-joc-contes-108_1280x719-300x169.jpg 300w, https:\/\/agora.xtec.cat\/zerlesvinyes\/wp-content\/uploads\/usu734\/2016\/03\/2015-12-04-Trobada-ZER-joc-contes-108_1280x719.jpg 1280w\" sizes=\"auto, (max-width: 357px) 100vw, 357px\" \/><\/p>\n<p>&nbsp;<\/p>\n<p>&nbsp;<\/p>\n<p>&nbsp;<\/p>\n<p>&nbsp;<\/p>\n<p><img loading=\"lazy\" decoding=\"async\" class=\" wp-image-999 alignleft\" src=\"http:\/\/agora.xtec.cat\/zerlesvinyes\/wp-content\/uploads\/usu734\/2016\/03\/2015-12-04-Trobada-ZER-joc-contes-115_1280x719-1024x575.jpg\" alt=\"2015-12-04 - Trobada ZER - joc contes (115)_1280x719\" width=\"358\" height=\"201\" srcset=\"https:\/\/agora.xtec.cat\/zerlesvinyes\/wp-content\/uploads\/usu734\/2016\/03\/2015-12-04-Trobada-ZER-joc-contes-115_1280x719-1024x575.jpg 1024w, https:\/\/agora.xtec.cat\/zerlesvinyes\/wp-content\/uploads\/usu734\/2016\/03\/2015-12-04-Trobada-ZER-joc-contes-115_1280x719-300x169.jpg 300w, https:\/\/agora.xtec.cat\/zerlesvinyes\/wp-content\/uploads\/usu734\/2016\/03\/2015-12-04-Trobada-ZER-joc-contes-115_1280x719.jpg 1280w\" sizes=\"auto, (max-width: 358px) 100vw, 358px\" \/><\/p>\n<p><img loading=\"lazy\" decoding=\"async\" class=\" wp-image-994 alignleft\" src=\"http:\/\/agora.xtec.cat\/zerlesvinyes\/wp-content\/uploads\/usu734\/2016\/03\/2015-12-04-Trobada-ZER-joc-contes-32_1204x800-1024x680.jpg\" alt=\"2015-12-04 - Trobada ZER - joc contes (32)_1204x800\" width=\"303\" height=\"201\" srcset=\"https:\/\/agora.xtec.cat\/zerlesvinyes\/wp-content\/uploads\/usu734\/2016\/03\/2015-12-04-Trobada-ZER-joc-contes-32_1204x800-1024x680.jpg 1024w, https:\/\/agora.xtec.cat\/zerlesvinyes\/wp-content\/uploads\/usu734\/2016\/03\/2015-12-04-Trobada-ZER-joc-contes-32_1204x800-300x199.jpg 300w, https:\/\/agora.xtec.cat\/zerlesvinyes\/wp-content\/uploads\/usu734\/2016\/03\/2015-12-04-Trobada-ZER-joc-contes-32_1204x800.jpg 1204w\" sizes=\"auto, (max-width: 303px) 100vw, 303px\" \/><\/p>\n<p>&nbsp;<\/p>\n<p>&nbsp;<\/p>\n<p>&nbsp;<\/p>\n<p>&nbsp;<\/p>\n<p>(podeu veure i descarregar totes les fotos en aquest <a href=\"https:\/\/goo.gl\/photos\/w8VRR8LH6N93Q27z8\">\u00e0lbum<\/a>)<\/p>\n<hr \/>\n<h5>El Gat amb Botes<\/h5>\n<p>En acabar aquest gran joc (ben cansats, per cert) ens hem guanyat un bon dinar un altre cop a La Pedrera on, en acabar, hem gaudit de la pres\u00e8ncia i l&#8217;actuaci\u00f3 dels integrants d&#8217;una formaci\u00f3 teatral que representa el Gat amb Botes.<br \/>\nHem pogut veure i escoltar parts de l&#8217;obra. Ens han explicat com han fet els balls i els vestits. Ens hem posat dins de l&#8217;obra i hi hem participat com si f\u00f3ssim actors. En acabar, ens han coronat a tots com a reis i reines del ball.<\/p>\n<p><a href=\"http:\/\/agora.xtec.cat\/zerlesvinyes\/wp-content\/uploads\/usu734\/2016\/03\/Dsc_0789_800x563.jpg\"><img loading=\"lazy\" decoding=\"async\" class=\" wp-image-1026 alignleft\" src=\"http:\/\/agora.xtec.cat\/zerlesvinyes\/wp-content\/uploads\/usu734\/2016\/03\/Dsc_0789_800x563.jpg\" alt=\"Dsc_0789_800x563\" width=\"284\" height=\"200\" srcset=\"https:\/\/agora.xtec.cat\/zerlesvinyes\/wp-content\/uploads\/usu734\/2016\/03\/Dsc_0789_800x563.jpg 800w, https:\/\/agora.xtec.cat\/zerlesvinyes\/wp-content\/uploads\/usu734\/2016\/03\/Dsc_0789_800x563-300x211.jpg 300w\" sizes=\"auto, (max-width: 284px) 100vw, 284px\" \/><\/a><a href=\"http:\/\/agora.xtec.cat\/zerlesvinyes\/wp-content\/uploads\/usu734\/2016\/03\/DSC_0797_800x531.jpg\"><img loading=\"lazy\" decoding=\"async\" class=\" wp-image-1025 alignleft\" src=\"http:\/\/agora.xtec.cat\/zerlesvinyes\/wp-content\/uploads\/usu734\/2016\/03\/DSC_0797_800x531.jpg\" alt=\"DSC_0797_800x531\" width=\"301\" height=\"200\" srcset=\"https:\/\/agora.xtec.cat\/zerlesvinyes\/wp-content\/uploads\/usu734\/2016\/03\/DSC_0797_800x531.jpg 800w, https:\/\/agora.xtec.cat\/zerlesvinyes\/wp-content\/uploads\/usu734\/2016\/03\/DSC_0797_800x531-300x199.jpg 300w\" sizes=\"auto, (max-width: 301px) 100vw, 301px\" \/><\/a><\/p>\n<p>&nbsp;<\/p>\n<p>&nbsp;<\/p>\n<p>&nbsp;<\/p>\n<p>&nbsp;<\/p>\n<p>(podeu veure i descarregar totes les fotos en aquest <a href=\"https:\/\/goo.gl\/photos\/LJwuKX8s8FoP7qjt7\">\u00e0lbum<\/a>)<\/p>\n<hr \/>\n<h5>S&#8217;ha acabat<\/h5>\n<p>I com no podia deixar de ser. Hem acabat amb una foto de fam\u00edlia de tots els integrants de les quatre escoles. Tamb\u00e9, amb la foto dels m\u00e9s petits i els m\u00e9s grans de cada escola.<\/p>\n<p>Una gran trobada i&#8230;. fins la propera!<\/p>\n<p><img loading=\"lazy\" decoding=\"async\" class=\" wp-image-1027 aligncenter\" src=\"http:\/\/agora.xtec.cat\/zerlesvinyes\/wp-content\/uploads\/usu734\/2016\/03\/DSC_0861_800x531.jpg\" alt=\"DSC_0861_800x531\" width=\"544\" height=\"361\" srcset=\"https:\/\/agora.xtec.cat\/zerlesvinyes\/wp-content\/uploads\/usu734\/2016\/03\/DSC_0861_800x531.jpg 800w, https:\/\/agora.xtec.cat\/zerlesvinyes\/wp-content\/uploads\/usu734\/2016\/03\/DSC_0861_800x531-300x199.jpg 300w\" sizes=\"auto, (max-width: 544px) 100vw, 544px\" \/><\/p>\n<p style=\"text-align: center;\">(podeu veure i descarregar totes les fotos en aquest <a href=\"https:\/\/goo.gl\/photos\/YkPoWFFExPKzVBzk6\">\u00e0lbum<\/a>)<\/p>\n","protected":false},"excerpt":{"rendered":"<p>Les trobades de les escoles de la ZER es realitzen cada any i s\u00f3n un punt important del nostre programa [&hellip;]<\/p>\n","protected":false},"author":4,"featured_media":0,"parent":0,"menu_order":0,"comment_status":"closed","ping_status":"closed","template":"page-templates\/side-menu.php","meta":{"_bbp_topic_count":0,"_bbp_reply_count":0,"_bbp_total_topic_count":0,"_bbp_total_reply_count":0,"_bbp_voice_count":0,"_bbp_anonymous_reply_count":0,"_bbp_topic_count_hidden":0,"_bbp_reply_count_hidden":0,"_bbp_forum_subforum_count":0,"site-sidebar-layout":"default","site-content-layout":"","ast-site-content-layout":"","site-content-style":"default","site-sidebar-style":"default","ast-global-header-display":"","ast-banner-title-visibility":"","ast-main-header-display":"","ast-hfb-above-header-display":"","ast-hfb-below-header-display":"","ast-hfb-mobile-header-display":"","site-post-title":"","ast-breadcrumbs-content":"","ast-featured-img":"","footer-sml-layout":"","theme-transparent-header-meta":"","adv-header-id-meta":"","stick-header-meta":"","header-above-stick-meta":"","header-main-stick-meta":"","header-below-stick-meta":"","astra-migrate-meta-layouts":"default","ast-page-background-enabled":"default","ast-page-background-meta":{"desktop":{"background-color":"var(--ast-global-color-4)","background-image":"","background-repeat":"repeat","background-position":"center center","background-size":"auto","background-attachment":"scroll","background-type":"","background-media":"","overlay-type":"","overlay-color":"","overlay-opacity":"","overlay-gradient":""},"tablet":{"background-color":"","background-image":"","background-repeat":"repeat","background-position":"center center","background-size":"auto","background-attachment":"scroll","background-type":"","background-media":"","overlay-type":"","overlay-color":"","overlay-opacity":"","overlay-gradient":""},"mobile":{"background-color":"","background-image":"","background-repeat":"repeat","background-position":"center center","background-size":"auto","background-attachment":"scroll","background-type":"","background-media":"","overlay-type":"","overlay-color":"","overlay-opacity":"","overlay-gradient":""}},"ast-content-background-meta":{"desktop":{"background-color":"var(--ast-global-color-5)","background-image":"","background-repeat":"repeat","background-position":"center center","background-size":"auto","background-attachment":"scroll","background-type":"","background-media":"","overlay-type":"","overlay-color":"","overlay-opacity":"","overlay-gradient":""},"tablet":{"background-color":"var(--ast-global-color-5)","background-image":"","background-repeat":"repeat","background-position":"center center","background-size":"auto","background-attachment":"scroll","background-type":"","background-media":"","overlay-type":"","overlay-color":"","overlay-opacity":"","overlay-gradient":""},"mobile":{"background-color":"var(--ast-global-color-5)","background-image":"","background-repeat":"repeat","background-position":"center center","background-size":"auto","background-attachment":"scroll","background-type":"","background-media":"","overlay-type":"","overlay-color":"","overlay-opacity":"","overlay-gradient":""}},"footnotes":""},"class_list":["post-1606","page","type-page","status-publish","hentry"],"post_mailing_queue_ids":[],"_links":{"self":[{"href":"https:\/\/agora.xtec.cat\/zerlesvinyes\/wp-json\/wp\/v2\/pages\/1606","targetHints":{"allow":["GET"]}}],"collection":[{"href":"https:\/\/agora.xtec.cat\/zerlesvinyes\/wp-json\/wp\/v2\/pages"}],"about":[{"href":"https:\/\/agora.xtec.cat\/zerlesvinyes\/wp-json\/wp\/v2\/types\/page"}],"author":[{"embeddable":true,"href":"https:\/\/agora.xtec.cat\/zerlesvinyes\/wp-json\/wp\/v2\/users\/4"}],"replies":[{"embeddable":true,"href":"https:\/\/agora.xtec.cat\/zerlesvinyes\/wp-json\/wp\/v2\/comments?post=1606"}],"version-history":[{"count":3,"href":"https:\/\/agora.xtec.cat\/zerlesvinyes\/wp-json\/wp\/v2\/pages\/1606\/revisions"}],"predecessor-version":[{"id":1729,"href":"https:\/\/agora.xtec.cat\/zerlesvinyes\/wp-json\/wp\/v2\/pages\/1606\/revisions\/1729"}],"wp:attachment":[{"href":"https:\/\/agora.xtec.cat\/zerlesvinyes\/wp-json\/wp\/v2\/media?parent=1606"}],"curies":[{"name":"wp","href":"https:\/\/api.w.org\/{rel}","templated":true}]}}