{"id":9876,"date":"2025-07-06T11:25:49","date_gmt":"2025-07-06T09:25:49","guid":{"rendered":"https:\/\/agora.xtec.cat\/zerlasegarra\/?page_id=9876"},"modified":"2025-07-07T10:49:31","modified_gmt":"2025-07-07T08:49:31","slug":"mestres-itinerants","status":"publish","type":"page","link":"https:\/\/agora.xtec.cat\/zerlasegarra\/mestres-itinerants\/","title":{"rendered":"Mestres itinerants"},"content":{"rendered":"\n<h2 class=\"wp-block-heading has-text-align-center has-white-color has-ast-global-color-1-background-color has-text-color has-background has-link-color wp-elements-20dbb6f4b914b19f846ef47b0a9bfc3e\">Mestres itinerants<\/h2>\n\n\n\n<div class=\"wp-block-columns is-layout-flex wp-container-core-columns-is-layout-1 wp-block-columns-is-layout-flex\">\n<div class=\"wp-block-column is-layout-flow wp-block-column-is-layout-flow\" style=\"flex-basis:66.66%\">\n<p>El professorat itinerant de la ZER La Segarra t\u00e9 un paper fonamental per garantir una educaci\u00f3 completa, equitativa i de qualitat a tots els centres que la conformen. Professionals especialitzats en educaci\u00f3 f\u00edsica, m\u00fasica, llengua anglesa i educaci\u00f3 especial es desplacen entre les escoles, assegurant que tot l\u2019alumnat, independentment del centre on estigui escolaritzat, tingui acc\u00e9s a aquestes \u00e0rees d\u2019aprenentatge de manera regular i adaptada.<\/p>\n<\/div>\n\n\n\n<div class=\"wp-block-column is-layout-flow wp-block-column-is-layout-flow\" style=\"flex-basis:33.33%\">\n<figure class=\"wp-block-image size-full\" style=\"margin-top:var(--wp--preset--spacing--20);margin-bottom:var(--wp--preset--spacing--20)\"><a href=\"https:\/\/agora.xtec.cat\/zerlasegarra\/wp-content\/uploads\/usu1574\/2025\/07\/freepik_assistant_1751792389363.png\"><img loading=\"lazy\" decoding=\"async\" width=\"1024\" height=\"1024\" src=\"https:\/\/agora.xtec.cat\/zerlasegarra\/wp-content\/uploads\/usu1574\/2025\/07\/freepik_assistant_1751792389363.png\" alt=\"\" class=\"wp-image-9877\" style=\"aspect-ratio:1;object-fit:cover\" srcset=\"https:\/\/agora.xtec.cat\/zerlasegarra\/wp-content\/uploads\/usu1574\/2025\/07\/freepik_assistant_1751792389363.png 1024w, https:\/\/agora.xtec.cat\/zerlasegarra\/wp-content\/uploads\/usu1574\/2025\/07\/freepik_assistant_1751792389363-300x300.png 300w, https:\/\/agora.xtec.cat\/zerlasegarra\/wp-content\/uploads\/usu1574\/2025\/07\/freepik_assistant_1751792389363-150x150.png 150w, https:\/\/agora.xtec.cat\/zerlasegarra\/wp-content\/uploads\/usu1574\/2025\/07\/freepik_assistant_1751792389363-768x768.png 768w\" sizes=\"auto, (max-width: 1024px) 100vw, 1024px\" \/><\/a><\/figure>\n<\/div>\n<\/div>\n\n\n\n<div style=\"margin-top:var(--wp--preset--spacing--20);margin-bottom:var(--wp--preset--spacing--20);height:30px\" aria-hidden=\"true\" class=\"wp-block-spacer\"><\/div>\n\n\n\n<div class=\"wp-block-columns is-layout-flex wp-container-core-columns-is-layout-2 wp-block-columns-is-layout-flex\">\n<div class=\"wp-block-column is-layout-flow wp-block-column-is-layout-flow\" style=\"flex-basis:33.33%\">\n<figure class=\"wp-block-image size-large\" style=\"margin-top:var(--wp--preset--spacing--20);margin-bottom:var(--wp--preset--spacing--20)\"><a href=\"https:\/\/agora.xtec.cat\/zerlasegarra\/wp-content\/uploads\/usu1574\/2025\/07\/freepik_assistant_1751792922172.png\"><img loading=\"lazy\" decoding=\"async\" width=\"1024\" height=\"683\" src=\"https:\/\/agora.xtec.cat\/zerlasegarra\/wp-content\/uploads\/usu1574\/2025\/07\/freepik_assistant_1751792922172-1024x683.png\" alt=\"\" class=\"wp-image-9878\" style=\"aspect-ratio:1;object-fit:cover\" srcset=\"https:\/\/agora.xtec.cat\/zerlasegarra\/wp-content\/uploads\/usu1574\/2025\/07\/freepik_assistant_1751792922172-1024x683.png 1024w, https:\/\/agora.xtec.cat\/zerlasegarra\/wp-content\/uploads\/usu1574\/2025\/07\/freepik_assistant_1751792922172-300x200.png 300w, https:\/\/agora.xtec.cat\/zerlasegarra\/wp-content\/uploads\/usu1574\/2025\/07\/freepik_assistant_1751792922172-768x512.png 768w, https:\/\/agora.xtec.cat\/zerlasegarra\/wp-content\/uploads\/usu1574\/2025\/07\/freepik_assistant_1751792922172.png 1536w\" sizes=\"auto, (max-width: 1024px) 100vw, 1024px\" \/><\/a><\/figure>\n<\/div>\n\n\n\n<div class=\"wp-block-column is-layout-flow wp-block-column-is-layout-flow\" style=\"flex-basis:66.66%\">\n<p>La seva intervenci\u00f3 no nom\u00e9s consisteix a impartir sessions espec\u00edfiques, sin\u00f3 que tamb\u00e9 forma part activa de la vida del centre. Col\u00b7laboren amb l\u2019equip docent, s\u2019impliquen en projectes transversals i aporten una mirada complement\u00e0ria que enriqueix la tasca educativa. Aquesta pres\u00e8ncia compartida afavoreix la cohesi\u00f3 pedag\u00f2gica i la continu\u00eftat metodol\u00f2gica entre els diferents espais educatius de la ZER.<\/p>\n<\/div>\n<\/div>\n\n\n\n<div style=\"margin-top:var(--wp--preset--spacing--20);margin-bottom:var(--wp--preset--spacing--20);height:30px\" aria-hidden=\"true\" class=\"wp-block-spacer\"><\/div>\n\n\n\n<div class=\"wp-block-columns is-layout-flex wp-container-core-columns-is-layout-3 wp-block-columns-is-layout-flex\">\n<div class=\"wp-block-column is-layout-flow wp-block-column-is-layout-flow\" style=\"flex-basis:66.66%\">\n<p>El model itinerant \u00e9s clau per fer possible una educaci\u00f3 inclusiva, adaptada al ritme i les necessitats de cada infant. El seu treball contribueix a detectar, acompanyar i donar resposta a la diversitat present als centres, facilitant recursos, estrat\u00e8gies i suports personalitzats. Aix\u00ed, reforcen la igualtat d\u2019oportunitats i potencien una mirada global de l\u2019alumnat.<\/p>\n<\/div>\n\n\n\n<div class=\"wp-block-column is-layout-flow wp-block-column-is-layout-flow\" style=\"flex-basis:33.33%\">\n<figure class=\"wp-block-image size-full\" style=\"margin-top:var(--wp--preset--spacing--20);margin-bottom:var(--wp--preset--spacing--20)\"><a href=\"https:\/\/agora.xtec.cat\/zerlasegarra\/wp-content\/uploads\/usu1574\/2025\/07\/freepik_assistant_1751793233395.png\"><img loading=\"lazy\" decoding=\"async\" width=\"1024\" height=\"1024\" src=\"https:\/\/agora.xtec.cat\/zerlasegarra\/wp-content\/uploads\/usu1574\/2025\/07\/freepik_assistant_1751793233395.png\" alt=\"\" class=\"wp-image-9880\" style=\"aspect-ratio:1;object-fit:cover\" srcset=\"https:\/\/agora.xtec.cat\/zerlasegarra\/wp-content\/uploads\/usu1574\/2025\/07\/freepik_assistant_1751793233395.png 1024w, https:\/\/agora.xtec.cat\/zerlasegarra\/wp-content\/uploads\/usu1574\/2025\/07\/freepik_assistant_1751793233395-300x300.png 300w, https:\/\/agora.xtec.cat\/zerlasegarra\/wp-content\/uploads\/usu1574\/2025\/07\/freepik_assistant_1751793233395-150x150.png 150w, https:\/\/agora.xtec.cat\/zerlasegarra\/wp-content\/uploads\/usu1574\/2025\/07\/freepik_assistant_1751793233395-768x768.png 768w\" sizes=\"auto, (max-width: 1024px) 100vw, 1024px\" \/><\/a><\/figure>\n<\/div>\n<\/div>\n\n\n\n<div style=\"margin-top:var(--wp--preset--spacing--20);margin-bottom:var(--wp--preset--spacing--20);height:30px\" aria-hidden=\"true\" class=\"wp-block-spacer\"><\/div>\n\n\n\n<div class=\"wp-block-columns is-layout-flex wp-container-core-columns-is-layout-4 wp-block-columns-is-layout-flex\">\n<div class=\"wp-block-column is-layout-flow wp-block-column-is-layout-flow\" style=\"flex-basis:33.33%\">\n<figure class=\"wp-block-image size-full\" style=\"margin-top:var(--wp--preset--spacing--20);margin-bottom:var(--wp--preset--spacing--20)\"><a href=\"https:\/\/agora.xtec.cat\/zerlasegarra\/wp-content\/uploads\/usu1574\/2025\/07\/freepik_assistant_1751793618350.png\"><img loading=\"lazy\" decoding=\"async\" width=\"1024\" height=\"1024\" src=\"https:\/\/agora.xtec.cat\/zerlasegarra\/wp-content\/uploads\/usu1574\/2025\/07\/freepik_assistant_1751793618350.png\" alt=\"\" class=\"wp-image-9881\" style=\"aspect-ratio:1;object-fit:cover\" srcset=\"https:\/\/agora.xtec.cat\/zerlasegarra\/wp-content\/uploads\/usu1574\/2025\/07\/freepik_assistant_1751793618350.png 1024w, https:\/\/agora.xtec.cat\/zerlasegarra\/wp-content\/uploads\/usu1574\/2025\/07\/freepik_assistant_1751793618350-300x300.png 300w, https:\/\/agora.xtec.cat\/zerlasegarra\/wp-content\/uploads\/usu1574\/2025\/07\/freepik_assistant_1751793618350-150x150.png 150w, https:\/\/agora.xtec.cat\/zerlasegarra\/wp-content\/uploads\/usu1574\/2025\/07\/freepik_assistant_1751793618350-768x768.png 768w\" sizes=\"auto, (max-width: 1024px) 100vw, 1024px\" \/><\/a><\/figure>\n<\/div>\n\n\n\n<div class=\"wp-block-column is-layout-flow wp-block-column-is-layout-flow\" style=\"flex-basis:66.66%\">\n<p>A m\u00e9s, el fet que aquests professionals circulin entre escoles potencia la connexi\u00f3 entre comunitats educatives, afavoreix el treball en xarxa i refor\u00e7a la identitat compartida de la ZER. Aquesta estructura col\u00b7laborativa, pr\u00f2pia del m\u00f3n rural, permet construir una proposta educativa enriquidora, arrelada al territori i oberta a una educaci\u00f3 activa i transformadora.<\/p>\n<\/div>\n<\/div>\n\n\n\n<div style=\"margin-top:var(--wp--preset--spacing--20);margin-bottom:var(--wp--preset--spacing--20);height:30px\" aria-hidden=\"true\" class=\"wp-block-spacer\"><\/div>\n","protected":false},"excerpt":{"rendered":"<p>Mestres itinerants El professorat itinerant de la ZER La Segarra t\u00e9 un paper fonamental per garantir una educaci\u00f3 completa, equitativa i de qualitat a tots els centres que la conformen. Professionals especialitzats en educaci\u00f3 f\u00edsica, m\u00fasica, llengua anglesa i educaci\u00f3 especial es desplacen entre les escoles, assegurant que tot l\u2019alumnat, independentment del centre on estigui [&hellip;]<\/p>\n","protected":false},"author":50,"featured_media":0,"parent":0,"menu_order":0,"comment_status":"closed","ping_status":"close","template":"","meta":{"_bbp_topic_count":0,"_bbp_reply_count":0,"_bbp_total_topic_count":0,"_bbp_total_reply_count":0,"_bbp_voice_count":0,"_bbp_anonymous_reply_count":0,"_bbp_topic_count_hidden":0,"_bbp_reply_count_hidden":0,"_bbp_forum_subforum_count":0,"site-sidebar-layout":"left-sidebar","site-content-layout":"","ast-site-content-layout":"default","site-content-style":"default","site-sidebar-style":"default","ast-global-header-display":"","ast-banner-title-visibility":"","ast-main-header-display":"","ast-hfb-above-header-display":"","ast-hfb-below-header-display":"","ast-hfb-mobile-header-display":"","site-post-title":"disabled","ast-breadcrumbs-content":"","ast-featured-img":"","footer-sml-layout":"","theme-transparent-header-meta":"","adv-header-id-meta":"","stick-header-meta":"","header-above-stick-meta":"","header-main-stick-meta":"","header-below-stick-meta":"","astra-migrate-meta-layouts":"set","ast-page-background-enabled":"default","ast-page-background-meta":{"desktop":{"background-color":"var(--ast-global-color-4)","background-image":"","background-repeat":"repeat","background-position":"center center","background-size":"auto","background-attachment":"scroll","background-type":"","background-media":"","overlay-type":"","overlay-color":"","overlay-opacity":"","overlay-gradient":""},"tablet":{"background-color":"","background-image":"","background-repeat":"repeat","background-position":"center center","background-size":"auto","background-attachment":"scroll","background-type":"","background-media":"","overlay-type":"","overlay-color":"","overlay-opacity":"","overlay-gradient":""},"mobile":{"background-color":"","background-image":"","background-repeat":"repeat","background-position":"center center","background-size":"auto","background-attachment":"scroll","background-type":"","background-media":"","overlay-type":"","overlay-color":"","overlay-opacity":"","overlay-gradient":""}},"ast-content-background-meta":{"desktop":{"background-color":"var(--ast-global-color-5)","background-image":"","background-repeat":"repeat","background-position":"center center","background-size":"auto","background-attachment":"scroll","background-type":"","background-media":"","overlay-type":"","overlay-color":"","overlay-opacity":"","overlay-gradient":""},"tablet":{"background-color":"var(--ast-global-color-5)","background-image":"","background-repeat":"repeat","background-position":"center center","background-size":"auto","background-attachment":"scroll","background-type":"","background-media":"","overlay-type":"","overlay-color":"","overlay-opacity":"","overlay-gradient":""},"mobile":{"background-color":"var(--ast-global-color-5)","background-image":"","background-repeat":"repeat","background-position":"center center","background-size":"auto","background-attachment":"scroll","background-type":"","background-media":"","overlay-type":"","overlay-color":"","overlay-opacity":"","overlay-gradient":""}},"footnotes":""},"class_list":["post-9876","page","type-page","status-publish","hentry"],"post_mailing_queue_ids":[],"_links":{"self":[{"href":"https:\/\/agora.xtec.cat\/zerlasegarra\/wp-json\/wp\/v2\/pages\/9876","targetHints":{"allow":["GET"]}}],"collection":[{"href":"https:\/\/agora.xtec.cat\/zerlasegarra\/wp-json\/wp\/v2\/pages"}],"about":[{"href":"https:\/\/agora.xtec.cat\/zerlasegarra\/wp-json\/wp\/v2\/types\/page"}],"author":[{"embeddable":true,"href":"https:\/\/agora.xtec.cat\/zerlasegarra\/wp-json\/wp\/v2\/users\/50"}],"replies":[{"embeddable":true,"href":"https:\/\/agora.xtec.cat\/zerlasegarra\/wp-json\/wp\/v2\/comments?post=9876"}],"version-history":[{"count":5,"href":"https:\/\/agora.xtec.cat\/zerlasegarra\/wp-json\/wp\/v2\/pages\/9876\/revisions"}],"predecessor-version":[{"id":9928,"href":"https:\/\/agora.xtec.cat\/zerlasegarra\/wp-json\/wp\/v2\/pages\/9876\/revisions\/9928"}],"wp:attachment":[{"href":"https:\/\/agora.xtec.cat\/zerlasegarra\/wp-json\/wp\/v2\/media?parent=9876"}],"curies":[{"name":"wp","href":"https:\/\/api.w.org\/{rel}","templated":true}]}}