{"id":8061,"date":"2022-11-17T18:22:18","date_gmt":"2022-11-17T17:22:18","guid":{"rendered":"https:\/\/agora.xtec.cat\/zerlasegarra\/?page_id=8061"},"modified":"2025-07-07T10:43:55","modified_gmt":"2025-07-07T08:43:55","slug":"afa","status":"publish","type":"page","link":"https:\/\/agora.xtec.cat\/zerlasegarra\/escola-gamma\/afa\/","title":{"rendered":"AFA Sana\u00fcja"},"content":{"rendered":"\n<h2 class=\"wp-block-heading has-text-align-center has-ast-global-color-0-color has-text-color has-link-color wp-elements-c391a81ed946d2f722f0d6a577457c68\">AFA Sana\u00fcja<\/h2>\n\n\n\n<div style=\"height:30px\" aria-hidden=\"true\" class=\"wp-block-spacer\"><\/div>\n\n\n\n<div class=\"wp-block-columns is-layout-flex wp-container-core-columns-is-layout-1 wp-block-columns-is-layout-flex\" style=\"padding-right:var(--wp--preset--spacing--50);padding-left:var(--wp--preset--spacing--50)\">\n<div class=\"wp-block-column is-layout-flow wp-block-column-is-layout-flow\" style=\"flex-basis:66.66%\">\n<p style=\"margin-top:0;margin-right:0;margin-bottom:0;margin-left:0\"><strong>Associaci\u00f3 de fam\u00edlies d&#8217;alumnes de l&#8217;escola de Sana\u00fcja<\/strong><\/p>\n<\/div>\n\n\n\n<div class=\"wp-block-column is-layout-flow wp-block-column-is-layout-flow\" style=\"flex-basis:33.33%\">\n<figure class=\"wp-block-image alignleft size-full is-resized\"><a href=\"https:\/\/agora.xtec.cat\/zerlasegarra\/wp-content\/uploads\/usu1574\/2025\/07\/Escola.png\"><img loading=\"lazy\" decoding=\"async\" width=\"500\" height=\"500\" src=\"https:\/\/agora.xtec.cat\/zerlasegarra\/wp-content\/uploads\/usu1574\/2025\/07\/Escola.png\" alt=\"\" class=\"wp-image-9918\" style=\"width:102px;height:auto\" srcset=\"https:\/\/agora.xtec.cat\/zerlasegarra\/wp-content\/uploads\/usu1574\/2025\/07\/Escola.png 500w, https:\/\/agora.xtec.cat\/zerlasegarra\/wp-content\/uploads\/usu1574\/2025\/07\/Escola-300x300.png 300w, https:\/\/agora.xtec.cat\/zerlasegarra\/wp-content\/uploads\/usu1574\/2025\/07\/Escola-150x150.png 150w\" sizes=\"auto, (max-width: 500px) 100vw, 500px\" \/><\/a><\/figure>\n<\/div>\n<\/div>\n\n\n\n<div style=\"height:30px\" aria-hidden=\"true\" class=\"wp-block-spacer\"><\/div>\n\n\n\n<p>Les AFA (Associacions de Fam\u00edlies d\u2019Alumnes) som entitats que neixen de la voluntat d\u2019implicar-nos activament en l\u2019educaci\u00f3 dels nostres fills i filles. Col\u00b7laborem amb els centres en l\u2019organitzaci\u00f3 d\u2019activitats educatives i l\u00fadiques, afavorim la participaci\u00f3 de les fam\u00edlies i contribu\u00efm a la millora de la conviv\u00e8ncia i la qualitat educativa. Som una veu activa i propera que treballa per refor\u00e7ar el vincle entre escola i comunitat.<\/p>\n\n\n\n<div style=\"height:30px\" aria-hidden=\"true\" class=\"wp-block-spacer\"><\/div>\n\n\n\n<p>A l\u2019Escola de Sana\u00fcja, l\u2019AFA formem part viva del projecte educatiu. Participem en festes, sortides i activitats que donen identitat a l\u2019escola i teixim complicitats amb l\u2019equip docent i amb la resta de fam\u00edlies. La nostra implicaci\u00f3 ajuda a crear un entorn educatiu acollidor, arrelat al poble i obert a la col\u00b7laboraci\u00f3, on el benestar dels infants \u00e9s sempre el centre de la nostra acci\u00f3.<\/p>\n\n\n\n<div style=\"height:30px\" aria-hidden=\"true\" class=\"wp-block-spacer\"><\/div>\n\n\n\n<div class=\"wp-block-columns is-layout-flex wp-container-core-columns-is-layout-2 wp-block-columns-is-layout-flex\">\n<div class=\"wp-block-column is-layout-flow wp-block-column-is-layout-flow\" style=\"flex-basis:33.33%\">\n<figure class=\"wp-block-image aligncenter size-full is-resized\"><a href=\"https:\/\/agora.xtec.cat\/zerlasegarra\/wp-content\/uploads\/usu1574\/2025\/07\/ayuda.png\"><img loading=\"lazy\" decoding=\"async\" width=\"128\" height=\"128\" src=\"https:\/\/agora.xtec.cat\/zerlasegarra\/wp-content\/uploads\/usu1574\/2025\/07\/ayuda.png\" alt=\"\" class=\"wp-image-9926\" style=\"object-fit:cover;width:55px;height:auto\"\/><\/a><\/figure>\n<\/div>\n\n\n\n<div class=\"wp-block-column is-layout-flow wp-block-column-is-layout-flow\" style=\"flex-basis:66.66%\">\n<p>Et necessitem, t&#8217;animes a col\u00b7laborar i participar amb nosaltres?<\/p>\n<\/div>\n<\/div>\n\n\n\n<p><strong>Contacte<\/strong>: afaescoladesanauja@gmail.com<\/p>\n\n\n\n<div class=\"wp-block-columns is-layout-flex wp-container-core-columns-is-layout-3 wp-block-columns-is-layout-flex\">\n<div class=\"wp-block-column is-layout-flow wp-block-column-is-layout-flow\" style=\"flex-basis:33.33%\">\n<div class=\"wp-block-buttons is-layout-flex wp-block-buttons-is-layout-flex\">\n<div class=\"wp-block-button\"><a class=\"wp-block-button__link has-background wp-element-button\" href=\"https:\/\/www.instagram.com\/afa_escola_sanauja?igsh=M3dpZ244cDE0ZmFt\" style=\"background-color:#06bf9d\" target=\"_blank\" rel=\"noreferrer noopener\">Accedeix al nostre Instagram<\/a><\/div>\n<\/div>\n<\/div>\n\n\n\n<div class=\"wp-block-column is-layout-flow wp-block-column-is-layout-flow\" style=\"flex-basis:66.66%\">\n<figure class=\"wp-block-image aligncenter size-full is-resized\" style=\"margin-top:0;margin-right:0;margin-bottom:0;margin-left:0\"><a href=\"https:\/\/www.instagram.com\/afa_escola_sanauja?igsh=M3dpZ244cDE0ZmFt\" target=\"_blank\" rel=\" noreferrer noopener\"><img loading=\"lazy\" decoding=\"async\" width=\"225\" height=\"225\" src=\"https:\/\/agora.xtec.cat\/zerlasegarra\/wp-content\/uploads\/usu1574\/2025\/07\/images-4.jpg\" alt=\"\" class=\"wp-image-9920\" style=\"width:48px;height:auto\" srcset=\"https:\/\/agora.xtec.cat\/zerlasegarra\/wp-content\/uploads\/usu1574\/2025\/07\/images-4.jpg 225w, https:\/\/agora.xtec.cat\/zerlasegarra\/wp-content\/uploads\/usu1574\/2025\/07\/images-4-150x150.jpg 150w\" sizes=\"auto, (max-width: 225px) 100vw, 225px\" \/><\/a><\/figure>\n<\/div>\n<\/div>\n","protected":false},"excerpt":{"rendered":"<p>AFA Sana\u00fcja Associaci\u00f3 de fam\u00edlies d&#8217;alumnes de l&#8217;escola de Sana\u00fcja Les AFA (Associacions de Fam\u00edlies d\u2019Alumnes) som entitats que neixen de la voluntat d\u2019implicar-nos activament en l\u2019educaci\u00f3 dels nostres fills i filles. Col\u00b7laborem amb els centres en l\u2019organitzaci\u00f3 d\u2019activitats educatives i l\u00fadiques, afavorim la participaci\u00f3 de les fam\u00edlies i contribu\u00efm a la millora de la [&hellip;]<\/p>\n","protected":false},"author":1,"featured_media":0,"parent":268,"menu_order":70,"comment_status":"closed","ping_status":"closed","template":"","meta":{"_bbp_topic_count":0,"_bbp_reply_count":0,"_bbp_total_topic_count":0,"_bbp_total_reply_count":0,"_bbp_voice_count":0,"_bbp_anonymous_reply_count":0,"_bbp_topic_count_hidden":0,"_bbp_reply_count_hidden":0,"_bbp_forum_subforum_count":0,"site-sidebar-layout":"default","site-content-layout":"","ast-site-content-layout":"default","site-content-style":"default","site-sidebar-style":"default","ast-global-header-display":"","ast-banner-title-visibility":"","ast-main-header-display":"","ast-hfb-above-header-display":"","ast-hfb-below-header-display":"","ast-hfb-mobile-header-display":"","site-post-title":"disabled","ast-breadcrumbs-content":"","ast-featured-img":"","footer-sml-layout":"","theme-transparent-header-meta":"","adv-header-id-meta":"","stick-header-meta":"","header-above-stick-meta":"","header-main-stick-meta":"","header-below-stick-meta":"","astra-migrate-meta-layouts":"set","ast-page-background-enabled":"default","ast-page-background-meta":{"desktop":{"background-color":"var(--ast-global-color-4)","background-image":"","background-repeat":"repeat","background-position":"center center","background-size":"auto","background-attachment":"scroll","background-type":"","background-media":"","overlay-type":"","overlay-color":"","overlay-opacity":"","overlay-gradient":""},"tablet":{"background-color":"","background-image":"","background-repeat":"repeat","background-position":"center center","background-size":"auto","background-attachment":"scroll","background-type":"","background-media":"","overlay-type":"","overlay-color":"","overlay-opacity":"","overlay-gradient":""},"mobile":{"background-color":"","background-image":"","background-repeat":"repeat","background-position":"center center","background-size":"auto","background-attachment":"scroll","background-type":"","background-media":"","overlay-type":"","overlay-color":"","overlay-opacity":"","overlay-gradient":""}},"ast-content-background-meta":{"desktop":{"background-color":"var(--ast-global-color-5)","background-image":"","background-repeat":"repeat","background-position":"center center","background-size":"auto","background-attachment":"scroll","background-type":"","background-media":"","overlay-type":"","overlay-color":"","overlay-opacity":"","overlay-gradient":""},"tablet":{"background-color":"var(--ast-global-color-5)","background-image":"","background-repeat":"repeat","background-position":"center center","background-size":"auto","background-attachment":"scroll","background-type":"","background-media":"","overlay-type":"","overlay-color":"","overlay-opacity":"","overlay-gradient":""},"mobile":{"background-color":"var(--ast-global-color-5)","background-image":"","background-repeat":"repeat","background-position":"center center","background-size":"auto","background-attachment":"scroll","background-type":"","background-media":"","overlay-type":"","overlay-color":"","overlay-opacity":"","overlay-gradient":""}},"footnotes":""},"class_list":["post-8061","page","type-page","status-publish","hentry"],"post_mailing_queue_ids":[],"_links":{"self":[{"href":"https:\/\/agora.xtec.cat\/zerlasegarra\/wp-json\/wp\/v2\/pages\/8061","targetHints":{"allow":["GET"]}}],"collection":[{"href":"https:\/\/agora.xtec.cat\/zerlasegarra\/wp-json\/wp\/v2\/pages"}],"about":[{"href":"https:\/\/agora.xtec.cat\/zerlasegarra\/wp-json\/wp\/v2\/types\/page"}],"author":[{"embeddable":true,"href":"https:\/\/agora.xtec.cat\/zerlasegarra\/wp-json\/wp\/v2\/users\/1"}],"replies":[{"embeddable":true,"href":"https:\/\/agora.xtec.cat\/zerlasegarra\/wp-json\/wp\/v2\/comments?post=8061"}],"version-history":[{"count":6,"href":"https:\/\/agora.xtec.cat\/zerlasegarra\/wp-json\/wp\/v2\/pages\/8061\/revisions"}],"predecessor-version":[{"id":9927,"href":"https:\/\/agora.xtec.cat\/zerlasegarra\/wp-json\/wp\/v2\/pages\/8061\/revisions\/9927"}],"up":[{"embeddable":true,"href":"https:\/\/agora.xtec.cat\/zerlasegarra\/wp-json\/wp\/v2\/pages\/268"}],"wp:attachment":[{"href":"https:\/\/agora.xtec.cat\/zerlasegarra\/wp-json\/wp\/v2\/media?parent=8061"}],"curies":[{"name":"wp","href":"https:\/\/api.w.org\/{rel}","templated":true}]}}