{"id":43,"date":"2014-09-17T16:45:07","date_gmt":"2014-09-17T16:45:07","guid":{"rendered":"http:\/\/agora.xtec.cat\/zerlasegarra\/?page_id=43"},"modified":"2026-02-11T13:09:12","modified_gmt":"2026-02-11T12:09:12","slug":"consell-escolar","status":"publish","type":"page","link":"https:\/\/agora.xtec.cat\/zerlasegarra\/zer\/consell-escolar\/","title":{"rendered":"Consell escolar"},"content":{"rendered":"<p><a href=\"http:\/\/agora.xtec.cat\/zerlasegarra\/wp-content\/uploads\/usu1574\/2014\/09\/Consell-Escolar.jpg\">\u00a0<\/a><\/p>\n<p>El consell escolar del centre \u00e9s l\u2019\u00f2rgan col\u00b7legiat de participaci\u00f3 de la comunitat escolar en el govern del centre. Corresponen al consell escolar les funcions establertes a la Llei 12\/2009, de 10 de juliol, d\u2019Educaci\u00f3.<\/p>\n<h4>Composici\u00f3 del consell escolar<\/h4>\n<ul>\n<li>President: Marcel Pan\u00e9.<\/li>\n<li>Cap d\u2019estudis:\u00a0Josefina Castell\u00e0.<\/li>\n<li>Secret\u00e0ria:\u00a0M\u00edriam Utges.<\/li>\n<li>Directores de les escoles: Marta Burgue\u00f1o, Alba Carralero i Laura Sol\u00e9.<\/li>\n<li>Mestres representants del Claustre: Montse Arfelis, Josep Maria Segura i Ester Carcasona.<\/li>\n<li>Representants dels pares i mares: Joan Carles Elies, Ramon Mart\u00ed i Goretti Valls.<\/li>\n<li>Representant del personal no docent (PAS\/PAE): Susana Carrasco.<\/li>\n<li>Representants dels Ajuntaments: Xavier Pint\u00f3, Maria Casoliva i Carles Gen\u00e9.<\/li>\n<\/ul>\n<h4>Funcions del consell escolar dels centres p\u00fablics<\/h4>\n<ul>\n<li>Participar en l\u2019aprovaci\u00f3 dels documents oficials de la ZER.<\/li>\n<li>Participar en l\u2019aprovaci\u00f3 de la liquidaci\u00f3 econ\u00f2mica i del pressupost anuals de ZER.<\/li>\n<li>Aprovar les propostes d\u2019acords de coresponsabilitat, convenis i altres acords de col\u00b7laboraci\u00f3 del centre amb entitats i institucions.<\/li>\n<li>Participar en el procediment de selecci\u00f3 i en la proposta de cessament del director o directora.<\/li>\n<li>Intervenir en la resoluci\u00f3 dels conflictes i, si escau, revisar les sancions als alumnes.<\/li>\n<li>Aprovar les activitats extraordin\u00e0ries no previstes a la programaci\u00f3 general anual, sempre que afectin a m\u00e9s d\u2019un centre o impliquin despla\u00e7ament de l\u2019alumnat.<\/li>\n<li>Aprovar els horaris de cada curs.<\/li>\n<li>I qualsevol altra que li sigui atribu\u00efda per les normes legals o reglament\u00e0ries.<\/li>\n<\/ul>\n<p>Els acords\u00a0 aprovats en el consell escolar de ZER prevalen sobre els acords dels consells escolars de cada escola.<\/p>\n","protected":false},"excerpt":{"rendered":"<p>\u00a0 El consell escolar del centre \u00e9s l\u2019\u00f2rgan col\u00b7legiat de participaci\u00f3 de la comunitat escolar en el govern del centre. Corresponen al consell escolar les funcions establertes a la Llei 12\/2009, de 10 de juliol, d\u2019Educaci\u00f3. Composici\u00f3 del consell escolar President: Marcel Pan\u00e9. Cap d\u2019estudis:\u00a0Josefina Castell\u00e0. Secret\u00e0ria:\u00a0M\u00edriam Utges. Directores de les escoles: Marta Burgue\u00f1o, Alba [&hellip;]<\/p>\n","protected":false},"author":1,"featured_media":0,"parent":19,"menu_order":60,"comment_status":"closed","ping_status":"closed","template":"page-templates\/side-menu.php","meta":{"_bbp_topic_count":0,"_bbp_reply_count":0,"_bbp_total_topic_count":0,"_bbp_total_reply_count":0,"_bbp_voice_count":0,"_bbp_anonymous_reply_count":0,"_bbp_topic_count_hidden":0,"_bbp_reply_count_hidden":0,"_bbp_forum_subforum_count":0,"site-sidebar-layout":"default","site-content-layout":"","ast-site-content-layout":"default","site-content-style":"default","site-sidebar-style":"default","ast-global-header-display":"","ast-banner-title-visibility":"","ast-main-header-display":"","ast-hfb-above-header-display":"","ast-hfb-below-header-display":"","ast-hfb-mobile-header-display":"","site-post-title":"","ast-breadcrumbs-content":"","ast-featured-img":"","footer-sml-layout":"","theme-transparent-header-meta":"","adv-header-id-meta":"","stick-header-meta":"","header-above-stick-meta":"","header-main-stick-meta":"","header-below-stick-meta":"","astra-migrate-meta-layouts":"set","ast-page-background-enabled":"default","ast-page-background-meta":{"desktop":{"background-color":"var(--ast-global-color-4)","background-image":"","background-repeat":"repeat","background-position":"center center","background-size":"auto","background-attachment":"scroll","background-type":"","background-media":"","overlay-type":"","overlay-color":"","overlay-opacity":"","overlay-gradient":""},"tablet":{"background-color":"","background-image":"","background-repeat":"repeat","background-position":"center center","background-size":"auto","background-attachment":"scroll","background-type":"","background-media":"","overlay-type":"","overlay-color":"","overlay-opacity":"","overlay-gradient":""},"mobile":{"background-color":"","background-image":"","background-repeat":"repeat","background-position":"center center","background-size":"auto","background-attachment":"scroll","background-type":"","background-media":"","overlay-type":"","overlay-color":"","overlay-opacity":"","overlay-gradient":""}},"ast-content-background-meta":{"desktop":{"background-color":"var(--ast-global-color-5)","background-image":"","background-repeat":"repeat","background-position":"center center","background-size":"auto","background-attachment":"scroll","background-type":"","background-media":"","overlay-type":"","overlay-color":"","overlay-opacity":"","overlay-gradient":""},"tablet":{"background-color":"var(--ast-global-color-5)","background-image":"","background-repeat":"repeat","background-position":"center center","background-size":"auto","background-attachment":"scroll","background-type":"","background-media":"","overlay-type":"","overlay-color":"","overlay-opacity":"","overlay-gradient":""},"mobile":{"background-color":"var(--ast-global-color-5)","background-image":"","background-repeat":"repeat","background-position":"center center","background-size":"auto","background-attachment":"scroll","background-type":"","background-media":"","overlay-type":"","overlay-color":"","overlay-opacity":"","overlay-gradient":""}},"footnotes":""},"class_list":["post-43","page","type-page","status-publish","hentry"],"post_mailing_queue_ids":[],"_links":{"self":[{"href":"https:\/\/agora.xtec.cat\/zerlasegarra\/wp-json\/wp\/v2\/pages\/43","targetHints":{"allow":["GET"]}}],"collection":[{"href":"https:\/\/agora.xtec.cat\/zerlasegarra\/wp-json\/wp\/v2\/pages"}],"about":[{"href":"https:\/\/agora.xtec.cat\/zerlasegarra\/wp-json\/wp\/v2\/types\/page"}],"author":[{"embeddable":true,"href":"https:\/\/agora.xtec.cat\/zerlasegarra\/wp-json\/wp\/v2\/users\/1"}],"replies":[{"embeddable":true,"href":"https:\/\/agora.xtec.cat\/zerlasegarra\/wp-json\/wp\/v2\/comments?post=43"}],"version-history":[{"count":6,"href":"https:\/\/agora.xtec.cat\/zerlasegarra\/wp-json\/wp\/v2\/pages\/43\/revisions"}],"predecessor-version":[{"id":10539,"href":"https:\/\/agora.xtec.cat\/zerlasegarra\/wp-json\/wp\/v2\/pages\/43\/revisions\/10539"}],"up":[{"embeddable":true,"href":"https:\/\/agora.xtec.cat\/zerlasegarra\/wp-json\/wp\/v2\/pages\/19"}],"wp:attachment":[{"href":"https:\/\/agora.xtec.cat\/zerlasegarra\/wp-json\/wp\/v2\/media?parent=43"}],"curies":[{"name":"wp","href":"https:\/\/api.w.org\/{rel}","templated":true}]}}