{"id":426,"date":"2015-07-24T14:45:35","date_gmt":"2015-07-24T13:45:35","guid":{"rendered":"http:\/\/agora.xtec.cat\/zerlasegarra\/?page_id=426"},"modified":"2025-07-05T21:28:44","modified_gmt":"2025-07-05T19:28:44","slug":"ampa","status":"publish","type":"page","link":"https:\/\/agora.xtec.cat\/zerlasegarra\/escola-les-pallargues\/ampa\/","title":{"rendered":"AFA"},"content":{"rendered":"<p>L\u2019Escola tamb\u00e9 compta amb la col.laboraci\u00f3 de L\u2019AFA ( Associaci\u00f3 de fam\u00edlies d\u2019alumnes)<\/p>\n<p>L\u2019AFA \u00e9s l\u2019entitat que agrupa a les fam\u00edlies d\u2019alumnes de l\u2019Escola per a la defensa dels seus interessos en tot all\u00f2 que fa refer\u00e8ncia a l\u2019educaci\u00f3 dels nens i nenes i col\u00b7labora en el funcionament del centre.<br \/>\n\u00c9s una entitat constitu\u00efda com associaci\u00f3 sense \u00e0nim de lucre. Est\u00e0 regulada per uns estatuts i s\u2019organitza a trav\u00e9s de: La Junta Directiva i l\u2019Assemblea General.<br \/>\nL\u2019objectiu fonamental de l\u2019AFA \u00e9s contribuir a la millora de la qualitat de l\u2019ensenyament que reben els nostres fills i filles.<\/p>\n<p>ampa<\/p>\n<p>Algunes de les tasques que es fan s\u00f3n:<\/p>\n<p>    Promoure la participaci\u00f3 de pares i mares dels alumnes en celebracions de l\u2019escola.<br \/>\n    Promoure la representaci\u00f3 i la participaci\u00f3 dels pares i mares dels alumnes en el Consell Escolar.<br \/>\n    Col\u00b7labora en les activitats educatives, organitza i gestiona les activitats extraescolars i el menjador de l\u2019Escola.<br \/>\n    Venda de roba i llibres de text.<br \/>\n    Ajuda al finan\u00e7ament d\u2019aquelles activitats o equipaments que el centre necessita.<\/p>\n<p>Qui \u00e9s de l\u2019AFA?<\/p>\n<p>L\u2019Associaci\u00f3 est\u00e0 formada per les fam\u00edlies que s\u2019han inscrit com a s\u00f2cies.<br \/>\nContactar<\/p>\n<p>    Tel\u00e8fon: 634 770 327<br \/>\n    Correu electr\u00f2nic: ampaescoladelespallargues@gmail.com<\/p>\n","protected":false},"excerpt":{"rendered":"<p>L\u2019Escola tamb\u00e9 compta amb la col.laboraci\u00f3 de L\u2019AFA ( Associaci\u00f3 de fam\u00edlies d\u2019alumnes) L\u2019AFA \u00e9s l\u2019entitat que agrupa a les fam\u00edlies d\u2019alumnes de l\u2019Escola per a la defensa dels seus interessos en tot all\u00f2 que fa refer\u00e8ncia a l\u2019educaci\u00f3 dels nens i nenes i col\u00b7labora en el funcionament del centre. \u00c9s una entitat constitu\u00efda com [&hellip;]<\/p>\n","protected":false},"author":1,"featured_media":0,"parent":264,"menu_order":70,"comment_status":"closed","ping_status":"closed","template":"","meta":{"_bbp_topic_count":0,"_bbp_reply_count":0,"_bbp_total_topic_count":0,"_bbp_total_reply_count":0,"_bbp_voice_count":0,"_bbp_anonymous_reply_count":0,"_bbp_topic_count_hidden":0,"_bbp_reply_count_hidden":0,"_bbp_forum_subforum_count":0,"site-sidebar-layout":"default","site-content-layout":"","ast-site-content-layout":"","site-content-style":"default","site-sidebar-style":"default","ast-global-header-display":"","ast-banner-title-visibility":"","ast-main-header-display":"","ast-hfb-above-header-display":"","ast-hfb-below-header-display":"","ast-hfb-mobile-header-display":"","site-post-title":"","ast-breadcrumbs-content":"","ast-featured-img":"","footer-sml-layout":"","theme-transparent-header-meta":"","adv-header-id-meta":"","stick-header-meta":"","header-above-stick-meta":"","header-main-stick-meta":"","header-below-stick-meta":"","astra-migrate-meta-layouts":"default","ast-page-background-enabled":"default","ast-page-background-meta":{"desktop":{"background-color":"var(--ast-global-color-4)","background-image":"","background-repeat":"repeat","background-position":"center center","background-size":"auto","background-attachment":"scroll","background-type":"","background-media":"","overlay-type":"","overlay-color":"","overlay-opacity":"","overlay-gradient":""},"tablet":{"background-color":"","background-image":"","background-repeat":"repeat","background-position":"center center","background-size":"auto","background-attachment":"scroll","background-type":"","background-media":"","overlay-type":"","overlay-color":"","overlay-opacity":"","overlay-gradient":""},"mobile":{"background-color":"","background-image":"","background-repeat":"repeat","background-position":"center center","background-size":"auto","background-attachment":"scroll","background-type":"","background-media":"","overlay-type":"","overlay-color":"","overlay-opacity":"","overlay-gradient":""}},"ast-content-background-meta":{"desktop":{"background-color":"var(--ast-global-color-5)","background-image":"","background-repeat":"repeat","background-position":"center center","background-size":"auto","background-attachment":"scroll","background-type":"","background-media":"","overlay-type":"","overlay-color":"","overlay-opacity":"","overlay-gradient":""},"tablet":{"background-color":"var(--ast-global-color-5)","background-image":"","background-repeat":"repeat","background-position":"center center","background-size":"auto","background-attachment":"scroll","background-type":"","background-media":"","overlay-type":"","overlay-color":"","overlay-opacity":"","overlay-gradient":""},"mobile":{"background-color":"var(--ast-global-color-5)","background-image":"","background-repeat":"repeat","background-position":"center center","background-size":"auto","background-attachment":"scroll","background-type":"","background-media":"","overlay-type":"","overlay-color":"","overlay-opacity":"","overlay-gradient":""}},"footnotes":""},"class_list":["post-426","page","type-page","status-publish","hentry"],"post_mailing_queue_ids":[],"_links":{"self":[{"href":"https:\/\/agora.xtec.cat\/zerlasegarra\/wp-json\/wp\/v2\/pages\/426","targetHints":{"allow":["GET"]}}],"collection":[{"href":"https:\/\/agora.xtec.cat\/zerlasegarra\/wp-json\/wp\/v2\/pages"}],"about":[{"href":"https:\/\/agora.xtec.cat\/zerlasegarra\/wp-json\/wp\/v2\/types\/page"}],"author":[{"embeddable":true,"href":"https:\/\/agora.xtec.cat\/zerlasegarra\/wp-json\/wp\/v2\/users\/1"}],"replies":[{"embeddable":true,"href":"https:\/\/agora.xtec.cat\/zerlasegarra\/wp-json\/wp\/v2\/comments?post=426"}],"version-history":[{"count":4,"href":"https:\/\/agora.xtec.cat\/zerlasegarra\/wp-json\/wp\/v2\/pages\/426\/revisions"}],"predecessor-version":[{"id":9169,"href":"https:\/\/agora.xtec.cat\/zerlasegarra\/wp-json\/wp\/v2\/pages\/426\/revisions\/9169"}],"up":[{"embeddable":true,"href":"https:\/\/agora.xtec.cat\/zerlasegarra\/wp-json\/wp\/v2\/pages\/264"}],"wp:attachment":[{"href":"https:\/\/agora.xtec.cat\/zerlasegarra\/wp-json\/wp\/v2\/media?parent=426"}],"curies":[{"name":"wp","href":"https:\/\/api.w.org\/{rel}","templated":true}]}}