{"id":396,"date":"2015-07-23T15:26:30","date_gmt":"2015-07-23T14:26:30","guid":{"rendered":"http:\/\/agora.xtec.cat\/zerlasegarra\/?page_id=396"},"modified":"2025-07-05T21:52:10","modified_gmt":"2025-07-05T19:52:10","slug":"qui-som","status":"publish","type":"page","link":"https:\/\/agora.xtec.cat\/zerlasegarra\/escola-gamma\/qui-som\/","title":{"rendered":"Qui som"},"content":{"rendered":"<div>\n<h3 style=\"text-align: left;\"><span style=\"text-decoration: underline;\">ORGANITZACI\u00d3 D&#8217;ESCOLA<\/span><\/h3>\n<ul>\n<li>Els infants estan organitzats en tres agrupaments:\n<ul>\n<li><strong style=\"font-family: inherit; font-size: 1em;\">Menuts<\/strong><span style=\"font-family: inherit; font-size: 1em;\">: I1, I2: <\/span><span style=\"text-decoration: underline;\">Tutora<\/span><span style=\"font-family: inherit; font-size: 1em;\">: Yolanda Jim\u00e9nez<\/span><\/li>\n<li><strong style=\"font-family: inherit; font-size: 1em;\">Petits<\/strong><span style=\"font-family: inherit; font-size: 1em;\">: I3, I4 i I5. <\/span><span style=\"text-decoration: underline;\">Tutora<\/span><span style=\"font-family: inherit; font-size: 1em;\">: Alba Carralero \/ Mariona Vantolra<\/span><\/li>\n<li><strong style=\"font-family: inherit; font-size: 1em;\">Grans<\/strong><span style=\"font-family: inherit; font-size: 1em;\">: 1r, 3r, 4t i 6\u00e8. <\/span><span style=\"text-decoration: underline;\">Tutora<\/span><span style=\"font-family: inherit; font-size: 1em;\">: Vanessa Gonz\u00e1lez<\/span><\/li>\n<\/ul>\n<\/li>\n<\/ul>\n<ul>\n<li style=\"text-align: left;\"><strong>Equip directiu:<\/strong>\n<ul>\n<li style=\"text-align: left;\">Directora: Vanessa Gonz\u00e1lez<\/li>\n<\/ul>\n<\/li>\n<\/ul>\n<ul>\n<li><strong>Mestres especialistes:<\/strong>\n<ul>\n<li style=\"list-style-type: none;\">\n<ul style=\"list-style-type: circle;\">\n<li style=\"text-align: left;\">Angl\u00e8s: Marcel Pan\u00e9<\/li>\n<li style=\"text-align: left;\">M\u00fasica: Montse Arfelis<\/li>\n<li style=\"text-align: left;\">Educaci\u00f3 f\u00edsica: Josep M\u00aa Segura<\/li>\n<li style=\"text-align: left;\">Religi\u00f3: Joan Marc Al\u00eds<\/li>\n<li>Educaci\u00f3 Especial: Noem\u00ed S\u00e0rries<\/li>\n<\/ul>\n<\/li>\n<\/ul>\n<\/li>\n<\/ul>\n<ul>\n<li><strong>Personal educatiu extern:<\/strong>\n<ul>\n<li>EAP (Equip d\u2019assessorament psicopedag\u00f2gic) SE La Segarra<\/li>\n<li>CEEPSIR<\/li>\n<\/ul>\n<\/li>\n<\/ul>\n<ul>\n<li><strong>Altres professionals:<\/strong>\n<ul>\n<li>Monitores de menjador: Gemma i Romana<\/li>\n<li>Personal de neteja: Teresa<\/li>\n<li><span style=\"font-family: inherit; font-size: 1em;\">Auxiliar d&#8217;educaci\u00f3 especial: Maria<\/span><\/li>\n<\/ul>\n<\/li>\n<\/ul>\n<\/div>\n<p>&nbsp;<\/p>\n<div>\n<div>\n<div>\n<h6 style=\"text-align: left;\"><\/h6>\n<\/div>\n<\/div>\n<\/div>\n","protected":false},"excerpt":{"rendered":"<p>ORGANITZACI\u00d3 D&#8217;ESCOLA Els infants estan organitzats en tres agrupaments: Menuts: I1, I2: Tutora: Yolanda Jim\u00e9nez Petits: I3, I4 i I5. Tutora: Alba Carralero \/ Mariona Vantolra Grans: 1r, 3r, 4t i 6\u00e8. Tutora: Vanessa Gonz\u00e1lez Equip directiu: Directora: Vanessa Gonz\u00e1lez Mestres especialistes: Angl\u00e8s: Marcel Pan\u00e9 M\u00fasica: Montse Arfelis Educaci\u00f3 f\u00edsica: Josep M\u00aa Segura Religi\u00f3: Joan [&hellip;]<\/p>\n","protected":false},"author":1,"featured_media":0,"parent":268,"menu_order":10,"comment_status":"closed","ping_status":"closed","template":"","meta":{"_bbp_topic_count":0,"_bbp_reply_count":0,"_bbp_total_topic_count":0,"_bbp_total_reply_count":0,"_bbp_voice_count":0,"_bbp_anonymous_reply_count":0,"_bbp_topic_count_hidden":0,"_bbp_reply_count_hidden":0,"_bbp_forum_subforum_count":0,"site-sidebar-layout":"default","site-content-layout":"","ast-site-content-layout":"","site-content-style":"default","site-sidebar-style":"default","ast-global-header-display":"","ast-banner-title-visibility":"","ast-main-header-display":"","ast-hfb-above-header-display":"","ast-hfb-below-header-display":"","ast-hfb-mobile-header-display":"","site-post-title":"","ast-breadcrumbs-content":"","ast-featured-img":"","footer-sml-layout":"","theme-transparent-header-meta":"","adv-header-id-meta":"","stick-header-meta":"","header-above-stick-meta":"","header-main-stick-meta":"","header-below-stick-meta":"","astra-migrate-meta-layouts":"default","ast-page-background-enabled":"default","ast-page-background-meta":{"desktop":{"background-color":"var(--ast-global-color-4)","background-image":"","background-repeat":"repeat","background-position":"center center","background-size":"auto","background-attachment":"scroll","background-type":"","background-media":"","overlay-type":"","overlay-color":"","overlay-opacity":"","overlay-gradient":""},"tablet":{"background-color":"","background-image":"","background-repeat":"repeat","background-position":"center center","background-size":"auto","background-attachment":"scroll","background-type":"","background-media":"","overlay-type":"","overlay-color":"","overlay-opacity":"","overlay-gradient":""},"mobile":{"background-color":"","background-image":"","background-repeat":"repeat","background-position":"center center","background-size":"auto","background-attachment":"scroll","background-type":"","background-media":"","overlay-type":"","overlay-color":"","overlay-opacity":"","overlay-gradient":""}},"ast-content-background-meta":{"desktop":{"background-color":"var(--ast-global-color-5)","background-image":"","background-repeat":"repeat","background-position":"center center","background-size":"auto","background-attachment":"scroll","background-type":"","background-media":"","overlay-type":"","overlay-color":"","overlay-opacity":"","overlay-gradient":""},"tablet":{"background-color":"var(--ast-global-color-5)","background-image":"","background-repeat":"repeat","background-position":"center center","background-size":"auto","background-attachment":"scroll","background-type":"","background-media":"","overlay-type":"","overlay-color":"","overlay-opacity":"","overlay-gradient":""},"mobile":{"background-color":"var(--ast-global-color-5)","background-image":"","background-repeat":"repeat","background-position":"center center","background-size":"auto","background-attachment":"scroll","background-type":"","background-media":"","overlay-type":"","overlay-color":"","overlay-opacity":"","overlay-gradient":""}},"footnotes":""},"class_list":["post-396","page","type-page","status-publish","hentry"],"post_mailing_queue_ids":[],"_links":{"self":[{"href":"https:\/\/agora.xtec.cat\/zerlasegarra\/wp-json\/wp\/v2\/pages\/396","targetHints":{"allow":["GET"]}}],"collection":[{"href":"https:\/\/agora.xtec.cat\/zerlasegarra\/wp-json\/wp\/v2\/pages"}],"about":[{"href":"https:\/\/agora.xtec.cat\/zerlasegarra\/wp-json\/wp\/v2\/types\/page"}],"author":[{"embeddable":true,"href":"https:\/\/agora.xtec.cat\/zerlasegarra\/wp-json\/wp\/v2\/users\/1"}],"replies":[{"embeddable":true,"href":"https:\/\/agora.xtec.cat\/zerlasegarra\/wp-json\/wp\/v2\/comments?post=396"}],"version-history":[{"count":6,"href":"https:\/\/agora.xtec.cat\/zerlasegarra\/wp-json\/wp\/v2\/pages\/396\/revisions"}],"predecessor-version":[{"id":9401,"href":"https:\/\/agora.xtec.cat\/zerlasegarra\/wp-json\/wp\/v2\/pages\/396\/revisions\/9401"}],"up":[{"embeddable":true,"href":"https:\/\/agora.xtec.cat\/zerlasegarra\/wp-json\/wp\/v2\/pages\/268"}],"wp:attachment":[{"href":"https:\/\/agora.xtec.cat\/zerlasegarra\/wp-json\/wp\/v2\/media?parent=396"}],"curies":[{"name":"wp","href":"https:\/\/api.w.org\/{rel}","templated":true}]}}