{"id":297,"date":"2015-07-20T13:42:10","date_gmt":"2015-07-20T12:42:10","guid":{"rendered":"http:\/\/agora.xtec.cat\/zerlasegarra\/?page_id=297"},"modified":"2026-02-11T13:14:32","modified_gmt":"2026-02-11T12:14:32","slug":"que-fem","status":"publish","type":"page","link":"https:\/\/agora.xtec.cat\/zerlasegarra\/zer\/que-fem\/","title":{"rendered":"Qu\u00e8 fem"},"content":{"rendered":"<p><strong>EL PAPER DE LES ESCOLES DE LA ZER<\/strong><\/p>\n<p>La ZER promou l&#8217;educaci\u00f3 c\u00edvica, que inclou l&#8217;aprendre a con\u00e8ixer, a ser, a fer i a conviure.<\/p>\n<ul>\n<li>Transmet i crea\u00a0 coneixements, afavorint situacions que ajudin al creixement personal i cognitiu.<\/li>\n<li>Fomenta l\u2019esperit de superaci\u00f3 mitjan\u00e7ant la voluntat i l\u2019esfor\u00e7.<\/li>\n<li>Prepara pel present i pel futur.<\/li>\n<li>Educa en la responsabilitat.<\/li>\n<li>Educa en l\u2019autonomia.<\/li>\n<li>\u00c9s un lloc\u00a0entre iguals.<\/li>\n<li>Facilita eines, habilitats socials i personals.<\/li>\n<li>\u00c9s inclusiva i acollidora.<\/li>\n<li>Oberta a tothom.<\/li>\n<li>S&#8217;adapta a les necessitats i metodologies del s. XXI.<\/li>\n<li>\u00c9s innovadora.<\/li>\n<li>Catalana.<\/li>\n<li>Plural.<\/li>\n<li>El centre de tot \u00e9s\u00a0el nen\/a.<\/li>\n<li>Educa integra i democr\u00e0ticament.<\/li>\n<li>Crea situacions d&#8217;aprenentatge.<\/li>\n<li>Est\u00e0 compromesa amb el m\u00f3n.<\/li>\n<li>Promou l&#8217;educaci\u00f3 lenta.<\/li>\n<li>\u00c9s emocionalment positiva.<\/li>\n<li>Afavoridora del moviment dels infants durant els primers anys.<\/li>\n<li>Treballa conjuntament amb les fam\u00edlies.<\/li>\n<\/ul>\n<p><strong>PAPER DEL\u00a0PROFESSORAT<\/strong><\/p>\n<ul>\n<li>Crea en els alumnes expectatives de futur i de participaci\u00f3.<\/li>\n<li>Est\u00e0 al seu costat com a punt de refer\u00e8ncia.<\/li>\n<li>Refor\u00e7a l&#8217;autonomia del nen\/a de forma neutra.<\/li>\n<li>D\u00f3na missatges positius.\u00a0Els anima en tot moment.<\/li>\n<li>Recull i\/o introdueix temes que ajudin a entendre la pr\u00f2pia realitat i que recullin les inquietuds dels alumnes.<\/li>\n<li>Aplica estrat\u00e8gies per atendre la diversitat de la classe a fi de no augmentar les difer\u00e8ncies.<\/li>\n<li>Potencia la participaci\u00f3 del l&#8217;alumnat en les decisions de la classe i els fa copart\u00edcips dels diferents temes que poden tractar.<\/li>\n<li>S&#8217;esfor\u00e7a\u00a0per entendre les noves situacions, les seves problem\u00e0tiques personals i les coses que atrauen als infants.<\/li>\n<li>Opta per la simpatia, l&#8217;estima, la tendresa &#8230; vers els\u00a0infants en situacions de conflicte, tot acompanyant i mediant en els seus problemes.<\/li>\n<li>T\u00e9\u00a0una gran flexibilitat pel canvi, i sap adaptar-s&#8217;hi.<\/li>\n<li>No refusa mai cap problema, per insignificant que\u00a0li sembli i\u00a0li d\u00f3na\u00a0sortida.<\/li>\n<li>Observa i percep qu\u00e8 passa a l\u2019aula, amb els infants.<\/li>\n<li>Confia en l&#8217;alumnat.<\/li>\n<li>No\u00a0s&#8217;anticipa a les necessitats de l&#8217;alumnat.<\/li>\n<li>Sap estar.<\/li>\n<li>Reconeix el treball fet.<\/li>\n<li>Posa l\u00edmits amb els\/les alumnes i\u00a0tot fent-los part\u00edcips i de manera consensuada.<\/li>\n<\/ul>\n<p><strong>PAPER DE L&#8217; ALUMNAT<\/strong><\/p>\n<ul>\n<li>Crea el seu propi aprenentatge, \u00e9s l\u2019alumnat el que apr\u00e8n i el que fa que aquest aprenentatge sigui actiu i competencial.<\/li>\n<li>Sap conviure dins de la comunitat per enriquir-la positivament amb les seves intervencions.<\/li>\n<li>Participa en l\u2019organitzaci\u00f3 de l\u2019escola.<\/li>\n<li>\u00c9s capa\u00e7 d\u2019expressar les seves opinions i prefer\u00e8ncies, fomentar i desenvolupar la creativitat, tenir esperit cr\u00edtic i actituds de respecte vers els altres.<\/li>\n<li>Coneix i actua de manera respectuosa envers un mateix i els altres.<\/li>\n<li>Adquireix h\u00e0bits d\u2019aprenentatge i \u00e9s cur\u00f3s en el seu treball.<\/li>\n<li>Adquireix diferents h\u00e0bits\u00a0personals\u00a0(higiene, ordre, h\u00e0bits posturals, &#8230;).<\/li>\n<\/ul>\n","protected":false},"excerpt":{"rendered":"<p>EL PAPER DE LES ESCOLES DE LA ZER La ZER promou l&#8217;educaci\u00f3 c\u00edvica, que inclou l&#8217;aprendre a con\u00e8ixer, a ser, a fer i a conviure. Transmet i crea\u00a0 coneixements, afavorint situacions que ajudin al creixement personal i cognitiu. Fomenta l\u2019esperit de superaci\u00f3 mitjan\u00e7ant la voluntat i l\u2019esfor\u00e7. Prepara pel present i pel futur. Educa en [&hellip;]<\/p>\n","protected":false},"author":1,"featured_media":0,"parent":19,"menu_order":40,"comment_status":"closed","ping_status":"closed","template":"page-templates\/side-menu.php","meta":{"_bbp_topic_count":0,"_bbp_reply_count":0,"_bbp_total_topic_count":0,"_bbp_total_reply_count":0,"_bbp_voice_count":0,"_bbp_anonymous_reply_count":0,"_bbp_topic_count_hidden":0,"_bbp_reply_count_hidden":0,"_bbp_forum_subforum_count":0,"site-sidebar-layout":"default","site-content-layout":"","ast-site-content-layout":"default","site-content-style":"default","site-sidebar-style":"default","ast-global-header-display":"","ast-banner-title-visibility":"","ast-main-header-display":"","ast-hfb-above-header-display":"","ast-hfb-below-header-display":"","ast-hfb-mobile-header-display":"","site-post-title":"","ast-breadcrumbs-content":"","ast-featured-img":"","footer-sml-layout":"","theme-transparent-header-meta":"","adv-header-id-meta":"","stick-header-meta":"","header-above-stick-meta":"","header-main-stick-meta":"","header-below-stick-meta":"","astra-migrate-meta-layouts":"set","ast-page-background-enabled":"default","ast-page-background-meta":{"desktop":{"background-color":"var(--ast-global-color-4)","background-image":"","background-repeat":"repeat","background-position":"center center","background-size":"auto","background-attachment":"scroll","background-type":"","background-media":"","overlay-type":"","overlay-color":"","overlay-opacity":"","overlay-gradient":""},"tablet":{"background-color":"","background-image":"","background-repeat":"repeat","background-position":"center center","background-size":"auto","background-attachment":"scroll","background-type":"","background-media":"","overlay-type":"","overlay-color":"","overlay-opacity":"","overlay-gradient":""},"mobile":{"background-color":"","background-image":"","background-repeat":"repeat","background-position":"center center","background-size":"auto","background-attachment":"scroll","background-type":"","background-media":"","overlay-type":"","overlay-color":"","overlay-opacity":"","overlay-gradient":""}},"ast-content-background-meta":{"desktop":{"background-color":"var(--ast-global-color-5)","background-image":"","background-repeat":"repeat","background-position":"center center","background-size":"auto","background-attachment":"scroll","background-type":"","background-media":"","overlay-type":"","overlay-color":"","overlay-opacity":"","overlay-gradient":""},"tablet":{"background-color":"var(--ast-global-color-5)","background-image":"","background-repeat":"repeat","background-position":"center center","background-size":"auto","background-attachment":"scroll","background-type":"","background-media":"","overlay-type":"","overlay-color":"","overlay-opacity":"","overlay-gradient":""},"mobile":{"background-color":"var(--ast-global-color-5)","background-image":"","background-repeat":"repeat","background-position":"center center","background-size":"auto","background-attachment":"scroll","background-type":"","background-media":"","overlay-type":"","overlay-color":"","overlay-opacity":"","overlay-gradient":""}},"footnotes":""},"class_list":["post-297","page","type-page","status-publish","hentry"],"post_mailing_queue_ids":[],"_links":{"self":[{"href":"https:\/\/agora.xtec.cat\/zerlasegarra\/wp-json\/wp\/v2\/pages\/297","targetHints":{"allow":["GET"]}}],"collection":[{"href":"https:\/\/agora.xtec.cat\/zerlasegarra\/wp-json\/wp\/v2\/pages"}],"about":[{"href":"https:\/\/agora.xtec.cat\/zerlasegarra\/wp-json\/wp\/v2\/types\/page"}],"author":[{"embeddable":true,"href":"https:\/\/agora.xtec.cat\/zerlasegarra\/wp-json\/wp\/v2\/users\/1"}],"replies":[{"embeddable":true,"href":"https:\/\/agora.xtec.cat\/zerlasegarra\/wp-json\/wp\/v2\/comments?post=297"}],"version-history":[{"count":5,"href":"https:\/\/agora.xtec.cat\/zerlasegarra\/wp-json\/wp\/v2\/pages\/297\/revisions"}],"predecessor-version":[{"id":10541,"href":"https:\/\/agora.xtec.cat\/zerlasegarra\/wp-json\/wp\/v2\/pages\/297\/revisions\/10541"}],"up":[{"embeddable":true,"href":"https:\/\/agora.xtec.cat\/zerlasegarra\/wp-json\/wp\/v2\/pages\/19"}],"wp:attachment":[{"href":"https:\/\/agora.xtec.cat\/zerlasegarra\/wp-json\/wp\/v2\/media?parent=297"}],"curies":[{"name":"wp","href":"https:\/\/api.w.org\/{rel}","templated":true}]}}