{"id":268,"date":"2015-07-20T13:09:24","date_gmt":"2015-07-20T12:09:24","guid":{"rendered":"http:\/\/agora.xtec.cat\/zerlasegarra\/?page_id=268"},"modified":"2022-11-16T17:28:39","modified_gmt":"2022-11-16T16:28:39","slug":"escola-gamma","status":"publish","type":"page","link":"https:\/\/agora.xtec.cat\/zerlasegarra\/escola-gamma\/","title":{"rendered":"Escola de Sana\u00fcja"},"content":{"rendered":"<p><a href=\"https:\/\/agora.xtec.cat\/zerlasegarra\/wp-content\/uploads\/usu1574\/2021\/11\/CollageMaker_20210715_103622414.jpg\"><img loading=\"lazy\" decoding=\"async\" class=\"wp-image-7101 alignleft\" src=\"https:\/\/agora.xtec.cat\/zerlasegarra\/wp-content\/uploads\/usu1574\/2021\/11\/CollageMaker_20210715_103622414-819x1024.jpg\" alt=\"\" width=\"400\" height=\"500\" srcset=\"https:\/\/agora.xtec.cat\/zerlasegarra\/wp-content\/uploads\/usu1574\/2021\/11\/CollageMaker_20210715_103622414-819x1024.jpg 819w, https:\/\/agora.xtec.cat\/zerlasegarra\/wp-content\/uploads\/usu1574\/2021\/11\/CollageMaker_20210715_103622414-240x300.jpg 240w, https:\/\/agora.xtec.cat\/zerlasegarra\/wp-content\/uploads\/usu1574\/2021\/11\/CollageMaker_20210715_103622414-768x960.jpg 768w, https:\/\/agora.xtec.cat\/zerlasegarra\/wp-content\/uploads\/usu1574\/2021\/11\/CollageMaker_20210715_103622414-1229x1536.jpg 1229w, https:\/\/agora.xtec.cat\/zerlasegarra\/wp-content\/uploads\/usu1574\/2021\/11\/CollageMaker_20210715_103622414.jpg 1280w\" sizes=\"auto, (max-width: 400px) 100vw, 400px\" \/><\/a><\/p>\n<h3><em><strong>Benvinguts a la p\u00e0gina de l&#8217;Escola de Sana\u00fcja <\/strong><\/em>(ZER la Segarra)<\/h3>\n<ul>\n<li>L\u2019escola t\u00e9 un\u00a0 l\u2019edifici de cinc aules distribu\u00efdes de la seg\u00fcent manera:<\/li>\n<li>Una per la Llar d&#8217;infans (menuts)<\/li>\n<li>Una per Educaci\u00f3 Infantil (petits)<\/li>\n<li>Una per Educaci\u00f3 Prim\u00e0ria (grans)<\/li>\n<li>Una aula d&#8217;art, on anem a fer els tallers de pl\u00e0stica, la m\u00fasica, el teatre&#8230;, a m\u00e9s d&#8217;altres desdoblaments puntuals.<\/li>\n<li>Una que utilitzem per desdoblament de grups, biblioteca, ambients&#8230;<\/li>\n<\/ul>\n<p>Disposem, tamb\u00e9, de servei de menjador amb c\u00e0tering de l\u00ednia calenta. <span style=\"font-family: inherit; font-size: 1em;\">L\u2019escola compta amb tres docents tutors i quatre mestres itinerants. L\u2019escola pertany a la ZER la Segarra formada per tres escoles; l&#8217;Escola Vall Ondara (Hostalets) i l&#8217;Escola de Les\u00a0 \u00a0 \u00a0 \u00a0 \u00a0 \u00a0 \u00a0Pallargues (Els Plans de Si\u00f3).\u00a0<\/span><\/p>\n<h4 style=\"text-align: center;\"><span style=\"color: #cc99ff;\"><em><strong>Amb molta il\u00b7lusi\u00f3 i ganes de divertir-nos tot aprenent, anem fent cam\u00ed!<\/strong><\/em><\/span><\/h4>\n","protected":false},"excerpt":{"rendered":"<p>Benvinguts a la p\u00e0gina de l&#8217;Escola de Sana\u00fcja (ZER la Segarra) L\u2019escola t\u00e9 un\u00a0 l\u2019edifici de cinc aules distribu\u00efdes de la seg\u00fcent manera: Una per la Llar d&#8217;infans (menuts) Una per Educaci\u00f3 Infantil (petits) Una per Educaci\u00f3 Prim\u00e0ria (grans) Una aula d&#8217;art, on anem a fer els tallers de pl\u00e0stica, la m\u00fasica, el teatre&#8230;, a [&hellip;]<\/p>\n","protected":false},"author":1,"featured_media":0,"parent":0,"menu_order":0,"comment_status":"closed","ping_status":"closed","template":"page-templates\/side-menu.php","meta":{"_bbp_topic_count":0,"_bbp_reply_count":0,"_bbp_total_topic_count":0,"_bbp_total_reply_count":0,"_bbp_voice_count":0,"_bbp_anonymous_reply_count":0,"_bbp_topic_count_hidden":0,"_bbp_reply_count_hidden":0,"_bbp_forum_subforum_count":0,"site-sidebar-layout":"default","site-content-layout":"","ast-site-content-layout":"","site-content-style":"default","site-sidebar-style":"default","ast-global-header-display":"","ast-banner-title-visibility":"","ast-main-header-display":"","ast-hfb-above-header-display":"","ast-hfb-below-header-display":"","ast-hfb-mobile-header-display":"","site-post-title":"","ast-breadcrumbs-content":"","ast-featured-img":"","footer-sml-layout":"","theme-transparent-header-meta":"","adv-header-id-meta":"","stick-header-meta":"","header-above-stick-meta":"","header-main-stick-meta":"","header-below-stick-meta":"","astra-migrate-meta-layouts":"default","ast-page-background-enabled":"default","ast-page-background-meta":{"desktop":{"background-color":"var(--ast-global-color-4)","background-image":"","background-repeat":"repeat","background-position":"center center","background-size":"auto","background-attachment":"scroll","background-type":"","background-media":"","overlay-type":"","overlay-color":"","overlay-opacity":"","overlay-gradient":""},"tablet":{"background-color":"","background-image":"","background-repeat":"repeat","background-position":"center center","background-size":"auto","background-attachment":"scroll","background-type":"","background-media":"","overlay-type":"","overlay-color":"","overlay-opacity":"","overlay-gradient":""},"mobile":{"background-color":"","background-image":"","background-repeat":"repeat","background-position":"center center","background-size":"auto","background-attachment":"scroll","background-type":"","background-media":"","overlay-type":"","overlay-color":"","overlay-opacity":"","overlay-gradient":""}},"ast-content-background-meta":{"desktop":{"background-color":"var(--ast-global-color-5)","background-image":"","background-repeat":"repeat","background-position":"center center","background-size":"auto","background-attachment":"scroll","background-type":"","background-media":"","overlay-type":"","overlay-color":"","overlay-opacity":"","overlay-gradient":""},"tablet":{"background-color":"var(--ast-global-color-5)","background-image":"","background-repeat":"repeat","background-position":"center center","background-size":"auto","background-attachment":"scroll","background-type":"","background-media":"","overlay-type":"","overlay-color":"","overlay-opacity":"","overlay-gradient":""},"mobile":{"background-color":"var(--ast-global-color-5)","background-image":"","background-repeat":"repeat","background-position":"center center","background-size":"auto","background-attachment":"scroll","background-type":"","background-media":"","overlay-type":"","overlay-color":"","overlay-opacity":"","overlay-gradient":""}},"footnotes":""},"class_list":["post-268","page","type-page","status-publish","hentry"],"post_mailing_queue_ids":[],"_links":{"self":[{"href":"https:\/\/agora.xtec.cat\/zerlasegarra\/wp-json\/wp\/v2\/pages\/268","targetHints":{"allow":["GET"]}}],"collection":[{"href":"https:\/\/agora.xtec.cat\/zerlasegarra\/wp-json\/wp\/v2\/pages"}],"about":[{"href":"https:\/\/agora.xtec.cat\/zerlasegarra\/wp-json\/wp\/v2\/types\/page"}],"author":[{"embeddable":true,"href":"https:\/\/agora.xtec.cat\/zerlasegarra\/wp-json\/wp\/v2\/users\/1"}],"replies":[{"embeddable":true,"href":"https:\/\/agora.xtec.cat\/zerlasegarra\/wp-json\/wp\/v2\/comments?post=268"}],"version-history":[{"count":4,"href":"https:\/\/agora.xtec.cat\/zerlasegarra\/wp-json\/wp\/v2\/pages\/268\/revisions"}],"predecessor-version":[{"id":8040,"href":"https:\/\/agora.xtec.cat\/zerlasegarra\/wp-json\/wp\/v2\/pages\/268\/revisions\/8040"}],"wp:attachment":[{"href":"https:\/\/agora.xtec.cat\/zerlasegarra\/wp-json\/wp\/v2\/media?parent=268"}],"curies":[{"name":"wp","href":"https:\/\/api.w.org\/{rel}","templated":true}]}}