{"id":264,"date":"2015-07-20T13:06:26","date_gmt":"2015-07-20T12:06:26","guid":{"rendered":"http:\/\/agora.xtec.cat\/zerlasegarra\/?page_id=264"},"modified":"2025-07-05T20:58:23","modified_gmt":"2025-07-05T18:58:23","slug":"escola-les-pallargues","status":"publish","type":"page","link":"https:\/\/agora.xtec.cat\/zerlasegarra\/escola-les-pallargues\/","title":{"rendered":"Escola de les Pallargues"},"content":{"rendered":"\n<p>&nbsp;<\/p>\n\n\n\n<figure class=\"wp-block-embed is-type-video is-provider-youtube wp-block-embed-youtube wp-embed-aspect-16-9 wp-has-aspect-ratio\"><div class=\"wp-block-embed__wrapper\">\n<div class=\"ast-oembed-container \" style=\"height: 100%;\"><iframe loading=\"lazy\" title=\"BENVINGUTS A L&#039;ESCOLA DE LES PALLARGUES\" width=\"500\" height=\"281\" src=\"https:\/\/www.youtube.com\/embed\/hXmmJqehFBM?feature=oembed\" frameborder=\"0\" allow=\"accelerometer; autoplay; clipboard-write; encrypted-media; gyroscope; picture-in-picture; web-share\" referrerpolicy=\"strict-origin-when-cross-origin\" allowfullscreen><\/iframe><\/div>\n<\/div><\/figure>\n\n\n\n<p>&nbsp;<\/p>\n\n\n\n<p><em><strong>L\u2019escola de Les Pallargues<\/strong><\/em> pertany al municipi de Plans de Si\u00f3 (La Segarra). Hi acudeixen alumnes dels pobles de Sister\u00f3, Les Pallargues, Moncort\u00e9s, Concabella , Pelagalls, Mont-roig, Hostafrancs, Sed\u00f3, la Figuerosa i Riber. L\u2019escola ocupa &nbsp;l\u2019edifici de l\u2019Ajuntament de les Pallargues.<\/p>\n\n\n\n<p>L\u2019escola pertany a la ZER la Segarra formada per dues escoles m\u00e9s, l&#8217;Escola de Sana\u00fcja i l&#8217;Escola Vall Ondara.<\/p>\n\n\n\n<p class=\"western\"><span style=\"font-family: Arial, serif;\"><span style=\"font-size: medium;\">Els aspectes m\u00e9s destacats que caracteritzen el treball a les aules i a l\u2019escola en general s\u00f3n:&nbsp;<\/span><\/span><\/p>\n\n\n\n<p class=\"western\"><span style=\"font-family: Arial, serif;\"><span style=\"font-size: medium;\"> La llengua catalana \u00e9s la vehicular i d\u2019aprenentatge de l\u2019escola. <\/span><\/span><span style=\"font-size: medium; font-family: Arial, serif;\">Potenciem l\u2019\u00fas comunicatiu i funcional, alhora que vetllem pel coneixement i domini de totes les lleng\u00fces curriculars. Creiem que l\u2019educaci\u00f3 \u00e9s un fet que abarca diferents aspectes que contribueixen al desenvolupament integral dels infants, per aix\u00f2 tenim molt en compte la part emocional i humana, intel\u00b7lectual, i d\u2019actitud i valors. <\/span><\/p>\n\n\n\n<p class=\"western\"><span style=\"font-size: medium; font-family: Arial, serif;\">Prioritzem el treball d\u2019educaci\u00f3 emocional i de valors per ajudar al desenvolupament d\u2019unes compet\u00e8ncies socials que afavoreixin el benestar, la felicitat i la conviv\u00e8ncia positiva amb el grup. Per a la resoluci\u00f3 de conflictes veiem b\u00e0sic treballar el bon di\u00e0leg i la toler\u00e0ncia, i aix\u00ed permetre una conviv\u00e8ncia respectuosa, d\u2019igualtat i integradora. <\/span><\/p>\n\n\n\n<p class=\"western\"><span style=\"font-size: medium; font-family: Arial, serif;\">Els infants han de ser els protagonistes del seu propi aprenentatge promovent una actitud investigadora, reflexiva i cr\u00edtica.<\/span><\/p>\n\n\n\n<p class=\"western\"><span style=\"font-family: Arial, serif;\"><span style=\"font-size: medium;\">Cal sempre respectar els diferents ritmes d\u2019aprenentatge i fomentar la cooperaci\u00f3 i el treball en equip. Hem d\u2019aprofitar el fet que siguem una escola petita per establir uns vincles entre fam\u00edlia i escola que afavoreixin un proc\u00e9s d\u2019aprenentatge integral. <\/span><\/span><\/p>\n\n\n\n<p class=\"western\"><span style=\"font-family: Arial, serif;\"><span style=\"font-size: medium;\">Volem que l\u2019escola es converteixi en un espai de participaci\u00f3 on tothom pot trobar un lloc per col\u00b7laborar. <\/span><\/span><\/p>\n\n\n\n<p class=\"western\"><span style=\"font-family: Arial, serif;\"><span style=\"font-size: medium;\">Ens agrada fer treball per projectes, tant propis del grup com interdisciplinaris on involucren tots els alumnes de l\u2019escola. Tamb\u00e9 fem treball per racons, tallers internivell, ambients, entre altres activitats que considerem d\u2019\u00e8xit. <\/span><\/span><\/p>\n\n\n\n<p class=\"western\"><span style=\"font-family: Arial, serif;\"><span style=\"font-size: medium;\">Pretenem estimular els valors propis d\u2019una societat democr\u00e0tica: esperit cr\u00edtic i creatiu, responsabilitat, participaci\u00f3, saber pensar i raonar, ser coherent, l\u2019esfor\u00e7 personal i de grup, l\u2019inter\u00e8s i el gust per aprendre a aprendre, la solidaritat, la cooperaci\u00f3 i l\u2019actitud per compartir, l\u2019empatia, l\u2019acceptaci\u00f3 de la diversitat i els respecte als altres, l\u2019actitud de di\u00e0leg i la capacitat de comunicaci\u00f3, el respecte i la defensa de la natura, dels materials i dels objectes i el desig de millorar el m\u00f3n. Aquests valors s\u00f3n b\u00e0sics i els hem de tenir presents sempre durant la formaci\u00f3 dels nostres alumnes.<\/span><\/span><\/p>\n","protected":false},"excerpt":{"rendered":"<p>&nbsp; &nbsp; L\u2019escola de Les Pallargues pertany al municipi de Plans de Si\u00f3 (La Segarra). Hi acudeixen alumnes dels pobles de Sister\u00f3, Les Pallargues, Moncort\u00e9s, Concabella , Pelagalls, Mont-roig, Hostafrancs, Sed\u00f3, la Figuerosa i Riber. L\u2019escola ocupa &nbsp;l\u2019edifici de l\u2019Ajuntament de les Pallargues. L\u2019escola pertany a la ZER la Segarra formada per dues escoles m\u00e9s, [&hellip;]<\/p>\n","protected":false},"author":1,"featured_media":0,"parent":0,"menu_order":0,"comment_status":"closed","ping_status":"closed","template":"","meta":{"_bbp_topic_count":0,"_bbp_reply_count":0,"_bbp_total_topic_count":0,"_bbp_total_reply_count":0,"_bbp_voice_count":0,"_bbp_anonymous_reply_count":0,"_bbp_topic_count_hidden":0,"_bbp_reply_count_hidden":0,"_bbp_forum_subforum_count":0,"site-sidebar-layout":"left-sidebar","site-content-layout":"","ast-site-content-layout":"default","site-content-style":"default","site-sidebar-style":"default","ast-global-header-display":"","ast-banner-title-visibility":"","ast-main-header-display":"","ast-hfb-above-header-display":"","ast-hfb-below-header-display":"","ast-hfb-mobile-header-display":"","site-post-title":"","ast-breadcrumbs-content":"","ast-featured-img":"","footer-sml-layout":"","theme-transparent-header-meta":"","adv-header-id-meta":"","stick-header-meta":"","header-above-stick-meta":"","header-main-stick-meta":"","header-below-stick-meta":"","astra-migrate-meta-layouts":"set","ast-page-background-enabled":"default","ast-page-background-meta":{"desktop":{"background-color":"var(--ast-global-color-4)","background-image":"","background-repeat":"repeat","background-position":"center center","background-size":"auto","background-attachment":"scroll","background-type":"","background-media":"","overlay-type":"","overlay-color":"","overlay-opacity":"","overlay-gradient":""},"tablet":{"background-color":"","background-image":"","background-repeat":"repeat","background-position":"center center","background-size":"auto","background-attachment":"scroll","background-type":"","background-media":"","overlay-type":"","overlay-color":"","overlay-opacity":"","overlay-gradient":""},"mobile":{"background-color":"","background-image":"","background-repeat":"repeat","background-position":"center center","background-size":"auto","background-attachment":"scroll","background-type":"","background-media":"","overlay-type":"","overlay-color":"","overlay-opacity":"","overlay-gradient":""}},"ast-content-background-meta":{"desktop":{"background-color":"var(--ast-global-color-5)","background-image":"","background-repeat":"repeat","background-position":"center center","background-size":"auto","background-attachment":"scroll","background-type":"","background-media":"","overlay-type":"","overlay-color":"","overlay-opacity":"","overlay-gradient":""},"tablet":{"background-color":"var(--ast-global-color-5)","background-image":"","background-repeat":"repeat","background-position":"center center","background-size":"auto","background-attachment":"scroll","background-type":"","background-media":"","overlay-type":"","overlay-color":"","overlay-opacity":"","overlay-gradient":""},"mobile":{"background-color":"var(--ast-global-color-5)","background-image":"","background-repeat":"repeat","background-position":"center center","background-size":"auto","background-attachment":"scroll","background-type":"","background-media":"","overlay-type":"","overlay-color":"","overlay-opacity":"","overlay-gradient":""}},"footnotes":""},"class_list":["post-264","page","type-page","status-publish","hentry"],"post_mailing_queue_ids":[],"_links":{"self":[{"href":"https:\/\/agora.xtec.cat\/zerlasegarra\/wp-json\/wp\/v2\/pages\/264","targetHints":{"allow":["GET"]}}],"collection":[{"href":"https:\/\/agora.xtec.cat\/zerlasegarra\/wp-json\/wp\/v2\/pages"}],"about":[{"href":"https:\/\/agora.xtec.cat\/zerlasegarra\/wp-json\/wp\/v2\/types\/page"}],"author":[{"embeddable":true,"href":"https:\/\/agora.xtec.cat\/zerlasegarra\/wp-json\/wp\/v2\/users\/1"}],"replies":[{"embeddable":true,"href":"https:\/\/agora.xtec.cat\/zerlasegarra\/wp-json\/wp\/v2\/comments?post=264"}],"version-history":[{"count":4,"href":"https:\/\/agora.xtec.cat\/zerlasegarra\/wp-json\/wp\/v2\/pages\/264\/revisions"}],"predecessor-version":[{"id":9811,"href":"https:\/\/agora.xtec.cat\/zerlasegarra\/wp-json\/wp\/v2\/pages\/264\/revisions\/9811"}],"wp:attachment":[{"href":"https:\/\/agora.xtec.cat\/zerlasegarra\/wp-json\/wp\/v2\/media?parent=264"}],"curies":[{"name":"wp","href":"https:\/\/api.w.org\/{rel}","templated":true}]}}