{"id":258,"date":"2015-07-20T12:40:06","date_gmt":"2015-07-20T11:40:06","guid":{"rendered":"http:\/\/agora.xtec.cat\/zerlasegarra\/?page_id=258"},"modified":"2024-10-04T11:56:24","modified_gmt":"2024-10-04T09:56:24","slug":"qui-som","status":"publish","type":"page","link":"https:\/\/agora.xtec.cat\/zerlasegarra\/zer\/qui-som\/","title":{"rendered":"Qui som"},"content":{"rendered":"<p>&nbsp;<\/p>\n<p>La ZER La Segarra va n\u00e9ixer el curs 1989-90. Va ser una de les pioneres en aquest tipus d&#8217;organitzaci\u00f3 juntament amb dues ZERs m\u00e9s.<\/p>\n<p style=\"text-align: justify;\">En un principi agrupava les 9 escoles rurals que hi havia a la comarca. Actualment nom\u00e9s en resten 3 d&#8217;obertes ja que la resta s&#8217;han hagut de tancar per manca d&#8217;alumnat i una d&#8217;elles per increment de matricula.<\/p>\n<p>Granyena, Les Oluges, El Portell, Ivorra i Biosca s\u00f3n els centres que s&#8217;han anat tancant.<\/p>\n<p>Des del curs 2018-19 l&#8217;escola Mare de D\u00e9u de la Merc\u00e8 de Sant Ramon ja no forma part de la ZER.<\/p>\n<p>Actualment la formen els centres seg\u00fcents:<\/p>\n<p>&#8211; Escola de Les Pallargues de Els Plans de Si\u00f3.<br \/>\n&#8211; Escola de Sana\u00fcja.<br \/>\n&#8211; Escola Vall Ondara d&#8217;Hostalets.<\/p>\n<p>Totes les escoles compten amb mestres itinerants especialistes.<\/p>\n<p style=\"text-align: justify;\">Tamb\u00e9 compten amb el suport dels Serveis Educatius de la Segarra pel que fa al centre de recursos pedag\u00f2gics i EAP (psicopedagog\/a, treballador\/a social, logopeda, fisioterapeuta) i\u00a0 assessor\/a ling\u00fc\u00edstic\/a.<\/p>\n<p>A les escoles es disposa de servei de menjador i de transport; excepte Sana\u00fcja que no t\u00e9 transport.<\/p>\n<p style=\"text-align: justify;\">Cal remarcar que la ZER La Segarra \u00e9s l&#8217;\u00fanica de la comarca; per la qual cosa el seu abast geogr\u00e0fic \u00e9s molt ampli. La dist\u00e0ncia entre les dues escoles m\u00e9s llunyanes \u00e9s de 34 km.<\/p>\n","protected":false},"excerpt":{"rendered":"<p>&nbsp; La ZER La Segarra va n\u00e9ixer el curs 1989-90. Va ser una de les pioneres en aquest tipus d&#8217;organitzaci\u00f3 juntament amb dues ZERs m\u00e9s. En un principi agrupava les 9 escoles rurals que hi havia a la comarca. Actualment nom\u00e9s en resten 3 d&#8217;obertes ja que la resta s&#8217;han hagut de tancar per manca [&hellip;]<\/p>\n","protected":false},"author":1,"featured_media":0,"parent":19,"menu_order":0,"comment_status":"closed","ping_status":"closed","template":"page-templates\/side-menu.php","meta":{"_bbp_topic_count":0,"_bbp_reply_count":0,"_bbp_total_topic_count":0,"_bbp_total_reply_count":0,"_bbp_voice_count":0,"_bbp_anonymous_reply_count":0,"_bbp_topic_count_hidden":0,"_bbp_reply_count_hidden":0,"_bbp_forum_subforum_count":0,"site-sidebar-layout":"default","site-content-layout":"","ast-site-content-layout":"","site-content-style":"default","site-sidebar-style":"default","ast-global-header-display":"","ast-banner-title-visibility":"","ast-main-header-display":"","ast-hfb-above-header-display":"","ast-hfb-below-header-display":"","ast-hfb-mobile-header-display":"","site-post-title":"","ast-breadcrumbs-content":"","ast-featured-img":"","footer-sml-layout":"","theme-transparent-header-meta":"","adv-header-id-meta":"","stick-header-meta":"","header-above-stick-meta":"","header-main-stick-meta":"","header-below-stick-meta":"","astra-migrate-meta-layouts":"default","ast-page-background-enabled":"default","ast-page-background-meta":{"desktop":{"background-color":"var(--ast-global-color-4)","background-image":"","background-repeat":"repeat","background-position":"center center","background-size":"auto","background-attachment":"scroll","background-type":"","background-media":"","overlay-type":"","overlay-color":"","overlay-opacity":"","overlay-gradient":""},"tablet":{"background-color":"","background-image":"","background-repeat":"repeat","background-position":"center center","background-size":"auto","background-attachment":"scroll","background-type":"","background-media":"","overlay-type":"","overlay-color":"","overlay-opacity":"","overlay-gradient":""},"mobile":{"background-color":"","background-image":"","background-repeat":"repeat","background-position":"center center","background-size":"auto","background-attachment":"scroll","background-type":"","background-media":"","overlay-type":"","overlay-color":"","overlay-opacity":"","overlay-gradient":""}},"ast-content-background-meta":{"desktop":{"background-color":"var(--ast-global-color-5)","background-image":"","background-repeat":"repeat","background-position":"center center","background-size":"auto","background-attachment":"scroll","background-type":"","background-media":"","overlay-type":"","overlay-color":"","overlay-opacity":"","overlay-gradient":""},"tablet":{"background-color":"var(--ast-global-color-5)","background-image":"","background-repeat":"repeat","background-position":"center center","background-size":"auto","background-attachment":"scroll","background-type":"","background-media":"","overlay-type":"","overlay-color":"","overlay-opacity":"","overlay-gradient":""},"mobile":{"background-color":"var(--ast-global-color-5)","background-image":"","background-repeat":"repeat","background-position":"center center","background-size":"auto","background-attachment":"scroll","background-type":"","background-media":"","overlay-type":"","overlay-color":"","overlay-opacity":"","overlay-gradient":""}},"footnotes":""},"class_list":["post-258","page","type-page","status-publish","hentry"],"post_mailing_queue_ids":[],"_links":{"self":[{"href":"https:\/\/agora.xtec.cat\/zerlasegarra\/wp-json\/wp\/v2\/pages\/258","targetHints":{"allow":["GET"]}}],"collection":[{"href":"https:\/\/agora.xtec.cat\/zerlasegarra\/wp-json\/wp\/v2\/pages"}],"about":[{"href":"https:\/\/agora.xtec.cat\/zerlasegarra\/wp-json\/wp\/v2\/types\/page"}],"author":[{"embeddable":true,"href":"https:\/\/agora.xtec.cat\/zerlasegarra\/wp-json\/wp\/v2\/users\/1"}],"replies":[{"embeddable":true,"href":"https:\/\/agora.xtec.cat\/zerlasegarra\/wp-json\/wp\/v2\/comments?post=258"}],"version-history":[{"count":6,"href":"https:\/\/agora.xtec.cat\/zerlasegarra\/wp-json\/wp\/v2\/pages\/258\/revisions"}],"predecessor-version":[{"id":9177,"href":"https:\/\/agora.xtec.cat\/zerlasegarra\/wp-json\/wp\/v2\/pages\/258\/revisions\/9177"}],"up":[{"embeddable":true,"href":"https:\/\/agora.xtec.cat\/zerlasegarra\/wp-json\/wp\/v2\/pages\/19"}],"wp:attachment":[{"href":"https:\/\/agora.xtec.cat\/zerlasegarra\/wp-json\/wp\/v2\/media?parent=258"}],"curies":[{"name":"wp","href":"https:\/\/api.w.org\/{rel}","templated":true}]}}