{"id":813,"date":"2019-11-08T12:39:24","date_gmt":"2019-11-08T11:39:24","guid":{"rendered":"https:\/\/agora.xtec.cat\/zerlaparellada\/?page_id=813"},"modified":"2026-02-06T09:23:45","modified_gmt":"2026-02-06T08:23:45","slug":"documents","status":"publish","type":"page","link":"https:\/\/agora.xtec.cat\/zerlaparellada\/escolapontarmentera\/documents\/","title":{"rendered":"Documents"},"content":{"rendered":"<p>Programaci\u00f3 general Anual 25\/26<\/p>\n<p><iframe loading=\"lazy\" src=\"https:\/\/drive.google.com\/file\/d\/1IIODiA3xbW50j-v4diMIoyqztdKvDIuZ\/preview\" width=\"640\" height=\"480\"><\/iframe><\/p>\n<div>CERTIFICAT APORTACI\u00d3 ECON\u00d2MICA DE LES FAM\u00cdLIES<\/div>\n<div><\/div>\n<p><iframe loading=\"lazy\" src=\"https:\/\/drive.google.com\/file\/d\/1UXieA2_2G76abMjleLGAHXkQja9Dj-rl\/preview\" width=\"640\" height=\"480\"><\/iframe><\/p>\n<p>&nbsp;<\/p>\n<div style=\"margin-bottom: 5px;\">CERTIFICAT DELS ACORDS PRESOS EN CONSELL ESCOLAR<\/div>\n<div><\/div>\n<p><iframe loading=\"lazy\" src=\"https:\/\/drive.google.com\/file\/d\/1uj4Se6ZS1R5CQnbMI0feslom6b2mnj-x\/preview\" width=\"640\" height=\"480\"><\/iframe><\/p>\n","protected":false},"excerpt":{"rendered":"<p>Programaci\u00f3 general Anual 25\/26<\/p>\n<p>CERTIFICAT APORTACI\u00d3 ECON\u00d2MICA DE LES FAM\u00cdLIES<\/p>\n<p>&nbsp;<br \/>\nCERTIFICAT DELS ACORDS PRESOS EN CONSELL ESCOLAR<\/p>\n","protected":false},"author":1,"featured_media":0,"parent":270,"menu_order":9,"comment_status":"closed","ping_status":"closed","template":"page-templates\/side-menu.php","meta":{"_bbp_topic_count":0,"_bbp_reply_count":0,"_bbp_total_topic_count":0,"_bbp_total_reply_count":0,"_bbp_voice_count":0,"_bbp_anonymous_reply_count":0,"_bbp_topic_count_hidden":0,"_bbp_reply_count_hidden":0,"_bbp_forum_subforum_count":0,"footnotes":""},"class_list":["post-813","page","type-page","status-publish","hentry"],"post_mailing_queue_ids":[],"_links":{"self":[{"href":"https:\/\/agora.xtec.cat\/zerlaparellada\/wp-json\/wp\/v2\/pages\/813","targetHints":{"allow":["GET"]}}],"collection":[{"href":"https:\/\/agora.xtec.cat\/zerlaparellada\/wp-json\/wp\/v2\/pages"}],"about":[{"href":"https:\/\/agora.xtec.cat\/zerlaparellada\/wp-json\/wp\/v2\/types\/page"}],"author":[{"embeddable":true,"href":"https:\/\/agora.xtec.cat\/zerlaparellada\/wp-json\/wp\/v2\/users\/1"}],"replies":[{"embeddable":true,"href":"https:\/\/agora.xtec.cat\/zerlaparellada\/wp-json\/wp\/v2\/comments?post=813"}],"version-history":[{"count":7,"href":"https:\/\/agora.xtec.cat\/zerlaparellada\/wp-json\/wp\/v2\/pages\/813\/revisions"}],"predecessor-version":[{"id":1628,"href":"https:\/\/agora.xtec.cat\/zerlaparellada\/wp-json\/wp\/v2\/pages\/813\/revisions\/1628"}],"up":[{"embeddable":true,"href":"https:\/\/agora.xtec.cat\/zerlaparellada\/wp-json\/wp\/v2\/pages\/270"}],"wp:attachment":[{"href":"https:\/\/agora.xtec.cat\/zerlaparellada\/wp-json\/wp\/v2\/media?parent=813"}],"curies":[{"name":"wp","href":"https:\/\/api.w.org\/{rel}","templated":true}]}}