{"id":784,"date":"2019-11-08T12:34:10","date_gmt":"2019-11-08T11:34:10","guid":{"rendered":"https:\/\/agora.xtec.cat\/zerlaparellada\/?page_id=784"},"modified":"2023-06-16T16:27:04","modified_gmt":"2023-06-16T14:27:04","slug":"serveis","status":"publish","type":"page","link":"https:\/\/agora.xtec.cat\/zerlaparellada\/escolafigueroladelcamp\/serveis\/","title":{"rendered":"Serveis"},"content":{"rendered":"<p><strong>LA LLAR D&#8217;INFANTS<\/strong><\/p>\n<p>La Llar d\u2019infants de Figuerola del Camp forma part, des del curs 2016-2017, del Pla Experimental del Departament d\u2019Educaci\u00f3, on s\u2019inclou el primer cicle de l\u2019educaci\u00f3 infantil a les escoles rurals.<\/p>\n<p><strong style=\"font-family: inherit; font-size: 1em;\"><u>Oferim una atenci\u00f3 educativa a infants des de l\u2019any fins als tres anys.<\/u><\/strong><\/p>\n<p>La primera inf\u00e0ncia \u00e9s una etapa de grans canvis i on es desenvolupen m\u00e9s les capacitats de les nenes i els nens, \u00e9s per aquesta ra\u00f3 que a la Llar d\u2019infants treballem per afavorir el desenvolupament motor, cognitiu, ling\u00fc\u00edstic i emocional dels infants; al mateix temps que treballem tamb\u00e9 per assolir al m\u00e0xim d\u2019h\u00e0bits d\u2019autonomia personal i higiene corresponents a la seva edat.<\/p>\n<p>La nostra <strong>metodologia<\/strong> es basa en oferir als infants:<\/p>\n<ul>\n<li>Activitats de descoberta, d\u2019observaci\u00f3 i d\u2019experimentaci\u00f3.<\/li>\n<li>Activitats de comunicaci\u00f3 a trav\u00e9s de diferents llenguatges, com el pl\u00e0stic, el musical i el matem\u00e0tic.<\/li>\n<li>El treball de les festes, costums tradicionals i folklore.<\/li>\n<li>Activitats per afavorir el desenvolupament psicomotriu.<\/li>\n<li>El treball d\u2019h\u00e0bits, sobretot amb els d\u2019alimentaci\u00f3, higiene i descans.<\/li>\n<li>La relaci\u00f3 i el treball conjunt amb la fam\u00edlia.<\/li>\n<\/ul>\n<p>El <strong>serveis<\/strong> que ofereix la Llar d\u2019infants s\u00f3n el de servei escolar i servei de dormitori:<\/p>\n<p>&#8211; Servei escolar: de 8:45h a 12:30h i de 15h a 16:30h<\/p>\n<p>&#8211; Servei de menjador: de 12h a 13h; de 12h a 15h (dormitori)<\/p>\n<p>El <strong>calendari<\/strong> escolar de la Llar \u00e9s el mateix que el de l\u2019escola.<\/p>\n<p>El <strong>preu mensual<\/strong> \u00e9s de 118 euros, sense la necessitat de fer cap pagament de matr\u00edcula ni de monitoratge de menjador. El cobrament el realitza l\u2019Ajuntament de Figuerola del Camp.<\/p>\n<p>Si ens voleu con\u00e8ixer amb m\u00e9s profunditat, no dubteu en contactar amb nosaltres.<\/p>\n\r\n\t<div class=\"slideshow_container slideshow_container_style-light\" style=\" \" data-slideshow-id=\"1116\" data-style-name=\"style-light\" data-style-version=\"2.3.1\" >\r\n\r\n\t\t\t\t\t<div class=\"slideshow_loading_icon\"><\/div>\r\n\t\t\r\n\t\t<div class=\"slideshow_content\" style=\"display: none;\">\r\n\r\n\t\t\t<div class=\"slideshow_view\">\r\n\t\t\t\t<div class=\"slideshow_slide slideshow_slide_image\">\r\n\t\t\t\t\t\t\t\t\t\t\t<img src=\"https:\/\/agora.xtec.cat\/zerlaparellada\/wp-content\/uploads\/usu1216\/2021\/01\/IMG_0822.jpg\" alt=\"IMG_0822\" width=\"640\" height=\"480\" \/>\r\n\t\t\t\t\t\t\t\t\t\t<div class=\"slideshow_description_box slideshow_transparent\">\r\n\t\t\t\t\t\t<div class=\"slideshow_title\">IMG_0822<\/div>\t\t\t\t\t\t\t\t\t\t\t<\/div>\r\n\t\t\t\t<\/div>\r\n\r\n\t\t\t\t\t\t\r\n\t\t\t\t<div class=\"slideshow_slide slideshow_slide_image\">\r\n\t\t\t\t\t\t\t\t\t\t\t<img src=\"https:\/\/agora.xtec.cat\/zerlaparellada\/wp-content\/uploads\/usu1216\/2021\/01\/GOZW2331.jpg\" alt=\"GOZW2331\" width=\"1200\" height=\"1600\" \/>\r\n\t\t\t\t\t\t\t\t\t\t<div class=\"slideshow_description_box slideshow_transparent\">\r\n\t\t\t\t\t\t<div class=\"slideshow_title\">GOZW2331<\/div>\t\t\t\t\t\t\t\t\t\t\t<\/div>\r\n\t\t\t\t<\/div>\r\n\r\n\t\t\t\t\t\t<div style=\"clear: both;\"><\/div><\/div><div class=\"slideshow_view\">\r\n\t\t\t\t<div class=\"slideshow_slide slideshow_slide_image\">\r\n\t\t\t\t\t\t\t\t\t\t\t<img src=\"https:\/\/agora.xtec.cat\/zerlaparellada\/wp-content\/uploads\/usu1216\/2021\/01\/GBRE7681.jpg\" alt=\"GBRE7681\" width=\"1600\" height=\"1200\" \/>\r\n\t\t\t\t\t\t\t\t\t\t<div class=\"slideshow_description_box slideshow_transparent\">\r\n\t\t\t\t\t\t<div class=\"slideshow_title\">GBRE7681<\/div>\t\t\t\t\t\t\t\t\t\t\t<\/div>\r\n\t\t\t\t<\/div>\r\n\r\n\t\t\t\t\t\t\r\n\t\t\t\t<div class=\"slideshow_slide slideshow_slide_image\">\r\n\t\t\t\t\t\t\t\t\t\t\t<img src=\"https:\/\/agora.xtec.cat\/zerlaparellada\/wp-content\/uploads\/usu1216\/2021\/01\/NRAS7426.jpg\" alt=\"NRAS7426\" width=\"1512\" height=\"2016\" \/>\r\n\t\t\t\t\t\t\t\t\t\t<div class=\"slideshow_description_box slideshow_transparent\">\r\n\t\t\t\t\t\t<div class=\"slideshow_title\">NRAS7426<\/div>\t\t\t\t\t\t\t\t\t\t\t<\/div>\r\n\t\t\t\t<\/div>\r\n\r\n\t\t\t\t\t\t<div style=\"clear: both;\"><\/div><\/div><div class=\"slideshow_view\">\r\n\t\t\t\t<div class=\"slideshow_slide slideshow_slide_image\">\r\n\t\t\t\t\t\t\t\t\t\t\t<img src=\"https:\/\/agora.xtec.cat\/zerlaparellada\/wp-content\/uploads\/usu1216\/2021\/01\/OOOH1598.jpg\" alt=\"OOOH1598\" width=\"1600\" height=\"1200\" \/>\r\n\t\t\t\t\t\t\t\t\t\t<div class=\"slideshow_description_box slideshow_transparent\">\r\n\t\t\t\t\t\t<div class=\"slideshow_title\">OOOH1598<\/div>\t\t\t\t\t\t\t\t\t\t\t<\/div>\r\n\t\t\t\t<\/div>\r\n\r\n\t\t\t\t\t\t\r\n\t\t\t\t<div class=\"slideshow_slide slideshow_slide_image\">\r\n\t\t\t\t\t\t\t\t\t\t\t<img src=\"https:\/\/agora.xtec.cat\/zerlaparellada\/wp-content\/uploads\/usu1216\/2021\/01\/RNUM0440.jpg\" alt=\"RNUM0440\" width=\"1200\" height=\"1600\" \/>\r\n\t\t\t\t\t\t\t\t\t\t<div class=\"slideshow_description_box slideshow_transparent\">\r\n\t\t\t\t\t\t<div class=\"slideshow_title\">RNUM0440<\/div>\t\t\t\t\t\t\t\t\t\t\t<\/div>\r\n\t\t\t\t<\/div>\r\n\r\n\t\t\t\t\t\t<div style=\"clear: both;\"><\/div><\/div><div class=\"slideshow_view\">\r\n\t\t\t\t<div class=\"slideshow_slide slideshow_slide_image\">\r\n\t\t\t\t\t\t\t\t\t\t\t<img src=\"https:\/\/agora.xtec.cat\/zerlaparellada\/wp-content\/uploads\/usu1216\/2021\/01\/SLUB7161.jpg\" alt=\"SLUB7161\" width=\"1600\" height=\"1200\" \/>\r\n\t\t\t\t\t\t\t\t\t\t<div class=\"slideshow_description_box slideshow_transparent\">\r\n\t\t\t\t\t\t<div class=\"slideshow_title\">SLUB7161<\/div>\t\t\t\t\t\t\t\t\t\t\t<\/div>\r\n\t\t\t\t<\/div>\r\n\r\n\t\t\t\t\t\t\r\n\t\t\t\t<div class=\"slideshow_slide slideshow_slide_image\">\r\n\t\t\t\t\t\t\t\t\t\t\t<img src=\"https:\/\/agora.xtec.cat\/zerlaparellada\/wp-content\/uploads\/usu1216\/2021\/01\/GQQR5754.jpg\" alt=\"GQQR5754\" width=\"2016\" height=\"1512\" \/>\r\n\t\t\t\t\t\t\t\t\t\t<div class=\"slideshow_description_box slideshow_transparent\">\r\n\t\t\t\t\t\t<div class=\"slideshow_title\">GQQR5754<\/div>\t\t\t\t\t\t\t\t\t\t\t<\/div>\r\n\t\t\t\t<\/div>\r\n\r\n\t\t\t\t\t\t<div style=\"clear: both;\"><\/div><\/div><div class=\"slideshow_view\">\r\n\t\t\t\t<div class=\"slideshow_slide slideshow_slide_image\">\r\n\t\t\t\t\t\t\t\t\t\t\t<img src=\"https:\/\/agora.xtec.cat\/zerlaparellada\/wp-content\/uploads\/usu1216\/2021\/01\/FOEU6573.jpg\" alt=\"FOEU6573\" width=\"2016\" height=\"1512\" \/>\r\n\t\t\t\t\t\t\t\t\t\t<div class=\"slideshow_description_box slideshow_transparent\">\r\n\t\t\t\t\t\t<div class=\"slideshow_title\">FOEU6573<\/div>\t\t\t\t\t\t\t\t\t\t\t<\/div>\r\n\t\t\t\t<\/div>\r\n\r\n\t\t\t\t\t\t\r\n\t\t\t\t<div class=\"slideshow_slide slideshow_slide_image\">\r\n\t\t\t\t\t\t\t\t\t\t\t<img src=\"https:\/\/agora.xtec.cat\/zerlaparellada\/wp-content\/uploads\/usu1216\/2021\/01\/GMWT0500.jpg\" alt=\"GMWT0500\" width=\"2016\" height=\"1512\" \/>\r\n\t\t\t\t\t\t\t\t\t\t<div class=\"slideshow_description_box slideshow_transparent\">\r\n\t\t\t\t\t\t<div class=\"slideshow_title\">GMWT0500<\/div>\t\t\t\t\t\t\t\t\t\t\t<\/div>\r\n\t\t\t\t<\/div>\r\n\r\n\t\t\t\t\t\t<div style=\"clear: both;\"><\/div><\/div>\r\n\t\t<\/div>\r\n\r\n\t\t<div class=\"slideshow_controlPanel slideshow_transparent\" style=\"display: none;\"><ul><li class=\"slideshow_togglePlay\" data-play-text=\"Visualitza\" data-pause-text=\"Pausa\"><\/li><\/ul><\/div>\r\n\r\n\t\t<div class=\"slideshow_button slideshow_previous slideshow_transparent\" role=\"button\" data-previous-text=\"Anterior\" style=\"display: none;\"><\/div>\r\n\t\t<div class=\"slideshow_button slideshow_next slideshow_transparent\" role=\"button\" data-next-text=\"Seg\u00fcent\" style=\"display: none;\"><\/div>\r\n\r\n\t\t<div class=\"slideshow_pagination\" style=\"display: none;\" data-go-to-text=\"V\u00e9s a la diapositiva\"><div class=\"slideshow_pagination_center\"><\/div><\/div>\r\n\r\n\t\t<!-- WordPress Slideshow Version 2.3.1 -->\r\n\r\n\t\t\t<\/div>\r\n\r\n\n<p>&nbsp;<\/p>\n<p>&nbsp;<\/p>\n<p><strong>EL MENJADOR<\/strong><\/p>\n<p>El menjador \u00e9s un servei m\u00e9s que ofereix l\u2019escola que, a m\u00e9s d\u2019alimentaci\u00f3, possibilita l\u2019adquisici\u00f3 d\u2019h\u00e0bits personals i socials.<\/p>\n<p>El servei de menjador de l\u2019escola \u00e9s gestionat pel Consell Comarcal de l\u2019Alt Camp i el menjar el porta l&#8217; empresa de c\u00e0tering Aliment Art. Els alumnes que es quedin tant de manera espor\u00e0dica com fixa, se\u2019ls passar\u00e0 rebut del cost pel banc (omplir dades banc\u00e0ries). El preu del men\u00fa \u00e9s de <strong>6,19\u20ac<\/strong> (cal avisar a la tutora, a primera hora del mat\u00ed si un alumne\/a es queda al menjador).<\/p>\n<p>Les monitores del menjador s\u00f3n la Sra. Montse Rubio Navarro i Sra. N\u00faria Giron\u00e8s.<\/p>\n<p>Tamb\u00e9 hi ha el <strong>servei d\u2019acollida<\/strong> de 12h 30\u2019 a 13h per si alguna fam\u00edlia el necessita. El preu \u00e9s de 1 \u20ac.<\/p>\n<p>Amb les mesures sanit\u00e0ries pel Covid19, els alumnes que es quedin al menjador no cal que portin bata i necesser, el tovall\u00f3 ser\u00e0 de paper. Es desinfectar\u00e0 el menjador abans i despr\u00e9s del seu \u00fas. Els alumnes es distribuiran en dues aules segons els grups estables.<\/p>\n<p>Les activitats programades per l\u2019horari de menjador seran:<\/p>\n<p>-de 12h 30\u2019 a 13h: Parar taula (monitora) i h\u00e0bits higi\u00e8nics.<\/p>\n<p>-de 13h a 14h: Dinar i h\u00e0bits de neteja personal.<\/p>\n<p>-de 14h a 15h: Sortir al pati (si fa bon temps), descans, activitats educatives i jocs m\u00e9s reposats dins l\u2019aula del menjador.<\/p>\n\r\n\t<div class=\"slideshow_container slideshow_container_style-light\" style=\" \" data-slideshow-id=\"1127\" data-style-name=\"style-light\" data-style-version=\"2.3.1\" >\r\n\r\n\t\t\t\t\t<div class=\"slideshow_loading_icon\"><\/div>\r\n\t\t\r\n\t\t<div class=\"slideshow_content\" style=\"display: none;\">\r\n\r\n\t\t\t<div class=\"slideshow_view\">\r\n\t\t\t\t<div class=\"slideshow_slide slideshow_slide_image\">\r\n\t\t\t\t\t\t\t\t\t\t\t<img src=\"https:\/\/agora.xtec.cat\/zerlaparellada\/wp-content\/uploads\/usu1216\/2021\/01\/IMG_9090_opt.jpg\" alt=\"IMG_9090_opt\" width=\"400\" height=\"300\" \/>\r\n\t\t\t\t\t\t\t\t\t\t<div class=\"slideshow_description_box slideshow_transparent\">\r\n\t\t\t\t\t\t<div class=\"slideshow_title\">IMG_9090_opt<\/div>\t\t\t\t\t\t\t\t\t\t\t<\/div>\r\n\t\t\t\t<\/div>\r\n\r\n\t\t\t\t\t\t<div style=\"clear: both;\"><\/div><\/div><div class=\"slideshow_view\">\r\n\t\t\t\t<div class=\"slideshow_slide slideshow_slide_image\">\r\n\t\t\t\t\t\t\t\t\t\t\t<img src=\"https:\/\/agora.xtec.cat\/zerlaparellada\/wp-content\/uploads\/usu1216\/2021\/01\/IMG_9086_opt.jpg\" alt=\"IMG_9086_opt\" width=\"400\" height=\"300\" \/>\r\n\t\t\t\t\t\t\t\t\t\t<div class=\"slideshow_description_box slideshow_transparent\">\r\n\t\t\t\t\t\t<div class=\"slideshow_title\">IMG_9086_opt<\/div>\t\t\t\t\t\t\t\t\t\t\t<\/div>\r\n\t\t\t\t<\/div>\r\n\r\n\t\t\t\t\t\t<div style=\"clear: both;\"><\/div><\/div><div class=\"slideshow_view\">\r\n\t\t\t\t<div class=\"slideshow_slide slideshow_slide_image\">\r\n\t\t\t\t\t\t\t\t\t\t\t<img src=\"https:\/\/agora.xtec.cat\/zerlaparellada\/wp-content\/uploads\/usu1216\/2021\/01\/IMG_9088_opt.jpg\" alt=\"IMG_9088_opt\" width=\"400\" height=\"300\" \/>\r\n\t\t\t\t\t\t\t\t\t\t<div class=\"slideshow_description_box slideshow_transparent\">\r\n\t\t\t\t\t\t<div class=\"slideshow_title\">IMG_9088_opt<\/div>\t\t\t\t\t\t\t\t\t\t\t<\/div>\r\n\t\t\t\t<\/div>\r\n\r\n\t\t\t\t\t\t<div style=\"clear: both;\"><\/div><\/div>\r\n\t\t<\/div>\r\n\r\n\t\t<div class=\"slideshow_controlPanel slideshow_transparent\" style=\"display: none;\"><ul><li class=\"slideshow_togglePlay\" data-play-text=\"Visualitza\" data-pause-text=\"Pausa\"><\/li><\/ul><\/div>\r\n\r\n\t\t<div class=\"slideshow_button slideshow_previous slideshow_transparent\" role=\"button\" data-previous-text=\"Anterior\" style=\"display: none;\"><\/div>\r\n\t\t<div class=\"slideshow_button slideshow_next slideshow_transparent\" role=\"button\" data-next-text=\"Seg\u00fcent\" style=\"display: none;\"><\/div>\r\n\r\n\t\t<div class=\"slideshow_pagination\" style=\"display: none;\" data-go-to-text=\"V\u00e9s a la diapositiva\"><div class=\"slideshow_pagination_center\"><\/div><\/div>\r\n\r\n\t\t<!-- WordPress Slideshow Version 2.3.1 -->\r\n\r\n\t\t\t<\/div>\r\n\r\n\n","protected":false},"excerpt":{"rendered":"<p>LA LLAR D&#8217;INFANTS<br \/>\nLa Llar d\u2019infants de Figuerola del Camp forma part, des del curs 2016-2017, del Pla Experimental del Departament d\u2019Educaci\u00f3, on s\u2019inclou el primer cicle de l\u2019educaci\u00f3 infantil a les escoles rurals.<br \/>\nOferim una atenci\u00f3 educativa a infants des de l\u2019any fins als tres anys.<br \/>\nLa&hellip;  <a href=\"https:\/\/agora.xtec.cat\/zerlaparellada\/escolafigueroladelcamp\/serveis\/\" title=\"Read Serveis\">Llegeix m\u00e9s\u00bb<\/a><\/p>\n","protected":false},"author":1,"featured_media":0,"parent":266,"menu_order":8,"comment_status":"closed","ping_status":"closed","template":"page-templates\/side-menu.php","meta":{"_bbp_topic_count":0,"_bbp_reply_count":0,"_bbp_total_topic_count":0,"_bbp_total_reply_count":0,"_bbp_voice_count":0,"_bbp_anonymous_reply_count":0,"_bbp_topic_count_hidden":0,"_bbp_reply_count_hidden":0,"_bbp_forum_subforum_count":0,"footnotes":""},"class_list":["post-784","page","type-page","status-publish","hentry"],"post_mailing_queue_ids":[],"_links":{"self":[{"href":"https:\/\/agora.xtec.cat\/zerlaparellada\/wp-json\/wp\/v2\/pages\/784","targetHints":{"allow":["GET"]}}],"collection":[{"href":"https:\/\/agora.xtec.cat\/zerlaparellada\/wp-json\/wp\/v2\/pages"}],"about":[{"href":"https:\/\/agora.xtec.cat\/zerlaparellada\/wp-json\/wp\/v2\/types\/page"}],"author":[{"embeddable":true,"href":"https:\/\/agora.xtec.cat\/zerlaparellada\/wp-json\/wp\/v2\/users\/1"}],"replies":[{"embeddable":true,"href":"https:\/\/agora.xtec.cat\/zerlaparellada\/wp-json\/wp\/v2\/comments?post=784"}],"version-history":[{"count":3,"href":"https:\/\/agora.xtec.cat\/zerlaparellada\/wp-json\/wp\/v2\/pages\/784\/revisions"}],"predecessor-version":[{"id":1132,"href":"https:\/\/agora.xtec.cat\/zerlaparellada\/wp-json\/wp\/v2\/pages\/784\/revisions\/1132"}],"up":[{"embeddable":true,"href":"https:\/\/agora.xtec.cat\/zerlaparellada\/wp-json\/wp\/v2\/pages\/266"}],"wp:attachment":[{"href":"https:\/\/agora.xtec.cat\/zerlaparellada\/wp-json\/wp\/v2\/media?parent=784"}],"curies":[{"name":"wp","href":"https:\/\/api.w.org\/{rel}","templated":true}]}}