{"id":774,"date":"2019-11-08T12:32:28","date_gmt":"2019-11-08T11:32:28","guid":{"rendered":"https:\/\/agora.xtec.cat\/zerlaparellada\/?page_id=774"},"modified":"2023-06-16T16:26:06","modified_gmt":"2023-06-16T14:26:06","slug":"projecte-de-direccio","status":"publish","type":"page","link":"https:\/\/agora.xtec.cat\/zerlaparellada\/escolafigueroladelcamp\/projecte-de-direccio\/","title":{"rendered":"Projecte de direcci\u00f3"},"content":{"rendered":"<p>P\u00e0gina oficial on apareix la ressoluci\u00f3 del proc\u00e9s de selecci\u00f3 del director\/a de l&#8217;escola.<\/p>\n<p><a href=\"http:\/\/ensenyament.gencat.cat\/ca\/departament\/serveis-territorials\/tarragona\/personal-docent\/concurs-seleccio-direccions\/\">ENLLA\u00c7<\/a><\/p>\n<p>Documentaci\u00f3 de refer\u00e8ncia: RESOLUCI\u00d3 EDU\/1003\/2020, d&#8217;11 de maig, per la qual es modifica la Resoluci\u00f3 EDU\/3176\/2019, de 25 de novembre, de convocat\u00f2ria de concurs de m\u00e8rits per seleccionar el director o directora de diversos centres educatius dependents del Departament d&#8217;Educaci\u00f3.<\/p>\n<p><strong>PROJECTE DE DIRECCI\u00d3 2020-2024<\/strong><\/p>\n<p><iframe loading=\"lazy\" src=\"\/\/www.slideshare.net\/slideshow\/embed_code\/key\/wWEyflLFitsssl\" width=\"668\" height=\"714\" frameborder=\"0\"> <\/iframe><\/p>\n<div style=\"margin-bottom: 5px;\"><strong> <a title=\"Projecte de direccio\" href=\"\/\/www.slideshare.net\/zerlaparellada\/projecte-de-direccio-239537083\" target=\"_blank\" rel=\"noopener noreferrer\">Projecte de direccio<\/a> <\/strong> from <strong><a href=\"https:\/\/www.slideshare.net\/zerlaparellada\" target=\"_blank\" rel=\"noopener noreferrer\">zerlaparellada<\/a><\/strong><\/div>\n","protected":false},"excerpt":{"rendered":"<p>P\u00e0gina oficial on apareix la ressoluci\u00f3 del proc\u00e9s de selecci\u00f3 del director\/a de l&#8217;escola.<br \/>\n<a href=\"http:\/\/ensenyament.gencat.cat\/ca\/departament\/serveis-territorials\/tarragona\/personal-docent\/concurs-seleccio-direccions\/\">ENLLA\u00c7<\/a><br \/>\nDocumentaci\u00f3 de refer\u00e8ncia: RESOLUCI\u00d3 EDU\/1003\/2020, d&#8217;11 de maig, per la qual es modifica la Resoluci\u00f3 EDU\/3176\/2019, de 25 de novembre, de convocat\u00f2ria de concurs de m\u00e8rits per seleccionar el director o&hellip;  <a href=\"https:\/\/agora.xtec.cat\/zerlaparellada\/escolafigueroladelcamp\/projecte-de-direccio\/\" title=\"Read Projecte de direcci\u00f3\">Llegeix m\u00e9s\u00bb<\/a><\/p>\n","protected":false},"author":1,"featured_media":0,"parent":266,"menu_order":3,"comment_status":"closed","ping_status":"closed","template":"page-templates\/side-menu.php","meta":{"_bbp_topic_count":0,"_bbp_reply_count":0,"_bbp_total_topic_count":0,"_bbp_total_reply_count":0,"_bbp_voice_count":0,"_bbp_anonymous_reply_count":0,"_bbp_topic_count_hidden":0,"_bbp_reply_count_hidden":0,"_bbp_forum_subforum_count":0,"footnotes":""},"class_list":["post-774","page","type-page","status-publish","hentry"],"post_mailing_queue_ids":[],"_links":{"self":[{"href":"https:\/\/agora.xtec.cat\/zerlaparellada\/wp-json\/wp\/v2\/pages\/774","targetHints":{"allow":["GET"]}}],"collection":[{"href":"https:\/\/agora.xtec.cat\/zerlaparellada\/wp-json\/wp\/v2\/pages"}],"about":[{"href":"https:\/\/agora.xtec.cat\/zerlaparellada\/wp-json\/wp\/v2\/types\/page"}],"author":[{"embeddable":true,"href":"https:\/\/agora.xtec.cat\/zerlaparellada\/wp-json\/wp\/v2\/users\/1"}],"replies":[{"embeddable":true,"href":"https:\/\/agora.xtec.cat\/zerlaparellada\/wp-json\/wp\/v2\/comments?post=774"}],"version-history":[{"count":3,"href":"https:\/\/agora.xtec.cat\/zerlaparellada\/wp-json\/wp\/v2\/pages\/774\/revisions"}],"predecessor-version":[{"id":1092,"href":"https:\/\/agora.xtec.cat\/zerlaparellada\/wp-json\/wp\/v2\/pages\/774\/revisions\/1092"}],"up":[{"embeddable":true,"href":"https:\/\/agora.xtec.cat\/zerlaparellada\/wp-json\/wp\/v2\/pages\/266"}],"wp:attachment":[{"href":"https:\/\/agora.xtec.cat\/zerlaparellada\/wp-json\/wp\/v2\/media?parent=774"}],"curies":[{"name":"wp","href":"https:\/\/api.w.org\/{rel}","templated":true}]}}