{"id":7,"date":"2014-09-12T10:14:31","date_gmt":"2014-09-12T10:14:31","guid":{"rendered":"http:\/\/agora.xtec.cat\/zerlaparellada\/?page_id=7"},"modified":"2026-03-03T09:38:05","modified_gmt":"2026-03-03T08:38:05","slug":"inici","status":"publish","type":"page","link":"https:\/\/agora.xtec.cat\/zerlaparellada\/","title":{"rendered":"Inici"},"content":{"rendered":"<p><img loading=\"lazy\" decoding=\"async\" class=\"aligncenter size-full wp-image-1629\" src=\"https:\/\/agora.xtec.cat\/zerlaparellada\/wp-content\/uploads\/usu1216\/2026\/03\/Preinscripcio_baners_Web_educacio__Preinscripcio_web_educacio_832x468_SECUNDARIA1.jpg\" alt=\"\" width=\"800\" height=\"450\" srcset=\"https:\/\/agora.xtec.cat\/zerlaparellada\/wp-content\/uploads\/usu1216\/2026\/03\/Preinscripcio_baners_Web_educacio__Preinscripcio_web_educacio_832x468_SECUNDARIA1.jpg 800w, https:\/\/agora.xtec.cat\/zerlaparellada\/wp-content\/uploads\/usu1216\/2026\/03\/Preinscripcio_baners_Web_educacio__Preinscripcio_web_educacio_832x468_SECUNDARIA1-300x169.jpg 300w, https:\/\/agora.xtec.cat\/zerlaparellada\/wp-content\/uploads\/usu1216\/2026\/03\/Preinscripcio_baners_Web_educacio__Preinscripcio_web_educacio_832x468_SECUNDARIA1-768x432.jpg 768w\" sizes=\"auto, (max-width: 800px) 100vw, 800px\" \/><\/p>\n<h6>PER A M\u00c9S INFORMACI\u00d3 TRUQUEU A L&#8217;ESCOLA ON VOLEU FER LA PREINSCRIPCI\u00d3:<\/h6>\n<p><strong>Escola Mare de D\u00e9u de l&#8217;Esperan\u00e7a (Figuerola del Camp)<\/strong>: \u00a0977 63 10 53 \/ e3001115@xtec.cat<\/p>\n<p><strong>Escola Cabra del Camp<\/strong>: 977 63 11 95 \/ 646 704 969 \/ e3000688@xtec.cat<\/p>\n<p><strong>Escola Santa Magdalena (El Pont d&#8217;Armentera)<\/strong>: 977 63 80 65 \/ e3005492@xtec.cat<\/p>\n<h6><\/h6>\n<h6 style=\"text-align: center;\">La <strong>ZER La Parellada<\/strong> va n\u00e9ixer l\u2019any 1994 amb l\u2019objectiu d\u2019establir col\u00b7laboracions organitzatives, did\u00e0ctiques, compartir recursos, mestres especialistes i per afavorir l\u2019intercanvi de bones pr\u00e0ctiques educatives entre els nens i nenes i els mestres.<\/h6>\n<h6><\/h6>\n<h6 style=\"text-align: center;\"><img loading=\"lazy\" decoding=\"async\" class=\"aligncenter size-full wp-image-891\" src=\"https:\/\/agora.xtec.cat\/zerlaparellada\/wp-content\/uploads\/usu1216\/2019\/11\/Captura-de-Pantalla-2019-11-27-a-les-16.57.16.png\" alt=\"\" width=\"536\" height=\"755\" srcset=\"https:\/\/agora.xtec.cat\/zerlaparellada\/wp-content\/uploads\/usu1216\/2019\/11\/Captura-de-Pantalla-2019-11-27-a-les-16.57.16.png 536w, https:\/\/agora.xtec.cat\/zerlaparellada\/wp-content\/uploads\/usu1216\/2019\/11\/Captura-de-Pantalla-2019-11-27-a-les-16.57.16-213x300.png 213w\" sizes=\"auto, (max-width: 536px) 100vw, 536px\" \/><\/h6>\n<p>&nbsp;<\/p>\n<p>&nbsp;<\/p>\n<p>&nbsp;<\/p>\n<table class=\" aligncenter\" style=\"height: 138px; width: 68.5886%; border-style: none; background-color: #ececec;\">\n<tbody>\n<tr style=\"height: 46px;\">\n<td style=\"width: 70.466%; height: 46px; background-color: #ffffff;\" colspan=\"2\"><strong>Escola Mare de D\u00e9u de l&#8217;Esperan\u00e7a (Figuerola del Camp)<\/strong>: \u00a0977 63 10 53 \/ e3001115@xtec.cat<\/td>\n<td style=\"width: 2.94393%; height: 46px; background-color: #ffffff;\"><a href=\"https:\/\/www.instagram.com\/escolafigueroladelcamp\/\" target=\"_blank\" rel=\"noopener\"><img loading=\"lazy\" decoding=\"async\" class=\"wp-image-1535 alignleft\" src=\"https:\/\/agora.xtec.cat\/zerlaparellada\/wp-content\/uploads\/usu1216\/2023\/06\/logo-instagram-150x150.png\" alt=\"\" width=\"25\" height=\"25\" srcset=\"https:\/\/agora.xtec.cat\/zerlaparellada\/wp-content\/uploads\/usu1216\/2023\/06\/logo-instagram-150x150.png 150w, https:\/\/agora.xtec.cat\/zerlaparellada\/wp-content\/uploads\/usu1216\/2023\/06\/logo-instagram-300x300.png 300w, https:\/\/agora.xtec.cat\/zerlaparellada\/wp-content\/uploads\/usu1216\/2023\/06\/logo-instagram-1024x1024.png 1024w, https:\/\/agora.xtec.cat\/zerlaparellada\/wp-content\/uploads\/usu1216\/2023\/06\/logo-instagram-768x768.png 768w, https:\/\/agora.xtec.cat\/zerlaparellada\/wp-content\/uploads\/usu1216\/2023\/06\/logo-instagram-1536x1536.png 1536w, https:\/\/agora.xtec.cat\/zerlaparellada\/wp-content\/uploads\/usu1216\/2023\/06\/logo-instagram.png 2048w\" sizes=\"auto, (max-width: 25px) 100vw, 25px\" \/><\/a><\/td>\n<\/tr>\n<tr style=\"height: 46px;\">\n<td style=\"width: 70.466%; height: 46px; background-color: #ffffff;\" colspan=\"2\"><strong>Escola Cabra del Camp<\/strong>: 977 63 11 95 \/ 646 704 969 \/ e3000688@xtec.cat<\/td>\n<td style=\"width: 2.94393%; height: 46px; background-color: #ffffff;\"><a href=\"https:\/\/www.instagram.com\/escolacabra\/\" target=\"_blank\" rel=\"noopener\"><img loading=\"lazy\" decoding=\"async\" class=\"wp-image-1535 alignleft\" src=\"https:\/\/agora.xtec.cat\/zerlaparellada\/wp-content\/uploads\/usu1216\/2023\/06\/logo-instagram-150x150.png\" alt=\"\" width=\"25\" height=\"25\" srcset=\"https:\/\/agora.xtec.cat\/zerlaparellada\/wp-content\/uploads\/usu1216\/2023\/06\/logo-instagram-150x150.png 150w, https:\/\/agora.xtec.cat\/zerlaparellada\/wp-content\/uploads\/usu1216\/2023\/06\/logo-instagram-300x300.png 300w, https:\/\/agora.xtec.cat\/zerlaparellada\/wp-content\/uploads\/usu1216\/2023\/06\/logo-instagram-1024x1024.png 1024w, https:\/\/agora.xtec.cat\/zerlaparellada\/wp-content\/uploads\/usu1216\/2023\/06\/logo-instagram-768x768.png 768w, https:\/\/agora.xtec.cat\/zerlaparellada\/wp-content\/uploads\/usu1216\/2023\/06\/logo-instagram-1536x1536.png 1536w, https:\/\/agora.xtec.cat\/zerlaparellada\/wp-content\/uploads\/usu1216\/2023\/06\/logo-instagram.png 2048w\" sizes=\"auto, (max-width: 25px) 100vw, 25px\" \/><\/a><\/td>\n<\/tr>\n<tr style=\"height: 46px;\">\n<td style=\"width: 70.466%; height: 46px; background-color: #ffffff;\" colspan=\"2\"><strong>Escola Santa Magdalena (El Pont d&#8217;Armentera)<\/strong>: 977 63 80 65 \/ e3005492@xtec.cat<\/td>\n<td style=\"width: 2.94393%; height: 46px; background-color: #ffffff;\"><a href=\"https:\/\/www.instagram.com\/escolasantamagdalena\/\" target=\"_blank\" rel=\"noopener\"><img loading=\"lazy\" decoding=\"async\" class=\"wp-image-1535 alignleft\" src=\"https:\/\/agora.xtec.cat\/zerlaparellada\/wp-content\/uploads\/usu1216\/2023\/06\/logo-instagram-150x150.png\" alt=\"\" width=\"25\" height=\"25\" srcset=\"https:\/\/agora.xtec.cat\/zerlaparellada\/wp-content\/uploads\/usu1216\/2023\/06\/logo-instagram-150x150.png 150w, https:\/\/agora.xtec.cat\/zerlaparellada\/wp-content\/uploads\/usu1216\/2023\/06\/logo-instagram-300x300.png 300w, https:\/\/agora.xtec.cat\/zerlaparellada\/wp-content\/uploads\/usu1216\/2023\/06\/logo-instagram-1024x1024.png 1024w, https:\/\/agora.xtec.cat\/zerlaparellada\/wp-content\/uploads\/usu1216\/2023\/06\/logo-instagram-768x768.png 768w, https:\/\/agora.xtec.cat\/zerlaparellada\/wp-content\/uploads\/usu1216\/2023\/06\/logo-instagram-1536x1536.png 1536w, https:\/\/agora.xtec.cat\/zerlaparellada\/wp-content\/uploads\/usu1216\/2023\/06\/logo-instagram.png 2048w\" sizes=\"auto, (max-width: 25px) 100vw, 25px\" \/><\/a><\/td>\n<\/tr>\n<\/tbody>\n<\/table>\n<p>&nbsp;<\/p>\n<p style=\"text-align: center;\">Enlla\u00e7 per consultar l&#8217;oferta de places escolars pel curs 2026-2027: <a href=\"http:\/\/mapaescolar.gencat.cat\">OFERTA<\/a><\/p>\n<p>&nbsp;<\/p>\n","protected":false},"excerpt":{"rendered":"<p>PER A M\u00c9S INFORMACI\u00d3 TRUQUEU A L&#8217;ESCOLA ON VOLEU FER LA PREINSCRIPCI\u00d3:<br \/>\nEscola Mare de D\u00e9u de l&#8217;Esperan\u00e7a (Figuerola del Camp): \u00a0977 63 10 53 \/ e3001115@xtec.cat<br \/>\nEscola Cabra del Camp: 977 63 11 95 \/ 646 704 969 \/ e3000688@xtec.cat<br \/>\nEscola Santa Magdalena (El Pont d&#8217;Armentera): 977&hellip;  <a href=\"https:\/\/agora.xtec.cat\/zerlaparellada\/\" title=\"Read Inici\">Llegeix m\u00e9s\u00bb<\/a><\/p>\n","protected":false},"author":1,"featured_media":0,"parent":0,"menu_order":0,"comment_status":"closed","ping_status":"closed","template":"page-templates\/front-page.php","meta":{"_bbp_topic_count":0,"_bbp_reply_count":0,"_bbp_total_topic_count":0,"_bbp_total_reply_count":0,"_bbp_voice_count":0,"_bbp_anonymous_reply_count":0,"_bbp_topic_count_hidden":0,"_bbp_reply_count_hidden":0,"_bbp_forum_subforum_count":0,"footnotes":""},"class_list":["post-7","page","type-page","status-publish","hentry"],"post_mailing_queue_ids":[],"_links":{"self":[{"href":"https:\/\/agora.xtec.cat\/zerlaparellada\/wp-json\/wp\/v2\/pages\/7","targetHints":{"allow":["GET"]}}],"collection":[{"href":"https:\/\/agora.xtec.cat\/zerlaparellada\/wp-json\/wp\/v2\/pages"}],"about":[{"href":"https:\/\/agora.xtec.cat\/zerlaparellada\/wp-json\/wp\/v2\/types\/page"}],"author":[{"embeddable":true,"href":"https:\/\/agora.xtec.cat\/zerlaparellada\/wp-json\/wp\/v2\/users\/1"}],"replies":[{"embeddable":true,"href":"https:\/\/agora.xtec.cat\/zerlaparellada\/wp-json\/wp\/v2\/comments?post=7"}],"version-history":[{"count":7,"href":"https:\/\/agora.xtec.cat\/zerlaparellada\/wp-json\/wp\/v2\/pages\/7\/revisions"}],"predecessor-version":[{"id":1630,"href":"https:\/\/agora.xtec.cat\/zerlaparellada\/wp-json\/wp\/v2\/pages\/7\/revisions\/1630"}],"wp:attachment":[{"href":"https:\/\/agora.xtec.cat\/zerlaparellada\/wp-json\/wp\/v2\/media?parent=7"}],"curies":[{"name":"wp","href":"https:\/\/api.w.org\/{rel}","templated":true}]}}