{"id":268,"date":"2015-07-20T13:09:24","date_gmt":"2015-07-20T12:09:24","guid":{"rendered":"http:\/\/agora.xtec.cat\/zerlaparellada\/?page_id=268"},"modified":"2023-06-16T16:30:04","modified_gmt":"2023-06-16T14:30:04","slug":"escolacabradelcamp","status":"publish","type":"page","link":"https:\/\/agora.xtec.cat\/zerlaparellada\/escolacabradelcamp\/","title":{"rendered":"Escola Cabra del Camp"},"content":{"rendered":"<h1><strong>PREINSCRIPCI\u00d3 ESCOLAR\u00a0<\/strong><\/h1>\n<p>Informaci\u00f3: <a href=\"http:\/\/ensenyament.gencat.cat\/ca\/tramits\/tramits-temes\/20483-obligatoris?moda=1\"><span style=\"text-decoration: underline;\"><strong>PREINSCRIPCI\u00d3<\/strong><\/span><\/a><\/p>\n<p>Si cal es pot realitzar de forma presencial demanant cita pr\u00e8via als seg\u00fcents tel\u00e8fons i\/o correu electr\u00f2nic:<\/p>\n<p><strong>Escola Cabra del Camp<\/strong>: 977 63 11 95 \/ 646 704 969 \/ e3000688@xtec.cat<\/p>\n<p>&nbsp;<\/p>\n","protected":false},"excerpt":{"rendered":"<p>PREINSCRIPCI\u00d3 ESCOLAR\u00a0<br \/>\nInformaci\u00f3: <a href=\"http:\/\/ensenyament.gencat.cat\/ca\/tramits\/tramits-temes\/20483-obligatoris?moda=1\">PREINSCRIPCI\u00d3<\/a><br \/>\nSi cal es pot realitzar de forma presencial demanant cita pr\u00e8via als seg\u00fcents tel\u00e8fons i\/o correu electr\u00f2nic:<br \/>\nEscola Cabra del Camp: 977 63 11 95 \/ 646 704 969 \/ e3000688@xtec.cat<br \/>\n&nbsp;<\/p>\n","protected":false},"author":1,"featured_media":0,"parent":0,"menu_order":0,"comment_status":"closed","ping_status":"closed","template":"page-templates\/side-menu.php","meta":{"_bbp_topic_count":0,"_bbp_reply_count":0,"_bbp_total_topic_count":0,"_bbp_total_reply_count":0,"_bbp_voice_count":0,"_bbp_anonymous_reply_count":0,"_bbp_topic_count_hidden":0,"_bbp_reply_count_hidden":0,"_bbp_forum_subforum_count":0,"footnotes":""},"class_list":["post-268","page","type-page","status-publish","hentry"],"post_mailing_queue_ids":[],"_links":{"self":[{"href":"https:\/\/agora.xtec.cat\/zerlaparellada\/wp-json\/wp\/v2\/pages\/268","targetHints":{"allow":["GET"]}}],"collection":[{"href":"https:\/\/agora.xtec.cat\/zerlaparellada\/wp-json\/wp\/v2\/pages"}],"about":[{"href":"https:\/\/agora.xtec.cat\/zerlaparellada\/wp-json\/wp\/v2\/types\/page"}],"author":[{"embeddable":true,"href":"https:\/\/agora.xtec.cat\/zerlaparellada\/wp-json\/wp\/v2\/users\/1"}],"replies":[{"embeddable":true,"href":"https:\/\/agora.xtec.cat\/zerlaparellada\/wp-json\/wp\/v2\/comments?post=268"}],"version-history":[{"count":3,"href":"https:\/\/agora.xtec.cat\/zerlaparellada\/wp-json\/wp\/v2\/pages\/268\/revisions"}],"predecessor-version":[{"id":1534,"href":"https:\/\/agora.xtec.cat\/zerlaparellada\/wp-json\/wp\/v2\/pages\/268\/revisions\/1534"}],"wp:attachment":[{"href":"https:\/\/agora.xtec.cat\/zerlaparellada\/wp-json\/wp\/v2\/media?parent=268"}],"curies":[{"name":"wp","href":"https:\/\/api.w.org\/{rel}","templated":true}]}}