{"id":1432,"date":"2022-06-28T09:56:28","date_gmt":"2022-06-28T07:56:28","guid":{"rendered":"https:\/\/agora.xtec.cat\/zerlaparellada\/?page_id=1432"},"modified":"2023-05-20T00:50:58","modified_gmt":"2023-05-19T22:50:58","slug":"cultura-digital","status":"publish","type":"page","link":"https:\/\/agora.xtec.cat\/zerlaparellada\/estrategia-digital-de-centre\/cultura-digital\/","title":{"rendered":"Cultura digital"},"content":{"rendered":"<p><a class=\"button normal\" style=\"padding: 1em; font-weight: 400; margin: 0.1em; background-color: transparent; border: 1px solid #55CD00; color: #55cd00;\" href=\"https:\/\/agora.xtec.cat\/zerlaparellada\/estrategia-digital-de-centre\/cultura-digital\/alumnes\/\" rel=\"noopener noreferrer\">Alumnes<\/a>\u00a0 \u00a0 \u00a0 \u00a0 \u00a0<a class=\"button normal\" style=\"padding: 1em; font-weight: 400; margin: 0.1em; background-color: transparent; border: 1px solid #55CD00; color: #55cd00;\" href=\"https:\/\/agora.xtec.cat\/zerlaparellada\/estrategia-digital-de-centre\/cultura-digital\/mestres\/\" rel=\"noopener noreferrer\">Mestres<\/a>\u00a0 \u00a0 \u00a0 \u00a0 \u00a0<a class=\"button normal\" style=\"padding: 1em; font-weight: 400; margin: 0.1em; background-color: transparent; border: 1px solid #55CD00; color: #55cd00;\" href=\"https:\/\/agora.xtec.cat\/zerlaparellada\/estrategia-digital-de-centre\/cultura-digital\/families\/\" rel=\"noopener noreferrer\">Fam\u00edlies<\/a><\/p>\n<hr \/>\n<h3><strong>Documents digitals de la ZER\u00a0<\/strong><\/h3>\n<ul class=\"n8H08c UVNKR \">\n<li class=\"zfr3Q TYR86d eD0Rn \" dir=\"ltr\">\n<p class=\"zfr3Q CDt4Ke \" dir=\"ltr\" role=\"presentation\"><span class=\"C9DxTc \"><a href=\"https:\/\/agora.xtec.cat\/zerlaparellada\/zerlaparellada\/projecte-educatiu\/\">PEC<\/a> (Projecte Educatiu de Centre)<\/span><\/p>\n<\/li>\n<li><span class=\"C9DxTc \">Informe de l&#8217;<\/span><span class=\"C9DxTc \"><span class=\"C9DxTc \">Estrat\u00e8gia Digital de Centre (EDC) (enlla\u00e7 intern)<\/span><\/span>&nbsp;<\/li>\n<li class=\"zfr3Q TYR86d eD0Rn \" dir=\"ltr\">\n<p class=\"zfr3Q CDt4Ke \" dir=\"ltr\" role=\"presentation\"><a href=\"https:\/\/www.slideshare.net\/zerlaparellada\/nof-zer-la-parellada-2020-revisat-consell-direccio\"><span class=\"C9DxTc \">NOFZ<\/span><\/a><span class=\"C9DxTc \">\u00a0<\/span><span class=\"C9DxTc \">(Incloure <\/span><span class=\"C9DxTc \">Protocol d&#8217;\u00fas d&#8217;equipaments digitals<\/span><span class=\"C9DxTc \"> (port\u00e0tils, m\u00f2bils, etc.) i \u00fas dels espais i equips de centre (panells, aules d&#8217;inform\u00e0tica, fotocopiadores, etc.) (<\/span><a class=\"XqQF9c\" href=\"https:\/\/docs.google.com\/document\/d\/116kySGy4szhw2lEpv0FV3zUYzXDTyY42_GgnI69Ul_U\/edit\" target=\"_blank\" rel=\"noopener\"><span class=\"C9DxTc \">extracte d&#8217;exemple web suport EDC<\/span><\/a><span class=\"C9DxTc \">,\u00a0<\/span><a class=\"XqQF9c\" href=\"https:\/\/drive.google.com\/file\/d\/1Zo7Q--m6qV_rXXmkWJ4i8uNYOiGXz935\/view\" target=\"_blank\" rel=\"noopener\"><span class=\"C9DxTc \">Recomanacions NOFC-EDC<\/span><\/a><span class=\"C9DxTc \">)<\/span><\/p>\n<\/li>\n<li class=\"zfr3Q TYR86d eD0Rn \" dir=\"ltr\">\n<p class=\"zfr3Q CDt4Ke \" dir=\"ltr\" role=\"presentation\"><a href=\"https:\/\/agora.xtec.cat\/zerlaparellada\/zerlaparellada\/projecte-educatiu-de-zer\/\"><span class=\"C9DxTc \">Projecte de direcci\u00f3<\/span><\/a><\/p>\n<\/li>\n<li class=\"zfr3Q TYR86d eD0Rn \" dir=\"ltr\"><strong><span class=\"C9DxTc \">Acords relatius a l&#8217;EDC del Consell Escolar i Claustre (FIC)<br \/>\n<\/span><\/strong>Les tres escoles de la ZER utilitzem el Classroom com a entorn virtual d&#8217;aprenentatge a partir del cicle inicial de prim\u00e0ria. S&#8217;interacciona amb l&#8217;alumnat en tasques diverses que s&#8217;entreguen a l&#8217;aula i a casa i se&#8217;n dona el feedback corresponent.<\/li>\n<li><strong><strong><strong><span class=\"C9DxTc \">Pla de comunicacions amb la comunitat educativa<\/span><\/strong><\/strong><\/strong>&nbsp;<\/li>\n<li dir=\"ltr\">Pla d&#8217;acollida digital &#8211; <a class=\"XqQF9c\" href=\"https:\/\/projectes.xtec.cat\/edc-suport\/wp-content\/uploads\/usu2435\/2021\/07\/Guia_pla_acollida_digital.pdf\" target=\"_blank\" rel=\"noopener\"><span class=\"C9DxTc \">Guia del Pla d&#8217;acollida digital<\/span><\/a><span class=\"C9DxTc \">\u00a0(acollida digital dels\u00a0<\/span><span class=\"C9DxTc aw5Odc \">docents<\/span><span class=\"C9DxTc \">\u00a0\/\u00a0<\/span><span class=\"C9DxTc aw5Odc \">alumnat<\/span><span class=\"C9DxTc \">\u00a0\/\u00a0<\/span><span class=\"C9DxTc aw5Odc \">fam\u00edlies<\/span><span class=\"C9DxTc \"><span class=\"C9DxTc \"><span class=\"C9DxTc \">)<\/span><\/span><\/span>&nbsp;<\/li>\n<li dir=\"ltr\">Butllet\u00ed setmanal de la ZER<\/li>\n<li class=\"zfr3Q TYR86d eD0Rn \" dir=\"ltr\">\n<p class=\"zfr3Q CDt4Ke \" dir=\"ltr\" role=\"presentation\"><span class=\"C9DxTc \">Compet\u00e8ncia Digital de l&#8217;Alumnat:\u00a0<\/span><a class=\"XqQF9c\" href=\"https:\/\/projectes.xtec.cat\/digital\/competencia-digital\/competencia-digital-alumnat\/\" target=\"_blank\" rel=\"noopener\"><span class=\"C9DxTc aw5Odc \">https:\/\/projectes.xtec.cat\/digital\/competencia-digital\/competencia-digital-alumnat\/<\/span><\/a><span class=\"C9DxTc \">\u00a0<\/span><\/p>\n<\/li>\n<li class=\"zfr3Q TYR86d eD0Rn \" dir=\"ltr\">\n<p class=\"zfr3Q CDt4Ke \" dir=\"ltr\" role=\"presentation\"><span class=\"C9DxTc \">Compet\u00e8ncia Digital Docent:\u00a0<\/span><a class=\"XqQF9c\" href=\"https:\/\/projectes.xtec.cat\/digital\/competencia-digital\/competencia-digital-docent\/\" target=\"_blank\" rel=\"noopener\"><span class=\"C9DxTc aw5Odc \">https:\/\/projectes.xtec.cat\/digital\/competencia-digital\/competencia-digital-docent\/<\/span><\/a><span class=\"C9DxTc \">\u00a0<\/span><\/p>\n<\/li>\n<li class=\"zfr3Q TYR86d eD0Rn \" dir=\"ltr\">\n<p class=\"zfr3Q CDt4Ke \" dir=\"ltr\" role=\"presentation\"><span class=\"C9DxTc \"><strong>Descripci\u00f3 dels serveis digitals del centre<\/strong> (aules disponibles, etc)<\/span><\/p>\n<\/li>\n<li class=\"zfr3Q TYR86d eD0Rn \" dir=\"ltr\">\n<p class=\"zfr3Q CDt4Ke \" dir=\"ltr\" role=\"presentation\"><a class=\"XqQF9c\" href=\"https:\/\/apdcat.gencat.cat\/ca\/documentacio\/guies_basiques\/Guies-apdcat\/pautes_centres_educatius_preguntes_frequents\/\" target=\"_blank\" rel=\"noopener\"><span class=\"C9DxTc \">Protecci\u00f3 de dades en centres educatius<\/span><\/a><span class=\"C9DxTc \">.\u00a0<\/span><\/p>\n<\/li>\n<\/ul>\n","protected":false},"excerpt":{"rendered":"<p><a class=\"button normal\" style=\"padding: 1em; font-weight: 400; margin: 0.1em; background-color: transparent; border: 1px solid #55CD00; color: #55cd00;\" href=\"https:\/\/agora.xtec.cat\/zerlaparellada\/estrategia-digital-de-centre\/cultura-digital\/alumnes\/\" rel=\"noopener noreferrer\">Alumnes<\/a>\u00a0 \u00a0 \u00a0 \u00a0 \u00a0<a class=\"button normal\" style=\"padding: 1em; font-weight: 400; margin: 0.1em; background-color: transparent; border: 1px solid #55CD00; color: #55cd00;\" href=\"https:\/\/agora.xtec.cat\/zerlaparellada\/estrategia-digital-de-centre\/cultura-digital\/mestres\/\" rel=\"noopener noreferrer\">Mestres<\/a>\u00a0 \u00a0 \u00a0&hellip;  <a href=\"https:\/\/agora.xtec.cat\/zerlaparellada\/estrategia-digital-de-centre\/cultura-digital\/\" title=\"Read Cultura digital\">Llegeix m\u00e9s\u00bb<\/a><\/p>\n","protected":false},"author":1,"featured_media":0,"parent":1427,"menu_order":0,"comment_status":"closed","ping_status":"closed","template":"page-templates\/side-menu.php","meta":{"_bbp_topic_count":0,"_bbp_reply_count":0,"_bbp_total_topic_count":0,"_bbp_total_reply_count":0,"_bbp_voice_count":0,"_bbp_anonymous_reply_count":0,"_bbp_topic_count_hidden":0,"_bbp_reply_count_hidden":0,"_bbp_forum_subforum_count":0,"footnotes":""},"class_list":["post-1432","page","type-page","status-publish","hentry"],"post_mailing_queue_ids":[],"_links":{"self":[{"href":"https:\/\/agora.xtec.cat\/zerlaparellada\/wp-json\/wp\/v2\/pages\/1432","targetHints":{"allow":["GET"]}}],"collection":[{"href":"https:\/\/agora.xtec.cat\/zerlaparellada\/wp-json\/wp\/v2\/pages"}],"about":[{"href":"https:\/\/agora.xtec.cat\/zerlaparellada\/wp-json\/wp\/v2\/types\/page"}],"author":[{"embeddable":true,"href":"https:\/\/agora.xtec.cat\/zerlaparellada\/wp-json\/wp\/v2\/users\/1"}],"replies":[{"embeddable":true,"href":"https:\/\/agora.xtec.cat\/zerlaparellada\/wp-json\/wp\/v2\/comments?post=1432"}],"version-history":[{"count":4,"href":"https:\/\/agora.xtec.cat\/zerlaparellada\/wp-json\/wp\/v2\/pages\/1432\/revisions"}],"predecessor-version":[{"id":1517,"href":"https:\/\/agora.xtec.cat\/zerlaparellada\/wp-json\/wp\/v2\/pages\/1432\/revisions\/1517"}],"up":[{"embeddable":true,"href":"https:\/\/agora.xtec.cat\/zerlaparellada\/wp-json\/wp\/v2\/pages\/1427"}],"wp:attachment":[{"href":"https:\/\/agora.xtec.cat\/zerlaparellada\/wp-json\/wp\/v2\/media?parent=1432"}],"curies":[{"name":"wp","href":"https:\/\/api.w.org\/{rel}","templated":true}]}}