{"id":1427,"date":"2022-06-28T09:52:53","date_gmt":"2022-06-28T07:52:53","guid":{"rendered":"https:\/\/agora.xtec.cat\/zerlaparellada\/?page_id=1427"},"modified":"2023-06-27T07:13:38","modified_gmt":"2023-06-27T05:13:38","slug":"estrategia-digital-de-centre","status":"publish","type":"page","link":"https:\/\/agora.xtec.cat\/zerlaparellada\/estrategia-digital-de-centre\/","title":{"rendered":"Estrat\u00e8gia digital de la ZER"},"content":{"rendered":"<p>L&#8217;estrat\u00e8gia digital de centre (EDC) defineix i concreta les l\u00ednies d&#8217;actuaci\u00f3 dels centres de la ZER que fan possible que docents, alumnat i centre assoleixin la compet\u00e8ncia digital. Per aconseguir aquesta compet\u00e8ncia digital, l&#8217;EDC compr\u00e8n tots els \u00e0mbits del centre: organitzatius, metodol\u00f2gics, curriculars i comunicatius, els quals s&#8217;han de veure necess\u00e0riament implicats i, si escau, transformats, des d\u2019una perspectiva d&#8217;innovaci\u00f3 i de millora cont\u00ednua.<\/p>\n<p>El lloc web de l&#8217;estrat\u00e8gia digital de la nostra ZER es presenta en en dos blocs principals: l&#8217;<a href=\"https:\/\/agora.xtec.cat\/zerlaparellada\/estrategia-digital-de-centre\/estrategia-digital\/\">Estrat\u00e8gia Digital<\/a> (procediments que es seguiran per implementar l&#8217;EDC) i la <a href=\"http:\/\/Cultura Digital\">Cultura Digital<\/a> (tots aquells documents i recursos, acords, etc. de l&#8217;\u00e0mbit digital que poden ser d&#8217;utilitat per la comunitat educativa)<\/p>\n<p style=\"text-align: left;\"><a class=\"button normal\" style=\"padding: 1em; font-weight: 400; margin: 0.1em; color: white !important; background-color: #55cd00;\" href=\"https:\/\/agora.xtec.cat\/zerlaparellada\/estrategia-digital-de-centre\/estrategia-digital\/\" rel=\"noopener noreferrer\">Estrat\u00e8gia Digital<\/a> \u00a0\u00a0 \u00a0\u00a0<a class=\"button normal\" style=\"padding: 1em; font-weight: 400; margin: 0.1em; color: white !important; background-color: #55cd00;\" href=\"https:\/\/agora.xtec.cat\/zerlaparellada\/estrategia-digital-de-centre\/cultura-digital\/\" rel=\"noopener noreferrer\">Cultura Digital<\/a>\u00a0 \u00a0 \u00a0 \u21d2\u00a0 \u00a0 \u00a0<a class=\"button normal\" style=\"padding: 1em; font-weight: 400; margin: 0.1em; background-color: transparent; border: 1px solid #55CD00; color: #55cd00;\" href=\"https:\/\/agora.xtec.cat\/zerlaparellada\/estrategia-digital-de-centre\/cultura-digital\/alumnes\/\" rel=\"noopener noreferrer\">Alumnes<\/a>\u00a0 \u00a0 \u00a0 \u00a0 \u00a0<a class=\"button normal\" style=\"padding: 1em; font-weight: 400; margin: 0.1em; background-color: transparent; border: 1px solid #55CD00; color: #55cd00;\" href=\"https:\/\/agora.xtec.cat\/zerlaparellada\/estrategia-digital-de-centre\/cultura-digital\/mestres\/\" rel=\"noopener noreferrer\">Mestres<\/a>\u00a0 \u00a0 \u00a0 \u00a0 \u00a0<a class=\"button normal\" style=\"padding: 1em; font-weight: 400; margin: 0.1em; background-color: transparent; border: 1px solid #55CD00; color: #55cd00;\" href=\"https:\/\/agora.xtec.cat\/zerlaparellada\/estrategia-digital-de-centre\/cultura-digital\/families\/\" rel=\"noopener noreferrer\">Fam\u00edlies<\/a><\/p>\n<p>Els <a href=\"https:\/\/agora.xtec.cat\/zerlaparellada\/estrategia-digital-de-centre\/estrategia-digital\/objectius\/\">objectius de l&#8217;EDC<\/a> es poden agrupar en cinc \u00e0mbits, que tenen com a fita el m\u00e0xim assoliment de la compet\u00e8ncia digital de l\u2019alumnat, del professorat i del centre: a<span style=\"font-family: inherit; font-size: 1em;\">ssoliment de la compet\u00e8ncia digital, p<\/span><span style=\"font-family: inherit; font-size: 1em;\">lanificaci\u00f3 estrat\u00e8gica i organitzaci\u00f3, m<\/span><span style=\"font-family: inherit; font-size: 1em;\">etodologies did\u00e0ctiques i innovaci\u00f3, i<\/span><span style=\"font-family: inherit; font-size: 1em;\">nclusi\u00f3 digital i de g\u00e8nere, s<\/span><span style=\"font-family: inherit; font-size: 1em;\">eguretat i protecci\u00f3 de dades.<\/span><\/p>\n<p>Document de treball de l&#8217;EDC:<\/p>\n<p><a href=\"https:\/\/docs.google.com\/spreadsheets\/d\/17SxGwpGnyETnrIWNvgTc4VqtiYHjAC5aTUaPW40WxWo\/edit#gid=1295460745\" target=\"_blank\" rel=\"noopener\"><img loading=\"lazy\" decoding=\"async\" class=\"alignleft wp-image-1465\" src=\"https:\/\/agora.xtec.cat\/zerlaparellada\/wp-content\/uploads\/usu1216\/2022\/06\/Captura-de-pantalla-2022-06-28-a-las-10.36.41.png\" alt=\"\" width=\"372\" height=\"162\" srcset=\"https:\/\/agora.xtec.cat\/zerlaparellada\/wp-content\/uploads\/usu1216\/2022\/06\/Captura-de-pantalla-2022-06-28-a-las-10.36.41.png 724w, https:\/\/agora.xtec.cat\/zerlaparellada\/wp-content\/uploads\/usu1216\/2022\/06\/Captura-de-pantalla-2022-06-28-a-las-10.36.41-300x131.png 300w\" sizes=\"auto, (max-width: 372px) 100vw, 372px\" \/><\/a><\/p>\n<p>&nbsp;<\/p>\n<p>&nbsp;<\/p>\n<p>&nbsp;<\/p>\n","protected":false},"excerpt":{"rendered":"<p>L&#8217;estrat\u00e8gia digital de centre (EDC) defineix i concreta les l\u00ednies d&#8217;actuaci\u00f3 dels centres de la ZER que fan possible que docents, alumnat i centre assoleixin la compet\u00e8ncia digital. Per aconseguir aquesta compet\u00e8ncia digital, l&#8217;EDC compr\u00e8n tots els \u00e0mbits del centre: organitzatius, metodol\u00f2gics, curriculars i comunicatius,&hellip;  <a href=\"https:\/\/agora.xtec.cat\/zerlaparellada\/estrategia-digital-de-centre\/\" title=\"Read Estrat\u00e8gia digital de la ZER\">Llegeix m\u00e9s\u00bb<\/a><\/p>\n","protected":false},"author":1,"featured_media":0,"parent":0,"menu_order":0,"comment_status":"closed","ping_status":"closed","template":"page-templates\/side-menu.php","meta":{"_bbp_topic_count":0,"_bbp_reply_count":0,"_bbp_total_topic_count":0,"_bbp_total_reply_count":0,"_bbp_voice_count":0,"_bbp_anonymous_reply_count":0,"_bbp_topic_count_hidden":0,"_bbp_reply_count_hidden":0,"_bbp_forum_subforum_count":0,"footnotes":""},"class_list":["post-1427","page","type-page","status-publish","hentry"],"post_mailing_queue_ids":[],"_links":{"self":[{"href":"https:\/\/agora.xtec.cat\/zerlaparellada\/wp-json\/wp\/v2\/pages\/1427","targetHints":{"allow":["GET"]}}],"collection":[{"href":"https:\/\/agora.xtec.cat\/zerlaparellada\/wp-json\/wp\/v2\/pages"}],"about":[{"href":"https:\/\/agora.xtec.cat\/zerlaparellada\/wp-json\/wp\/v2\/types\/page"}],"author":[{"embeddable":true,"href":"https:\/\/agora.xtec.cat\/zerlaparellada\/wp-json\/wp\/v2\/users\/1"}],"replies":[{"embeddable":true,"href":"https:\/\/agora.xtec.cat\/zerlaparellada\/wp-json\/wp\/v2\/comments?post=1427"}],"version-history":[{"count":4,"href":"https:\/\/agora.xtec.cat\/zerlaparellada\/wp-json\/wp\/v2\/pages\/1427\/revisions"}],"predecessor-version":[{"id":1564,"href":"https:\/\/agora.xtec.cat\/zerlaparellada\/wp-json\/wp\/v2\/pages\/1427\/revisions\/1564"}],"wp:attachment":[{"href":"https:\/\/agora.xtec.cat\/zerlaparellada\/wp-json\/wp\/v2\/media?parent=1427"}],"curies":[{"name":"wp","href":"https:\/\/api.w.org\/{rel}","templated":true}]}}