{"id":258,"date":"2015-07-20T12:40:06","date_gmt":"2015-07-20T11:40:06","guid":{"rendered":"http:\/\/agora.xtec.cat\/zerlagla\/?page_id=258"},"modified":"2024-04-18T09:25:50","modified_gmt":"2024-04-18T07:25:50","slug":"qui-som","status":"publish","type":"page","link":"https:\/\/agora.xtec.cat\/zerlagla\/zer\/qui-som\/","title":{"rendered":"Qui som"},"content":{"rendered":"<p>La ZER L\u2019Agl\u00e0 est\u00e0 formada per tres escoles <strong>P<\/strong>etites, <strong>P<\/strong>\u00fabliques i de <strong>P<\/strong>oble.<\/p>\n<p>Pertanyen als pobles del Molar, La Vilella Baixa i Gratallops, a la comarca del Priorat.<\/p>\n<p>En aquesta ZER s\u2019han produ\u00eft diversos canvis al llarg dels anys. Escoles que en formaven part han hagut de tancar degut al decreixement accelerat de la poblaci\u00f3 i aix\u00ed mateix s\u2019han incorporat altres escoles.<\/p>\n<p>Les tres escoles actuals s\u00f3n, ESC GALENA del Molar, ESC SERRA MAJOR de La Vilella Baixa i ESC LLICORELLA de Gratallops.<\/p>\n<p>&nbsp;<\/p>\n","protected":false},"excerpt":{"rendered":"<p>La ZER L\u2019Agl\u00e0 est\u00e0 formada per tres escoles Petites, P\u00fabliques i de Poble.<br \/>\nPertanyen als pobles del Molar, La Vilella Baixa i Gratallops, a la comarca del Priorat.<br \/>\nEn aquesta ZER s\u2019han produ\u00eft diversos canvis al llarg dels anys. Escoles que en formaven part han hagut de&hellip;  <a href=\"https:\/\/agora.xtec.cat\/zerlagla\/zer\/qui-som\/\" title=\"Read Qui som\">Llegeix m\u00e9s\u00bb<\/a><\/p>\n","protected":false},"author":1,"featured_media":0,"parent":19,"menu_order":0,"comment_status":"closed","ping_status":"closed","template":"page-templates\/side-menu.php","meta":{"_bbp_topic_count":0,"_bbp_reply_count":0,"_bbp_total_topic_count":0,"_bbp_total_reply_count":0,"_bbp_voice_count":0,"_bbp_anonymous_reply_count":0,"_bbp_topic_count_hidden":0,"_bbp_reply_count_hidden":0,"_bbp_forum_subforum_count":0,"footnotes":""},"class_list":["post-258","page","type-page","status-publish","hentry"],"post_mailing_queue_ids":[],"_links":{"self":[{"href":"https:\/\/agora.xtec.cat\/zerlagla\/wp-json\/wp\/v2\/pages\/258","targetHints":{"allow":["GET"]}}],"collection":[{"href":"https:\/\/agora.xtec.cat\/zerlagla\/wp-json\/wp\/v2\/pages"}],"about":[{"href":"https:\/\/agora.xtec.cat\/zerlagla\/wp-json\/wp\/v2\/types\/page"}],"author":[{"embeddable":true,"href":"https:\/\/agora.xtec.cat\/zerlagla\/wp-json\/wp\/v2\/users\/1"}],"replies":[{"embeddable":true,"href":"https:\/\/agora.xtec.cat\/zerlagla\/wp-json\/wp\/v2\/comments?post=258"}],"version-history":[{"count":2,"href":"https:\/\/agora.xtec.cat\/zerlagla\/wp-json\/wp\/v2\/pages\/258\/revisions"}],"predecessor-version":[{"id":873,"href":"https:\/\/agora.xtec.cat\/zerlagla\/wp-json\/wp\/v2\/pages\/258\/revisions\/873"}],"up":[{"embeddable":true,"href":"https:\/\/agora.xtec.cat\/zerlagla\/wp-json\/wp\/v2\/pages\/19"}],"wp:attachment":[{"href":"https:\/\/agora.xtec.cat\/zerlagla\/wp-json\/wp\/v2\/media?parent=258"}],"curies":[{"name":"wp","href":"https:\/\/api.w.org\/{rel}","templated":true}]}}