{"id":937,"date":"2022-04-11T10:18:05","date_gmt":"2022-04-11T08:18:05","guid":{"rendered":"https:\/\/agora.xtec.cat\/zerlacoma\/?page_id=937"},"modified":"2022-04-11T17:00:13","modified_gmt":"2022-04-11T15:00:13","slug":"estrategia-digital-de-centre","status":"publish","type":"page","link":"https:\/\/agora.xtec.cat\/zerlacoma\/estrategia-digital-de-centre\/","title":{"rendered":"ESTR\u00c0TEGIA DIGITAL DE ZER"},"content":{"rendered":"<p>L\u2019EDC defineix i concreta les l\u00ednies d\u2019actuaci\u00f3 d\u2019un centre que fan possible que docents, alumnat i centre assoleixin la compet\u00e8ncia digital. Per aconseguir aquesta compet\u00e8ncia digital, l\u2019EDC compr\u00e8n tots els \u00e0mbits del centre: organitzatius, metodol\u00f2gics, curriculars i comunicatius, els quals s\u2019han de veure necess\u00e0riament implicats i, si escau, transformats, des d\u2019una perspectiva d\u2019innovaci\u00f3 i de millora cont\u00ednua. L\u2019EDC \u00e9s un document viu i obert que ha de permetre recollir i organitzar les accions en materia de tecnologia i compet\u00e8ncia digital que el centre ja realitza, replantejar-les i millorar-les per aconseguir els objectius que es proposin. L\u2019EDC ha de ser una eina \u00fatil i real per al desplegament de la compet\u00e8ncia digital de l\u2019alumnat, del professorat i del mateix centre.<\/p>\n<p>Des de la Zer estem treballant per la digitalitzaci\u00f3 dels processos d\u2019ensenyament-aprenentatge, a fi de millorar la compet\u00e8ncia digital de l\u2019alumnat.<\/p>\n<p>L\u2019EDC compr\u00e8n dues parts, la part d\u2019estrat\u00e8gia i la part de Cultura Digital del centre.<\/p>\n<p>&nbsp;<\/p>\n<p><a href=\"https:\/\/agora.xtec.cat\/zerlacoma\/estrategia-digital-de-centre\/part-estrategica\/\"><img loading=\"lazy\" decoding=\"async\" class=\"alignleft wp-image-972\" src=\"https:\/\/agora.xtec.cat\/zerlacoma\/wp-content\/uploads\/usu953\/2022\/04\/ESTRATEGIA.png\" alt=\"\" width=\"299\" height=\"287\" srcset=\"https:\/\/agora.xtec.cat\/zerlacoma\/wp-content\/uploads\/usu953\/2022\/04\/ESTRATEGIA.png 557w, https:\/\/agora.xtec.cat\/zerlacoma\/wp-content\/uploads\/usu953\/2022\/04\/ESTRATEGIA-300x288.png 300w\" sizes=\"auto, (max-width: 299px) 100vw, 299px\" \/><\/a> <a href=\"https:\/\/agora.xtec.cat\/zerlacoma\/estrategia-digital-de-centre\/cultura-digital\/\"><img loading=\"lazy\" decoding=\"async\" class=\"alignleft wp-image-973\" src=\"https:\/\/agora.xtec.cat\/zerlacoma\/wp-content\/uploads\/usu953\/2022\/04\/CULTURA-DIGITAL.png\" alt=\"\" width=\"299\" height=\"286\" srcset=\"https:\/\/agora.xtec.cat\/zerlacoma\/wp-content\/uploads\/usu953\/2022\/04\/CULTURA-DIGITAL.png 599w, https:\/\/agora.xtec.cat\/zerlacoma\/wp-content\/uploads\/usu953\/2022\/04\/CULTURA-DIGITAL-300x287.png 300w\" sizes=\"auto, (max-width: 299px) 100vw, 299px\" \/><\/a><\/p>\n<p>&nbsp;<\/p>\n<p>&nbsp;<\/p>\n<p>&nbsp;<\/p>\n","protected":false},"excerpt":{"rendered":"<p>L\u2019EDC defineix i concreta les l\u00ednies d\u2019actuaci\u00f3 d\u2019un centre que fan possible que docents, alumnat i centre assoleixin la compet\u00e8ncia digital. Per aconseguir aquesta compet\u00e8ncia digital, l\u2019EDC compr\u00e8n tots els \u00e0mbits del centre: organitzatius, metodol\u00f2gics, curriculars i comunicatius, els quals s\u2019han de veure necess\u00e0riament implicats&hellip;  <a href=\"https:\/\/agora.xtec.cat\/zerlacoma\/estrategia-digital-de-centre\/\" title=\"Read ESTR\u00c0TEGIA DIGITAL DE ZER\">Llegeix m\u00e9s\u00bb<\/a><\/p>\n","protected":false},"author":3,"featured_media":0,"parent":0,"menu_order":0,"comment_status":"closed","ping_status":"closed","template":"","meta":{"_bbp_topic_count":0,"_bbp_reply_count":0,"_bbp_total_topic_count":0,"_bbp_total_reply_count":0,"_bbp_voice_count":0,"_bbp_anonymous_reply_count":0,"_bbp_topic_count_hidden":0,"_bbp_reply_count_hidden":0,"_bbp_forum_subforum_count":0,"footnotes":""},"class_list":["post-937","page","type-page","status-publish","hentry"],"post_mailing_queue_ids":[],"_links":{"self":[{"href":"https:\/\/agora.xtec.cat\/zerlacoma\/wp-json\/wp\/v2\/pages\/937","targetHints":{"allow":["GET"]}}],"collection":[{"href":"https:\/\/agora.xtec.cat\/zerlacoma\/wp-json\/wp\/v2\/pages"}],"about":[{"href":"https:\/\/agora.xtec.cat\/zerlacoma\/wp-json\/wp\/v2\/types\/page"}],"author":[{"embeddable":true,"href":"https:\/\/agora.xtec.cat\/zerlacoma\/wp-json\/wp\/v2\/users\/3"}],"replies":[{"embeddable":true,"href":"https:\/\/agora.xtec.cat\/zerlacoma\/wp-json\/wp\/v2\/comments?post=937"}],"version-history":[{"count":3,"href":"https:\/\/agora.xtec.cat\/zerlacoma\/wp-json\/wp\/v2\/pages\/937\/revisions"}],"predecessor-version":[{"id":975,"href":"https:\/\/agora.xtec.cat\/zerlacoma\/wp-json\/wp\/v2\/pages\/937\/revisions\/975"}],"wp:attachment":[{"href":"https:\/\/agora.xtec.cat\/zerlacoma\/wp-json\/wp\/v2\/media?parent=937"}],"curies":[{"name":"wp","href":"https:\/\/api.w.org\/{rel}","templated":true}]}}