{"id":840,"date":"2019-03-28T11:42:46","date_gmt":"2019-03-28T10:42:46","guid":{"rendered":"http:\/\/agora.xtec.cat\/zerlacoma\/?page_id=840"},"modified":"2022-04-11T10:21:16","modified_gmt":"2022-04-11T08:21:16","slug":"gep","status":"publish","type":"page","link":"https:\/\/agora.xtec.cat\/zerlacoma\/gep\/","title":{"rendered":"GEP"},"content":{"rendered":"<p><a href=\"https:\/\/agora.xtec.cat\/zerlacoma\/wp-content\/uploads\/usu953\/2019\/03\/logo_gep_dreta.jpg\"><img loading=\"lazy\" decoding=\"async\" class=\"alignnone size-full wp-image-841\" src=\"https:\/\/agora.xtec.cat\/zerlacoma\/wp-content\/uploads\/usu953\/2019\/03\/logo_gep_dreta.jpg\" alt=\"\" width=\"400\" height=\"134\" srcset=\"https:\/\/agora.xtec.cat\/zerlacoma\/wp-content\/uploads\/usu953\/2019\/03\/logo_gep_dreta.jpg 400w, https:\/\/agora.xtec.cat\/zerlacoma\/wp-content\/uploads\/usu953\/2019\/03\/logo_gep_dreta-300x101.jpg 300w\" sizes=\"auto, (max-width: 400px) 100vw, 400px\" \/><\/a><\/p>\n<p>La ZER La Coma va encetar el curs 2017-2018 el programa d\u2019innovaci\u00f3 pedag\u00f2gica <strong>Generaci\u00f3 Pluriling\u00fce (GEP)<\/strong>. La finalitat d\u2019aquest programa \u00e9s millorar la compet\u00e8ncia en lleng\u00fces estrangeres de l\u2019alumnat, afavorint el seu creixement acad\u00e8mic i posterior inserci\u00f3 laboral, i capacitant-lo per interactuar amb el m\u00f3n en diverses lleng\u00fces i de manera cr\u00edtica.<\/p>\n<p>Us volem recopilar algunes de les activitats i documents que s&#8217;han dut a terme durant aquests cursos:<\/p>\n<p><iframe loading=\"lazy\" src=\"https:\/\/player.vimeo.com\/video\/331757593\" width=\"640\" height=\"360\" frameborder=\"0\"><\/iframe><\/p>\n<p>Els alumnes de CS van realitzar un programa de televisi\u00f3 en llengua anglesa sobre l&#8217;imperi Rom\u00e0 a Tarragona. El fet d&#8217;aprofitar una excursi\u00f3 escolar per gravar-lo els va suposar un bonic i excitant repte! <a href=\"https:\/\/agora.xtec.cat\/ceip-montoliu\/general\/hem-fet-un-programa-de-tele-tarragona-tv-show\/\">Link al bloc!<\/a><\/p>\n<p><iframe loading=\"lazy\" src=\"https:\/\/player.vimeo.com\/video\/331766291\" width=\"640\" height=\"360\" frameborder=\"0\"><\/iframe><\/p>\n<p>Aqu\u00ed es poden veure algunes de les activitats que es van dur a terme durant el projecte amb els alumnes. <a href=\"https:\/\/padlet.com\/eteixid6\/otcmo2mvjgr7\">Enlla\u00e7 al padlet del projecte!<\/a><\/p>\n<p>Durant aquest darrer curs ens van informar que el nostre projecte formaria part de l&#8217;Arxiu de Recursos de la Generalitat!! Aqu\u00ed teniu<a href=\"https:\/\/apliense.xtec.cat\/arc\/node\/30991\"> l&#8217;enlla\u00e7<\/a>!!<\/p>\n<p><a href=\"https:\/\/apliense.xtec.cat\/arc\/node\/30991\"><img loading=\"lazy\" decoding=\"async\" class=\"\" src=\"https:\/\/agora.xtec.cat\/ceip-montoliu\/wp-content\/uploads\/usu1028\/2020\/03\/Captura-de-pantalla-2020-03-05-a-las-13.45.34.png\" width=\"296\" height=\"163\" \/><\/a><\/p>\n<p>A m\u00e9s, durant aquests cursos s&#8217;ha instaurat la llengua anglesa com a vehicular dins l&#8217;\u00e0rea de pl\u00e0stica i hem treballat tem\u00e0tiques molt variades, des de la fotografia a artistes i creadors que han passat a la hist\u00f2ria.<\/p>\n<p>Per exemple, i seguint els passos de Niepce o Daguerre (pares de la fotografia). vam treballar la composici\u00f3 fotogr\u00e0fica fent \u00fas d&#8217;apps d&#8217;edici\u00f3 digital: <a href=\"https:\/\/agora.xtec.cat\/ceip-montoliu\/general\/arts-crafts-photography\/\">Enlla\u00e7 al bloc<\/a> i <a href=\"https:\/\/photos.google.com\/share\/AF1QipO3dHYz4xNVNoTvMzAlIoZ91AkwIL98_ItfoEK5CQ5xlo7kcvPcMXnKwExVSF6wxQ?key=bHhNRXg3Y0lDY3Y4TEdMbjRDNHdQQ2ZmQWtaUmR3\">galeria de fotos!<\/a><\/p>\n<p><a href=\"https:\/\/photos.google.com\/share\/AF1QipO3dHYz4xNVNoTvMzAlIoZ91AkwIL98_ItfoEK5CQ5xlo7kcvPcMXnKwExVSF6wxQ?key=bHhNRXg3Y0lDY3Y4TEdMbjRDNHdQQ2ZmQWtaUmR3\"><img loading=\"lazy\" decoding=\"async\" class=\"\" src=\"https:\/\/agora.xtec.cat\/ceip-montoliu\/wp-content\/uploads\/usu1028\/2019\/02\/Captura-de-pantalla-2019-02-07-a-las-10.47.11.png\" width=\"148\" height=\"305\" \/><\/a><a href=\"https:\/\/photos.google.com\/share\/AF1QipO3dHYz4xNVNoTvMzAlIoZ91AkwIL98_ItfoEK5CQ5xlo7kcvPcMXnKwExVSF6wxQ?key=bHhNRXg3Y0lDY3Y4TEdMbjRDNHdQQ2ZmQWtaUmR3\"><img loading=\"lazy\" decoding=\"async\" class=\"\" src=\"https:\/\/agora.xtec.cat\/ceip-montoliu\/wp-content\/uploads\/usu1028\/2019\/02\/Captura-de-pantalla-2019-02-07-a-las-10.47.38.png\" width=\"174\" height=\"304\" \/><\/a><\/p>\n<p>Exemples de powerpoint treballats a l&#8217;aula de pl\u00e0stica com a input de llengua anglesa:<\/p>\n<p><a href=\"https:\/\/drive.google.com\/open?id=1UO5vdqNOXmuCqia9-qmtL8dBbW8AOEWb\">Pointillism!<\/a><\/p>\n<p><a href=\"https:\/\/drive.google.com\/file\/d\/19zI5n-FeK2HZ8JXluUVzbLg7_2fJRakd\/view?usp=sharing\">Winter Collage!<\/a><\/p>\n<p><a href=\"https:\/\/drive.google.com\/open?id=1uP0XN3O1OpGa89B8LL48tJNzGV_DO7g0\">Antoni Gaud\u00ed!<\/a><\/p>\n<p><a href=\"https:\/\/drive.google.com\/open?id=1Rf_Fvf61kRsMcLqTdKjq38q7ohTHqUJk\">Gustav Klimt!<\/a><\/p>\n<p><a href=\"https:\/\/prezi.com\/view\/pz1T6KhgHby8jyNkurWS\/\">Andy Warhol<\/a> (Prezi)<\/p>\n<p><a href=\"https:\/\/drive.google.com\/open?id=1c64KV4qEuSgQMX-CqQxg5lnfEi-mW79q\">Creaci\u00f3 del Gaudell (Gaudell with clay!)<\/a><\/p>\n<p><a href=\"https:\/\/drive.google.com\/open?id=1pDOrZerSNjBjqwovYbesLPnAJyoWYgkc\">Beach footprints!<\/a><\/p>\n<p><a href=\"https:\/\/agora.xtec.cat\/zerlacoma\/wp-content\/uploads\/usu953\/2019\/03\/logo_gep_dreta.jpg\"><img loading=\"lazy\" decoding=\"async\" class=\"alignnone size-full wp-image-841\" src=\"https:\/\/agora.xtec.cat\/zerlacoma\/wp-content\/uploads\/usu953\/2019\/03\/logo_gep_dreta.jpg\" alt=\"\" width=\"400\" height=\"134\" srcset=\"https:\/\/agora.xtec.cat\/zerlacoma\/wp-content\/uploads\/usu953\/2019\/03\/logo_gep_dreta.jpg 400w, https:\/\/agora.xtec.cat\/zerlacoma\/wp-content\/uploads\/usu953\/2019\/03\/logo_gep_dreta-300x101.jpg 300w\" sizes=\"auto, (max-width: 400px) 100vw, 400px\" \/><\/a><\/p>\n","protected":false},"excerpt":{"rendered":"<p><a href=\"https:\/\/agora.xtec.cat\/zerlacoma\/wp-content\/uploads\/usu953\/2019\/03\/logo_gep_dreta.jpg\"><\/a><br \/>\nLa ZER La Coma va encetar el curs 2017-2018 el programa d\u2019innovaci\u00f3 pedag\u00f2gica Generaci\u00f3 Pluriling\u00fce (GEP). La finalitat d\u2019aquest programa \u00e9s millorar la compet\u00e8ncia en lleng\u00fces estrangeres de l\u2019alumnat, afavorint el seu creixement acad\u00e8mic i posterior inserci\u00f3 laboral, i capacitant-lo per interactuar amb el&hellip;  <a href=\"https:\/\/agora.xtec.cat\/zerlacoma\/gep\/\" title=\"Read GEP\">Llegeix m\u00e9s\u00bb<\/a><\/p>\n","protected":false},"author":5,"featured_media":0,"parent":0,"menu_order":5,"comment_status":"closed","ping_status":"closed","template":"","meta":{"_bbp_topic_count":0,"_bbp_reply_count":0,"_bbp_total_topic_count":0,"_bbp_total_reply_count":0,"_bbp_voice_count":0,"_bbp_anonymous_reply_count":0,"_bbp_topic_count_hidden":0,"_bbp_reply_count_hidden":0,"_bbp_forum_subforum_count":0,"footnotes":""},"class_list":["post-840","page","type-page","status-publish","hentry"],"post_mailing_queue_ids":[],"_links":{"self":[{"href":"https:\/\/agora.xtec.cat\/zerlacoma\/wp-json\/wp\/v2\/pages\/840","targetHints":{"allow":["GET"]}}],"collection":[{"href":"https:\/\/agora.xtec.cat\/zerlacoma\/wp-json\/wp\/v2\/pages"}],"about":[{"href":"https:\/\/agora.xtec.cat\/zerlacoma\/wp-json\/wp\/v2\/types\/page"}],"author":[{"embeddable":true,"href":"https:\/\/agora.xtec.cat\/zerlacoma\/wp-json\/wp\/v2\/users\/5"}],"replies":[{"embeddable":true,"href":"https:\/\/agora.xtec.cat\/zerlacoma\/wp-json\/wp\/v2\/comments?post=840"}],"version-history":[{"count":3,"href":"https:\/\/agora.xtec.cat\/zerlacoma\/wp-json\/wp\/v2\/pages\/840\/revisions"}],"predecessor-version":[{"id":897,"href":"https:\/\/agora.xtec.cat\/zerlacoma\/wp-json\/wp\/v2\/pages\/840\/revisions\/897"}],"wp:attachment":[{"href":"https:\/\/agora.xtec.cat\/zerlacoma\/wp-json\/wp\/v2\/media?parent=840"}],"curies":[{"name":"wp","href":"https:\/\/api.w.org\/{rel}","templated":true}]}}