{"id":52,"date":"2014-09-17T16:58:07","date_gmt":"2014-09-17T16:58:07","guid":{"rendered":"http:\/\/agora.xtec.cat\/zerlacoma\/?page_id=52"},"modified":"2015-07-27T11:53:33","modified_gmt":"2015-07-27T10:53:33","slug":"agenda","status":"publish","type":"page","link":"https:\/\/agora.xtec.cat\/zerlacoma\/zer\/agenda\/","title":{"rendered":"Agenda"},"content":{"rendered":"<p>Calendari de trobades, activitats, tallers, etc. com\u00fa a totes les escoles. Tamb\u00e9 podeu incloure les festivitats (per preveure quan la ZER romandr\u00e0 tancada).<\/p>\n\n<h5>Agenda en format llista<\/h5>\n\n","protected":false},"excerpt":{"rendered":"<p>Calendari de trobades, activitats, tallers, etc. com\u00fa a totes les escoles. Tamb\u00e9 podeu incloure les festivitats (per preveure quan la ZER romandr\u00e0 tancada).<\/p>\n<p>Agenda en format llista<\/p>\n","protected":false},"author":1,"featured_media":0,"parent":19,"menu_order":50,"comment_status":"closed","ping_status":"closed","template":"page-templates\/side-menu.php","meta":{"_bbp_topic_count":0,"_bbp_reply_count":0,"_bbp_total_topic_count":0,"_bbp_total_reply_count":0,"_bbp_voice_count":0,"_bbp_anonymous_reply_count":0,"_bbp_topic_count_hidden":0,"_bbp_reply_count_hidden":0,"_bbp_forum_subforum_count":0,"footnotes":""},"class_list":["post-52","page","type-page","status-publish","hentry"],"post_mailing_queue_ids":[],"_links":{"self":[{"href":"https:\/\/agora.xtec.cat\/zerlacoma\/wp-json\/wp\/v2\/pages\/52","targetHints":{"allow":["GET"]}}],"collection":[{"href":"https:\/\/agora.xtec.cat\/zerlacoma\/wp-json\/wp\/v2\/pages"}],"about":[{"href":"https:\/\/agora.xtec.cat\/zerlacoma\/wp-json\/wp\/v2\/types\/page"}],"author":[{"embeddable":true,"href":"https:\/\/agora.xtec.cat\/zerlacoma\/wp-json\/wp\/v2\/users\/1"}],"replies":[{"embeddable":true,"href":"https:\/\/agora.xtec.cat\/zerlacoma\/wp-json\/wp\/v2\/comments?post=52"}],"version-history":[{"count":3,"href":"https:\/\/agora.xtec.cat\/zerlacoma\/wp-json\/wp\/v2\/pages\/52\/revisions"}],"predecessor-version":[{"id":540,"href":"https:\/\/agora.xtec.cat\/zerlacoma\/wp-json\/wp\/v2\/pages\/52\/revisions\/540"}],"up":[{"embeddable":true,"href":"https:\/\/agora.xtec.cat\/zerlacoma\/wp-json\/wp\/v2\/pages\/19"}],"wp:attachment":[{"href":"https:\/\/agora.xtec.cat\/zerlacoma\/wp-json\/wp\/v2\/media?parent=52"}],"curies":[{"name":"wp","href":"https:\/\/api.w.org\/{rel}","templated":true}]}}