{"id":258,"date":"2015-07-20T12:40:06","date_gmt":"2015-07-20T11:40:06","guid":{"rendered":"http:\/\/agora.xtec.cat\/zerlacoma\/?page_id=258"},"modified":"2016-02-14T19:05:19","modified_gmt":"2016-02-14T18:05:19","slug":"qui-som","status":"publish","type":"page","link":"https:\/\/agora.xtec.cat\/zerlacoma\/zer\/qui-som\/","title":{"rendered":"Qui som"},"content":{"rendered":"<p>Les zones escolars rurals (ZER) s\u00f3n institucions escolars de car\u00e0cter p\u00fablic formades per l\u2019agrupaci\u00f3 de centres d&#8217;educaci\u00f3 infantil i prim\u00e0ria que es constitueixen amb la finalitat d\u2019oferir el servei d\u2019ensenyament en condicions de major qualitat en zones de baixa demografia escolar.<\/p>\n<blockquote>\n<p style=\"text-align: justify;\">La ZER La Coma est\u00e0 formada per <strong>dues escoles<\/strong> de la comarca del Segri\u00e0, l\u2019Escola \u201cEl Roser\u201d de Sudanell i l\u2019Escola \u201cSant Isidre\u201d de Montoliu de Lleida.<\/p>\n<p style=\"text-align: justify;\">La tipologia escolar dels nostres centres \u00e9s <strong>p\u00fablica i rural,<\/strong> on s\u2019imparteixen els nivells educatius d\u2019Infantil i Prim\u00e0ria . El Departament d\u2019Educaci\u00f3 \u00e9s qui financia els dos centres i cada centre compta amb el seu professorat. La ZER per\u00f2 disposa ,tamb\u00e9 de mestres especialistes que itineren per les dues escoles.<\/p>\n<p style=\"text-align: justify;\">La r\u00e0tio de les nostres aules permet definir les escoles de la ZER com a <strong>c\u00edcliques<\/strong>, ja que hi acostuma a haver m\u00e9s d\u2019un curs en una mateixa aula.<\/p>\n<p style=\"text-align: justify;\">El dos centres escolars a m\u00e9s de compartir la zona rural i unes caracter\u00edstiques comunes, treballem conjuntament per tirar endavant diferents projectes educatius.<\/p>\n<\/blockquote>\n<p>La zona escolar rural t\u00e9 consideraci\u00f3 de centre educatiu \u00fanic amb les caracter\u00edstiques i els efectes que es determinen en el <a href=\"http:\/\/dogc.gencat.cat\/ca\/pdogc_canals_interns\/pdogc_resultats_fitxa\/?documentId=545262&amp;language=ca_ES&amp;action=fitxa\" target=\"_blank\">Decret 102\/2010, de 3 d\u2019agost d\u2019autonomia dels centres educatius<\/a>, sense perjudici de respectar la identitat jur\u00eddica de cadascuna de les escoles que la integren.<\/p>\n<p>La ZER t\u00e9 un projecte educatiu per a tots els centres que la integren i les mateixes normes d\u2019organitzaci\u00f3 i funcionament i la mateixa programaci\u00f3 general anual, que ha de respectar la singularitat de cadascuna de les escoles.<\/p>\n<p>&nbsp;<\/p>\n<p>&nbsp;<\/p>\n<p>&nbsp;<\/p>\n","protected":false},"excerpt":{"rendered":"<p>Les zones escolars rurals (ZER) s\u00f3n institucions escolars de car\u00e0cter p\u00fablic formades per l\u2019agrupaci\u00f3 de centres d&#8217;educaci\u00f3 infantil i prim\u00e0ria que es constitueixen amb la finalitat d\u2019oferir el servei d\u2019ensenyament en condicions de major qualitat en zones de baixa demografia escolar.<\/p>\n<p>La ZER La Coma est\u00e0&hellip;  <a href=\"https:\/\/agora.xtec.cat\/zerlacoma\/zer\/qui-som\/\" title=\"Read Qui som\">Llegeix m\u00e9s\u00bb<\/a><\/p>\n","protected":false},"author":1,"featured_media":0,"parent":19,"menu_order":2,"comment_status":"closed","ping_status":"closed","template":"page-templates\/side-menu.php","meta":{"_bbp_topic_count":0,"_bbp_reply_count":0,"_bbp_total_topic_count":0,"_bbp_total_reply_count":0,"_bbp_voice_count":0,"_bbp_anonymous_reply_count":0,"_bbp_topic_count_hidden":0,"_bbp_reply_count_hidden":0,"_bbp_forum_subforum_count":0,"footnotes":""},"class_list":["post-258","page","type-page","status-publish","hentry"],"post_mailing_queue_ids":[],"_links":{"self":[{"href":"https:\/\/agora.xtec.cat\/zerlacoma\/wp-json\/wp\/v2\/pages\/258","targetHints":{"allow":["GET"]}}],"collection":[{"href":"https:\/\/agora.xtec.cat\/zerlacoma\/wp-json\/wp\/v2\/pages"}],"about":[{"href":"https:\/\/agora.xtec.cat\/zerlacoma\/wp-json\/wp\/v2\/types\/page"}],"author":[{"embeddable":true,"href":"https:\/\/agora.xtec.cat\/zerlacoma\/wp-json\/wp\/v2\/users\/1"}],"replies":[{"embeddable":true,"href":"https:\/\/agora.xtec.cat\/zerlacoma\/wp-json\/wp\/v2\/comments?post=258"}],"version-history":[{"count":5,"href":"https:\/\/agora.xtec.cat\/zerlacoma\/wp-json\/wp\/v2\/pages\/258\/revisions"}],"predecessor-version":[{"id":607,"href":"https:\/\/agora.xtec.cat\/zerlacoma\/wp-json\/wp\/v2\/pages\/258\/revisions\/607"}],"up":[{"embeddable":true,"href":"https:\/\/agora.xtec.cat\/zerlacoma\/wp-json\/wp\/v2\/pages\/19"}],"wp:attachment":[{"href":"https:\/\/agora.xtec.cat\/zerlacoma\/wp-json\/wp\/v2\/media?parent=258"}],"curies":[{"name":"wp","href":"https:\/\/api.w.org\/{rel}","templated":true}]}}