{"id":1096,"date":"2023-02-21T16:11:42","date_gmt":"2023-02-21T15:11:42","guid":{"rendered":"https:\/\/agora.xtec.cat\/zerlacoma\/?page_id=1096"},"modified":"2023-06-28T10:00:35","modified_gmt":"2023-06-28T08:00:35","slug":"documentacio","status":"publish","type":"page","link":"https:\/\/agora.xtec.cat\/zerlacoma\/estrategia-digital-de-centre\/cultura-digital\/documentacio\/","title":{"rendered":"Documentaci\u00f3"},"content":{"rendered":"<h3><strong>NOFC ZER LA COMA <\/strong><\/h3>\n<p><strong>PUNT 12. DISPOSITIUS DIGITALS <\/strong><\/p>\n<p>El centre aposta per la innovaci\u00f3 tecnol\u00f2gica al servei de l\u2019ensenyament.<br \/>\nLa tecnologia ha de ser una eina que permet millorar l\u2019aprenentatge dels i les alumnes.<br \/>\nEl projecte digital est\u00e0 incl\u00f2s i concretat dins de l\u2019Estrat\u00e8gia Digital de Centre (EDC) :<br \/>\n<a href=\"https:\/\/agora.xtec.cat\/zerlacoma\/estrategia-digital-de-centre\/\">https:\/\/agora.xtec.cat\/zerlacoma\/estrategia-digital-de-centre\/<\/a><\/p>\n<p>L\u2019escola posa a disposici\u00f3 de l\u2019alumnat des de tercer fins a sis\u00e8 un compte de correu Google Workspace @escolaelroser.cat o @escolasantisidre.cat amb les eines Google que l\u2019escola considera necess\u00e0ries. Les fam\u00edlies estan informades de les condicions amb un comunicat d\u2019\u00f9s del Gsuite for Education i signen una autoritzaci\u00f3. Els comptes d\u2019escola estan protegits per l\u2019administrador (la\/el coordinador\/a digital).<br \/>\nAquests comptes s\u00f3n particulars i intransferibles. L\u2019usuari i la contrasenya ve donada per\u00f2 es pot modificar sempre i quan el\/la tutor\/a en segui coneixedor i no es pot canviar sense avisar. Les fam\u00edlies en s\u00f3n sabedores i han de vetllar perqu\u00e8 en facin un bon \u00fas fora de l\u2019escola.<\/p>\n<p>Un cop finalitzada l\u2019escolaritat, els comptes seran eliminats. L\u2019alumnat pot transferir els seus documents i arxius a un altre compte de Google particular.<\/p>\n<p><strong>\u00das dels dispositius digitals i de perif\u00e8rics de l\u2019escola.<\/strong><\/p>\n<p>Al comen\u00e7ament de curs els i les alumnes signen amb el vist-i-plau de les seves fam\u00edlies, una carta de comprom\u00eds per responsabilitzar-se dels dispositius digitals de l\u2019escola.<\/p>\n<ul>\n<li>Els dispositius estan pensats per al treball escolar. Per tant, no es podran utilitzar per a difondre material o missatges discriminatoris o difamatoris ni compartir imatges ofensives o participar el qualsevol activitat il\u00b7l\u00edcita.<\/li>\n<li>Durant l\u2019horari escolar els dispositius s\u00f3n d\u2019\u00fas exclusivament acad\u00e8mic i, per tant, no es pot escoltar m\u00fasica, veure o fer fotografies, entrar en portals no educatius, xatejar, fer desc\u00e0rregues o utilitzar xarxes socials, etc \u2026sense perm\u00eds dels docents.<\/li>\n<li>La c\u00e0mera ha de ser utilitzada \u00fanicament quan algun projecte ho requereixi o algun\/a docent ho hagi autoritzat.<\/li>\n<li>L\u2019\u00fas dels m\u00f2bils i els rellotges intel\u00b7ligents amb c\u00e0mera no est\u00e0 perm\u00e8s. En cap cas l\u2019escola es far\u00e0 responsable de desaparici\u00f3, p\u00e8rdua o danys que es poguessin produir. Si qualsevol alumne\/a fa un \u00fas dins de l\u2019escola, se li requisar\u00e0 i ser\u00e0 la fam\u00edlia o el tutor legal qui hagi de recollir-lo.<\/li>\n<li>En cas de desperfecte per un mal \u00fas (pantalla trencada, teclat trencat, desperfectes a l\u2019estructura, p\u00e8rdua de carregador) de dispositius de propietat del centre, la fam\u00edlia de l\u2019alumne se\u2019n far\u00e0 c\u00e0rrec, o b\u00e9 pagar\u00e0 l\u2019import de la reparaci\u00f3. Aix\u00f2 \u00e9s aplicable a qualsevol dispositiu que pertany al centre (tauletes, ordinadors, impressores, teclats, ratolins, auriculars, micr\u00f2fons, panells digitals\u2026). Pels dispositius del PEDC (ordinadors de 5\u00e8i 6\u00e8), el mal \u00fas del mateix comportar\u00e0 una restricci\u00f3 d\u2019\u00fas del dispositiu.<\/li>\n<li>Els ordinadors del Pla digital de dotaci\u00f3 del Departament per a l\u2019alumnat de 5\u00e8 i 6\u00e8, s\u00f3n propietat del departament. Cada alumne\/a disposa d\u2019un port\u00e0til per treballar a l\u2019escola. Qualsevol alumne\/a se\u2019l pot endur en circumst\u00e0ncies especials (no disposar de dispositiu, confinament &#8230;)<br \/>\nA principi de curs, les fam\u00edlies i els alumnes han de signar un contracte i autoritzaci\u00f3 de pr\u00e9stec assumint les responsabilitats que comporta.<br \/>\nEn cas de robatori cal presentar den\u00fancia i el Departament es fa c\u00e0rrec de substituir-lo. El carregador no t\u00e9 cap mena de garantia i s\u2019ha de reemborsar.<\/li>\n<li>Els danys a tercers es sancionaran.<\/li>\n<li>Queda prohibit suplantar la identitat, i acc\u00e9s no autoritzat al dispositiu d&#8217;un company, entrar a p\u00e0gines web amb contingut no adequat, enviar missatges despectius cap a companys o docents&#8230;<\/li>\n<\/ul>\n","protected":false},"excerpt":{"rendered":"<p>NOFC ZER LA COMA<br \/>\nPUNT 12. DISPOSITIUS DIGITALS<br \/>\nEl centre aposta per la innovaci\u00f3 tecnol\u00f2gica al servei de l\u2019ensenyament.<br \/>\nLa tecnologia ha de ser una eina que permet millorar l\u2019aprenentatge dels i les alumnes.<br \/>\nEl projecte digital est\u00e0 incl\u00f2s i concretat dins de l\u2019Estrat\u00e8gia Digital de Centre&hellip;  <a href=\"https:\/\/agora.xtec.cat\/zerlacoma\/estrategia-digital-de-centre\/cultura-digital\/documentacio\/\" title=\"Read Documentaci\u00f3\">Llegeix m\u00e9s\u00bb<\/a><\/p>\n","protected":false},"author":3,"featured_media":0,"parent":945,"menu_order":0,"comment_status":"closed","ping_status":"closed","template":"","meta":{"_bbp_topic_count":0,"_bbp_reply_count":0,"_bbp_total_topic_count":0,"_bbp_total_reply_count":0,"_bbp_voice_count":0,"_bbp_anonymous_reply_count":0,"_bbp_topic_count_hidden":0,"_bbp_reply_count_hidden":0,"_bbp_forum_subforum_count":0,"footnotes":""},"class_list":["post-1096","page","type-page","status-publish","hentry"],"post_mailing_queue_ids":[],"_links":{"self":[{"href":"https:\/\/agora.xtec.cat\/zerlacoma\/wp-json\/wp\/v2\/pages\/1096","targetHints":{"allow":["GET"]}}],"collection":[{"href":"https:\/\/agora.xtec.cat\/zerlacoma\/wp-json\/wp\/v2\/pages"}],"about":[{"href":"https:\/\/agora.xtec.cat\/zerlacoma\/wp-json\/wp\/v2\/types\/page"}],"author":[{"embeddable":true,"href":"https:\/\/agora.xtec.cat\/zerlacoma\/wp-json\/wp\/v2\/users\/3"}],"replies":[{"embeddable":true,"href":"https:\/\/agora.xtec.cat\/zerlacoma\/wp-json\/wp\/v2\/comments?post=1096"}],"version-history":[{"count":3,"href":"https:\/\/agora.xtec.cat\/zerlacoma\/wp-json\/wp\/v2\/pages\/1096\/revisions"}],"predecessor-version":[{"id":1186,"href":"https:\/\/agora.xtec.cat\/zerlacoma\/wp-json\/wp\/v2\/pages\/1096\/revisions\/1186"}],"up":[{"embeddable":true,"href":"https:\/\/agora.xtec.cat\/zerlacoma\/wp-json\/wp\/v2\/pages\/945"}],"wp:attachment":[{"href":"https:\/\/agora.xtec.cat\/zerlacoma\/wp-json\/wp\/v2\/media?parent=1096"}],"curies":[{"name":"wp","href":"https:\/\/api.w.org\/{rel}","templated":true}]}}