{"id":7,"date":"2014-09-12T10:14:31","date_gmt":"2014-09-12T08:14:31","guid":{"rendered":"http:\/\/agora.xtec.cat\/zerlacerdanya\/?page_id=7"},"modified":"2026-02-06T00:43:24","modified_gmt":"2026-02-05T23:43:24","slug":"inici","status":"publish","type":"page","link":"https:\/\/agora.xtec.cat\/zerlacerdanya\/","title":{"rendered":"ZER LA CERDANYA"},"content":{"rendered":"<p style=\"text-align: center;\">La ZER La Cerdanya est\u00e0 formada per les escoles de Santa Cec\u00edlia a la poblaci\u00f3 de Bolvir i Santa Coloma a la poblaci\u00f3 de Ger, que alhora at\u00e9n als municipis d&#8217;Is\u00f2vol i Meranges.<\/p>\n","protected":false},"excerpt":{"rendered":"<p>La ZER La Cerdanya est\u00e0 formada per les escoles de Santa Cec\u00edlia a la poblaci\u00f3 de Bolvir i Santa Coloma a la poblaci\u00f3 de Ger, que alhora at\u00e9n als municipis d&#8217;Is\u00f2vol i Meranges.<\/p>\n","protected":false},"author":1,"featured_media":0,"parent":0,"menu_order":0,"comment_status":"closed","ping_status":"closed","template":"page-templates\/front-page.php","meta":{"_bbp_topic_count":0,"_bbp_reply_count":0,"_bbp_total_topic_count":0,"_bbp_total_reply_count":0,"_bbp_voice_count":0,"_bbp_anonymous_reply_count":0,"_bbp_topic_count_hidden":0,"_bbp_reply_count_hidden":0,"_bbp_forum_subforum_count":0,"footnotes":""},"class_list":["post-7","page","type-page","status-publish","hentry"],"post_mailing_queue_ids":[],"_links":{"self":[{"href":"https:\/\/agora.xtec.cat\/zerlacerdanya\/wp-json\/wp\/v2\/pages\/7","targetHints":{"allow":["GET"]}}],"collection":[{"href":"https:\/\/agora.xtec.cat\/zerlacerdanya\/wp-json\/wp\/v2\/pages"}],"about":[{"href":"https:\/\/agora.xtec.cat\/zerlacerdanya\/wp-json\/wp\/v2\/types\/page"}],"author":[{"embeddable":true,"href":"https:\/\/agora.xtec.cat\/zerlacerdanya\/wp-json\/wp\/v2\/users\/1"}],"replies":[{"embeddable":true,"href":"https:\/\/agora.xtec.cat\/zerlacerdanya\/wp-json\/wp\/v2\/comments?post=7"}],"version-history":[{"count":6,"href":"https:\/\/agora.xtec.cat\/zerlacerdanya\/wp-json\/wp\/v2\/pages\/7\/revisions"}],"predecessor-version":[{"id":2431,"href":"https:\/\/agora.xtec.cat\/zerlacerdanya\/wp-json\/wp\/v2\/pages\/7\/revisions\/2431"}],"wp:attachment":[{"href":"https:\/\/agora.xtec.cat\/zerlacerdanya\/wp-json\/wp\/v2\/media?parent=7"}],"curies":[{"name":"wp","href":"https:\/\/api.w.org\/{rel}","templated":true}]}}