{"id":640,"date":"2016-09-30T11:11:54","date_gmt":"2016-09-30T10:11:54","guid":{"rendered":"http:\/\/agora.xtec.cat\/zerlacerdanya\/?page_id=640"},"modified":"2026-02-05T23:49:32","modified_gmt":"2026-02-05T22:49:32","slug":"coordinacions-dimarts","status":"publish","type":"page","link":"https:\/\/agora.xtec.cat\/zerlacerdanya\/projecte-educatiu\/coordinacions-dimarts\/","title":{"rendered":"Coordinacions dimarts: &#8220;Dimarts Grocs&#8221;"},"content":{"rendered":"\n<div class=\"wp-block-media-text is-stacked-on-mobile\"><figure class=\"wp-block-media-text__media\"><img loading=\"lazy\" decoding=\"async\" width=\"867\" height=\"1024\" src=\"https:\/\/agora.xtec.cat\/zerlacerdanya\/wp-content\/uploads\/usu1355\/2026\/02\/Captura-de-pantalla-2026-02-05-a-les-21.53.24-867x1024.png\" alt=\"\" class=\"wp-image-2426 size-full\" srcset=\"https:\/\/agora.xtec.cat\/zerlacerdanya\/wp-content\/uploads\/usu1355\/2026\/02\/Captura-de-pantalla-2026-02-05-a-les-21.53.24-867x1024.png 867w, https:\/\/agora.xtec.cat\/zerlacerdanya\/wp-content\/uploads\/usu1355\/2026\/02\/Captura-de-pantalla-2026-02-05-a-les-21.53.24-254x300.png 254w, https:\/\/agora.xtec.cat\/zerlacerdanya\/wp-content\/uploads\/usu1355\/2026\/02\/Captura-de-pantalla-2026-02-05-a-les-21.53.24-768x907.png 768w, https:\/\/agora.xtec.cat\/zerlacerdanya\/wp-content\/uploads\/usu1355\/2026\/02\/Captura-de-pantalla-2026-02-05-a-les-21.53.24.png 1006w\" sizes=\"auto, (max-width: 867px) 100vw, 867px\" \/><\/figure><div class=\"wp-block-media-text__content\">\n<p><span style=\"font-size: revert;\">Per tal de poder desenvolupar tasques de coordinaci\u00f3 de ZER, aix\u00ed com de coordinaci\u00f3 pedag\u00f2gica de cada escola, quinzenalment&nbsp; els dimarts&nbsp; a la tarda no hi haur\u00e0 classe lectiva pels alumnes de la ZER. <\/span><\/p>\n\n\n\n<p>En cap cas queda modificat el total d&#8217;hores lectives, ja que es recuperar\u00e0 di\u00e0riament\u00a0 en 10 minuts a\u00a0 la franja hor\u00e0ria del migdia.<\/p>\n<p>Relaci\u00f3 de &#8220;Dimarts grocs&#8221; amb el contingut de les coordinacions i claustres:<\/p>\n<p><\/p>\n<ul class=\"wp-block-list\">\n<li><a href=\"https:\/\/docs.google.com\/spreadsheets\/d\/e\/2PACX-1vTZ5RdPwtL58SQrw_PcHV4pmBxDl_H4WOkQ6v8ruRCD2mKGQkch2qHuTXuZuyMdc_PpeAbMRgtOqpgX\/pubhtml?gid=1608972786&amp;single=true\">1r trimestre<\/a><\/li>\n \n<li><a href=\"https:\/\/docs.google.com\/spreadsheets\/d\/e\/2PACX-1vTZ5RdPwtL58SQrw_PcHV4pmBxDl_H4WOkQ6v8ruRCD2mKGQkch2qHuTXuZuyMdc_PpeAbMRgtOqpgX\/pubhtml?gid=1924550068&amp;single=true\">2n trimestre<\/a><\/li>\n \n<li>3r trimestre<\/li>\n<\/ul>\n<p><\/p>\n<p>\u00a0<\/p>\n<\/div><\/div>\n\n\n","protected":false},"excerpt":{"rendered":"<p>Per tal de poder desenvolupar tasques de coordinaci\u00f3 de ZER, aix\u00ed com de coordinaci\u00f3 pedag\u00f2gica de cada escola, quinzenalment&nbsp; els dimarts&nbsp; a la tarda no hi haur\u00e0 classe lectiva pels alumnes de la ZER. <\/p>\n<p>En cap cas queda modificat el total d&#8217;hores lectives, ja que&hellip;  <a href=\"https:\/\/agora.xtec.cat\/zerlacerdanya\/projecte-educatiu\/coordinacions-dimarts\/\" title=\"Read Coordinacions dimarts: &#8220;Dimarts Grocs&#8221;\">Llegeix m\u00e9s\u00bb<\/a><\/p>\n","protected":false},"author":1,"featured_media":0,"parent":57,"menu_order":0,"comment_status":"closed","ping_status":"closed","template":"","meta":{"_bbp_topic_count":0,"_bbp_reply_count":0,"_bbp_total_topic_count":0,"_bbp_total_reply_count":0,"_bbp_voice_count":0,"_bbp_anonymous_reply_count":0,"_bbp_topic_count_hidden":0,"_bbp_reply_count_hidden":0,"_bbp_forum_subforum_count":0,"footnotes":""},"class_list":["post-640","page","type-page","status-publish","hentry"],"post_mailing_queue_ids":[],"_links":{"self":[{"href":"https:\/\/agora.xtec.cat\/zerlacerdanya\/wp-json\/wp\/v2\/pages\/640","targetHints":{"allow":["GET"]}}],"collection":[{"href":"https:\/\/agora.xtec.cat\/zerlacerdanya\/wp-json\/wp\/v2\/pages"}],"about":[{"href":"https:\/\/agora.xtec.cat\/zerlacerdanya\/wp-json\/wp\/v2\/types\/page"}],"author":[{"embeddable":true,"href":"https:\/\/agora.xtec.cat\/zerlacerdanya\/wp-json\/wp\/v2\/users\/1"}],"replies":[{"embeddable":true,"href":"https:\/\/agora.xtec.cat\/zerlacerdanya\/wp-json\/wp\/v2\/comments?post=640"}],"version-history":[{"count":4,"href":"https:\/\/agora.xtec.cat\/zerlacerdanya\/wp-json\/wp\/v2\/pages\/640\/revisions"}],"predecessor-version":[{"id":2441,"href":"https:\/\/agora.xtec.cat\/zerlacerdanya\/wp-json\/wp\/v2\/pages\/640\/revisions\/2441"}],"up":[{"embeddable":true,"href":"https:\/\/agora.xtec.cat\/zerlacerdanya\/wp-json\/wp\/v2\/pages\/57"}],"wp:attachment":[{"href":"https:\/\/agora.xtec.cat\/zerlacerdanya\/wp-json\/wp\/v2\/media?parent=640"}],"curies":[{"name":"wp","href":"https:\/\/api.w.org\/{rel}","templated":true}]}}