{"id":2442,"date":"2026-02-06T00:10:19","date_gmt":"2026-02-05T23:10:19","guid":{"rendered":"https:\/\/agora.xtec.cat\/zerlacerdanya\/?page_id=2442"},"modified":"2026-02-06T00:32:23","modified_gmt":"2026-02-05T23:32:23","slug":"consell-escolar","status":"publish","type":"page","link":"https:\/\/agora.xtec.cat\/zerlacerdanya\/zer\/consell-escolar\/","title":{"rendered":"Consell Escolar"},"content":{"rendered":"\n<p>RESUM DELS ACORDS PRESOS DEL CURS 25-26<\/p>\n\n\n\n<div class=\"wp-block-buttons is-layout-flex wp-block-buttons-is-layout-flex\">\n<div class=\"wp-block-button\"><a class=\"wp-block-button__link wp-element-button\">CONSELL ESCOLAR 1<\/a><\/div>\n\n\n\n<div class=\"wp-block-button\"><a class=\"wp-block-button__link wp-element-button\">CONSELL ESCOLAR 2<\/a><\/div>\n\n\n\n<div class=\"wp-block-button\"><a class=\"wp-block-button__link wp-element-button\">CONSELL ESCOLAR 3<\/a><\/div>\n<\/div>\n\n\n\n<div class=\"wp-block-buttons is-layout-flex wp-block-buttons-is-layout-flex\"><\/div>\n\n\n\n<hr class=\"wp-block-separator has-alpha-channel-opacity\"\/>\n\n\n\n<p><span style=\"font-weight: 400;\">El Consell Escolar de la ZER \u00e9s l&#8217;\u00f2rgan col\u00b7legiat de participaci\u00f3 de la comunitat escolar en el govern de la ZER.\u00a0<\/span>Corresponen al consell escolar les funcions seg\u00fcents:<\/p>\n<ul>\n<li>Aprovar el projecte educatiu i les modificacions corresponents per una majoria de tres cinquenes parts dels membres.<\/li>\n<li>Aprovar la programaci\u00f3 general anual de la ZER i avaluar-ne el desenvolupament i els resultats.<\/li>\n<li>Aprovar les propostes d&#8217;acords de corresponsabilitat, convenis i altres acords de col\u00b7laboraci\u00f3 de la ZER amb entitats o institucions.<\/li>\n<li>Aprovar les normes d&#8217;organitzaci\u00f3 i funcionament i les modificacions corresponents.<\/li>\n<li>Aprovar la carta de comprom\u00eds educatiu.<\/li>\n<li>Aprovar el pressupost del centre i el rendiment de comptes.<\/li>\n<li>Participar en el procediment de selecci\u00f3 i en la proposta de cessament del director o directora.<\/li>\n<li>Intervenir en la resoluci\u00f3 dels conflictes i, si escau, revisar les sancions als alumnes.<\/li>\n<li>Aprovar les directrius per a la programaci\u00f3 d&#8217;activitats escolars complement\u00e0ries i d&#8217;activitats extraescolars, i avaluar-ne el desenvolupament.<\/li>\n<li>Participar en les an\u00e0lisis i les avaluacions del funcionament general del centre i con\u00e8ixer l&#8217;evoluci\u00f3 del rendiment escolar.<\/li>\n<li>Aprovar els criteris de col\u00b7laboraci\u00f3 amb altres centres i amb l&#8217;entorn.<\/li>\n<li>Qualsevol altra que li sigui atribu\u00efda per les normes legals o reglament\u00e0ries.<\/li>\n<\/ul>\n<p><span style=\"font-weight: 400;\">Els membres del Consell Escolar s\u00f3n elegits per un per\u00edode de quatre anys i es renoven per meitats cada dos anys.\u00a0<\/span><\/p>\n<p><span style=\"font-weight: 400;\">El Consell Escolar de ZER actual, segons les NOFZ i el marc legal vigent est\u00e0 constitu\u00eft per:<\/span><\/p>\n<table>\n<tbody>\n<tr>\n<td>\n<p><span style=\"font-weight: 400;\">Presidenta: Directora de la ZER<\/span><\/p>\n<\/td>\n<td colspan=\"2\">\n<p><span style=\"font-weight: 400;\">Marta Bertran<\/span><\/p>\n<\/td>\n<\/tr>\n<tr>\n<td>\n<p><span style=\"font-weight: 400;\">Cap d\u2019estudis de ZER<\/span><\/p>\n<\/td>\n<td colspan=\"2\">\n<p><span style=\"font-weight: 400;\">Helena Torell\u00f3<\/span><\/p>\n<\/td>\n<\/tr>\n<tr>\n<td>\n<p><span style=\"font-weight: 400;\">Secretaria ZER<\/span><\/p>\n<\/td>\n<td colspan=\"2\">\n<p><span style=\"font-weight: 400;\">Anna Pi\u00a0<\/span><\/p>\n<\/td>\n<\/tr>\n<tr>\n<td>\n<p><span style=\"font-weight: 400;\">Representant PAS<\/span><\/p>\n<\/td>\n<td colspan=\"2\">\n<p><span style=\"font-weight: 400;\">Mireia Villanueva<\/span><\/p>\n<\/td>\n<\/tr>\n<tr>\n<td>\u00a0<\/td>\n<td>\n<p><b>Escola Santa Cec\u00edlia\u00a0<\/b><\/p>\n<\/td>\n<td>\n<p><b>Escola Santa Coloma\u00a0<\/b><\/p>\n<\/td>\n<\/tr>\n<tr>\n<td>\n<p><span style=\"font-weight: 400;\">Direcci\u00f3 escolar<\/span><\/p>\n<\/td>\n<td>\n<p><span style=\"font-weight: 400;\">Anna Pi<\/span><\/p>\n<\/td>\n<td>\n<p><span style=\"font-weight: 400;\">Vict\u00f2ria Carrillo<\/span><\/p>\n<\/td>\n<\/tr>\n<tr>\n<td>\n<p><span style=\"font-weight: 400;\">Representaci\u00f3 de fam\u00edlies<\/span><\/p>\n<\/td>\n<td>\n<p><span style=\"font-weight: 400;\">Laura Paretas<\/span><\/p>\n<\/td>\n<td>\n<p><span style=\"font-weight: 400;\">Montse Carn\u00e9<\/span><\/p>\n<\/td>\n<\/tr>\n<tr>\n<td>\n<p><span style=\"font-weight: 400;\">Representaci\u00f3 d\u2019Ajuntaments<\/span><\/p>\n<\/td>\n<td>\n<p><span style=\"font-weight: 400;\">Mireia\u00a0 Montserrat<\/span><\/p>\n<\/td>\n<td>\n<p><span style=\"font-weight: 400;\">Lourdes Comang\u00e9s<\/span><\/p>\n<\/td>\n<\/tr>\n<tr>\n<td>\n<p><span style=\"font-weight: 400;\">Representaci\u00f3 de mestres<\/span><\/p>\n<\/td>\n<td>\n<p><span style=\"font-weight: 400;\">No\u00e8lia Sarret<\/span><\/p>\n<\/td>\n<td>\n<p><span style=\"font-weight: 400;\">Joan Gallego<\/span><\/p>\n<\/td>\n<\/tr>\n<\/tbody>\n<\/table>\n<p><span style=\"font-weight: 400;\">Segons la normativa vigent, el Consell Escolar del centre ha de designar una persona que impulsi mesures educatives de foment de la igualtat real i efectiva entre homes i dones. En el nostre Consell Escolar, aquest c\u00e0rreec recau en el representant de mestres Joan Gallego.<\/span><br style=\"font-weight: 400;\" \/><br style=\"font-weight: 400;\" \/><\/p>\n","protected":false},"excerpt":{"rendered":"<p>RESUM DELS ACORDS PRESOS DEL CURS 25-26<\/p>\n<p><a class=\"wp-block-button__link wp-element-button\">CONSELL ESCOLAR 1<\/a><\/p>\n<p><a class=\"wp-block-button__link wp-element-button\">CONSELL ESCOLAR 2<\/a><\/p>\n<p><a class=\"wp-block-button__link wp-element-button\">CONSELL ESCOLAR 3<\/a><\/p>\n<p>El Consell Escolar de la ZER \u00e9s l&#8217;\u00f2rgan col\u00b7legiat de participaci\u00f3 de la comunitat escolar en el govern de la ZER.\u00a0Corresponen al consell escolar les funcions seg\u00fcents:<\/p>\n<ul>\n<li>Aprovar&hellip;  <a href=\"https:\/\/agora.xtec.cat\/zerlacerdanya\/zer\/consell-escolar\/\" title=\"Read Consell Escolar\">Llegeix m\u00e9s\u00bb<\/a><br \/>\n","protected":false},"author":1,"featured_media":0,"parent":19,"menu_order":1,"comment_status":"closed","ping_status":"closed","template":"page-templates\/side-menu.php","meta":{"_bbp_topic_count":0,"_bbp_reply_count":0,"_bbp_total_topic_count":0,"_bbp_total_reply_count":0,"_bbp_voice_count":0,"_bbp_anonymous_reply_count":0,"_bbp_topic_count_hidden":0,"_bbp_reply_count_hidden":0,"_bbp_forum_subforum_count":0,"footnotes":""},"class_list":["post-2442","page","type-page","status-publish","hentry"],"post_mailing_queue_ids":[],"_links":{"self":[{"href":"https:\/\/agora.xtec.cat\/zerlacerdanya\/wp-json\/wp\/v2\/pages\/2442","targetHints":{"allow":["GET"]}}],"collection":[{"href":"https:\/\/agora.xtec.cat\/zerlacerdanya\/wp-json\/wp\/v2\/pages"}],"about":[{"href":"https:\/\/agora.xtec.cat\/zerlacerdanya\/wp-json\/wp\/v2\/types\/page"}],"author":[{"embeddable":true,"href":"https:\/\/agora.xtec.cat\/zerlacerdanya\/wp-json\/wp\/v2\/users\/1"}],"replies":[{"embeddable":true,"href":"https:\/\/agora.xtec.cat\/zerlacerdanya\/wp-json\/wp\/v2\/comments?post=2442"}],"version-history":[{"count":2,"href":"https:\/\/agora.xtec.cat\/zerlacerdanya\/wp-json\/wp\/v2\/pages\/2442\/revisions"}],"predecessor-version":[{"id":2444,"href":"https:\/\/agora.xtec.cat\/zerlacerdanya\/wp-json\/wp\/v2\/pages\/2442\/revisions\/2444"}],"up":[{"embeddable":true,"href":"https:\/\/agora.xtec.cat\/zerlacerdanya\/wp-json\/wp\/v2\/pages\/19"}],"wp:attachment":[{"href":"https:\/\/agora.xtec.cat\/zerlacerdanya\/wp-json\/wp\/v2\/media?parent=2442"}],"curies":[{"name":"wp","href":"https:\/\/api.w.org\/{rel}","templated":true}]}}