{"id":1993,"date":"2022-07-05T20:20:59","date_gmt":"2022-07-05T18:20:59","guid":{"rendered":"https:\/\/agora.xtec.cat\/zerlacerdanya\/?page_id=1993"},"modified":"2023-07-12T11:42:37","modified_gmt":"2023-07-12T09:42:37","slug":"objectius","status":"publish","type":"page","link":"https:\/\/agora.xtec.cat\/zerlacerdanya\/pla-destrategia-digital-de-zer\/part-estrategica\/objectius\/","title":{"rendered":"Objectius"},"content":{"rendered":"<p>&nbsp;<\/p>\n<table style=\"width: 101.082%;\" width=\"964\" cellspacing=\"0\" cellpadding=\"3\">\n<tbody>\n<tr>\n<td style=\"background: #34a853; width: 88.7916%;\" colspan=\"14\" bgcolor=\"#34a853\" width=\"956\">\n<p align=\"center\"><span style=\"color: #d9d9d9;\"><span style=\"font-family: Calibri, sans-serif;\"><span style=\"font-size: small;\"><b>ZER La Cerdanya<\/b><\/span><\/span><\/span><\/p>\n<\/td>\n<\/tr>\n<tr>\n<td style=\"background: #34a853; width: 35.0805%;\" colspan=\"2\" rowspan=\"2\" bgcolor=\"#34a853\" width=\"444\">\n<p align=\"center\"><span style=\"color: #d9d9d9;\"><span style=\"font-family: Calibri, sans-serif;\"><span style=\"font-size: small;\"><b>Objectius de l&#8217;EDZ (qu\u00e8, com i per a qu\u00e8)<\/b><\/span><\/span><\/span><\/p>\n<\/td>\n<td style=\"background: #6aa84f; width: 14.2736%;\" colspan=\"3\" bgcolor=\"#6aa84f\" width=\"122\">\n<p align=\"center\"><span style=\"color: #ffffff;\"><span style=\"font-family: Calibri, sans-serif;\"><span style=\"font-size: small;\"><b>Curs 2022 &#8211; 23<\/b><\/span><\/span><\/span><\/p>\n<\/td>\n<td style=\"background: #6aa84f; width: 14.1297%;\" colspan=\"3\" bgcolor=\"#6aa84f\" width=\"122\">\n<p align=\"center\"><span style=\"color: #ffffff;\"><span style=\"font-family: Calibri, sans-serif;\"><span style=\"font-size: small;\"><b>Curs 2023 &#8211; 24<\/b><\/span><\/span><\/span><\/p>\n<\/td>\n<td style=\"background: #6aa84f; width: 14.3447%;\" colspan=\"3\" bgcolor=\"#6aa84f\" width=\"122\">\n<p align=\"center\"><span style=\"color: #ffffff;\"><span style=\"font-family: Calibri, sans-serif;\"><span style=\"font-size: small;\"><b>Curs 2024 -25<\/b><\/span><\/span><\/span><\/p>\n<\/td>\n<td style=\"background: #6aa84f; width: 10.963%;\" colspan=\"3\" bgcolor=\"#6aa84f\" width=\"123\">\n<p align=\"center\"><span style=\"color: #ffffff;\"><span style=\"font-family: Calibri, sans-serif;\"><span style=\"font-size: small;\"><b>Curs 2025 -26<\/b><\/span><\/span><\/span><\/p>\n<\/td>\n<\/tr>\n<tr>\n<td style=\"background: #6aa84f; width: 4.72232%;\" bgcolor=\"#6aa84f\" width=\"37\">\n<p align=\"center\"><span style=\"color: #ffffff;\"><span style=\"font-family: Calibri, sans-serif;\"><span style=\"font-size: small;\"><b>1T<\/b><\/span><\/span><\/span><\/p>\n<\/td>\n<td style=\"background: #6aa84f; width: 5.33131%;\" bgcolor=\"#6aa84f\" width=\"37\">\n<p align=\"center\"><span style=\"color: #ffffff;\"><span style=\"font-family: Calibri, sans-serif;\"><span style=\"font-size: small;\"><b>2T<\/b><\/span><\/span><\/span><\/p>\n<\/td>\n<td style=\"background: #6aa84f; width: 4.21995%;\" bgcolor=\"#6aa84f\" width=\"37\">\n<p align=\"center\"><span style=\"color: #ffffff;\"><span style=\"font-family: Calibri, sans-serif;\"><span style=\"font-size: small;\"><b>3T<\/b><\/span><\/span><\/span><\/p>\n<\/td>\n<td style=\"background: #6aa84f; width: 4.74188%;\" bgcolor=\"#6aa84f\" width=\"37\">\n<p align=\"center\"><span style=\"color: #ffffff;\"><span style=\"font-family: Calibri, sans-serif;\"><span style=\"font-size: small;\"><b>1T<\/b><\/span><\/span><\/span><\/p>\n<\/td>\n<td style=\"background: #6aa84f; width: 3.86056%;\" bgcolor=\"#6aa84f\" width=\"37\">\n<p align=\"center\"><span style=\"color: #ffffff;\"><span style=\"font-family: Calibri, sans-serif;\"><span style=\"font-size: small;\"><b>2T<\/b><\/span><\/span><\/span><\/p>\n<\/td>\n<td style=\"background: #6aa84f; width: 5.52729%;\" bgcolor=\"#6aa84f\" width=\"37\">\n<p align=\"center\"><span style=\"color: #ffffff;\"><span style=\"font-family: Calibri, sans-serif;\"><span style=\"font-size: small;\"><b>3T<\/b><\/span><\/span><\/span><\/p>\n<\/td>\n<td style=\"background: #6aa84f; width: 5.08647%;\" bgcolor=\"#6aa84f\" width=\"37\">\n<p align=\"center\"><span style=\"color: #ffffff;\"><span style=\"font-family: Calibri, sans-serif;\"><span style=\"font-size: small;\"><b>1T<\/b><\/span><\/span><\/span><\/p>\n<\/td>\n<td style=\"background: #6aa84f; width: 4.18265%;\" bgcolor=\"#6aa84f\" width=\"37\">\n<p align=\"center\"><span style=\"color: #ffffff;\"><span style=\"font-family: Calibri, sans-serif;\"><span style=\"font-size: small;\"><b>2T<\/b><\/span><\/span><\/span><\/p>\n<\/td>\n<td style=\"background: #6aa84f; width: 5.07561%;\" bgcolor=\"#6aa84f\" width=\"37\">\n<p align=\"center\"><span style=\"color: #ffffff;\"><span style=\"font-family: Calibri, sans-serif;\"><span style=\"font-size: small;\"><b>3T<\/b><\/span><\/span><\/span><\/p>\n<\/td>\n<td style=\"background: #6aa84f; width: 5.20784%;\" bgcolor=\"#6aa84f\" width=\"37\">\n<p align=\"center\"><span style=\"color: #ffffff;\"><span style=\"font-family: Calibri, sans-serif;\"><span style=\"font-size: small;\"><b>1T<\/b><\/span><\/span><\/span><\/p>\n<\/td>\n<td style=\"background: #6aa84f; width: 4.47642%;\" bgcolor=\"#6aa84f\" width=\"37\">\n<p align=\"center\"><span style=\"color: #ffffff;\"><span style=\"font-family: Calibri, sans-serif;\"><span style=\"font-size: small;\"><b>2T<\/b><\/span><\/span><\/span><\/p>\n<\/td>\n<td style=\"background: #6aa84f; width: 1.27877%;\" bgcolor=\"#6aa84f\" width=\"38\">\n<p align=\"center\"><span style=\"color: #ffffff;\"><span style=\"font-family: Calibri, sans-serif;\"><span style=\"font-size: small;\"><b>3T<\/b><\/span><\/span><\/span><\/p>\n<\/td>\n<\/tr>\n<tr>\n<td style=\"width: 2.7027%;\" width=\"15\">\n<p align=\"center\"><span style=\"font-family: Calibri, sans-serif;\"><span style=\"font-size: small;\"><b>1<\/b><\/span><\/span><\/p>\n<\/td>\n<td style=\"background: #fff2cc; width: 32.3778%;\" bgcolor=\"#fff2cc\" width=\"423\"><span style=\"font-family: Calibri, sans-serif;\"><span style=\"font-size: small;\">Redactar els documents de Cultura Digital.<\/span><\/span><\/td>\n<td style=\"width: 4.72232%;\" width=\"37\"><\/td>\n<td style=\"background: #d9ead3; width: 5.33131%;\" bgcolor=\"#d9ead3\" width=\"37\"><\/td>\n<td style=\"background: #d9ead3; width: 4.21995%;\" bgcolor=\"#d9ead3\" width=\"37\"><\/td>\n<td style=\"background: #d9ead3; width: 4.74188%;\" bgcolor=\"#d9ead3\" width=\"37\"><\/td>\n<td style=\"background: #d9ead3; width: 3.86056%;\" bgcolor=\"#d9ead3\" width=\"37\"><\/td>\n<td style=\"background: #ffffff; width: 5.52729%;\" bgcolor=\"#ffffff\" width=\"37\"><\/td>\n<td style=\"width: 5.08647%;\" width=\"37\"><\/td>\n<td style=\"width: 4.18265%;\" width=\"37\"><\/td>\n<td style=\"background: #ffffff; width: 5.07561%;\" bgcolor=\"#ffffff\" width=\"37\"><\/td>\n<td style=\"background: #ffffff; width: 5.20784%;\" bgcolor=\"#ffffff\" width=\"37\"><\/td>\n<td style=\"background: #ffffff; width: 4.47642%;\" bgcolor=\"#ffffff\" width=\"37\"><\/td>\n<td style=\"background: #ffffff; width: 1.27877%;\" bgcolor=\"#ffffff\" width=\"38\"><\/td>\n<\/tr>\n<tr>\n<td style=\"width: 2.7027%;\" width=\"15\">\n<p align=\"center\"><span style=\"font-family: Calibri, sans-serif;\"><span style=\"font-size: small;\"><b>2<\/b><\/span><\/span><\/p>\n<\/td>\n<td style=\"background: #fff2cc; width: 32.3778%;\" bgcolor=\"#fff2cc\" width=\"423\"><span style=\"font-family: Calibri, sans-serif;\"><span style=\"font-size: small;\">Millorar la compet\u00e8ncia digital docent <\/span><\/span><\/td>\n<td style=\"background: #d9ead3; width: 4.72232%;\" bgcolor=\"#d9ead3\" width=\"37\"><\/td>\n<td style=\"background: #d9ead3; width: 5.33131%;\" bgcolor=\"#d9ead3\" width=\"37\"><\/td>\n<td style=\"background: #d9ead3; width: 4.21995%;\" bgcolor=\"#d9ead3\" width=\"37\"><\/td>\n<td style=\"background: #d9ead3; width: 4.74188%;\" bgcolor=\"#d9ead3\" width=\"37\"><\/td>\n<td style=\"background: #d9ead3; width: 3.86056%;\" bgcolor=\"#d9ead3\" width=\"37\"><\/td>\n<td style=\"background: #d9ead3; width: 5.52729%;\" bgcolor=\"#d9ead3\" width=\"37\"><\/td>\n<td style=\"background: #d9ead3; width: 5.08647%;\" bgcolor=\"#d9ead3\" width=\"37\"><\/td>\n<td style=\"background: #d9ead3; width: 4.18265%;\" bgcolor=\"#d9ead3\" width=\"37\"><\/td>\n<td style=\"background: #d9ead3; width: 5.07561%;\" bgcolor=\"#d9ead3\" width=\"37\"><\/td>\n<td style=\"background: #d9ead3; width: 5.20784%;\" bgcolor=\"#d9ead3\" width=\"37\"><\/td>\n<td style=\"background: #d9ead3; width: 4.47642%;\" bgcolor=\"#d9ead3\" width=\"37\"><\/td>\n<td style=\"background: #d9ead3; width: 1.27877%;\" bgcolor=\"#d9ead3\" width=\"38\"><\/td>\n<\/tr>\n<tr>\n<td style=\"width: 2.7027%;\" width=\"15\">\n<p align=\"center\"><span style=\"font-family: Calibri, sans-serif;\"><span style=\"font-size: small;\"><b>3<\/b><\/span><\/span><\/p>\n<\/td>\n<td style=\"background: #fff2cc; width: 32.3778%;\" bgcolor=\"#fff2cc\" width=\"423\"><span style=\"font-family: Calibri, sans-serif;\"><span style=\"font-size: small;\">Millorar la compet\u00e8ncia digital de l&#8217;alumnat<\/span><\/span><\/td>\n<td style=\"background: #ffffff; width: 4.72232%;\" bgcolor=\"#ffffff\" width=\"37\"><\/td>\n<td style=\"background: #ffffff; width: 5.33131%;\" bgcolor=\"#ffffff\" width=\"37\"><\/td>\n<td style=\"background: #ffffff; width: 4.21995%;\" bgcolor=\"#ffffff\" width=\"37\"><\/td>\n<td style=\"background: #d9ead3; width: 4.74188%;\" bgcolor=\"#d9ead3\" width=\"37\"><\/td>\n<td style=\"background: #d9ead3; width: 3.86056%;\" bgcolor=\"#d9ead3\" width=\"37\"><\/td>\n<td style=\"background: #d9ead3; width: 5.52729%;\" bgcolor=\"#d9ead3\" width=\"37\"><\/td>\n<td style=\"background: #d9ead3; width: 5.08647%;\" bgcolor=\"#d9ead3\" width=\"37\"><\/td>\n<td style=\"background: #d9ead3; width: 4.18265%;\" bgcolor=\"#d9ead3\" width=\"37\"><\/td>\n<td style=\"background: #d9ead3; width: 5.07561%;\" bgcolor=\"#d9ead3\" width=\"37\"><\/td>\n<td style=\"background: #d9ead3; width: 5.20784%;\" bgcolor=\"#d9ead3\" width=\"37\"><\/td>\n<td style=\"background: #d9ead3; width: 4.47642%;\" bgcolor=\"#d9ead3\" width=\"37\"><\/td>\n<td style=\"background: #d9ead3; width: 1.27877%;\" bgcolor=\"#d9ead3\" width=\"38\"><\/td>\n<\/tr>\n<tr>\n<td style=\"width: 2.7027%;\" width=\"15\">\n<p align=\"center\"><span style=\"font-family: Calibri, sans-serif;\"><span style=\"font-size: small;\"><b>4<\/b><\/span><\/span><\/p>\n<\/td>\n<td style=\"background: #fff2cc; width: 32.3778%;\" bgcolor=\"#fff2cc\" width=\"423\"><span style=\"font-family: Calibri, sans-serif;\"><span style=\"font-size: small;\">Promoure el coneixement i l&#8217;\u00fas de les eines digitals d&#8217;aprenentatge utilitzades a la ZER, en l&#8217;\u00e0mbit de les fam\u00edlies.<\/span><\/span><\/td>\n<td style=\"width: 4.72232%;\" width=\"37\"><\/td>\n<td style=\"width: 5.33131%;\" width=\"37\"><\/td>\n<td style=\"width: 4.21995%;\" width=\"37\"><\/td>\n<td style=\"background: #d9ead3; width: 4.74188%;\" bgcolor=\"#d9ead3\" width=\"37\"><\/td>\n<td style=\"background: #d9ead3; width: 3.86056%;\" bgcolor=\"#d9ead3\" width=\"37\"><\/td>\n<td style=\"background: #d9ead3; width: 5.52729%;\" bgcolor=\"#d9ead3\" width=\"37\"><\/td>\n<td style=\"background: #d9ead3; width: 5.08647%;\" bgcolor=\"#d9ead3\" width=\"37\"><\/td>\n<td style=\"background: #d9ead3; width: 4.18265%;\" bgcolor=\"#d9ead3\" width=\"37\"><\/td>\n<td style=\"background: #d9ead3; width: 5.07561%;\" bgcolor=\"#d9ead3\" width=\"37\"><\/td>\n<td style=\"background: #d9ead3; width: 5.20784%;\" bgcolor=\"#d9ead3\" width=\"37\"><\/td>\n<td style=\"background: #d9ead3; width: 4.47642%;\" bgcolor=\"#d9ead3\" width=\"37\"><\/td>\n<td style=\"background: #d9ead3; width: 1.27877%;\" bgcolor=\"#d9ead3\" width=\"38\"><\/td>\n<\/tr>\n<\/tbody>\n<\/table>\n<p>&nbsp;<\/p>\n","protected":false},"excerpt":{"rendered":"<p>&nbsp;<\/p>\n<p>ZER La Cerdanya<\/p>\n<p>Objectius de l&#8217;EDZ (qu\u00e8, com i per a qu\u00e8)<\/p>\n<p>Curs 2022 &#8211; 23<\/p>\n<p>Curs 2023 &#8211; 24<\/p>\n<p>Curs 2024 -25<\/p>\n<p>Curs 2025 -26<\/p>\n<p>1T<\/p>\n<p>2T<\/p>\n<p>3T<\/p>\n<p>1T<\/p>\n<p>2T<\/p>\n<p>3T<\/p>\n<p>1T<\/p>\n<p>2T<\/p>\n<p>3T<\/p>\n<p>1T<\/p>\n<p>2T<\/p>\n<p>3T<\/p>\n<p>1<\/p>\n<p>Redactar els documents de Cultura Digital.<\/p>\n<p>2<\/p>\n<p>Millorar la compet\u00e8ncia digital docent <\/p>\n<p>3<\/p>\n<p>Millorar la compet\u00e8ncia digital de l&#8217;alumnat<\/p>\n<p>4<\/p>\n<p>Promoure el coneixement i l&#8217;\u00fas de les eines digitals d&#8217;aprenentatge&hellip;  <a href=\"https:\/\/agora.xtec.cat\/zerlacerdanya\/pla-destrategia-digital-de-zer\/part-estrategica\/objectius\/\" title=\"Read Objectius\">Llegeix m\u00e9s\u00bb<\/a><\/p>\n","protected":false},"author":1,"featured_media":0,"parent":1988,"menu_order":0,"comment_status":"closed","ping_status":"closed","template":"page-templates\/side-menu.php","meta":{"_bbp_topic_count":0,"_bbp_reply_count":0,"_bbp_total_topic_count":0,"_bbp_total_reply_count":0,"_bbp_voice_count":0,"_bbp_anonymous_reply_count":0,"_bbp_topic_count_hidden":0,"_bbp_reply_count_hidden":0,"_bbp_forum_subforum_count":0,"footnotes":""},"class_list":["post-1993","page","type-page","status-publish","hentry"],"post_mailing_queue_ids":[],"_links":{"self":[{"href":"https:\/\/agora.xtec.cat\/zerlacerdanya\/wp-json\/wp\/v2\/pages\/1993","targetHints":{"allow":["GET"]}}],"collection":[{"href":"https:\/\/agora.xtec.cat\/zerlacerdanya\/wp-json\/wp\/v2\/pages"}],"about":[{"href":"https:\/\/agora.xtec.cat\/zerlacerdanya\/wp-json\/wp\/v2\/types\/page"}],"author":[{"embeddable":true,"href":"https:\/\/agora.xtec.cat\/zerlacerdanya\/wp-json\/wp\/v2\/users\/1"}],"replies":[{"embeddable":true,"href":"https:\/\/agora.xtec.cat\/zerlacerdanya\/wp-json\/wp\/v2\/comments?post=1993"}],"version-history":[{"count":3,"href":"https:\/\/agora.xtec.cat\/zerlacerdanya\/wp-json\/wp\/v2\/pages\/1993\/revisions"}],"predecessor-version":[{"id":2137,"href":"https:\/\/agora.xtec.cat\/zerlacerdanya\/wp-json\/wp\/v2\/pages\/1993\/revisions\/2137"}],"up":[{"embeddable":true,"href":"https:\/\/agora.xtec.cat\/zerlacerdanya\/wp-json\/wp\/v2\/pages\/1988"}],"wp:attachment":[{"href":"https:\/\/agora.xtec.cat\/zerlacerdanya\/wp-json\/wp\/v2\/media?parent=1993"}],"curies":[{"name":"wp","href":"https:\/\/api.w.org\/{rel}","templated":true}]}}