{"id":8580,"date":"2017-03-25T05:36:07","date_gmt":"2017-03-25T04:36:07","guid":{"rendered":"http:\/\/agora.xtec.cat\/formacio\/scratch\/?page_id=8580"},"modified":"2017-03-25T05:36:07","modified_gmt":"2017-03-25T04:36:07","slug":"sessio-1","status":"publish","type":"page","link":"https:\/\/agora.xtec.cat\/zerguilleries\/escola-beta\/modul-1\/sessio-1\/","title":{"rendered":"Sessi\u00f3 1. Comencem: el projecte"},"content":{"rendered":"<h2>Pla de treball<\/h2>\n<div style=\"padding-left: 50px;\">\n<ul>\n<li>Qu\u00e8 \u00e9s l&#8217;Scratch?<\/li>\n<li>Descobrim el <a href=\"https:\/\/scratch.mit.edu\/\" target=\"_blank\">web de l&#8217;Scratch<\/a><\/li>\n<li>Creem un usuari per comen\u00e7ar a treballar<\/li>\n<li>Presentem el projecte<\/li>\n<\/ul>\n<\/div>\n<hr \/>\n<h2>Qu\u00e8 \u00e9s l&#8217;Scratch?<\/h2>\n<p>L&#8217;Scratch \u00e9s un entorn de programaci\u00f3 que ens permet crear m\u00faltiples activitats diferents, com jocs, hist\u00f2ries interactives&#8230;<\/p>\n<p>Quan anem al <a href=\"https:\/\/scratch.mit.edu\/\" target=\"_blank\">web de l&#8217;Scratch<\/a> ens trobem amb una pantalla com aquesta:<\/p>\n<p><img decoding=\"async\" class=\"aligncenter\" src=\"http:\/\/projectes.xtec.cat\/programacioirobotica\/wp-content\/uploads\/usu604\/2017\/05\/scratch-web.jpg\" alt=\"P\u00e0gina inicial de l'Scratch\" \/><\/p>\n<p><img decoding=\"async\" class=\"alignnone\" src=\"http:\/\/projectes.xtec.cat\/programacioirobotica\/wp-content\/uploads\/usu604\/2017\/06\/scratch-icona_tasques.png\" alt=\"Icona tasques\" width=\"32\" \/><strong>Fem-ho pas a pas<\/strong><\/p>\n<div style=\"padding-left: 50px;\">\n<ul>\n<li>Si ens cal, anem al final de la p\u00e0gina i triem l&#8217;idioma perqu\u00e8 sigui el catal\u00e0<\/li>\n<li>Explorem totes les opcions del men\u00fa blau superior. Per a qu\u00e8 serveixen?\n<ul>\n<li><strong>Scratch<\/strong>, ens torna a la p\u00e0gina inicial<\/li>\n<li><strong>Crea<\/strong>, obre l&#8217;editor per crear els nostres projectes<\/li>\n<li><strong>Explora<\/strong>, ens permet veure i cercar projectes creats per altres usuaris<\/li>\n<li><strong>Ajuda<\/strong>, ens porta a veure diferents manuals i les <a href=\"https:\/\/cdn.scratch.mit.edu\/scratchr2\/static\/pdfs\/help\/ca\/Scratch2Cards.pdf\" target=\"_blank\"><em>Scratch Cards<\/em><\/a><\/li>\n<\/ul>\n<\/li>\n<\/ul>\n<\/div>\n<hr \/>\n<h2>El nostre espai a l&#8217;Scratch<\/h2>\n<p>Per resoldre els nostres reptes i avan\u00e7ar en el nostre projecte, treballarem en grup compartint idees i solucions. Tota aquesta tasca s&#8217;ha de guardar en algun lloc per poder seguir treballant i \u00e9s per aix\u00f2 que tindrem un espai per al nostre grup a l&#8217;Scratch. Per accedir-hi, cal que ens donem d&#8217;alta i aix\u00ed\u00a0poder desar els nostres projectes.<\/p>\n<p><img decoding=\"async\" class=\"alignnone\" src=\"http:\/\/projectes.xtec.cat\/programacioirobotica\/wp-content\/uploads\/usu604\/2017\/06\/scratch-icona_tasques.png\" alt=\"Icona repte\" width=\"32\" \/><strong>Fem-ho pas a pas<\/strong><\/p>\n<div style=\"padding-left: 50px;\">\n<ul>\n<li>Fem clic a l&#8217;opci\u00f3 <strong>Inicia la sessi\u00f3<\/strong> del men\u00fa blau superior<\/li>\n<li>Hem de posar-hi el nom d&#8217;usuari i la contrasenya del grup que ens ha donat el mestre<\/li>\n<li>Un cop estem dins de l&#8217;espai del nostre grup hem de fer-lo representatiu del nostre grup. Podem anar a <strong>Configuraci\u00f3 del compte<\/strong> i posar una imatge que ens representi, explicar alguna cosa de la nostra escola&#8230;<br \/><img decoding=\"async\" class=\"aligncenter\" src=\"http:\/\/projectes.xtec.cat\/programacioirobotica\/wp-content\/uploads\/usu604\/2017\/06\/compte-scratch.png\" alt=\"Configuraci\u00f3 compte\" \/>\n<div style=\"padding-left: 10px; border: 1px solid; margin: 10px 120px 10px 50px;\">Aquest usuari ens servir\u00e0 per treballar les tasques encomandes a l&#8217;escola. Si volem tenir un usuari per fer altres projectes hem de fer clic a l&#8217;opci\u00f3 <strong>Uneix-te a Scratch<\/strong> del men\u00fa blau superior, triar un nom d&#8217;usuari i una contrasenya que ens siguin f\u00e0cils de recordar i demanar l&#8217;autoritzaci\u00f3 dels nostres pares.<\/div>\n<\/li>\n<\/ul>\n<\/div>\n<hr \/>\n<h2>Quin \u00e9s el nostre projecte amb l&#8217;Scratch?<\/h2>\n<p>La proposta de projecte per fer amb l&#8217;Scratch \u00e9s una postal interactiva. Per comen\u00e7ar a preparar el nostre projecte veurem qu\u00e8 \u00e9s una <strong>postal interactiva<\/strong>, quins elements hi poden haver i treballarem la resta del m\u00f2dul per crear-ne una amb els diferents elements que anem veient.<\/p>\n<p><img decoding=\"async\" class=\"alignnone\" src=\"http:\/\/projectes.xtec.cat\/programacioirobotica\/wp-content\/uploads\/usu604\/2017\/06\/scratch-icona_tasques.png\" alt=\"Icona tasques\" width=\"32\" \/><strong>Fem-ho pas a pas<\/strong><\/p>\n<div style=\"padding-left: 50px;\">\n<ul>\n<li>Mirem la quantitat de diferents postals interactives que hi ha fetes amb l&#8217;Scratch: <a href=\"https:\/\/scratch.mit.edu\/search\/projects?q=postal\" target=\"_blank\">https:\/\/scratch.mit.edu\/search\/projects?q=postal<\/a><\/li>\n<li>Entrem en algunes d&#8217;elles i mirem quines coses passen:\n<ul>\n<li>Els personatges es mouen<\/li>\n<li>Els personatges parlen<\/li>\n<li>Els personatges canvien de color, de mida&#8230;<\/li>\n<li>Els fons de pantalla canvien<\/li>\n<li>I moltes altres coses<\/li>\n<\/ul>\n<\/li>\n<\/ul>\n<\/div>\n<p>Aqu\u00ed podem veure una postal interactiva feta especialment per a aquesta sessi\u00f3:<\/p>\n<p><iframe loading=\"lazy\" class=\"aligncenter\" src=\"\/\/scratch.mit.edu\/projects\/embed\/152466971\/?autostart=false\" width=\"485\" height=\"402\" frameborder=\"0\" allowfullscreen=\"allowfullscreen\"><\/iframe><\/p>\n<hr \/>\n<p><img decoding=\"async\" class=\"alignnone\" src=\"http:\/\/projectes.xtec.cat\/programacioirobotica\/wp-content\/uploads\/usu604\/2017\/06\/scratch-icona_glosari.png\" alt=\"Icona glosari\" width=\"32\" \/><strong> Com que som programadors i programadores parlem de&#8230;<\/strong><\/p>\n<div style=\"padding-left: 50px;\">\n<ul>\n<li><strong>Entorn de programaci\u00f3:<\/strong> espai que permet la realitzaci\u00f3 de programes fent servir unes eines espec\u00edfiques.<\/li>\n<li><strong>Nom d&#8217;usuari:<\/strong> nom assignat a una persona que li permet accedir a un entorn, aplicaci\u00f3 o espai i que serveix per identificar-la.<\/li>\n<li><strong>Contrasenya:<\/strong> codi format per una barreja de n\u00fameros, lletres i d&#8217;altres car\u00e0cters, relacionat amb un usuari concret, que li permet accedir a un entorn, aplicaci\u00f3 o espai de forma segura.<\/li>\n<\/ul>\n<\/div>\n","protected":false},"excerpt":{"rendered":"<p>Pla de treball<\/p>\n<ul>\n<li>Qu\u00e8 \u00e9s l&#8217;Scratch?<\/li>\n<li>Descobrim el <a href=\"https:\/\/scratch.mit.edu\/\" target=\"_blank\">web de l&#8217;Scratch<\/a><\/li>\n<li>Creem un usuari per comen\u00e7ar a treballar<\/li>\n<li>Presentem el projecte<\/li>\n<\/ul>\n<p>Qu\u00e8 \u00e9s l&#8217;Scratch?<br \/>\nL&#8217;Scratch \u00e9s un entorn de programaci\u00f3 que ens permet crear m\u00faltiples activitats diferents, com jocs, hist\u00f2ries interactives&#8230;<br \/>\nQuan anem al <a href=\"https:\/\/scratch.mit.edu\/\" target=\"_blank\">web de l&#8217;Scratch<\/a> ens&hellip;  <a href=\"https:\/\/agora.xtec.cat\/zerguilleries\/escola-beta\/modul-1\/sessio-1\/\" title=\"Read Sessi\u00f3 1. Comencem: el projecte\">Llegeix m\u00e9s\u00bb<\/a><\/p>\n","protected":false},"author":14,"featured_media":0,"parent":8172,"menu_order":0,"comment_status":"closed","ping_status":"closed","template":"page-templates\/side-menu.php","meta":{"footnotes":""},"class_list":["post-8580","page","type-page","status-publish","hentry"],"post_mailing_queue_ids":[],"_links":{"self":[{"href":"https:\/\/agora.xtec.cat\/zerguilleries\/wp-json\/wp\/v2\/pages\/8580","targetHints":{"allow":["GET"]}}],"collection":[{"href":"https:\/\/agora.xtec.cat\/zerguilleries\/wp-json\/wp\/v2\/pages"}],"about":[{"href":"https:\/\/agora.xtec.cat\/zerguilleries\/wp-json\/wp\/v2\/types\/page"}],"author":[{"embeddable":true,"href":"https:\/\/agora.xtec.cat\/zerguilleries\/wp-json\/wp\/v2\/users\/14"}],"replies":[{"embeddable":true,"href":"https:\/\/agora.xtec.cat\/zerguilleries\/wp-json\/wp\/v2\/comments?post=8580"}],"version-history":[{"count":0,"href":"https:\/\/agora.xtec.cat\/zerguilleries\/wp-json\/wp\/v2\/pages\/8580\/revisions"}],"up":[{"embeddable":true,"href":"https:\/\/agora.xtec.cat\/zerguilleries\/wp-json\/wp\/v2\/pages\/8172"}],"wp:attachment":[{"href":"https:\/\/agora.xtec.cat\/zerguilleries\/wp-json\/wp\/v2\/media?parent=8580"}],"curies":[{"name":"wp","href":"https:\/\/api.w.org\/{rel}","templated":true}]}}