{"id":8198,"date":"2017-02-10T14:39:29","date_gmt":"2017-02-10T13:39:29","guid":{"rendered":"http:\/\/agora.xtec.cat\/formacio\/scratch\/?page_id=8198"},"modified":"2017-02-10T14:39:29","modified_gmt":"2017-02-10T13:39:29","slug":"sessio-8","status":"publish","type":"page","link":"https:\/\/agora.xtec.cat\/zerguilleries\/escola-beta\/modul-1\/sessio-8\/","title":{"rendered":"Sessi\u00f3 8. Efectes de so i m\u00fasica"},"content":{"rendered":"<h2>Pla de treball<\/h2>\n<div style=\"padding-left: 50px;\">\n<ul>\n<li>Afegim so des de la galeria<\/li>\n<li>Enregistrament de so<\/li>\n<li>Afegim so des d&#8217;un fitxer<\/li>\n<li>Fem m\u00fasica<\/li>\n<\/ul>\n<\/div>\n<hr \/>\n<h2>Incorporem sons al projecte<\/h2>\n<p>Podem posar so a l&#8217;Scratch? Avui descobrirem com.<\/p>\n<p><img decoding=\"async\" class=\"alignnone\" src=\"http:\/\/projectes.xtec.cat\/programacioirobotica\/wp-content\/uploads\/usu604\/2017\/06\/scratch-icona_tasques.png\" alt=\"Pas a pas\" width=\"32\" \/> <strong>Fem-ho pas a pas<\/strong><\/p>\n<div style=\"padding-left: 50px;\">\n<ul>\n<li>Entrem al nostre compte de l&#8217;Scratch i creem un nou projecte anomenat <strong>m1<\/strong><strong>repte81<\/strong><\/li>\n<li>Fixem-nos que els personatges, a m\u00e9s a m\u00e9s de programes i vestits, tamb\u00e9 poden tenir sons. Alguns personatges de la galeria ja venen amb un so predefinit:<br \/>\n<img decoding=\"async\" class=\"alignnone\" src=\"http:\/\/projectes.xtec.cat\/programacioirobotica\/wp-content\/uploads\/usu604\/2017\/06\/scratch-pestanya_sons.png\" alt=\"Pestanya Sons\" \/><\/li>\n<li>Podem afegir sons als personatges i a l&#8217;escenari. Per afegir nous sons ho podem fer de diferents formes, la primera \u00e9s triant un so de la galeria:<br \/>\n<img decoding=\"async\" class=\"alignnone\" src=\"http:\/\/projectes.xtec.cat\/programacioirobotica\/wp-content\/uploads\/usu604\/2017\/06\/scratch-nouso_galeria.png\" alt=\"Nou so des de la galeria\" \/><\/li>\n<li>Ara afegim un so enregistrant la nostra veu. Hem de tenir en compte que ens cal tenir un micr\u00f2fon:<br \/>\n<img decoding=\"async\" class=\"alignnone\" src=\"http:\/\/projectes.xtec.cat\/programacioirobotica\/wp-content\/uploads\/usu604\/2017\/06\/scratch-nouso_enregistra.png\" alt=\"Nou so enregistrat\" \/><\/li>\n<li>Finalment afegim un so que tinguem pr\u00e8viament haguem baixat d&#8217;Internet i desat al nostre ordinador. Tingueu en compte els drets d&#8217;autor de la mateixa forma que ho hem de tenir en compte amb les imatges:<br \/>\n<img decoding=\"async\" class=\"alignnone\" src=\"http:\/\/projectes.xtec.cat\/programacioirobotica\/wp-content\/uploads\/usu604\/2017\/06\/scratch-nouso_fitxer.png\" alt=\"Nou so des d'un fitxer\" \/><\/li>\n<\/ul>\n<\/div>\n<hr \/>\n<h2>Utilitzem els sons<\/h2>\n<p><img decoding=\"async\" class=\"alignnone\" src=\"http:\/\/projectes.xtec.cat\/programacioirobotica\/wp-content\/uploads\/usu604\/2017\/06\/scratch-icona_tasques.png\" alt=\"Pas a pas\" width=\"32\" \/> <strong>Fem-ho pas a pas<\/strong><\/p>\n<div style=\"padding-left: 50px;\">\n<ul>\n<li>Seguim treballant amb el projecte <strong>m1<\/strong><strong>repte81<\/strong><\/li>\n<li>Analitzem la categoria de blocs de <strong>so<\/strong>. Recordem que tenim l&#8217;ajuda per si volem saber la utilitat d&#8217;un bloc:<br \/>\n<img decoding=\"async\" class=\"alignnone\" src=\"http:\/\/projectes.xtec.cat\/programacioirobotica\/wp-content\/uploads\/usu604\/2017\/06\/scratch-so.png\" alt=\"Blocs de so\" \/><\/li>\n<li>Fem que el personatge emeti un dels sons que t\u00e9. Per fer-ho podem utilitzar un d&#8217;aquests dos blocs:<br \/>\n<img decoding=\"async\" class=\"alignnone\" src=\"http:\/\/projectes.xtec.cat\/programacioirobotica\/wp-content\/uploads\/usu604\/2017\/06\/scratch-sons_tocaelso.png\" alt=\"Toca el so\" \/> <img decoding=\"async\" class=\"alignnone\" src=\"http:\/\/projectes.xtec.cat\/programacioirobotica\/wp-content\/uploads\/usu604\/2017\/06\/scratch-sons_tocaelsofinsqueacabi.png\" alt=\"Toca el so fins que acabi\" \/><\/li>\n<li>Fixem-nos que, en triar un so per a un personatge, nom\u00e9s hi ha disponibles els sons que t\u00e9 aquest personatge, no podem fer que un personatge utilitzi un so que t\u00e9 un altre personatge:<br \/>\n<img decoding=\"async\" class=\"alignnone\" src=\"http:\/\/projectes.xtec.cat\/programacioirobotica\/wp-content\/uploads\/usu604\/2017\/06\/scratch-sons_tocaelsodesplegat.png\" alt=\"Tria de so\" \/><\/li>\n<\/ul>\n<\/div>\n<hr \/>\n<p><img decoding=\"async\" class=\"alignnone\" src=\"http:\/\/projectes.xtec.cat\/programacioirobotica\/wp-content\/uploads\/usu604\/2017\/06\/scratch-icona_repte.png\" alt=\"Icona repte\" width=\"32\" \/> <img decoding=\"async\" class=\"alignnone\" src=\"http:\/\/projectes.xtec.cat\/programacioirobotica\/wp-content\/uploads\/usu604\/2017\/06\/scratch-repte1.png\" alt=\"Repte 1\" width=\"100\" \/><\/p>\n<p>Continuem treballant amb el <strong>m1<\/strong><strong>repte81<\/strong> i hi hem de crear dos personatges, per exemple un gat i un gos, i fem que mantinguin un di\u00e0leg en forma de sons, de manera que fins que un no acabi d&#8217;emetre un so no comenci l&#8217;altre.<\/p>\n<hr \/>\n<h2>Fem m\u00fasica<\/h2>\n<p>A m\u00e9s a m\u00e9s de sons, des de l&#8217;Scratch tamb\u00e9 podem crear m\u00fasica.<\/p>\n<p><img decoding=\"async\" class=\"alignnone\" src=\"http:\/\/projectes.xtec.cat\/programacioirobotica\/wp-content\/uploads\/usu604\/2017\/06\/scratch-icona_tasques.png\" alt=\"Pas a pas\" width=\"32\" \/> <strong>Fem-ho pas a pas<\/strong><\/p>\n<div style=\"padding-left: 50px;\">\n<ul>\n<li>Creem un nou projecte anomenat <strong>m1<\/strong><strong>repte82<\/strong><\/li>\n<li>El bloc <strong>toca el tambor<\/strong> ens permet triar quin instrument de percussi\u00f3 fem sonar i durant quantes pulsacions:<br \/>\n<img decoding=\"async\" class=\"alignnone\" src=\"http:\/\/projectes.xtec.cat\/programacioirobotica\/wp-content\/uploads\/usu604\/2017\/06\/scratch-sons_tocatambor.png\" alt=\"Toca el tambor\" \/><\/li>\n<li>Afegim aquest bloc i fem proves amb diferents instruments i diferents valors de les pulsacions<\/li>\n<li>Els blocs <strong>tria l&#8217;instrument<\/strong> i <strong>toca la nota<\/strong> ens permeten triar quin instrument i quina nota volem fer sonar, i durant quantes pulsacions:<br \/>\n<img decoding=\"async\" class=\"alignnone\" src=\"http:\/\/projectes.xtec.cat\/programacioirobotica\/wp-content\/uploads\/usu604\/2017\/06\/scratch-sons_fixainstrument.png\" alt=\"Tria instrument\" \/> <img decoding=\"async\" class=\"alignnone\" src=\"http:\/\/projectes.xtec.cat\/programacioirobotica\/wp-content\/uploads\/usu604\/2017\/06\/scratch-sons_tocaNota.png\" alt=\"Toca la nota\" \/><\/li>\n<li>Afegim tamb\u00e9 aquests dos blocs i intentem fer una seq\u00fc\u00e8ncia per fer una melodia. Per exemple podem provar aix\u00f2:<br \/>\n<img decoding=\"async\" class=\"alignnone\" src=\"http:\/\/projectes.xtec.cat\/programacioirobotica\/wp-content\/uploads\/usu604\/2017\/06\/scratch-melodia.png\" alt=\"Melodia\" \/><\/li>\n<li>Els blocs referits al tempo ens permeten anar variant el ritme de la melodia en temps d&#8217;execuci\u00f3:<br \/>\n<img decoding=\"async\" class=\"alignnone\" src=\"http:\/\/projectes.xtec.cat\/programacioirobotica\/wp-content\/uploads\/usu604\/2017\/06\/scratch-tempo.png\" alt=\"Tempo\" \/><\/li>\n<\/ul>\n<\/div>\n<hr \/>\n<p><img decoding=\"async\" class=\"alignnone\" src=\"http:\/\/projectes.xtec.cat\/programacioirobotica\/wp-content\/uploads\/usu604\/2017\/06\/scratch-icona_repte.png\" alt=\"Icona repte\" width=\"32\" \/> <img decoding=\"async\" class=\"alignnone\" src=\"http:\/\/projectes.xtec.cat\/programacioirobotica\/wp-content\/uploads\/usu604\/2017\/06\/scratch-repte2.png\" alt=\"Repte 2\" width=\"100\" \/><\/p>\n<p>Continuem amb el projecte <strong>m1<\/strong><strong>repte 82<\/strong>. Hem de trobar una partitura d&#8217;un c\u00e0non senzill (parlem amb la mestra de m\u00fasica) i hem de fer que varis personatges en cantin una petita part alhora, tot fent el c\u00e0non.<\/p>\n<p><img decoding=\"async\" class=\"alignnone\" src=\"http:\/\/projectes.xtec.cat\/programacioirobotica\/wp-content\/uploads\/usu604\/2017\/06\/scratch-icona_pista.png\" alt=\"Icona pista\" width=\"24\" \/>Pista: Si cada personatge t\u00e9 un bloc <strong>Quan la bandera verda es premi<\/strong> tots els blocs s&#8217;executaran alhora. Tamb\u00e9 ho podem fer si un sol personatge t\u00e9 m\u00e9s d&#8217;un d&#8217;aquests blocs. D&#8217;aix\u00f2 en diem programaci\u00f3 paral\u00b7lela, perqu\u00e8 hi ha m\u00e9s d&#8217;un programa executant-se alhora.<\/p>\n<hr \/>\n<h2>Com ho fem amb les targetes de l&#8217;Scratch?<\/h2>\n<p>Les targetes de l&#8217;Scratch ens proposen diferents tasques al voltant d&#8217;un tema. Com ho veus amb aquesta per fer m\u00fasica:<\/p>\n<p><a href=\"http:\/\/projectes.xtec.cat\/programacioirobotica\/wp-content\/uploads\/usu604\/2017\/06\/scratch-targetes_fermusica.pdf\" target=\"_blank\"><img decoding=\"async\" class=\"alignnone\" src=\"http:\/\/projectes.xtec.cat\/programacioirobotica\/wp-content\/uploads\/usu604\/2017\/06\/scratch-targetes_fermusica.png\" alt=\"Targeta fer m\u00fasica\" \/><\/a><\/p>\n<hr \/>\n<p><img decoding=\"async\" class=\"alignnone\" src=\"http:\/\/projectes.xtec.cat\/programacioirobotica\/wp-content\/uploads\/usu604\/2017\/06\/scratch-icona_projecte2.png\" alt=\"Icona projecte\" width=\"32\" \/> <strong>El nostre projecte creix&#8230;<\/strong><\/p>\n<p>Ara que sabem com podem afegir sons, podem comen\u00e7ar a pensar en quins sons necessitem per a la nostra hist\u00f2ria i buscar-los a la galeria, crear-los o baixar-los. Hem de revisar i afegir tots el que faci refer\u00e8ncia als sons a la descripci\u00f3 que hem fet al nostre projecte <strong>postal<\/strong>.<\/p>\n<hr \/>\n<p><img decoding=\"async\" class=\"alignnone\" src=\"http:\/\/projectes.xtec.cat\/programacioirobotica\/wp-content\/uploads\/usu604\/2017\/06\/scratch-icona_glosari.png\" alt=\"Icona glosari\" width=\"32\" \/> <strong>Com que som programadors i programadores parlem de&#8230;<\/strong><\/p>\n<div style=\"padding-left: 50px;\">\n<ul>\n<li><strong>Programaci\u00f3 paral\u00b7lela:<\/strong>\u00a0execuci\u00f3 de m\u00e9s d&#8217;un programa de forma simult\u00e0nia, \u00e9s a dir, que s&#8217;executen alhora.<\/li>\n<li><strong>Efecte de so:<\/strong> modificacions que podem realitzar a sobre d&#8217;un so, com ara distorsionar-lo, allargar-li el tempo,&#8230;<\/li>\n<li><strong>Fitxer de so:<\/strong> arxiu que correspon a un so i que podem baixar d&#8217;Internet o enregistrar.<\/li>\n<\/ul>\n<\/div>\n","protected":false},"excerpt":{"rendered":"<p>Pla de treball<\/p>\n<ul>\n<li>Afegim so des de la galeria<\/li>\n<li>Enregistrament de so<\/li>\n<li>Afegim so des d&#8217;un fitxer<\/li>\n<li>Fem m\u00fasica<\/li>\n<\/ul>\n<p>Incorporem sons al projecte<br \/>\nPodem posar so a l&#8217;Scratch? Avui descobrirem com.<br \/>\n Fem-ho pas a pas<\/p>\n<ul>\n<li>Entrem al nostre compte de l&#8217;Scratch i creem un nou projecte anomenat m1repte81<\/li>\n<li>Fixem-nos que els personatges, a&hellip;  <a href=\"https:\/\/agora.xtec.cat\/zerguilleries\/escola-beta\/modul-1\/sessio-8\/\" title=\"Read Sessi\u00f3 8. Efectes de so i m\u00fasica\">Llegeix m\u00e9s\u00bb<\/a><br \/>\n","protected":false},"author":14,"featured_media":0,"parent":8172,"menu_order":70,"comment_status":"closed","ping_status":"closed","template":"page-templates\/side-menu.php","meta":{"footnotes":""},"class_list":["post-8198","page","type-page","status-publish","hentry"],"post_mailing_queue_ids":[],"_links":{"self":[{"href":"https:\/\/agora.xtec.cat\/zerguilleries\/wp-json\/wp\/v2\/pages\/8198","targetHints":{"allow":["GET"]}}],"collection":[{"href":"https:\/\/agora.xtec.cat\/zerguilleries\/wp-json\/wp\/v2\/pages"}],"about":[{"href":"https:\/\/agora.xtec.cat\/zerguilleries\/wp-json\/wp\/v2\/types\/page"}],"author":[{"embeddable":true,"href":"https:\/\/agora.xtec.cat\/zerguilleries\/wp-json\/wp\/v2\/users\/14"}],"replies":[{"embeddable":true,"href":"https:\/\/agora.xtec.cat\/zerguilleries\/wp-json\/wp\/v2\/comments?post=8198"}],"version-history":[{"count":0,"href":"https:\/\/agora.xtec.cat\/zerguilleries\/wp-json\/wp\/v2\/pages\/8198\/revisions"}],"up":[{"embeddable":true,"href":"https:\/\/agora.xtec.cat\/zerguilleries\/wp-json\/wp\/v2\/pages\/8172"}],"wp:attachment":[{"href":"https:\/\/agora.xtec.cat\/zerguilleries\/wp-json\/wp\/v2\/media?parent=8198"}],"curies":[{"name":"wp","href":"https:\/\/api.w.org\/{rel}","templated":true}]}}