{"id":63,"date":"2014-09-18T10:06:31","date_gmt":"2014-09-18T10:06:31","guid":{"rendered":"http:\/\/agora.xtec.cat\/zerguilleries\/?page_id=63"},"modified":"2025-10-17T17:30:00","modified_gmt":"2025-10-17T15:30:00","slug":"serveis","status":"publish","type":"page","link":"https:\/\/agora.xtec.cat\/zerguilleries\/serveis\/","title":{"rendered":"GEP"},"content":{"rendered":"<p><strong>L\u2019ESCOLA ELS CASTANYERS SOM UN CENTRE GEP!<\/strong><\/p>\n<p>El GEP \u00e9s un projecte d\u2019innovaci\u00f3 pedag\u00f2gica que t\u00e9 per objectiu millorar la compet\u00e8ncia ling\u00fc\u00edstica en llengua anglesa de l\u2019alumnat, afavorint el seu creixement acad\u00e8mic i posterior inserci\u00f3 laboral, i capacitant-lo per interactuar amb el m\u00f3n en diverses lleng\u00fces i de manera cr\u00edtica.<\/p>\n<p>Aquest projecte ens permet incrementar el temps d\u2019exposici\u00f3 de l\u2019alumnat a les lleng\u00fces estrangeres curriculars a trav\u00e9s dels projectes que realitza l&#8217;alumnat.<\/p>\n<p>&nbsp;<\/p>\n<p><strong>Els objectius del projecte s\u00f3n:<\/strong><\/p>\n<ul>\n<li>Desenvolupar treballs d&#8217;investigaci\u00f3 on utilitzem l&#8217;angl\u00e8s d&#8217;una manera m\u00e9s global i significativa.<\/li>\n<li>Millorar la compet\u00e8ncia comunicativa en llengua anglesa.<\/li>\n<li>Aprofundir en la cultura anglesa i en altres d&#8217;europees.<\/li>\n<\/ul>\n<p>&nbsp;<\/p>\n<p>&nbsp;<\/p>\n<p><strong>Amb aquests objectius es vol aconseguir:<\/strong><\/p>\n<ul>\n<li>Promoure una metodologia basada en els projectes.<\/li>\n<li>Augmentar la pres\u00e8ncia de la llengua anglesa per fomentar l\u2019\u00fas d\u2019estructures orals correctes.<\/li>\n<li>Establir relacions amb altres escoles d&#8217;Europa.<\/li>\n<\/ul>\n","protected":false},"excerpt":{"rendered":"<p>L\u2019ESCOLA ELS CASTANYERS SOM UN CENTRE GEP!<br \/>\nEl GEP \u00e9s un projecte d\u2019innovaci\u00f3 pedag\u00f2gica que t\u00e9 per objectiu millorar la compet\u00e8ncia ling\u00fc\u00edstica en llengua anglesa de l\u2019alumnat, afavorint el seu creixement acad\u00e8mic i posterior inserci\u00f3 laboral, i capacitant-lo per interactuar amb el m\u00f3n en diverses lleng\u00fces&hellip;  <a href=\"https:\/\/agora.xtec.cat\/zerguilleries\/serveis\/\" title=\"Read GEP\">Llegeix m\u00e9s\u00bb<\/a><\/p>\n","protected":false},"author":1,"featured_media":0,"parent":0,"menu_order":80,"comment_status":"closed","ping_status":"closed","template":"page-templates\/side-menu.php","meta":{"footnotes":""},"class_list":["post-63","page","type-page","status-publish","hentry"],"post_mailing_queue_ids":[],"_links":{"self":[{"href":"https:\/\/agora.xtec.cat\/zerguilleries\/wp-json\/wp\/v2\/pages\/63","targetHints":{"allow":["GET"]}}],"collection":[{"href":"https:\/\/agora.xtec.cat\/zerguilleries\/wp-json\/wp\/v2\/pages"}],"about":[{"href":"https:\/\/agora.xtec.cat\/zerguilleries\/wp-json\/wp\/v2\/types\/page"}],"author":[{"embeddable":true,"href":"https:\/\/agora.xtec.cat\/zerguilleries\/wp-json\/wp\/v2\/users\/1"}],"replies":[{"embeddable":true,"href":"https:\/\/agora.xtec.cat\/zerguilleries\/wp-json\/wp\/v2\/comments?post=63"}],"version-history":[{"count":4,"href":"https:\/\/agora.xtec.cat\/zerguilleries\/wp-json\/wp\/v2\/pages\/63\/revisions"}],"predecessor-version":[{"id":13588,"href":"https:\/\/agora.xtec.cat\/zerguilleries\/wp-json\/wp\/v2\/pages\/63\/revisions\/13588"}],"wp:attachment":[{"href":"https:\/\/agora.xtec.cat\/zerguilleries\/wp-json\/wp\/v2\/media?parent=63"}],"curies":[{"name":"wp","href":"https:\/\/api.w.org\/{rel}","templated":true}]}}