{"id":435,"date":"2015-07-24T15:14:37","date_gmt":"2015-07-24T14:14:37","guid":{"rendered":"http:\/\/agora.xtec.cat\/zerguilleries\/?page_id=435"},"modified":"2022-07-14T10:59:10","modified_gmt":"2022-07-14T08:59:10","slug":"ampa","status":"publish","type":"page","link":"https:\/\/agora.xtec.cat\/zerguilleries\/escola-beta\/ampa\/","title":{"rendered":"AFA Escola EL GURRI- Associaci\u00f3 de fam\u00edlies d&#8217;alumnes"},"content":{"rendered":"<p><img loading=\"lazy\" decoding=\"async\" class=\"wp-image-11245 alignleft\" src=\"https:\/\/agora.xtec.cat\/zerguilleries\/wp-content\/uploads\/usu67\/2021\/02\/LOGO-AFA.jpg\" alt=\"\" width=\"146\" height=\"146\" srcset=\"https:\/\/agora.xtec.cat\/zerguilleries\/wp-content\/uploads\/usu67\/2021\/02\/LOGO-AFA.jpg 1417w, https:\/\/agora.xtec.cat\/zerguilleries\/wp-content\/uploads\/usu67\/2021\/02\/LOGO-AFA-150x150.jpg 150w, https:\/\/agora.xtec.cat\/zerguilleries\/wp-content\/uploads\/usu67\/2021\/02\/LOGO-AFA-300x300.jpg 300w, https:\/\/agora.xtec.cat\/zerguilleries\/wp-content\/uploads\/usu67\/2021\/02\/LOGO-AFA-768x768.jpg 768w, https:\/\/agora.xtec.cat\/zerguilleries\/wp-content\/uploads\/usu67\/2021\/02\/LOGO-AFA-1024x1024.jpg 1024w\" sizes=\"auto, (max-width: 146px) 100vw, 146px\" \/><\/p>\n<p>&nbsp;<\/p>\n<p>&nbsp;<\/p>\n<p>&nbsp;<\/p>\n<p>&nbsp;<\/p>\n<p>L\u2019AFA de l&#8217;escola agrupa a les mares i els pares d\u2019alumnes de l\u2019escola per a la defensa dels seus interessos en tot all\u00f2 que fa refer\u00e8ncia a l\u2019educaci\u00f3 dels nens i nenes i col\u00b7labora en el funcionament del centre.\u00c9s una entitat constitu\u00efda com associaci\u00f3 sense \u00e0nim de lucre. Est\u00e0 regulada per uns estatuts i s\u2019organitza a trav\u00e9s de la Junta Directiva i l\u2019Assemblea General.<br \/>\nL&#8217;objectiu fonamental de l&#8217;AFA \u00e9s contribuir a la millora de la qualitat de l&#8217;ensenyament que reben els nostres fills i filles. Mantenim una relaci\u00f3 molt estreta amb l&#8217;escola i col\u00b7laborem en projectes, organitzem la socialitzaci\u00f3 de llibres, les extraescolars i financiem bona part de les sortides i activitats.<\/p>\n<p><strong>Com a tasques m\u00e9s importants que realitzem destaquem<\/strong>:<\/p>\n<ul>\n<li>Vetllar per la qualitat educativa dels nostres fills i filles.<\/li>\n<li>Potenciar la participaci\u00f3 i la implicaci\u00f3 de totes les fam\u00edlies al centre.<\/li>\n<li>Completa col\u00b7laboraci\u00f3 amb els mestres de l&#8217;escola participant en les activitats escolars.<\/li>\n<li>Ajuda i col\u00b7laboraci\u00f3 en el manteniment de l&#8217;escola com pintar, cuidar l&#8217;hort, aportaci\u00f3 de material, projecte pati, racons i espais de treball, etc.<\/li>\n<li>Donar suport a les fam\u00edlies si hi ha algun contratemps de conviv\u00e8ncia, com a representants seus.<\/li>\n<li>Donar serveis a les fam\u00edlies, com per exemple organitzar activitats extraescolars.<\/li>\n<li>Recaptar fons per activitats i sortides escolars, com per exemple: les trobades familiars, Festes de Nadal, Ti\u00f3 i Reis, Sortides de teatre, transport del curset de piscina, Festa de final de curs, Sortida dels alumnes de 6\u00e8, participaci\u00f3 dels alumnes a les festes del poble de Taradell com per exemple la Festa dels Tonis, vinculaci\u00f3 absoluta amb el barri de Mont-rodon, espais p\u00fablics, Festa Major, &#8230;<\/li>\n<\/ul>\n<p>Els representants de l&#8217;AMPA ens reunim com a m\u00ednim un cop al mes a la biblioteca de l&#8217;escola, encara que coincidim a l&#8217;escola gaireb\u00e9 cada dia totes les fam\u00edlies i mestres, aix\u00ed que ens \u00e9s molt f\u00e0cil comunicar-nos entre nosaltres.<\/p>\n<p>Podeu contactar amb nosaltres a:\u00a0 ampaelgurri@gmail.com<\/p>\n<p>Ens podeu seguir a Instagram a: <span class=\"\"><span class=\"\">@a<\/span>fa_escola_elgurri<\/span><\/p>\n<p>&nbsp;<\/p>\n","protected":false},"excerpt":{"rendered":"<p>&nbsp;<br \/>\n&nbsp;<br \/>\n&nbsp;<br \/>\n&nbsp;<br \/>\nL\u2019AFA de l&#8217;escola agrupa a les mares i els pares d\u2019alumnes de l\u2019escola per a la defensa dels seus interessos en tot all\u00f2 que fa refer\u00e8ncia a l\u2019educaci\u00f3 dels nens i nenes i col\u00b7labora en el funcionament del centre.\u00c9s una entitat constitu\u00efda com associaci\u00f3 sense&hellip;  <a href=\"https:\/\/agora.xtec.cat\/zerguilleries\/escola-beta\/ampa\/\" title=\"Read AFA Escola EL GURRI- Associaci\u00f3 de fam\u00edlies d&#8217;alumnes\">Llegeix m\u00e9s\u00bb<\/a><\/p>\n","protected":false},"author":1,"featured_media":0,"parent":266,"menu_order":70,"comment_status":"closed","ping_status":"closed","template":"page-templates\/side-menu.php","meta":{"footnotes":""},"class_list":["post-435","page","type-page","status-publish","hentry"],"post_mailing_queue_ids":[],"_links":{"self":[{"href":"https:\/\/agora.xtec.cat\/zerguilleries\/wp-json\/wp\/v2\/pages\/435","targetHints":{"allow":["GET"]}}],"collection":[{"href":"https:\/\/agora.xtec.cat\/zerguilleries\/wp-json\/wp\/v2\/pages"}],"about":[{"href":"https:\/\/agora.xtec.cat\/zerguilleries\/wp-json\/wp\/v2\/types\/page"}],"author":[{"embeddable":true,"href":"https:\/\/agora.xtec.cat\/zerguilleries\/wp-json\/wp\/v2\/users\/1"}],"replies":[{"embeddable":true,"href":"https:\/\/agora.xtec.cat\/zerguilleries\/wp-json\/wp\/v2\/comments?post=435"}],"version-history":[{"count":3,"href":"https:\/\/agora.xtec.cat\/zerguilleries\/wp-json\/wp\/v2\/pages\/435\/revisions"}],"predecessor-version":[{"id":12167,"href":"https:\/\/agora.xtec.cat\/zerguilleries\/wp-json\/wp\/v2\/pages\/435\/revisions\/12167"}],"up":[{"embeddable":true,"href":"https:\/\/agora.xtec.cat\/zerguilleries\/wp-json\/wp\/v2\/pages\/266"}],"wp:attachment":[{"href":"https:\/\/agora.xtec.cat\/zerguilleries\/wp-json\/wp\/v2\/media?parent=435"}],"curies":[{"name":"wp","href":"https:\/\/api.w.org\/{rel}","templated":true}]}}