{"id":426,"date":"2015-07-24T14:45:35","date_gmt":"2015-07-24T13:45:35","guid":{"rendered":"http:\/\/agora.xtec.cat\/zerguilleries\/?page_id=426"},"modified":"2025-10-17T17:29:20","modified_gmt":"2025-10-17T15:29:20","slug":"ampa","status":"publish","type":"page","link":"https:\/\/agora.xtec.cat\/zerguilleries\/ampa\/","title":{"rendered":"AFA Escola Els Castanyers"},"content":{"rendered":"<p>Us saludem des de l&#8217;AFA de l&#8217;escola Els Castanyers, la nostra prioritat \u00e9s treballar conjuntament amb l&#8217;escola per tal que puguem millorar tot el que afecta l&#8217;educaci\u00f3 de les nostres filles i fills. Estem oberts a qualsevol suggeriment o proposta, no dubteu en fer-nos arribar els vostres comentaris.<\/p>\n<p>Ens presentem, perqu\u00e8 sapigueu\u00a0qui som\u00a0enguany a\u00a0l&#8217;AFA:<\/p>\n<p>Presidenta: Sharon Senik<\/p>\n<p>Tresorera: D\u00e8lia Pladevall<\/p>\n<p>Secret\u00e0ria: Eli Medina<\/p>\n<p>Representant de menjador: Anna Lino<\/p>\n<p>Representant de fam\u00edlies: Elena Planas<\/p>\n<p>Representant d&#8217;extraescolars: Cristina Alier<\/p>\n<p>&nbsp;<\/p>\n<hr \/>\n<p>Hem creat diverses comissions de treball obertes tamb\u00e9 a persones que no formen part de l&#8217;AFA on hi t\u00e9 cabuda tothom qui ho vulgui, nom\u00e9s ho heu de dir.<\/p>\n<p><strong>Comissi\u00f3 Fira de la Castanya:<\/strong> s&#8217;encarrega d&#8217;organitzar tota la feinada\u00a0que suposa la tradicional\u00a0fira, que \u00e9s la principal font d&#8217;ingressos de l&#8217;AFA.<\/p>\n<p><strong>Comissi\u00f3 Menjador:<\/strong> vetlla pel bon funcionament del servei de menjador, recull comentaris de les fam\u00edlies, enlla\u00e7a escola i empresa del servei.<\/p>\n<p><strong>Comissi\u00f3 Final de curs<\/strong>: est\u00e0 formada per fam\u00edlies de Cicle Superior m\u00e9s fam\u00edlies d&#8217;altres cicles que vulguin col.laborar. Organitzen la festa de final de curs, el comiat de l&#8217;alumnat de sis\u00e8 i la benvinguda al nou alumnat de P3.<\/p>\n<hr \/>\n<p>Podeu contactar-nos a: ampaelscastanyersviladrau@gmail.com o b\u00e9 parlant amb qualsevol de nosaltres.<\/p>\n","protected":false},"excerpt":{"rendered":"<p>Us saludem des de l&#8217;AFA de l&#8217;escola Els Castanyers, la nostra prioritat \u00e9s treballar conjuntament amb l&#8217;escola per tal que puguem millorar tot el que afecta l&#8217;educaci\u00f3 de les nostres filles i fills. Estem oberts a qualsevol suggeriment o proposta, no dubteu en fer-nos arribar&hellip;  <a href=\"https:\/\/agora.xtec.cat\/zerguilleries\/ampa\/\" title=\"Read AFA Escola Els Castanyers\">Llegeix m\u00e9s\u00bb<\/a><\/p>\n","protected":false},"author":1,"featured_media":0,"parent":0,"menu_order":70,"comment_status":"closed","ping_status":"closed","template":"page-templates\/side-menu.php","meta":{"footnotes":""},"class_list":["post-426","page","type-page","status-publish","hentry"],"post_mailing_queue_ids":[],"_links":{"self":[{"href":"https:\/\/agora.xtec.cat\/zerguilleries\/wp-json\/wp\/v2\/pages\/426","targetHints":{"allow":["GET"]}}],"collection":[{"href":"https:\/\/agora.xtec.cat\/zerguilleries\/wp-json\/wp\/v2\/pages"}],"about":[{"href":"https:\/\/agora.xtec.cat\/zerguilleries\/wp-json\/wp\/v2\/types\/page"}],"author":[{"embeddable":true,"href":"https:\/\/agora.xtec.cat\/zerguilleries\/wp-json\/wp\/v2\/users\/1"}],"replies":[{"embeddable":true,"href":"https:\/\/agora.xtec.cat\/zerguilleries\/wp-json\/wp\/v2\/comments?post=426"}],"version-history":[{"count":6,"href":"https:\/\/agora.xtec.cat\/zerguilleries\/wp-json\/wp\/v2\/pages\/426\/revisions"}],"predecessor-version":[{"id":13587,"href":"https:\/\/agora.xtec.cat\/zerguilleries\/wp-json\/wp\/v2\/pages\/426\/revisions\/13587"}],"wp:attachment":[{"href":"https:\/\/agora.xtec.cat\/zerguilleries\/wp-json\/wp\/v2\/media?parent=426"}],"curies":[{"name":"wp","href":"https:\/\/api.w.org\/{rel}","templated":true}]}}