{"id":272,"date":"2015-07-20T13:10:37","date_gmt":"2015-07-20T12:10:37","guid":{"rendered":"http:\/\/agora.xtec.cat\/zerguilleries\/?page_id=272"},"modified":"2021-02-03T16:58:17","modified_gmt":"2021-02-03T15:58:17","slug":"qui-som","status":"publish","type":"page","link":"https:\/\/agora.xtec.cat\/zerguilleries\/escola-beta\/qui-som\/","title":{"rendered":"Qui som"},"content":{"rendered":"<p>Som una escola p\u00fablica rural d\u2019educaci\u00f3 Infantil i Prim\u00e0ria que forma part de la ZER Guilleries, amb la que compartim no nom\u00e9s els especialistes de m\u00fasica, educaci\u00f3 f\u00edsica i educaci\u00f3 especial , sin\u00f3 tamb\u00e9 projectes, sortides, col\u00f2nies, etc.<\/p>\n<p>Ens trobem a 3\u20195 km del centre de Taradell, al barri de Mont-rodon. Oferim els mateixos serveis que una gran escola per\u00f2 amb l\u2019avantatge de poder proporcionar un ensenyament molt m\u00e9s personalitzat i individual.<\/p>\n<p>Som Centre Pilot en Tecnologia Digital: un dels pilars del projecte pedag\u00f2gic del nostre centre \u00e9s aconseguir que el nostre alumnat sigui competent en aquest \u00e0mbit dins un m\u00f3n cada dia m\u00e9s digital. Treballem les TIC integrades en totes les dimensions de l&#8217;aprenentatge i disposem d\u2019equipaments tecnol\u00f2gics al servei de l\u2019educaci\u00f3 i professionals qualificats i especialitzats en la pedagogia de les noves tecnologies.<\/p>\n<p><img loading=\"lazy\" decoding=\"async\" class=\"alignnone \" src=\"https:\/\/lh3.googleusercontent.com\/7Vy4wwVN4EaviTEQxkbA6RZw2ErIhPSjC0oHF5EGoXtHC7Xua5nsjxvYQdbPwuS_H9cUCaEXPJRi0kW_X5skcdTLKSzcKK3O2dt4_-gJuYx0s4-TDZrWZYW5LYpuwEiJAUP4HRyEP7-2obq_hMORdooRN7mjTicMxNZIUcH19AL5UkQRQtvlcJqsScbvgOD_wmRzuZ2e3GZjkNatbHKTPg4CTS6Pu5dUpsnxfRhax19IRbOsjDP-jkAvnyzCisdeOwtmCCbUyUgAPuwPjIGtlP0nxwbfAnZ33bhRklEBvcO_fKFWpCQLiEjNQYwjMcclTVTDjPGAtmCulNjYMHq2I9I_lh_rxrzFj8A1fTscvlcTE_dVZKC7PbZzhUZaPoPpZOaAYMg0wwNWgaBaFvJCWLSYjPMcBe4pSeIJemn-NhnqiqwYdcBvG1OZnoFuSVSr1X8JXUN1jQmzxY36SzfDNfOA7Gh3TkBwGvD5jSdlaxEEjmm8KLgCx2uywXuouPWqFcuqIqHxL8BIXzSvg5eQv0z4Pn2ZQ84AEUIX_3noUSSyeOwhQzEMKmjnUWwbRpjLY1GREUkI9iLCAt2nQ3avw_X3oKhN1lY2wmb7KwC-6TU4f-dgtZZdy9KUu_1ZCZWcRO4K8fXFtr2lXH_o8ZT1zmKVuecU1wnpqdP3cZzAKR5lEbGJLLtE2oaPrYutZA=w1250-h937-no?authuser=1\" width=\"298\" height=\"223\" \/> <img loading=\"lazy\" decoding=\"async\" class=\"alignnone \" src=\"https:\/\/lh3.googleusercontent.com\/kFlQQI-azw3FviQm0phjULphYhPBggtv5GnM2lAiNfVtMLTQf9BCaC1E1EK9pBXB_u7uHVblWaRIu2HLIbYl1EiDuyk8o5weCOxWsQnCbXFnhVGgbVVOoH1KDgzQ_8HzjCmPFOuw08opL6d7N-z_YtKsGCj-iR6dbha3piIWC6DxmbZvFRDbAJ1to3UL1dFSWgOjEvV3dz5fbPDwIrr3yPNJ07s7NoH0w19QLayvEley4zpQGnNl27ckp7zOIuKZf-JMJ7txZ2BjJtNwJnv2KWZ-i3JJbCDzusnvWyOqn2jK8QQdk3H9ACO1e5sk9eKXSTlkqRXKoCqgELD01nC4nAAkyT_wVaR05RuJEWCBJgSGmQvMq8J3fljxvD9e5YvLsEntsgEZbpH4UOUyP0ExGIEk83upZaI0QQ9W1AXNe2qOwBBOiql8MMwv2hl59UL2XfAQiYaP216fJWIaBH7DOJNEn4u8XQqMOS3PkFmf6WjPjndSv0KBZ8rN39W7MKsdDp6-6erGreIhaVMMvmtMBWWfi7S4rGn-hxmUq-wlzt4ySZZnnUGGQw2avqmt1U-SNX4P1pogoUHTilA1cInVbLJMPLkKh7PuvG2myHXWx2ND7pY0EGc8mg5HH-B0ejVJu_q9OFvBdkT87H5Nzh_MiIARBWACKWw-K5lINa2_43GkMk7uup28lGYfn2VogA=w1250-h937-no?authuser=1\" width=\"299\" height=\"224\" \/> <img loading=\"lazy\" decoding=\"async\" class=\"alignnone \" src=\"https:\/\/lh3.googleusercontent.com\/dPK60pvstVDPUWNrXEu3HlBQLV_30v4XJul2oyiUHyx8NEQRx9yqFGh-NMFOYfvB8XSczm51BXhqzsFIvZlmtox274bp1HNdekAXOxS7NWG6Ny82-tEFGiyPtd81s3clMjwhaJXhQ6oDH3Er0m4iz_KJDqpDhWZDBC1SbF3RRGg75bip-xYRqVTf52R5Jk8T4Yp4iss3QEz8KWCkjkOre7QV0LeZFgjzofuVvdpwe6NdOd2WorQZVr24xPqkmjxPC6V1sbIAEJDQMGP5VRrAruARjkfAFCfqmtLnINXdrWUfnDpBwQa9cEJw4tMl1fJ_WvvcbTXx1M3V-WOZcfjbG1vdCd9OFDCyM4Z99bLCN1GR4PIMhC3EgP8O_cJ775LLK2gXDoXCejyVvLlk4j5E-UqheqFO8FZYlYlNpT6TxMo8wwnd0Md-aHkLxNft1iQOzFQnhFTbO7XnSrz_ls0nI4yH1XpC0tCahPdHXSoepdvpndu7y5W2BpHGBQfE4yg2YfbbcTrFLYIqdwmmjkQ7IIL_hWQ3_sXfjv-J_fkRKZRtzfyG6lF3wc7hsnIF0nxUi96wocnysNNwQYLaGZT_QTPFzyt8nHFvUBaYC16_ADQ47oWrjtFv2O1NdcLyvkBYNq2qKUU1PpdaRoRnc1bVK9qlUQ5bdgn-cI6j6PXU3rKLBnkKRT288KoqmgY7xg=w703-h937-no?authuser=1\" width=\"166\" height=\"221\" \/> <img loading=\"lazy\" decoding=\"async\" class=\"alignnone \" src=\"https:\/\/lh3.googleusercontent.com\/18nii5NQY0HLfHUmTlGFbv0J7J22WKHPpB_qwUHzIpbF61ormYKf5jir24Ri2ZgZqL5NPPTpvbKVwEdZarmfuUw4DLSLUR8ZyWUvVYDu8IAIFrLMcSOetVTtq_aL4tDkmA6rI9OcuXBm9O3D-Gi0vmNdI2XvcBGOhbXlhuMFKooH7_elwMVKfChB4EjCQWqTtYaMbAsWfvUeMedBJWKbOJnYQQQa7CQ2fh8iuceIQdNW457oTX6VvcO5uhnsKnrjZghxAXJt0N8iDho8XPP5gCHEjvIMtniSqrYeyPRolw5hUedLMSwd5Yk3rlvMeIsoKFhB9EWP1-ok-WZcmXjykaP8pZpQiVAOEUuh-1Xb2GX57MflX2F56UNQDpG2NEJ2rNxns8xQSEafBFH7Y0r8egawOzCkvNum5GCol32q0K7hHbBiBq0cjD4ZvGXa1v4ZainN1_Z3Twtc_Neq0-gOOeAFGazfkBl8zm5xgvEsUzVbjJI8XojODtVXxXm3lK6fwb1_8rqs8Eaxzdrtb92SiRuyjzBj5LcsJKkQy0BXfAXYLX_jq4dW7J4EGTkWnMQ0wg2x7xQ1Gg6_ST_XKnXp3HUB3QQKXdihEbtBrkZLy8m9UuUemjVu7K3CMxWL1ojd_k1Hn-1lOUbS2gR9NHzqSNC-eRlxABcahPlDl57IYs_TPks9dIjN28amPqqmVw=w703-h937-no?authuser=1\" width=\"164\" height=\"219\" \/><\/p>\n","protected":false},"excerpt":{"rendered":"<p>Som una escola p\u00fablica rural d\u2019educaci\u00f3 Infantil i Prim\u00e0ria que forma part de la ZER Guilleries, amb la que compartim no nom\u00e9s els especialistes de m\u00fasica, educaci\u00f3 f\u00edsica i educaci\u00f3 especial , sin\u00f3 tamb\u00e9 projectes, sortides, col\u00f2nies, etc.<br \/>\nEns trobem a 3\u20195 km del centre de&hellip;  <a href=\"https:\/\/agora.xtec.cat\/zerguilleries\/escola-beta\/qui-som\/\" title=\"Read Qui som\">Llegeix m\u00e9s\u00bb<\/a><\/p>\n","protected":false},"author":1,"featured_media":0,"parent":266,"menu_order":10,"comment_status":"closed","ping_status":"closed","template":"page-templates\/side-menu.php","meta":{"footnotes":""},"class_list":["post-272","page","type-page","status-publish","hentry"],"post_mailing_queue_ids":[],"_links":{"self":[{"href":"https:\/\/agora.xtec.cat\/zerguilleries\/wp-json\/wp\/v2\/pages\/272","targetHints":{"allow":["GET"]}}],"collection":[{"href":"https:\/\/agora.xtec.cat\/zerguilleries\/wp-json\/wp\/v2\/pages"}],"about":[{"href":"https:\/\/agora.xtec.cat\/zerguilleries\/wp-json\/wp\/v2\/types\/page"}],"author":[{"embeddable":true,"href":"https:\/\/agora.xtec.cat\/zerguilleries\/wp-json\/wp\/v2\/users\/1"}],"replies":[{"embeddable":true,"href":"https:\/\/agora.xtec.cat\/zerguilleries\/wp-json\/wp\/v2\/comments?post=272"}],"version-history":[{"count":3,"href":"https:\/\/agora.xtec.cat\/zerguilleries\/wp-json\/wp\/v2\/pages\/272\/revisions"}],"predecessor-version":[{"id":11250,"href":"https:\/\/agora.xtec.cat\/zerguilleries\/wp-json\/wp\/v2\/pages\/272\/revisions\/11250"}],"up":[{"embeddable":true,"href":"https:\/\/agora.xtec.cat\/zerguilleries\/wp-json\/wp\/v2\/pages\/266"}],"wp:attachment":[{"href":"https:\/\/agora.xtec.cat\/zerguilleries\/wp-json\/wp\/v2\/media?parent=272"}],"curies":[{"name":"wp","href":"https:\/\/api.w.org\/{rel}","templated":true}]}}