{"id":261,"date":"2015-07-20T13:05:00","date_gmt":"2015-07-20T12:05:00","guid":{"rendered":"http:\/\/agora.xtec.cat\/zerguilleries\/?page_id=261"},"modified":"2022-10-14T09:45:53","modified_gmt":"2022-10-14T07:45:53","slug":"qui-som","status":"publish","type":"page","link":"https:\/\/agora.xtec.cat\/zerguilleries\/qui-som\/","title":{"rendered":"Qui som i on som?"},"content":{"rendered":"<p><strong>QUI SOM?<\/strong><\/p>\n<p>Som una escola rural que forma part de la <strong>ZER Guilleries<\/strong> juntament amb l&#8217;Escola El Gurri de Taradell\u00a0amb la que compartim no nom\u00e9s els especialistes, sin\u00f3 tamb\u00e9 projectes, sortides, col\u00f2nies, etc.<\/p>\n<p><strong>L&#8217;Escola Els Castanyers<\/strong> de Viladrau forma part de la comarca d&#8217;Osona i \u00e9s de la prov\u00edncia de Girona. El terme municipal t\u00e9 una extensi\u00f3 de 51 km2 i el poble est\u00e0 a 821m. d\u2019altitud. Es troba en plena zona de contacte entre el Montseny i les Guilleries. El municipi t\u00e9 1031 habitants (dades gener 2016) i t\u00e9 molta import\u00e0ncia la funci\u00f3 d\u2019estiueig i segona resid\u00e8ncia.<\/p>\n<p>La quasi totalitat de la poblaci\u00f3 escolar prov\u00e9 de fam\u00edlies integrades en el poble, treballadors i treballadores en actiu, de nivell sociocultural mitj\u00e0. A causa de la crisi a l\u2019escola\u00a0 ha disminu\u00eft la immigraci\u00f3, malgrat tot continua havent-hi un 10% de fam\u00edlies amb dificultats socioecon\u00f2miques. Hi ha aproximadament un 10% d\u2019alumnat amb NEE.<\/p>\n<p>El percentatge d\u2019immigraci\u00f3 de l&#8217;alumnat \u00e9s baix, i els llocs d\u2019origen s\u00f3n: Magreb, \u00c0frica \u00a0central, Sud Am\u00e8rica i Pol\u00f2nia. Representen un 10% del total d\u2019alumnat del centre.<\/p>\n<p>La r\u00e0tio de les aules oscil\u00b7la al voltant de 15 alumnes i segons el nombre d\u2019alumnat fem diferents agrupacions per curs o c\u00edclica.<\/p>\n<p>L\u2019escola est\u00e0 organitzada c\u00edclicament, sempre i quan no superin els 20 alumnes per aula. En cas que es superin, el Departament ens proporciona recursos humans per fer el desdoblament.<\/p>\n<p>Des del curs 2017-2018, <strong>treballem per projectes.<\/strong><\/p>\n<p><strong>ON SOM?<\/strong><\/p>\n<p><strong><a href=\"https:\/\/goo.gl\/maps\/jeZa6jLceHmY5im68\"><img loading=\"lazy\" decoding=\"async\" class=\"alignnone size-large wp-image-10406\" src=\"https:\/\/agora.xtec.cat\/zerguilleries\/wp-content\/uploads\/usu67\/2019\/07\/MAPA-GOOGLE-VILADRAU-1024x527.jpg\" alt=\"\" width=\"1024\" height=\"527\" srcset=\"https:\/\/agora.xtec.cat\/zerguilleries\/wp-content\/uploads\/usu67\/2019\/07\/MAPA-GOOGLE-VILADRAU-1024x527.jpg 1024w, https:\/\/agora.xtec.cat\/zerguilleries\/wp-content\/uploads\/usu67\/2019\/07\/MAPA-GOOGLE-VILADRAU-300x155.jpg 300w, https:\/\/agora.xtec.cat\/zerguilleries\/wp-content\/uploads\/usu67\/2019\/07\/MAPA-GOOGLE-VILADRAU-768x396.jpg 768w, https:\/\/agora.xtec.cat\/zerguilleries\/wp-content\/uploads\/usu67\/2019\/07\/MAPA-GOOGLE-VILADRAU.jpg 1289w\" sizes=\"auto, (max-width: 1024px) 100vw, 1024px\" \/><\/a><\/strong><\/p>\n<p style=\"color: #666666;\"><strong>Escola\u00a0els Castanyers<\/strong><br \/>\nPassatge Pomaret s\/n<\/p>\n<p style=\"color: #666666;\">Viladrau 17406<\/p>\n<p style=\"color: #666666;\">93 8848087<\/p>\n<p style=\"color: #666666;\">a8059287@xtec.cat<\/p>\n<p>&nbsp;<\/p>\n","protected":false},"excerpt":{"rendered":"<p>QUI SOM?<br \/>\nSom una escola rural que forma part de la ZER Guilleries juntament amb l&#8217;Escola El Gurri de Taradell\u00a0amb la que compartim no nom\u00e9s els especialistes, sin\u00f3 tamb\u00e9 projectes, sortides, col\u00f2nies, etc.<br \/>\nL&#8217;Escola Els Castanyers de Viladrau forma part de la comarca d&#8217;Osona i \u00e9s de&hellip;  <a href=\"https:\/\/agora.xtec.cat\/zerguilleries\/qui-som\/\" title=\"Read Qui som i on som?\">Llegeix m\u00e9s\u00bb<\/a><\/p>\n","protected":false},"author":1,"featured_media":0,"parent":0,"menu_order":10,"comment_status":"closed","ping_status":"closed","template":"page-templates\/side-menu.php","meta":{"footnotes":""},"class_list":["post-261","page","type-page","status-publish","hentry"],"post_mailing_queue_ids":[],"_links":{"self":[{"href":"https:\/\/agora.xtec.cat\/zerguilleries\/wp-json\/wp\/v2\/pages\/261","targetHints":{"allow":["GET"]}}],"collection":[{"href":"https:\/\/agora.xtec.cat\/zerguilleries\/wp-json\/wp\/v2\/pages"}],"about":[{"href":"https:\/\/agora.xtec.cat\/zerguilleries\/wp-json\/wp\/v2\/types\/page"}],"author":[{"embeddable":true,"href":"https:\/\/agora.xtec.cat\/zerguilleries\/wp-json\/wp\/v2\/users\/1"}],"replies":[{"embeddable":true,"href":"https:\/\/agora.xtec.cat\/zerguilleries\/wp-json\/wp\/v2\/comments?post=261"}],"version-history":[{"count":3,"href":"https:\/\/agora.xtec.cat\/zerguilleries\/wp-json\/wp\/v2\/pages\/261\/revisions"}],"predecessor-version":[{"id":12287,"href":"https:\/\/agora.xtec.cat\/zerguilleries\/wp-json\/wp\/v2\/pages\/261\/revisions\/12287"}],"wp:attachment":[{"href":"https:\/\/agora.xtec.cat\/zerguilleries\/wp-json\/wp\/v2\/media?parent=261"}],"curies":[{"name":"wp","href":"https:\/\/api.w.org\/{rel}","templated":true}]}}