{"id":258,"date":"2015-07-20T12:40:06","date_gmt":"2015-07-20T11:40:06","guid":{"rendered":"http:\/\/agora.xtec.cat\/zerguilleries\/?page_id=258"},"modified":"2025-10-17T17:38:00","modified_gmt":"2025-10-17T15:38:00","slug":"qui-som","status":"publish","type":"page","link":"https:\/\/agora.xtec.cat\/zerguilleries\/categoria-portada\/qui-som\/","title":{"rendered":"Qui som"},"content":{"rendered":"<p>La ZER Guilleries est\u00e0 situada a la comarca d&#8217;Osona i constitu\u00efda per les escoles dels pobles: Viladrau i Taradell (Mont-Rodon). Ambdues escoles es troben prop de Vic, la dist\u00e0ncia entre elles \u00e9s de 17km aproximadament.<\/p>\n<p>Som escoles p\u00fabliques, catalanes, innovadores, en canvi permanent. Estem vinculats a l&#8217;entorn social, natural i cultural i oberts a la comunitat educativa. Promovem l&#8217;autonomia i el desenvolupament personal de l&#8217;alumnat per tal que esdevinguin persones responsables, compromeses, cr\u00edtiques i actives envers la societat.<\/p>\n<p>Ambdues escoles estan adscrites a l&#8217;Institut de Taradell.<\/p>\n<p>L&#8217;equip directiu de ZER est\u00e0 format per:<\/p>\n<ul>\n<li>Meritxell Par\u00e9s Par\u00e9s, Directora de ZER<\/li>\n<li>Iris Aranda, Cap d&#8217;estudis de ZER<\/li>\n<li>Maria Soler, Secret\u00e0ria de ZER<\/li>\n<\/ul>\n<p>&nbsp;<\/p>\n<h1><span style=\"font-weight: 400;\">Consell escolar de\u00a0 ZER<\/span><\/h1>\n<p><span style=\"font-weight: 400;\">El consell escolar de la ZER \u00e9s l&#8217;\u00f2rgan col\u00b7legiat de participaci\u00f3 de la comunitat escolar en el govern del centre. En el consell escolar hi ha representats tots els col\u00b7lectius que intervenen en la comunitat educativa.<\/span><\/p>\n<p><span style=\"font-weight: 400;\">La funci\u00f3 principal del consell escolar \u00e9s participar en la presa de decisions en relaci\u00f3 amb aquells temes importants per al funcionament i organitzaci\u00f3 del centre.<\/span><\/p>\n<p><span style=\"font-weight: 400;\">Els membres del consell escolar s\u00f3n elegits per un per\u00edode de quatre anys i es renoven per meitats cada dos anys.<\/span><\/p>\n<h4><span style=\"font-weight: 400;\">Composici\u00f3 del consell escolar de la ZER Guilleries:<\/span><\/h4>\n<ul>\n<li style=\"font-weight: 400;\" aria-level=\"1\"><span style=\"font-weight: 400;\">Presidenta, Directora dels Castanyers i de la ZER: Meritxell Par\u00e9s<\/span><\/li>\n<li style=\"font-weight: 400;\" aria-level=\"1\"><span style=\"font-weight: 400;\">Secretari de ZER: Maria Soler<\/span><\/li>\n<li aria-level=\"1\">Cap d&#8217;Estudis de ZER: Iris Aranda<\/li>\n<li style=\"font-weight: 400;\" aria-level=\"1\"><span style=\"font-weight: 400;\">Mestres del Claustre de ZER: Ariadna Puig\u00a0<\/span><\/li>\n<li style=\"font-weight: 400;\" aria-level=\"1\"><span style=\"font-weight: 400;\">Representants dels Pares\/Mares i AFA: Ruth Vall\u00e8s (Escola El Gurri) \/ Jaume Vintro (Escola Els Castanyers)<\/span><\/li>\n<li style=\"font-weight: 400;\" aria-level=\"1\"><span style=\"font-weight: 400;\">Representant de l\u2019Ajuntament de Viladrau: Laura Roquet<\/span><\/li>\n<li aria-level=\"1\">Representant de l&#8217;Ajuntament de Taradell: Lle\u00efr Pladevall<\/li>\n<\/ul>\n<h4><span style=\"font-weight: 400;\">Funcions del consell escolar dels centres p\u00fablics<\/span><\/h4>\n<ol>\n<li style=\"font-weight: 400;\" aria-level=\"1\"><span style=\"font-weight: 400;\">Aprovar el projecte educatiu i les modificacions corresponents per una majoria de tres cinquenes parts dels membres.<\/span><\/li>\n<li style=\"font-weight: 400;\" aria-level=\"1\"><span style=\"font-weight: 400;\">Aprovar la programaci\u00f3 general anual del centre i avaluar-ne el desenvolupament i els resultats.<\/span><\/li>\n<li style=\"font-weight: 400;\" aria-level=\"1\"><span style=\"font-weight: 400;\">Aprovar les propostes d\u2019acords de co-responsabilitat, convenis i altres acords de col\u00b7\u0097col\u00b7laboraci\u00f3 del centre amb entitats o institucions.<\/span><\/li>\n<li style=\"font-weight: 400;\" aria-level=\"1\"><span style=\"font-weight: 400;\">Aprovar les normes d\u2019organitzaci\u00f3 i funcionament i les modificacions corresponents.<\/span><\/li>\n<li style=\"font-weight: 400;\" aria-level=\"1\"><span style=\"font-weight: 400;\">Aprovar la carta de comprom\u00eds educatiu.<\/span><\/li>\n<li style=\"font-weight: 400;\" aria-level=\"1\"><span style=\"font-weight: 400;\">Aprovar el pressupost del centre i el rendiment de comptes.<\/span><\/li>\n<li style=\"font-weight: 400;\" aria-level=\"1\"><span style=\"font-weight: 400;\">Intervenir en el procediment d\u2019admissi\u00f3 d\u2019alumnes.<\/span><\/li>\n<li style=\"font-weight: 400;\" aria-level=\"1\"><span style=\"font-weight: 400;\">Participar en el procediment de selecci\u00f3 i en la proposta de cessament del director o directora.<\/span><\/li>\n<li style=\"font-weight: 400;\" aria-level=\"1\"><span style=\"font-weight: 400;\">Intervenir en la resoluci\u00f3 dels conflictes i, si escau, revisar les sancions als alumnes.<\/span><\/li>\n<li style=\"font-weight: 400;\" aria-level=\"1\"><span style=\"font-weight: 400;\">Aprovar les directrius per a la programaci\u00f3 d\u2019activitats escolars complement\u00e0ries i d\u2019activitats extraescolars, i avaluar-ne el desenvolupament.<\/span><\/li>\n<li style=\"font-weight: 400;\" aria-level=\"1\"><span style=\"font-weight: 400;\">Participar en les an\u00e0lisis i les avaluacions del funcionament general del centre i con\u00e8ixer l\u2019evoluci\u00f3 del rendiment escolar.<\/span><\/li>\n<li style=\"font-weight: 400;\" aria-level=\"1\"><span style=\"font-weight: 400;\">Aprovar els criteris de col\u00b7laboraci\u00f3 amb altres centres i amb l\u2019entorn.<\/span><\/li>\n<li style=\"font-weight: 400;\" aria-level=\"1\"><span style=\"font-weight: 400;\">Qualsevol altra que li sigui atribu\u00efda per les normes legals o reglament\u00e0ries.<\/span><\/li>\n<\/ol>\n","protected":false},"excerpt":{"rendered":"<p>La ZER Guilleries est\u00e0 situada a la comarca d&#8217;Osona i constitu\u00efda per les escoles dels pobles: Viladrau i Taradell (Mont-Rodon). Ambdues escoles es troben prop de Vic, la dist\u00e0ncia entre elles \u00e9s de 17km aproximadament.<br \/>\nSom escoles p\u00fabliques, catalanes, innovadores, en canvi permanent. Estem vinculats a&hellip;  <a href=\"https:\/\/agora.xtec.cat\/zerguilleries\/categoria-portada\/qui-som\/\" title=\"Read Qui som\">Llegeix m\u00e9s\u00bb<\/a><\/p>\n","protected":false},"author":1,"featured_media":0,"parent":19,"menu_order":0,"comment_status":"closed","ping_status":"closed","template":"page-templates\/side-menu.php","meta":{"footnotes":""},"class_list":["post-258","page","type-page","status-publish","hentry"],"post_mailing_queue_ids":[],"_links":{"self":[{"href":"https:\/\/agora.xtec.cat\/zerguilleries\/wp-json\/wp\/v2\/pages\/258","targetHints":{"allow":["GET"]}}],"collection":[{"href":"https:\/\/agora.xtec.cat\/zerguilleries\/wp-json\/wp\/v2\/pages"}],"about":[{"href":"https:\/\/agora.xtec.cat\/zerguilleries\/wp-json\/wp\/v2\/types\/page"}],"author":[{"embeddable":true,"href":"https:\/\/agora.xtec.cat\/zerguilleries\/wp-json\/wp\/v2\/users\/1"}],"replies":[{"embeddable":true,"href":"https:\/\/agora.xtec.cat\/zerguilleries\/wp-json\/wp\/v2\/comments?post=258"}],"version-history":[{"count":6,"href":"https:\/\/agora.xtec.cat\/zerguilleries\/wp-json\/wp\/v2\/pages\/258\/revisions"}],"predecessor-version":[{"id":13254,"href":"https:\/\/agora.xtec.cat\/zerguilleries\/wp-json\/wp\/v2\/pages\/258\/revisions\/13254"}],"up":[{"embeddable":true,"href":"https:\/\/agora.xtec.cat\/zerguilleries\/wp-json\/wp\/v2\/pages\/19"}],"wp:attachment":[{"href":"https:\/\/agora.xtec.cat\/zerguilleries\/wp-json\/wp\/v2\/media?parent=258"}],"curies":[{"name":"wp","href":"https:\/\/api.w.org\/{rel}","templated":true}]}}