{"id":10911,"date":"2020-05-03T12:29:05","date_gmt":"2020-05-03T10:29:05","guid":{"rendered":"https:\/\/agora.xtec.cat\/zerguilleries\/?page_id=10911"},"modified":"2026-01-28T17:41:45","modified_gmt":"2026-01-28T16:41:45","slug":"jornada-de-portes-obertes-virtual","status":"publish","type":"page","link":"https:\/\/agora.xtec.cat\/zerguilleries\/escola-beta\/jornada-de-portes-obertes-virtual\/","title":{"rendered":"JORNADA DE PORTES OBERTES"},"content":{"rendered":"<p>&nbsp;<\/p>\n<h2><a href=\"https:\/\/agora.xtec.cat\/zerguilleries\/wp-content\/uploads\/usu67\/2026\/01\/1.jpg\"><img loading=\"lazy\" decoding=\"async\" class=\"aligncenter size-large wp-image-13696\" src=\"https:\/\/agora.xtec.cat\/zerguilleries\/wp-content\/uploads\/usu67\/2026\/01\/1-1024x741.jpg\" alt=\"\" width=\"1024\" height=\"741\" srcset=\"https:\/\/agora.xtec.cat\/zerguilleries\/wp-content\/uploads\/usu67\/2026\/01\/1-1024x741.jpg 1024w, https:\/\/agora.xtec.cat\/zerguilleries\/wp-content\/uploads\/usu67\/2026\/01\/1-300x217.jpg 300w, https:\/\/agora.xtec.cat\/zerguilleries\/wp-content\/uploads\/usu67\/2026\/01\/1-768x556.jpg 768w, https:\/\/agora.xtec.cat\/zerguilleries\/wp-content\/uploads\/usu67\/2026\/01\/1-1536x1112.jpg 1536w, https:\/\/agora.xtec.cat\/zerguilleries\/wp-content\/uploads\/usu67\/2026\/01\/1.jpg 2000w\" sizes=\"auto, (max-width: 1024px) 100vw, 1024px\" \/><\/a> <a href=\"https:\/\/agora.xtec.cat\/zerguilleries\/wp-content\/uploads\/usu67\/2026\/01\/2.jpg\"><img loading=\"lazy\" decoding=\"async\" class=\"aligncenter size-large wp-image-13697\" src=\"https:\/\/agora.xtec.cat\/zerguilleries\/wp-content\/uploads\/usu67\/2026\/01\/2-1024x741.jpg\" alt=\"\" width=\"1024\" height=\"741\" srcset=\"https:\/\/agora.xtec.cat\/zerguilleries\/wp-content\/uploads\/usu67\/2026\/01\/2-1024x741.jpg 1024w, https:\/\/agora.xtec.cat\/zerguilleries\/wp-content\/uploads\/usu67\/2026\/01\/2-300x217.jpg 300w, https:\/\/agora.xtec.cat\/zerguilleries\/wp-content\/uploads\/usu67\/2026\/01\/2-768x556.jpg 768w, https:\/\/agora.xtec.cat\/zerguilleries\/wp-content\/uploads\/usu67\/2026\/01\/2-1536x1112.jpg 1536w, https:\/\/agora.xtec.cat\/zerguilleries\/wp-content\/uploads\/usu67\/2026\/01\/2.jpg 2000w\" sizes=\"auto, (max-width: 1024px) 100vw, 1024px\" \/><\/a> <a href=\"https:\/\/agora.xtec.cat\/zerguilleries\/wp-content\/uploads\/usu67\/2026\/01\/3.jpg\"><img loading=\"lazy\" decoding=\"async\" class=\"aligncenter size-large wp-image-13698\" src=\"https:\/\/agora.xtec.cat\/zerguilleries\/wp-content\/uploads\/usu67\/2026\/01\/3-1024x741.jpg\" alt=\"\" width=\"1024\" height=\"741\" srcset=\"https:\/\/agora.xtec.cat\/zerguilleries\/wp-content\/uploads\/usu67\/2026\/01\/3-1024x741.jpg 1024w, https:\/\/agora.xtec.cat\/zerguilleries\/wp-content\/uploads\/usu67\/2026\/01\/3-300x217.jpg 300w, https:\/\/agora.xtec.cat\/zerguilleries\/wp-content\/uploads\/usu67\/2026\/01\/3-768x556.jpg 768w, https:\/\/agora.xtec.cat\/zerguilleries\/wp-content\/uploads\/usu67\/2026\/01\/3-1536x1112.jpg 1536w, https:\/\/agora.xtec.cat\/zerguilleries\/wp-content\/uploads\/usu67\/2026\/01\/3.jpg 2000w\" sizes=\"auto, (max-width: 1024px) 100vw, 1024px\" \/><\/a> <a href=\"https:\/\/agora.xtec.cat\/zerguilleries\/wp-content\/uploads\/usu67\/2026\/01\/4.jpg\"><img loading=\"lazy\" decoding=\"async\" class=\"aligncenter size-large wp-image-13699\" src=\"https:\/\/agora.xtec.cat\/zerguilleries\/wp-content\/uploads\/usu67\/2026\/01\/4-1024x741.jpg\" alt=\"\" width=\"1024\" height=\"741\" srcset=\"https:\/\/agora.xtec.cat\/zerguilleries\/wp-content\/uploads\/usu67\/2026\/01\/4-1024x741.jpg 1024w, https:\/\/agora.xtec.cat\/zerguilleries\/wp-content\/uploads\/usu67\/2026\/01\/4-300x217.jpg 300w, https:\/\/agora.xtec.cat\/zerguilleries\/wp-content\/uploads\/usu67\/2026\/01\/4-768x556.jpg 768w, https:\/\/agora.xtec.cat\/zerguilleries\/wp-content\/uploads\/usu67\/2026\/01\/4-1536x1112.jpg 1536w, https:\/\/agora.xtec.cat\/zerguilleries\/wp-content\/uploads\/usu67\/2026\/01\/4.jpg 2000w\" sizes=\"auto, (max-width: 1024px) 100vw, 1024px\" \/><\/a> <a href=\"https:\/\/agora.xtec.cat\/zerguilleries\/wp-content\/uploads\/usu67\/2026\/01\/5.jpg\"><img loading=\"lazy\" decoding=\"async\" class=\"aligncenter size-large wp-image-13700\" src=\"https:\/\/agora.xtec.cat\/zerguilleries\/wp-content\/uploads\/usu67\/2026\/01\/5-1024x741.jpg\" alt=\"\" width=\"1024\" height=\"741\" srcset=\"https:\/\/agora.xtec.cat\/zerguilleries\/wp-content\/uploads\/usu67\/2026\/01\/5-1024x741.jpg 1024w, https:\/\/agora.xtec.cat\/zerguilleries\/wp-content\/uploads\/usu67\/2026\/01\/5-300x217.jpg 300w, https:\/\/agora.xtec.cat\/zerguilleries\/wp-content\/uploads\/usu67\/2026\/01\/5-768x556.jpg 768w, https:\/\/agora.xtec.cat\/zerguilleries\/wp-content\/uploads\/usu67\/2026\/01\/5-1536x1112.jpg 1536w, https:\/\/agora.xtec.cat\/zerguilleries\/wp-content\/uploads\/usu67\/2026\/01\/5.jpg 2000w\" sizes=\"auto, (max-width: 1024px) 100vw, 1024px\" \/><\/a> <a href=\"https:\/\/agora.xtec.cat\/zerguilleries\/wp-content\/uploads\/usu67\/2026\/01\/6.jpg\"><img loading=\"lazy\" decoding=\"async\" class=\"aligncenter size-large wp-image-13701\" src=\"https:\/\/agora.xtec.cat\/zerguilleries\/wp-content\/uploads\/usu67\/2026\/01\/6-1024x741.jpg\" alt=\"\" width=\"1024\" height=\"741\" srcset=\"https:\/\/agora.xtec.cat\/zerguilleries\/wp-content\/uploads\/usu67\/2026\/01\/6-1024x741.jpg 1024w, https:\/\/agora.xtec.cat\/zerguilleries\/wp-content\/uploads\/usu67\/2026\/01\/6-300x217.jpg 300w, https:\/\/agora.xtec.cat\/zerguilleries\/wp-content\/uploads\/usu67\/2026\/01\/6-768x556.jpg 768w, https:\/\/agora.xtec.cat\/zerguilleries\/wp-content\/uploads\/usu67\/2026\/01\/6-1536x1112.jpg 1536w, https:\/\/agora.xtec.cat\/zerguilleries\/wp-content\/uploads\/usu67\/2026\/01\/6.jpg 2000w\" sizes=\"auto, (max-width: 1024px) 100vw, 1024px\" \/><\/a> <a href=\"https:\/\/agora.xtec.cat\/zerguilleries\/wp-content\/uploads\/usu67\/2026\/01\/7.jpg\"><img loading=\"lazy\" decoding=\"async\" class=\"aligncenter size-large wp-image-13702\" src=\"https:\/\/agora.xtec.cat\/zerguilleries\/wp-content\/uploads\/usu67\/2026\/01\/7-1024x741.jpg\" alt=\"\" width=\"1024\" height=\"741\" srcset=\"https:\/\/agora.xtec.cat\/zerguilleries\/wp-content\/uploads\/usu67\/2026\/01\/7-1024x741.jpg 1024w, https:\/\/agora.xtec.cat\/zerguilleries\/wp-content\/uploads\/usu67\/2026\/01\/7-300x217.jpg 300w, https:\/\/agora.xtec.cat\/zerguilleries\/wp-content\/uploads\/usu67\/2026\/01\/7-768x556.jpg 768w, https:\/\/agora.xtec.cat\/zerguilleries\/wp-content\/uploads\/usu67\/2026\/01\/7-1536x1112.jpg 1536w, https:\/\/agora.xtec.cat\/zerguilleries\/wp-content\/uploads\/usu67\/2026\/01\/7.jpg 2000w\" sizes=\"auto, (max-width: 1024px) 100vw, 1024px\" \/><\/a> <a href=\"https:\/\/agora.xtec.cat\/zerguilleries\/wp-content\/uploads\/usu67\/2026\/01\/8.jpg\"><img loading=\"lazy\" decoding=\"async\" class=\"aligncenter size-large wp-image-13703\" src=\"https:\/\/agora.xtec.cat\/zerguilleries\/wp-content\/uploads\/usu67\/2026\/01\/8-1024x741.jpg\" alt=\"\" width=\"1024\" height=\"741\" srcset=\"https:\/\/agora.xtec.cat\/zerguilleries\/wp-content\/uploads\/usu67\/2026\/01\/8-1024x741.jpg 1024w, https:\/\/agora.xtec.cat\/zerguilleries\/wp-content\/uploads\/usu67\/2026\/01\/8-300x217.jpg 300w, https:\/\/agora.xtec.cat\/zerguilleries\/wp-content\/uploads\/usu67\/2026\/01\/8-768x556.jpg 768w, https:\/\/agora.xtec.cat\/zerguilleries\/wp-content\/uploads\/usu67\/2026\/01\/8-1536x1112.jpg 1536w, https:\/\/agora.xtec.cat\/zerguilleries\/wp-content\/uploads\/usu67\/2026\/01\/8.jpg 2000w\" sizes=\"auto, (max-width: 1024px) 100vw, 1024px\" \/><\/a><\/h2>\n<h2 style=\"text-align: center;\"><span style=\"color: #ff6600;\"><strong>PREINSCRIPCI\u00d3 I MATR\u00cdCULA<\/strong> <strong>CURS<\/strong><strong> 2026-27<\/strong><\/span><\/h2>\n<ul>\n<li><strong>Del 4 al 18 de mar\u00e7 de 2026.<\/strong><\/li>\n<\/ul>\n<p><strong>Cal escanejar o fotografiar tots els documents demanats per ambdues cares<\/strong> i tenir-los disponibles en el dispositiu que utilitzareu per emplenar el formulari de preinscripci\u00f3.<\/p>\n<p>ENLLA\u00c7 a la sol\u00b7licitud (properament, encara no disponible)<\/p>\n<p>La documentaci\u00f3 que es sol\u00b7licita \u00e9s:<\/p>\n<ul>\n<li>C\u00f2pia del<span style=\"color: #ff6600;\"> llibre de fam\u00edlia<\/span> o altres documents relatius a la filiaci\u00f3. Si l&#8217;alumne o alumna est\u00e0 en situaci\u00f3 d&#8217;acolliment, la resoluci\u00f3 d&#8217;acolliment del Departament de Treball, Afers Socials i Fam\u00edlies.<\/li>\n<li>C\u00f2pia del <span style=\"color: #ff6600;\">DNI de la persona sol\u00b7licitant<\/span> (pare, mare, tutor\/a o guardador\/a de fet) o, si el sol\u00b7licitant \u00e9s estranger, de la targeta de resid\u00e8ncia on consta el NIE o el passaport. Si es tracta d&#8217;estrangers comunitaris, document d&#8217;identitat del pa\u00eds d&#8217;origen.<\/li>\n<li>C\u00f2pia del <span style=\"color: #ff6600;\">DNI de l&#8217;alumne o alumna<\/span>,\u00a0 si en t\u00e9.<\/li>\n<\/ul>\n","protected":false},"excerpt":{"rendered":"<p>&nbsp;<br \/>\n<a href=\"https:\/\/agora.xtec.cat\/zerguilleries\/wp-content\/uploads\/usu67\/2026\/01\/1.jpg\"><\/a> <a href=\"https:\/\/agora.xtec.cat\/zerguilleries\/wp-content\/uploads\/usu67\/2026\/01\/2.jpg\"><\/a> <a href=\"https:\/\/agora.xtec.cat\/zerguilleries\/wp-content\/uploads\/usu67\/2026\/01\/3.jpg\"><\/a> <a href=\"https:\/\/agora.xtec.cat\/zerguilleries\/wp-content\/uploads\/usu67\/2026\/01\/4.jpg\"><\/a> <a href=\"https:\/\/agora.xtec.cat\/zerguilleries\/wp-content\/uploads\/usu67\/2026\/01\/5.jpg\"><\/a> <a href=\"https:\/\/agora.xtec.cat\/zerguilleries\/wp-content\/uploads\/usu67\/2026\/01\/6.jpg\"><\/a> <a href=\"https:\/\/agora.xtec.cat\/zerguilleries\/wp-content\/uploads\/usu67\/2026\/01\/7.jpg\"><\/a> <a href=\"https:\/\/agora.xtec.cat\/zerguilleries\/wp-content\/uploads\/usu67\/2026\/01\/8.jpg\"><\/a><br \/>\nPREINSCRIPCI\u00d3 I MATR\u00cdCULA CURS 2026-27<\/p>\n<ul>\n<li>Del 4 al 18 de mar\u00e7 de 2026.<\/li>\n<\/ul>\n<p>Cal escanejar o fotografiar tots els documents demanats per ambdues cares i tenir-los disponibles en el dispositiu que utilitzareu&hellip;  <a href=\"https:\/\/agora.xtec.cat\/zerguilleries\/escola-beta\/jornada-de-portes-obertes-virtual\/\" title=\"Read JORNADA DE PORTES OBERTES\">Llegeix m\u00e9s\u00bb<\/a><\/p>\n","protected":false},"author":14,"featured_media":0,"parent":266,"menu_order":30,"comment_status":"closed","ping_status":"closed","template":"page-templates\/side-menu.php","meta":{"footnotes":""},"class_list":["post-10911","page","type-page","status-publish","hentry"],"post_mailing_queue_ids":[],"_links":{"self":[{"href":"https:\/\/agora.xtec.cat\/zerguilleries\/wp-json\/wp\/v2\/pages\/10911","targetHints":{"allow":["GET"]}}],"collection":[{"href":"https:\/\/agora.xtec.cat\/zerguilleries\/wp-json\/wp\/v2\/pages"}],"about":[{"href":"https:\/\/agora.xtec.cat\/zerguilleries\/wp-json\/wp\/v2\/types\/page"}],"author":[{"embeddable":true,"href":"https:\/\/agora.xtec.cat\/zerguilleries\/wp-json\/wp\/v2\/users\/14"}],"replies":[{"embeddable":true,"href":"https:\/\/agora.xtec.cat\/zerguilleries\/wp-json\/wp\/v2\/comments?post=10911"}],"version-history":[{"count":6,"href":"https:\/\/agora.xtec.cat\/zerguilleries\/wp-json\/wp\/v2\/pages\/10911\/revisions"}],"predecessor-version":[{"id":13704,"href":"https:\/\/agora.xtec.cat\/zerguilleries\/wp-json\/wp\/v2\/pages\/10911\/revisions\/13704"}],"up":[{"embeddable":true,"href":"https:\/\/agora.xtec.cat\/zerguilleries\/wp-json\/wp\/v2\/pages\/266"}],"wp:attachment":[{"href":"https:\/\/agora.xtec.cat\/zerguilleries\/wp-json\/wp\/v2\/media?parent=10911"}],"curies":[{"name":"wp","href":"https:\/\/api.w.org\/{rel}","templated":true}]}}