{"id":10712,"date":"2020-02-28T15:37:57","date_gmt":"2020-02-28T14:37:57","guid":{"rendered":"https:\/\/agora.xtec.cat\/zerguilleries\/?page_id=10712"},"modified":"2023-12-15T12:55:59","modified_gmt":"2023-12-15T11:55:59","slug":"metodologia-de-matematiques","status":"publish","type":"page","link":"https:\/\/agora.xtec.cat\/zerguilleries\/metodologia-de-matematiques\/","title":{"rendered":"Metodologia de les matem\u00e0tiques"},"content":{"rendered":"<p>Continuaci\u00f3 us deixem una presentaci\u00f3 i un v\u00eddeo per ensenyar-vos el m\u00e8tode de matem\u00e0tiques que utilitzem a l&#8217;escola.<\/p>\n<p>PRESENTACI\u00d3 DEL M\u00c8TODE: <a href=\"https:\/\/www3.gobiernodecanarias.org\/medusa\/edublog\/ceipmontanaroja\/wp-content\/uploads\/sites\/459\/2021\/10\/iniciacion-a-las-matematicas-manipulativas-y-divertidas-con-oaoa.pdf\">https:\/\/www3.gobiernodecanarias.org\/medusa\/edublog\/ceipmontanaroja\/wp-content\/uploads\/sites\/459\/2021\/10\/iniciacion-a-las-matematicas-manipulativas-y-divertidas-con-oaoa.pdf\u00a0<\/a><\/p>\n<p>SUMA I RESTA:<a href=\"https:\/\/www.youtube.com\/watch?v=g6erlDronHE\"> https:\/\/www.youtube.com\/watch?v=g6erlDronHE\u00a0<\/a><\/p>\n<p><a href=\"https:\/\/drive.google.com\/file\/d\/15NXs2hxDLriXHzEUnUbSlEUUJx47B7Mx\/view?usp=sharing\">CONTINGUTS DE LA SESSI\u00d3 AMB LES FAM\u00cdLIES<\/a><\/p>\n","protected":false},"excerpt":{"rendered":"<p>Continuaci\u00f3 us deixem una presentaci\u00f3 i un v\u00eddeo per ensenyar-vos el m\u00e8tode de matem\u00e0tiques que utilitzem a l&#8217;escola.<br \/>\nPRESENTACI\u00d3 DEL M\u00c8TODE: <a href=\"https:\/\/www3.gobiernodecanarias.org\/medusa\/edublog\/ceipmontanaroja\/wp-content\/uploads\/sites\/459\/2021\/10\/iniciacion-a-las-matematicas-manipulativas-y-divertidas-con-oaoa.pdf\">https:\/\/www3.gobiernodecanarias.org\/medusa\/edublog\/ceipmontanaroja\/wp-content\/uploads\/sites\/459\/2021\/10\/iniciacion-a-las-matematicas-manipulativas-y-divertidas-con-oaoa.pdf\u00a0<\/a><br \/>\nSUMA I RESTA:<a href=\"https:\/\/www.youtube.com\/watch?v=g6erlDronHE\"> https:\/\/www.youtube.com\/watch?v=g6erlDronHE\u00a0<\/a><br \/>\n<a href=\"https:\/\/drive.google.com\/file\/d\/15NXs2hxDLriXHzEUnUbSlEUUJx47B7Mx\/view?usp=sharing\">CONTINGUTS DE LA SESSI\u00d3 AMB LES FAM\u00cdLIES<\/a><\/p>\n","protected":false},"author":1,"featured_media":0,"parent":0,"menu_order":0,"comment_status":"closed","ping_status":"closed","template":"","meta":{"footnotes":""},"class_list":["post-10712","page","type-page","status-publish","hentry"],"post_mailing_queue_ids":[],"_links":{"self":[{"href":"https:\/\/agora.xtec.cat\/zerguilleries\/wp-json\/wp\/v2\/pages\/10712","targetHints":{"allow":["GET"]}}],"collection":[{"href":"https:\/\/agora.xtec.cat\/zerguilleries\/wp-json\/wp\/v2\/pages"}],"about":[{"href":"https:\/\/agora.xtec.cat\/zerguilleries\/wp-json\/wp\/v2\/types\/page"}],"author":[{"embeddable":true,"href":"https:\/\/agora.xtec.cat\/zerguilleries\/wp-json\/wp\/v2\/users\/1"}],"replies":[{"embeddable":true,"href":"https:\/\/agora.xtec.cat\/zerguilleries\/wp-json\/wp\/v2\/comments?post=10712"}],"version-history":[{"count":7,"href":"https:\/\/agora.xtec.cat\/zerguilleries\/wp-json\/wp\/v2\/pages\/10712\/revisions"}],"predecessor-version":[{"id":13018,"href":"https:\/\/agora.xtec.cat\/zerguilleries\/wp-json\/wp\/v2\/pages\/10712\/revisions\/13018"}],"wp:attachment":[{"href":"https:\/\/agora.xtec.cat\/zerguilleries\/wp-json\/wp\/v2\/media?parent=10712"}],"curies":[{"name":"wp","href":"https:\/\/api.w.org\/{rel}","templated":true}]}}