{"id":10014,"date":"2019-03-22T08:54:11","date_gmt":"2019-03-22T07:54:11","guid":{"rendered":"http:\/\/agora.xtec.cat\/zerguilleries\/?page_id=10014"},"modified":"2024-10-21T13:25:36","modified_gmt":"2024-10-21T11:25:36","slug":"espais","status":"publish","type":"page","link":"https:\/\/agora.xtec.cat\/zerguilleries\/espais\/","title":{"rendered":"Espais"},"content":{"rendered":"<p>Si vols con\u00e8ixer m\u00e9s sobre els nostres espais, pots veure el seg\u00fcent <a href=\"https:\/\/drive.google.com\/file\/d\/18ZLfuF0xMvlZ28ipEMcVdSJJG7RwdEhM\/view?usp=sharing\">enlla\u00e7<\/a>!<\/p>\n<p><a href=\"https:\/\/photos.app.goo.gl\/GAGYrfwozKeSdCNq8\"><img loading=\"lazy\" decoding=\"async\" class=\"alignnone size-full wp-image-10032\" src=\"https:\/\/agora.xtec.cat\/zerguilleries\/wp-content\/uploads\/usu67\/2019\/03\/9555C659-1200-44CC-93F2-B8978CF9BA66.jpeg\" alt=\"\" width=\"526\" height=\"395\" srcset=\"https:\/\/agora.xtec.cat\/zerguilleries\/wp-content\/uploads\/usu67\/2019\/03\/9555C659-1200-44CC-93F2-B8978CF9BA66.jpeg 526w, https:\/\/agora.xtec.cat\/zerguilleries\/wp-content\/uploads\/usu67\/2019\/03\/9555C659-1200-44CC-93F2-B8978CF9BA66-300x225.jpeg 300w, https:\/\/agora.xtec.cat\/zerguilleries\/wp-content\/uploads\/usu67\/2019\/03\/9555C659-1200-44CC-93F2-B8978CF9BA66-200x150.jpeg 200w\" sizes=\"auto, (max-width: 526px) 100vw, 526px\" \/><\/a><\/p>\n<p>&nbsp;<\/p>\n","protected":false},"excerpt":{"rendered":"<p>Si vols con\u00e8ixer m\u00e9s sobre els nostres espais, pots veure el seg\u00fcent <a href=\"https:\/\/drive.google.com\/file\/d\/18ZLfuF0xMvlZ28ipEMcVdSJJG7RwdEhM\/view?usp=sharing\">enlla\u00e7<\/a>!<br \/>\n<a href=\"https:\/\/photos.app.goo.gl\/GAGYrfwozKeSdCNq8\"><\/a><br \/>\n&nbsp;<\/p>\n","protected":false},"author":1,"featured_media":0,"parent":0,"menu_order":0,"comment_status":"closed","ping_status":"closed","template":"","meta":{"footnotes":""},"class_list":["post-10014","page","type-page","status-publish","hentry"],"post_mailing_queue_ids":[],"_links":{"self":[{"href":"https:\/\/agora.xtec.cat\/zerguilleries\/wp-json\/wp\/v2\/pages\/10014","targetHints":{"allow":["GET"]}}],"collection":[{"href":"https:\/\/agora.xtec.cat\/zerguilleries\/wp-json\/wp\/v2\/pages"}],"about":[{"href":"https:\/\/agora.xtec.cat\/zerguilleries\/wp-json\/wp\/v2\/types\/page"}],"author":[{"embeddable":true,"href":"https:\/\/agora.xtec.cat\/zerguilleries\/wp-json\/wp\/v2\/users\/1"}],"replies":[{"embeddable":true,"href":"https:\/\/agora.xtec.cat\/zerguilleries\/wp-json\/wp\/v2\/comments?post=10014"}],"version-history":[{"count":5,"href":"https:\/\/agora.xtec.cat\/zerguilleries\/wp-json\/wp\/v2\/pages\/10014\/revisions"}],"predecessor-version":[{"id":13244,"href":"https:\/\/agora.xtec.cat\/zerguilleries\/wp-json\/wp\/v2\/pages\/10014\/revisions\/13244"}],"wp:attachment":[{"href":"https:\/\/agora.xtec.cat\/zerguilleries\/wp-json\/wp\/v2\/media?parent=10014"}],"curies":[{"name":"wp","href":"https:\/\/api.w.org\/{rel}","templated":true}]}}