{"id":297,"date":"2015-07-20T13:42:10","date_gmt":"2015-07-20T12:42:10","guid":{"rendered":"http:\/\/agora.xtec.cat\/zerguicivervi\/?page_id=297"},"modified":"2017-09-22T10:56:29","modified_gmt":"2017-09-22T08:56:29","slug":"projecte_educatiu","status":"publish","type":"page","link":"https:\/\/agora.xtec.cat\/zerguicivervi\/zer\/projecte_educatiu\/","title":{"rendered":"Projecte educatiu"},"content":{"rendered":"<p>La ZER Guicivervi s\u2019autodefineix com a escola catalana, plural, democr\u00e0tica, nosexista, activa i no confessional. La comunitat educativa dedicarem els nostres esfor\u00e7os a aconseguir:<\/p>\n<p><strong>Quant al treball individual:<\/strong><\/p>\n<ul>\n<li>Dotar els alumnes de les t\u00e8cniques i h\u00e0bits permanents.<\/li>\n<li>Proveir-los de la capacitat d\u2019an\u00e0lisi i s\u00edntesi.<\/li>\n<li>Ensenyar-los a pensar amb rigor i creativitat.<\/li>\n<li>Infondre\u2019ls l\u2019h\u00e0bit\u00a0 de la laboriositat: estima pel treball ben fet i ben acabat.<\/li>\n<li>Fomentar la inquietud pel saber i per la cultura.<\/li>\n<li>Estimular la creativitat i les destreses manuals.<\/li>\n<li>Cultivar la recerca, l\u2019adquisici\u00f3 de coneixements, la sistematitzaci\u00f3 cient\u00edfica de cara a una utilitzaci\u00f3 pr\u00e0ctica i que no hi hagi desconnexi\u00f3 entre teoria i pr\u00e0ctica, entre treball i estudi.<\/li>\n<li>Aconseguir dels alumnes una actitud oberta i receptiva envers els canvis dels progr\u00e9s i de la t\u00e8cnica.<\/li>\n<\/ul>\n<p><strong>\u00a0<\/strong><\/p>\n<p><strong>Quant als valors humans. Treballar:<\/strong><\/p>\n<ul>\n<li>La capacitat de toler\u00e0ncia i de respecte envers els altres.<\/li>\n<li>La correcci\u00f3 en el tracte i en les manifestacions externes, per tal d\u2019adquirir un bon comportament c\u00edvic.<\/li>\n<li>El sentit de la llibertat i de la responsabilitat.<\/li>\n<li>El respecte a la l\u2019entorn i a la natura.<\/li>\n<\/ul>\n<p><strong style=\"font-family: inherit; font-size: 1em;\">LES NOSTRES PRIORITATS:<\/strong><\/p>\n<ul>\n<li>Millorar la mec\u00e0nica i la comprensi\u00f3 lectora del nostre alumnat.<\/li>\n<li>Durant el dia es llegeix durant trenta minuts. Estem iniciant un Pla lector.<\/li>\n<li>La resoluci\u00f3 de problemes matem\u00e0tics.<\/li>\n<li>Millorar el nivell d\u2019angl\u00e8s a CM i CS es realitzaran tres hores d\u2019angl\u00e8s setmanals i tamb\u00e9 es fa l\u2019\u00e0rea de pl\u00e0stica en angl\u00e8s.<\/li>\n<li>Prioritzar els refor\u00e7os i desdoblaments en les \u00e0rees instrumentals<\/li>\n<li>Utilitzar les metodologies m\u00e9s apropiades per a cada \u00e0rea i nivell: projecte, racons, talles internivells, confer\u00e8ncies, seguiment de llibre de text, cerca a internet, etc.<\/li>\n<li>Vetllar per tal que tot l\u2019alumnat de la ZER comparteixi experi\u00e8ncies i coneixements que potenci\u00efn les relacions interpersonals, organitzant activitats conjuntes com ara trobades, correus electr\u00f2nics, redacci\u00f3 del bloc, etc.<\/li>\n<\/ul>\n","protected":false},"excerpt":{"rendered":"<p>La ZER Guicivervi s\u2019autodefineix com a escola catalana, plural, democr\u00e0tica, nosexista, activa i no confessional. La comunitat educativa dedicarem els nostres esfor\u00e7os a aconseguir:<br \/>\nQuant al treball individual:<\/p>\n<ul>\n<li>Dotar els alumnes de les t\u00e8cniques i h\u00e0bits permanents.<\/li>\n<li>Proveir-los de la capacitat d\u2019an\u00e0lisi i s\u00edntesi.<\/li>\n<li>Ensenyar-los a pensar amb rigor&hellip;  <a href=\"https:\/\/agora.xtec.cat\/zerguicivervi\/zer\/projecte_educatiu\/\" title=\"Read Projecte educatiu\">Llegeix m\u00e9s\u00bb<\/a><br \/>\n","protected":false},"author":1,"featured_media":0,"parent":19,"menu_order":40,"comment_status":"closed","ping_status":"closed","template":"page-templates\/side-menu.php","meta":{"_bbp_topic_count":0,"_bbp_reply_count":0,"_bbp_total_topic_count":0,"_bbp_total_reply_count":0,"_bbp_voice_count":0,"_bbp_anonymous_reply_count":0,"_bbp_topic_count_hidden":0,"_bbp_reply_count_hidden":0,"_bbp_forum_subforum_count":0,"footnotes":""},"class_list":["post-297","page","type-page","status-publish","hentry"],"post_mailing_queue_ids":[],"_links":{"self":[{"href":"https:\/\/agora.xtec.cat\/zerguicivervi\/wp-json\/wp\/v2\/pages\/297","targetHints":{"allow":["GET"]}}],"collection":[{"href":"https:\/\/agora.xtec.cat\/zerguicivervi\/wp-json\/wp\/v2\/pages"}],"about":[{"href":"https:\/\/agora.xtec.cat\/zerguicivervi\/wp-json\/wp\/v2\/types\/page"}],"author":[{"embeddable":true,"href":"https:\/\/agora.xtec.cat\/zerguicivervi\/wp-json\/wp\/v2\/users\/1"}],"replies":[{"embeddable":true,"href":"https:\/\/agora.xtec.cat\/zerguicivervi\/wp-json\/wp\/v2\/comments?post=297"}],"version-history":[{"count":3,"href":"https:\/\/agora.xtec.cat\/zerguicivervi\/wp-json\/wp\/v2\/pages\/297\/revisions"}],"predecessor-version":[{"id":696,"href":"https:\/\/agora.xtec.cat\/zerguicivervi\/wp-json\/wp\/v2\/pages\/297\/revisions\/696"}],"up":[{"embeddable":true,"href":"https:\/\/agora.xtec.cat\/zerguicivervi\/wp-json\/wp\/v2\/pages\/19"}],"wp:attachment":[{"href":"https:\/\/agora.xtec.cat\/zerguicivervi\/wp-json\/wp\/v2\/media?parent=297"}],"curies":[{"name":"wp","href":"https:\/\/api.w.org\/{rel}","templated":true}]}}